{"id":11071,"date":"2022-07-13T11:58:56","date_gmt":"2022-07-13T08:58:57","guid":{"rendered":"https:\/\/masterchem.fi\/?post_type=product&#038;p=11071"},"modified":"2022-07-13T12:02:28","modified_gmt":"2022-07-13T09:02:28","slug":"dikaliumfosfat-cas-7758-11-4","status":"publish","type":"product","link":"https:\/\/masterchem.fi\/sv\/produkt\/dikaliumfosfat-cas-7758-11-4\/","title":{"rendered":"Dikaliumfosfat (CAS 7758-11-4)"},"content":{"rendered":"<p> <strong> Information<\/strong> <\/p>\n<p>Bransch: livsmedelsindustri<br \/>\nCAS-nummer: 7758-11-4<br \/>\nWE-nummer: 231-834-5<br \/>\nKemisk formel: HK2O4P<br \/>\nMolekylvikt: 174,2 g\/mol<br \/>\nTulltaxekod: 28352400<\/p>\n<p><strong>Andra fysiska egenskaper<\/strong><br \/>\npH: 9,0 (10 g\/L H2O v 20\u00b0C)<br \/>\nL\u00f6slighet i vatten: 1300 g\/l<\/p>\n","protected":false},"excerpt":{"rendered":"<p><strong>Dikaliumfosfat (CAS 7758-11-4)<\/strong><\/p>\n<p>Dikaliumfosfat (K2HPO4) (\u00e4ven dikaliumv\u00e4teortofosfat; tv\u00e5basiskt kaliumfosfat) \u00e4r en oorganisk f\u00f6rening med formeln K2HPO4.(H2O)x (x = 0, 3, 6). Tillsammans med monokaliumfosfat (KH2PO4.(H2O)x) anv\u00e4nds det ofta som g\u00f6dningsmedel, livsmedelstillsats och buffertmedel. Det \u00e4r ett vitt eller f\u00e4rgl\u00f6st fast \u00e4mne som l\u00f6ses i vatten.<\/p>\n<p>Dikaliumfosfat anv\u00e4nds som livsmedelstillsats i mejerigr\u00e4ddimitationer, torra pulverdrycker, mineraltillskott och fermenteringskulturer. Det fungerar som ett emulgeringsmedel, stabilisator och texturizer; det \u00e4r ocks\u00e5 ett buffertmedel och ett kelatbildande medel, speciellt f\u00f6r kalcium i mejeriprodukter.<\/p>\n<p>The US Food and Drug Administration har klassificerat dikaliumfosfat som en livsmedelstillsats som \u00e4r allm\u00e4nt s\u00e4ker (GRAS).<\/p>\n","protected":false},"featured_media":11074,"template":"","meta":[],"product_brand":[],"product_cat":[116,171],"product_tag":[],"class_list":{"0":"post-11071","1":"product","2":"type-product","3":"status-publish","4":"has-post-thumbnail","6":"product_cat-alla-produkter","7":"product_cat-livsmedelsindustrin","9":"first","10":"outofstock","11":"taxable","12":"shipping-taxable","13":"purchasable","14":"product-type-variable","15":"has-default-attributes","16":"rtwpvg-product"},"yoast_head":"<!-- This site is optimized with the Yoast SEO plugin v27.2 - https:\/\/yoast.com\/product\/yoast-seo-wordpress\/ -->\n<title>Dikaliumfosfat (CAS 7758-11-4) - MasterChem | kemikaalien tuotanto ja myynti<\/title>\n<meta name=\"description\" content=\"Dikaliumfosfat (K2HPO4) (\u00e4ven dikaliumv\u00e4teortofosfat; dibasiskt kaliumfosfat) \u00e4r en oorganisk f\u00f6rening med formeln K2HPO4.\" \/>\n<meta name=\"robots\" content=\"index, follow, max-snippet:-1, max-image-preview:large, max-video-preview:-1\" \/>\n<link rel=\"canonical\" href=\"https:\/\/masterchem.fi\/sv\/produkt\/dikaliumfosfat-cas-7758-11-4\/\" \/>\n<meta property=\"og:locale\" content=\"sv_SE\" \/>\n<meta property=\"og:type\" content=\"article\" \/>\n<meta property=\"og:title\" content=\"Dikaliumfosfat (CAS 7758-11-4) - MasterChem | kemikaalien tuotanto ja myynti\" \/>\n<meta property=\"og:description\" content=\"Dikaliumfosfat (K2HPO4) (\u00e4ven dikaliumv\u00e4teortofosfat; dibasiskt kaliumfosfat) \u00e4r en oorganisk f\u00f6rening med formeln K2HPO4.\" \/>\n<meta property=\"og:url\" content=\"https:\/\/masterchem.fi\/sv\/produkt\/dikaliumfosfat-cas-7758-11-4\/\" \/>\n<meta property=\"og:site_name\" content=\"MasterChem | kemikaalien tuotanto ja myynti\" \/>\n<meta property=\"article:modified_time\" content=\"2022-07-13T09:02:28+00:00\" \/>\n<meta property=\"og:image\" content=\"https:\/\/masterchem.fi\/wp-content\/uploads\/2022\/07\/Dikaaliumfosfaat-25kg-MasterChem.jpg\" \/>\n\t<meta property=\"og:image:width\" content=\"1000\" \/>\n\t<meta property=\"og:image:height\" content=\"1000\" \/>\n\t<meta property=\"og:image:type\" content=\"image\/jpeg\" \/>\n<meta name=\"twitter:card\" content=\"summary_large_image\" \/>\n<script type=\"application\/ld+json\" class=\"yoast-schema-graph\">{\"@context\":\"https:\/\/schema.org\",\"@graph\":[{\"@type\":\"WebPage\",\"@id\":\"https:\/\/masterchem.fi\/sv\/produkt\/dikaliumfosfat-cas-7758-11-4\/\",\"url\":\"https:\/\/masterchem.fi\/sv\/produkt\/dikaliumfosfat-cas-7758-11-4\/\",\"name\":\"Dikaliumfosfat (CAS 7758-11-4) - MasterChem | kemikaalien tuotanto ja myynti\",\"isPartOf\":{\"@id\":\"https:\/\/masterchem.fi\/sv\/#website\"},\"primaryImageOfPage\":{\"@id\":\"https:\/\/masterchem.fi\/sv\/produkt\/dikaliumfosfat-cas-7758-11-4\/#primaryimage\"},\"image\":{\"@id\":\"https:\/\/masterchem.fi\/sv\/produkt\/dikaliumfosfat-cas-7758-11-4\/#primaryimage\"},\"thumbnailUrl\":\"https:\/\/masterchem.fi\/wp-content\/uploads\/2022\/07\/Dikaaliumfosfaat-25kg-MasterChem.jpg\",\"datePublished\":\"2022-07-13T08:58:57+00:00\",\"dateModified\":\"2022-07-13T09:02:28+00:00\",\"description\":\"Dikaliumfosfat (K2HPO4) (\u00e4ven dikaliumv\u00e4teortofosfat; dibasiskt kaliumfosfat) \u00e4r en oorganisk f\u00f6rening med formeln K2HPO4.\",\"breadcrumb\":{\"@id\":\"https:\/\/masterchem.fi\/sv\/produkt\/dikaliumfosfat-cas-7758-11-4\/#breadcrumb\"},\"inLanguage\":\"sv-SE\",\"potentialAction\":[{\"@type\":\"ReadAction\",\"target\":[\"https:\/\/masterchem.fi\/sv\/produkt\/dikaliumfosfat-cas-7758-11-4\/\"]}]},{\"@type\":\"ImageObject\",\"inLanguage\":\"sv-SE\",\"@id\":\"https:\/\/masterchem.fi\/sv\/produkt\/dikaliumfosfat-cas-7758-11-4\/#primaryimage\",\"url\":\"https:\/\/masterchem.fi\/wp-content\/uploads\/2022\/07\/Dikaaliumfosfaat-25kg-MasterChem.jpg\",\"contentUrl\":\"https:\/\/masterchem.fi\/wp-content\/uploads\/2022\/07\/Dikaaliumfosfaat-25kg-MasterChem.jpg\",\"width\":1000,\"height\":1000,\"caption\":\"Dikaliumfosfat (CAS 7758-11-4) 25kg MasterChem\"},{\"@type\":\"BreadcrumbList\",\"@id\":\"https:\/\/masterchem.fi\/sv\/produkt\/dikaliumfosfat-cas-7758-11-4\/#breadcrumb\",\"itemListElement\":[{\"@type\":\"ListItem\",\"position\":1,\"name\":\"Home\",\"item\":\"https:\/\/masterchem.fi\/sv\/\"},{\"@type\":\"ListItem\",\"position\":2,\"name\":\"Butik\",\"item\":\"https:\/\/masterchem.fi\/sv\/butik\/\"},{\"@type\":\"ListItem\",\"position\":3,\"name\":\"Dikaliumfosfat (CAS 7758-11-4)\"}]},{\"@type\":\"WebSite\",\"@id\":\"https:\/\/masterchem.fi\/sv\/#website\",\"url\":\"https:\/\/masterchem.fi\/sv\/\",\"name\":\"MasterChem | kemikaalien tuotanto ja myynti\",\"description\":\"kemikaalien tuotanto ja myynti\",\"potentialAction\":[{\"@type\":\"SearchAction\",\"target\":{\"@type\":\"EntryPoint\",\"urlTemplate\":\"https:\/\/masterchem.fi\/sv\/?s={search_term_string}\"},\"query-input\":{\"@type\":\"PropertyValueSpecification\",\"valueRequired\":true,\"valueName\":\"search_term_string\"}}],\"inLanguage\":\"sv-SE\"}]}<\/script>\n<!-- \/ Yoast SEO plugin. -->","yoast_head_json":{"title":"Dikaliumfosfat (CAS 7758-11-4) - MasterChem | kemikaalien tuotanto ja myynti","description":"Dikaliumfosfat (K2HPO4) (\u00e4ven dikaliumv\u00e4teortofosfat; dibasiskt kaliumfosfat) \u00e4r en oorganisk f\u00f6rening med formeln K2HPO4.","robots":{"index":"index","follow":"follow","max-snippet":"max-snippet:-1","max-image-preview":"max-image-preview:large","max-video-preview":"max-video-preview:-1"},"canonical":"https:\/\/masterchem.fi\/sv\/produkt\/dikaliumfosfat-cas-7758-11-4\/","og_locale":"sv_SE","og_type":"article","og_title":"Dikaliumfosfat (CAS 7758-11-4) - MasterChem | kemikaalien tuotanto ja myynti","og_description":"Dikaliumfosfat (K2HPO4) (\u00e4ven dikaliumv\u00e4teortofosfat; dibasiskt kaliumfosfat) \u00e4r en oorganisk f\u00f6rening med formeln K2HPO4.","og_url":"https:\/\/masterchem.fi\/sv\/produkt\/dikaliumfosfat-cas-7758-11-4\/","og_site_name":"MasterChem | kemikaalien tuotanto ja myynti","article_modified_time":"2022-07-13T09:02:28+00:00","og_image":[{"width":1000,"height":1000,"url":"https:\/\/masterchem.fi\/wp-content\/uploads\/2022\/07\/Dikaaliumfosfaat-25kg-MasterChem.jpg","type":"image\/jpeg"}],"twitter_card":"summary_large_image","schema":{"@context":"https:\/\/schema.org","@graph":[{"@type":"WebPage","@id":"https:\/\/masterchem.fi\/sv\/produkt\/dikaliumfosfat-cas-7758-11-4\/","url":"https:\/\/masterchem.fi\/sv\/produkt\/dikaliumfosfat-cas-7758-11-4\/","name":"Dikaliumfosfat (CAS 7758-11-4) - MasterChem | kemikaalien tuotanto ja myynti","isPartOf":{"@id":"https:\/\/masterchem.fi\/sv\/#website"},"primaryImageOfPage":{"@id":"https:\/\/masterchem.fi\/sv\/produkt\/dikaliumfosfat-cas-7758-11-4\/#primaryimage"},"image":{"@id":"https:\/\/masterchem.fi\/sv\/produkt\/dikaliumfosfat-cas-7758-11-4\/#primaryimage"},"thumbnailUrl":"https:\/\/masterchem.fi\/wp-content\/uploads\/2022\/07\/Dikaaliumfosfaat-25kg-MasterChem.jpg","datePublished":"2022-07-13T08:58:57+00:00","dateModified":"2022-07-13T09:02:28+00:00","description":"Dikaliumfosfat (K2HPO4) (\u00e4ven dikaliumv\u00e4teortofosfat; dibasiskt kaliumfosfat) \u00e4r en oorganisk f\u00f6rening med formeln K2HPO4.","breadcrumb":{"@id":"https:\/\/masterchem.fi\/sv\/produkt\/dikaliumfosfat-cas-7758-11-4\/#breadcrumb"},"inLanguage":"sv-SE","potentialAction":[{"@type":"ReadAction","target":["https:\/\/masterchem.fi\/sv\/produkt\/dikaliumfosfat-cas-7758-11-4\/"]}]},{"@type":"ImageObject","inLanguage":"sv-SE","@id":"https:\/\/masterchem.fi\/sv\/produkt\/dikaliumfosfat-cas-7758-11-4\/#primaryimage","url":"https:\/\/masterchem.fi\/wp-content\/uploads\/2022\/07\/Dikaaliumfosfaat-25kg-MasterChem.jpg","contentUrl":"https:\/\/masterchem.fi\/wp-content\/uploads\/2022\/07\/Dikaaliumfosfaat-25kg-MasterChem.jpg","width":1000,"height":1000,"caption":"Dikaliumfosfat (CAS 7758-11-4) 25kg MasterChem"},{"@type":"BreadcrumbList","@id":"https:\/\/masterchem.fi\/sv\/produkt\/dikaliumfosfat-cas-7758-11-4\/#breadcrumb","itemListElement":[{"@type":"ListItem","position":1,"name":"Home","item":"https:\/\/masterchem.fi\/sv\/"},{"@type":"ListItem","position":2,"name":"Butik","item":"https:\/\/masterchem.fi\/sv\/butik\/"},{"@type":"ListItem","position":3,"name":"Dikaliumfosfat (CAS 7758-11-4)"}]},{"@type":"WebSite","@id":"https:\/\/masterchem.fi\/sv\/#website","url":"https:\/\/masterchem.fi\/sv\/","name":"MasterChem | kemikaalien tuotanto ja myynti","description":"kemikaalien tuotanto ja myynti","potentialAction":[{"@type":"SearchAction","target":{"@type":"EntryPoint","urlTemplate":"https:\/\/masterchem.fi\/sv\/?s={search_term_string}"},"query-input":{"@type":"PropertyValueSpecification","valueRequired":true,"valueName":"search_term_string"}}],"inLanguage":"sv-SE"}]}},"_links":{"self":[{"href":"https:\/\/masterchem.fi\/sv\/wp-json\/wp\/v2\/product\/11071","targetHints":{"allow":["GET"]}}],"collection":[{"href":"https:\/\/masterchem.fi\/sv\/wp-json\/wp\/v2\/product"}],"about":[{"href":"https:\/\/masterchem.fi\/sv\/wp-json\/wp\/v2\/types\/product"}],"wp:featuredmedia":[{"embeddable":true,"href":"https:\/\/masterchem.fi\/sv\/wp-json\/wp\/v2\/media\/11074"}],"wp:attachment":[{"href":"https:\/\/masterchem.fi\/sv\/wp-json\/wp\/v2\/media?parent=11071"}],"wp:term":[{"taxonomy":"product_brand","embeddable":true,"href":"https:\/\/masterchem.fi\/sv\/wp-json\/wp\/v2\/product_brand?post=11071"},{"taxonomy":"product_cat","embeddable":true,"href":"https:\/\/masterchem.fi\/sv\/wp-json\/wp\/v2\/product_cat?post=11071"},{"taxonomy":"product_tag","embeddable":true,"href":"https:\/\/masterchem.fi\/sv\/wp-json\/wp\/v2\/product_tag?post=11071"}],"curies":[{"name":"wp","href":"https:\/\/api.w.org\/{rel}","templated":true}]}}