{"id":11078,"date":"2022-07-13T14:28:04","date_gmt":"2022-07-13T11:28:05","guid":{"rendered":"https:\/\/masterchem.fi\/?post_type=product&#038;p=11078"},"modified":"2022-07-13T14:52:22","modified_gmt":"2022-07-13T11:52:22","slug":"gult-dextrin-cas-9004-53-9","status":"publish","type":"product","link":"https:\/\/masterchem.fi\/sv\/produkt\/gult-dextrin-cas-9004-53-9\/","title":{"rendered":"Gult dextrin (CAS 9004-53-9)"},"content":{"rendered":"<p> <strong> Information<\/strong> <\/p>\n<p>Bransch: livsmedelsindustri<br \/>\nCAS-nummer: 9004-53-9<br \/>\nWE-nummer: 232-675-4<br \/>\nKemisk formel: (C6H10O5)N<\/p>\n<p><strong>Andra fysiska egenskaper<\/strong><br \/>\npH: 2,5 (30 \u00b0C, 50 %)<br \/>\nRelativ densitet: 1,45 g\/cm\u00b3<\/p>\n","protected":false},"excerpt":{"rendered":"<p><strong>Gult dextrin (CAS 9004-53-9)<\/strong><\/p>\n<p>Dextrin \u00e4r en delvis hydrolyserad st\u00e4rkelse som bildas genom att behandla st\u00e4rkelse med torr v\u00e4rme, syra eller enzymer. den kan bildas av st\u00e4rkelser av amylos- och amylopektintyp. de \u00e4r vita eller gula (kanarief\u00e5gel) till f\u00e4rgen. j\u00e4mf\u00f6rt med omodifierad st\u00e4rkelse har s \u00f6kad vattenl\u00f6slighet, viskositetsstabilitet och minskad pastaviskositet. applikationer inkluderar degf\u00f6rb\u00e4ttring och bindning.<\/p>\n<p>Kan anv\u00e4ndas som emulgerande stabilisator och f\u00f6rtjockningsmedel, lim och ytdekoratorer. Den kan anv\u00e4ndas f\u00f6r l\u00e4kemedelsindustrin, skyddande lim och suspenderingsmedel, lim. Det kan appliceras till exempel f\u00f6r att limma papper, limma textilier och f\u00f6rbereda bl\u00e4ck; det kan ocks\u00e5 anv\u00e4ndas som hj\u00e4lp\u00e4mne inom medicin och som ers\u00e4ttning f\u00f6r gummi arabicum.<\/p>\n","protected":false},"featured_media":11081,"template":"","meta":[],"product_brand":[],"product_cat":[116,171],"product_tag":[],"class_list":{"0":"post-11078","1":"product","2":"type-product","3":"status-publish","4":"has-post-thumbnail","6":"product_cat-alla-produkter","7":"product_cat-livsmedelsindustrin","9":"first","10":"outofstock","11":"taxable","12":"shipping-taxable","13":"purchasable","14":"product-type-variable","15":"has-default-attributes","16":"rtwpvg-product"},"yoast_head":"<!-- This site is optimized with the Yoast SEO plugin v27.5 - https:\/\/yoast.com\/product\/yoast-seo-wordpress\/ -->\n<title>Gult dextrin (CAS 9004-53-9) - MasterChem | kemikaalien tuotanto ja myynti<\/title>\n<meta name=\"description\" content=\"Dextrin \u00e4r en delvis hydrolyserad st\u00e4rkelse som bildas genom att behandla st\u00e4rkelse med torr v\u00e4rme, syra eller enzymer.\" \/>\n<meta name=\"robots\" content=\"index, follow, max-snippet:-1, max-image-preview:large, max-video-preview:-1\" \/>\n<link rel=\"canonical\" href=\"https:\/\/masterchem.fi\/sv\/produkt\/gult-dextrin-cas-9004-53-9\/\" \/>\n<meta property=\"og:locale\" content=\"sv_SE\" \/>\n<meta property=\"og:type\" content=\"article\" \/>\n<meta property=\"og:title\" content=\"Gult dextrin (CAS 9004-53-9) - MasterChem | kemikaalien tuotanto ja myynti\" \/>\n<meta property=\"og:description\" content=\"Dextrin \u00e4r en delvis hydrolyserad st\u00e4rkelse som bildas genom att behandla st\u00e4rkelse med torr v\u00e4rme, syra eller enzymer.\" \/>\n<meta property=\"og:url\" content=\"https:\/\/masterchem.fi\/sv\/produkt\/gult-dextrin-cas-9004-53-9\/\" \/>\n<meta property=\"og:site_name\" content=\"MasterChem | kemikaalien tuotanto ja myynti\" \/>\n<meta property=\"article:modified_time\" content=\"2022-07-13T11:52:22+00:00\" \/>\n<meta property=\"og:image\" content=\"https:\/\/masterchem.fi\/wp-content\/uploads\/2022\/07\/Kollane-dekstriin-25kg-MasterChem.jpg\" \/>\n\t<meta property=\"og:image:width\" content=\"1000\" \/>\n\t<meta property=\"og:image:height\" content=\"1000\" \/>\n\t<meta property=\"og:image:type\" content=\"image\/jpeg\" \/>\n<meta name=\"twitter:card\" content=\"summary_large_image\" \/>\n<script type=\"application\/ld+json\" class=\"yoast-schema-graph\">{\"@context\":\"https:\\\/\\\/schema.org\",\"@graph\":[{\"@type\":\"WebPage\",\"@id\":\"https:\\\/\\\/masterchem.fi\\\/sv\\\/produkt\\\/gult-dextrin-cas-9004-53-9\\\/\",\"url\":\"https:\\\/\\\/masterchem.fi\\\/sv\\\/produkt\\\/gult-dextrin-cas-9004-53-9\\\/\",\"name\":\"Gult dextrin (CAS 9004-53-9) - MasterChem | kemikaalien tuotanto ja myynti\",\"isPartOf\":{\"@id\":\"https:\\\/\\\/masterchem.fi\\\/sv\\\/#website\"},\"primaryImageOfPage\":{\"@id\":\"https:\\\/\\\/masterchem.fi\\\/sv\\\/produkt\\\/gult-dextrin-cas-9004-53-9\\\/#primaryimage\"},\"image\":{\"@id\":\"https:\\\/\\\/masterchem.fi\\\/sv\\\/produkt\\\/gult-dextrin-cas-9004-53-9\\\/#primaryimage\"},\"thumbnailUrl\":\"https:\\\/\\\/masterchem.fi\\\/wp-content\\\/uploads\\\/2022\\\/07\\\/Kollane-dekstriin-25kg-MasterChem.jpg\",\"datePublished\":\"2022-07-13T11:28:05+00:00\",\"dateModified\":\"2022-07-13T11:52:22+00:00\",\"description\":\"Dextrin \u00e4r en delvis hydrolyserad st\u00e4rkelse som bildas genom att behandla st\u00e4rkelse med torr v\u00e4rme, syra eller enzymer.\",\"breadcrumb\":{\"@id\":\"https:\\\/\\\/masterchem.fi\\\/sv\\\/produkt\\\/gult-dextrin-cas-9004-53-9\\\/#breadcrumb\"},\"inLanguage\":\"sv-SE\",\"potentialAction\":[{\"@type\":\"ReadAction\",\"target\":[\"https:\\\/\\\/masterchem.fi\\\/sv\\\/produkt\\\/gult-dextrin-cas-9004-53-9\\\/\"]}]},{\"@type\":\"ImageObject\",\"inLanguage\":\"sv-SE\",\"@id\":\"https:\\\/\\\/masterchem.fi\\\/sv\\\/produkt\\\/gult-dextrin-cas-9004-53-9\\\/#primaryimage\",\"url\":\"https:\\\/\\\/masterchem.fi\\\/wp-content\\\/uploads\\\/2022\\\/07\\\/Kollane-dekstriin-25kg-MasterChem.jpg\",\"contentUrl\":\"https:\\\/\\\/masterchem.fi\\\/wp-content\\\/uploads\\\/2022\\\/07\\\/Kollane-dekstriin-25kg-MasterChem.jpg\",\"width\":1000,\"height\":1000,\"caption\":\"Gult dextrin (CAS 9004-53-9) 25kg MasterChem\"},{\"@type\":\"BreadcrumbList\",\"@id\":\"https:\\\/\\\/masterchem.fi\\\/sv\\\/produkt\\\/gult-dextrin-cas-9004-53-9\\\/#breadcrumb\",\"itemListElement\":[{\"@type\":\"ListItem\",\"position\":1,\"name\":\"Home\",\"item\":\"https:\\\/\\\/masterchem.fi\\\/sv\\\/\"},{\"@type\":\"ListItem\",\"position\":2,\"name\":\"Butik\",\"item\":\"https:\\\/\\\/masterchem.fi\\\/sv\\\/butik\\\/\"},{\"@type\":\"ListItem\",\"position\":3,\"name\":\"Gult dextrin (CAS 9004-53-9)\"}]},{\"@type\":\"WebSite\",\"@id\":\"https:\\\/\\\/masterchem.fi\\\/sv\\\/#website\",\"url\":\"https:\\\/\\\/masterchem.fi\\\/sv\\\/\",\"name\":\"MasterChem | kemikaalien tuotanto ja myynti\",\"description\":\"kemikaalien tuotanto ja myynti\",\"potentialAction\":[{\"@type\":\"SearchAction\",\"target\":{\"@type\":\"EntryPoint\",\"urlTemplate\":\"https:\\\/\\\/masterchem.fi\\\/sv\\\/?s={search_term_string}\"},\"query-input\":{\"@type\":\"PropertyValueSpecification\",\"valueRequired\":true,\"valueName\":\"search_term_string\"}}],\"inLanguage\":\"sv-SE\"}]}<\/script>\n<!-- \/ Yoast SEO plugin. -->","yoast_head_json":{"title":"Gult dextrin (CAS 9004-53-9) - MasterChem | kemikaalien tuotanto ja myynti","description":"Dextrin \u00e4r en delvis hydrolyserad st\u00e4rkelse som bildas genom att behandla st\u00e4rkelse med torr v\u00e4rme, syra eller enzymer.","robots":{"index":"index","follow":"follow","max-snippet":"max-snippet:-1","max-image-preview":"max-image-preview:large","max-video-preview":"max-video-preview:-1"},"canonical":"https:\/\/masterchem.fi\/sv\/produkt\/gult-dextrin-cas-9004-53-9\/","og_locale":"sv_SE","og_type":"article","og_title":"Gult dextrin (CAS 9004-53-9) - MasterChem | kemikaalien tuotanto ja myynti","og_description":"Dextrin \u00e4r en delvis hydrolyserad st\u00e4rkelse som bildas genom att behandla st\u00e4rkelse med torr v\u00e4rme, syra eller enzymer.","og_url":"https:\/\/masterchem.fi\/sv\/produkt\/gult-dextrin-cas-9004-53-9\/","og_site_name":"MasterChem | kemikaalien tuotanto ja myynti","article_modified_time":"2022-07-13T11:52:22+00:00","og_image":[{"width":1000,"height":1000,"url":"https:\/\/masterchem.fi\/wp-content\/uploads\/2022\/07\/Kollane-dekstriin-25kg-MasterChem.jpg","type":"image\/jpeg"}],"twitter_card":"summary_large_image","schema":{"@context":"https:\/\/schema.org","@graph":[{"@type":"WebPage","@id":"https:\/\/masterchem.fi\/sv\/produkt\/gult-dextrin-cas-9004-53-9\/","url":"https:\/\/masterchem.fi\/sv\/produkt\/gult-dextrin-cas-9004-53-9\/","name":"Gult dextrin (CAS 9004-53-9) - MasterChem | kemikaalien tuotanto ja myynti","isPartOf":{"@id":"https:\/\/masterchem.fi\/sv\/#website"},"primaryImageOfPage":{"@id":"https:\/\/masterchem.fi\/sv\/produkt\/gult-dextrin-cas-9004-53-9\/#primaryimage"},"image":{"@id":"https:\/\/masterchem.fi\/sv\/produkt\/gult-dextrin-cas-9004-53-9\/#primaryimage"},"thumbnailUrl":"https:\/\/masterchem.fi\/wp-content\/uploads\/2022\/07\/Kollane-dekstriin-25kg-MasterChem.jpg","datePublished":"2022-07-13T11:28:05+00:00","dateModified":"2022-07-13T11:52:22+00:00","description":"Dextrin \u00e4r en delvis hydrolyserad st\u00e4rkelse som bildas genom att behandla st\u00e4rkelse med torr v\u00e4rme, syra eller enzymer.","breadcrumb":{"@id":"https:\/\/masterchem.fi\/sv\/produkt\/gult-dextrin-cas-9004-53-9\/#breadcrumb"},"inLanguage":"sv-SE","potentialAction":[{"@type":"ReadAction","target":["https:\/\/masterchem.fi\/sv\/produkt\/gult-dextrin-cas-9004-53-9\/"]}]},{"@type":"ImageObject","inLanguage":"sv-SE","@id":"https:\/\/masterchem.fi\/sv\/produkt\/gult-dextrin-cas-9004-53-9\/#primaryimage","url":"https:\/\/masterchem.fi\/wp-content\/uploads\/2022\/07\/Kollane-dekstriin-25kg-MasterChem.jpg","contentUrl":"https:\/\/masterchem.fi\/wp-content\/uploads\/2022\/07\/Kollane-dekstriin-25kg-MasterChem.jpg","width":1000,"height":1000,"caption":"Gult dextrin (CAS 9004-53-9) 25kg MasterChem"},{"@type":"BreadcrumbList","@id":"https:\/\/masterchem.fi\/sv\/produkt\/gult-dextrin-cas-9004-53-9\/#breadcrumb","itemListElement":[{"@type":"ListItem","position":1,"name":"Home","item":"https:\/\/masterchem.fi\/sv\/"},{"@type":"ListItem","position":2,"name":"Butik","item":"https:\/\/masterchem.fi\/sv\/butik\/"},{"@type":"ListItem","position":3,"name":"Gult dextrin (CAS 9004-53-9)"}]},{"@type":"WebSite","@id":"https:\/\/masterchem.fi\/sv\/#website","url":"https:\/\/masterchem.fi\/sv\/","name":"MasterChem | kemikaalien tuotanto ja myynti","description":"kemikaalien tuotanto ja myynti","potentialAction":[{"@type":"SearchAction","target":{"@type":"EntryPoint","urlTemplate":"https:\/\/masterchem.fi\/sv\/?s={search_term_string}"},"query-input":{"@type":"PropertyValueSpecification","valueRequired":true,"valueName":"search_term_string"}}],"inLanguage":"sv-SE"}]}},"_links":{"self":[{"href":"https:\/\/masterchem.fi\/sv\/wp-json\/wp\/v2\/product\/11078","targetHints":{"allow":["GET"]}}],"collection":[{"href":"https:\/\/masterchem.fi\/sv\/wp-json\/wp\/v2\/product"}],"about":[{"href":"https:\/\/masterchem.fi\/sv\/wp-json\/wp\/v2\/types\/product"}],"wp:featuredmedia":[{"embeddable":true,"href":"https:\/\/masterchem.fi\/sv\/wp-json\/wp\/v2\/media\/11081"}],"wp:attachment":[{"href":"https:\/\/masterchem.fi\/sv\/wp-json\/wp\/v2\/media?parent=11078"}],"wp:term":[{"taxonomy":"product_brand","embeddable":true,"href":"https:\/\/masterchem.fi\/sv\/wp-json\/wp\/v2\/product_brand?post=11078"},{"taxonomy":"product_cat","embeddable":true,"href":"https:\/\/masterchem.fi\/sv\/wp-json\/wp\/v2\/product_cat?post=11078"},{"taxonomy":"product_tag","embeddable":true,"href":"https:\/\/masterchem.fi\/sv\/wp-json\/wp\/v2\/product_tag?post=11078"}],"curies":[{"name":"wp","href":"https:\/\/api.w.org\/{rel}","templated":true}]}}