{"id":11133,"date":"2022-07-22T15:05:20","date_gmt":"2022-07-22T12:05:21","guid":{"rendered":"https:\/\/masterchem.fi\/?post_type=product&#038;p=11133"},"modified":"2022-07-22T15:10:03","modified_gmt":"2022-07-22T12:10:03","slug":"natriumcitrat-cas-6132-04-3","status":"publish","type":"product","link":"https:\/\/masterchem.fi\/sv\/produkt\/natriumcitrat-cas-6132-04-3\/","title":{"rendered":"Natriumcitrat (CAS 6132-04-3)"},"content":{"rendered":"<p> <strong> Information<\/strong> <\/p>\n<p>Bransch: livsmedelsindustri<br \/>\nCAS-nummer: 6132-04-3<br \/>\nWE-nummer: 200-675-3<br \/>\nKemisk formel: C6H5Na3O7\u20222 H2O<br \/>\nMolekylvikt: 249,1 g\/mol<br \/>\nTulltaxekod: 29181500<\/p>\n<p><strong>Fysiska egenskaper<\/strong><br \/>\npH: 7,5 \u2013 9 (50 g\/l H2O w 25\u00b0C)<br \/>\nSm\u00e4lt-\/fryspunkt: 150\u00b0C<br \/>\nL\u00f6slighet i vatten: 425 g\/l (20\u00b0C)<\/p>\n","protected":false},"excerpt":{"rendered":"<p><strong>Natriumcitrat (CAS 6132-04-3)<\/strong><\/p>\n<p>Natriumcitrater anv\u00e4nds som surhetsreglerande medel i livsmedel och drycker och som emulgeringsmedel i oljor. De l\u00e5ter ostarna sm\u00e4lta utan att bli feta. Det minskar ocks\u00e5 surheten i maten.<\/p>\n<p>Natriumcitrat anv\u00e4nds f\u00f6r att f\u00f6rhindra koagulering av donerat blod under f\u00f6rvaring. Det anv\u00e4nds ocks\u00e5 i laboratoriet f\u00f6re operation f\u00f6r att avg\u00f6ra om en persons blod \u00e4r f\u00f6r tjockt och kan orsaka en blodpropp, eller om blodet \u00e4r f\u00f6r tunt f\u00f6r s\u00e4ker operation. Natriumcitrat anv\u00e4nds i medicinska sammanhang som alkaliserande medel ist\u00e4llet f\u00f6r natriumbikarbonat f\u00f6r att neutralisera \u00f6verskott av syra i blod och urin. Det har till\u00e4mpningar vid behandling av metabolisk acidos och kronisk njursjukdom.<\/p>\n","protected":false},"featured_media":11136,"template":"","meta":[],"product_brand":[],"product_cat":[116,171],"product_tag":[],"class_list":{"0":"post-11133","1":"product","2":"type-product","3":"status-publish","4":"has-post-thumbnail","6":"product_cat-alla-produkter","7":"product_cat-livsmedelsindustrin","9":"first","10":"outofstock","11":"taxable","12":"shipping-taxable","13":"purchasable","14":"product-type-variable","15":"has-default-attributes","16":"rtwpvg-product"},"yoast_head":"<!-- This site is optimized with the Yoast SEO plugin v27.2 - https:\/\/yoast.com\/product\/yoast-seo-wordpress\/ -->\n<title>Natriumcitrat (CAS 6132-04-3) - MasterChem | kemikaalien tuotanto ja myynti<\/title>\n<meta name=\"description\" content=\"Natriumcitrater anv\u00e4nds som surhetsreglerande medel i livsmedel och drycker och som emulgeringsmedel i oljor.\" \/>\n<meta name=\"robots\" content=\"index, follow, max-snippet:-1, max-image-preview:large, max-video-preview:-1\" \/>\n<link rel=\"canonical\" href=\"https:\/\/masterchem.fi\/sv\/produkt\/natriumcitrat-cas-6132-04-3\/\" \/>\n<meta property=\"og:locale\" content=\"sv_SE\" \/>\n<meta property=\"og:type\" content=\"article\" \/>\n<meta property=\"og:title\" content=\"Natriumcitrat (CAS 6132-04-3) - MasterChem | kemikaalien tuotanto ja myynti\" \/>\n<meta property=\"og:description\" content=\"Natriumcitrater anv\u00e4nds som surhetsreglerande medel i livsmedel och drycker och som emulgeringsmedel i oljor.\" \/>\n<meta property=\"og:url\" content=\"https:\/\/masterchem.fi\/sv\/produkt\/natriumcitrat-cas-6132-04-3\/\" \/>\n<meta property=\"og:site_name\" content=\"MasterChem | kemikaalien tuotanto ja myynti\" \/>\n<meta property=\"article:modified_time\" content=\"2022-07-22T12:10:03+00:00\" \/>\n<meta property=\"og:image\" content=\"https:\/\/masterchem.fi\/wp-content\/uploads\/2022\/07\/Naatriumtsitraat-25kg-MasterChem.jpg\" \/>\n\t<meta property=\"og:image:width\" content=\"1000\" \/>\n\t<meta property=\"og:image:height\" content=\"1000\" \/>\n\t<meta property=\"og:image:type\" content=\"image\/jpeg\" \/>\n<meta name=\"twitter:card\" content=\"summary_large_image\" \/>\n<script type=\"application\/ld+json\" class=\"yoast-schema-graph\">{\"@context\":\"https:\/\/schema.org\",\"@graph\":[{\"@type\":\"WebPage\",\"@id\":\"https:\/\/masterchem.fi\/sv\/produkt\/natriumcitrat-cas-6132-04-3\/\",\"url\":\"https:\/\/masterchem.fi\/sv\/produkt\/natriumcitrat-cas-6132-04-3\/\",\"name\":\"Natriumcitrat (CAS 6132-04-3) - MasterChem | kemikaalien tuotanto ja myynti\",\"isPartOf\":{\"@id\":\"https:\/\/masterchem.fi\/sv\/#website\"},\"primaryImageOfPage\":{\"@id\":\"https:\/\/masterchem.fi\/sv\/produkt\/natriumcitrat-cas-6132-04-3\/#primaryimage\"},\"image\":{\"@id\":\"https:\/\/masterchem.fi\/sv\/produkt\/natriumcitrat-cas-6132-04-3\/#primaryimage\"},\"thumbnailUrl\":\"https:\/\/masterchem.fi\/wp-content\/uploads\/2022\/07\/Naatriumtsitraat-25kg-MasterChem.jpg\",\"datePublished\":\"2022-07-22T12:05:21+00:00\",\"dateModified\":\"2022-07-22T12:10:03+00:00\",\"description\":\"Natriumcitrater anv\u00e4nds som surhetsreglerande medel i livsmedel och drycker och som emulgeringsmedel i oljor.\",\"breadcrumb\":{\"@id\":\"https:\/\/masterchem.fi\/sv\/produkt\/natriumcitrat-cas-6132-04-3\/#breadcrumb\"},\"inLanguage\":\"sv-SE\",\"potentialAction\":[{\"@type\":\"ReadAction\",\"target\":[\"https:\/\/masterchem.fi\/sv\/produkt\/natriumcitrat-cas-6132-04-3\/\"]}]},{\"@type\":\"ImageObject\",\"inLanguage\":\"sv-SE\",\"@id\":\"https:\/\/masterchem.fi\/sv\/produkt\/natriumcitrat-cas-6132-04-3\/#primaryimage\",\"url\":\"https:\/\/masterchem.fi\/wp-content\/uploads\/2022\/07\/Naatriumtsitraat-25kg-MasterChem.jpg\",\"contentUrl\":\"https:\/\/masterchem.fi\/wp-content\/uploads\/2022\/07\/Naatriumtsitraat-25kg-MasterChem.jpg\",\"width\":1000,\"height\":1000,\"caption\":\"Natriumcitrat (CAS 6132-04-3) 25kg MasterChem\"},{\"@type\":\"BreadcrumbList\",\"@id\":\"https:\/\/masterchem.fi\/sv\/produkt\/natriumcitrat-cas-6132-04-3\/#breadcrumb\",\"itemListElement\":[{\"@type\":\"ListItem\",\"position\":1,\"name\":\"Home\",\"item\":\"https:\/\/masterchem.fi\/sv\/\"},{\"@type\":\"ListItem\",\"position\":2,\"name\":\"Butik\",\"item\":\"https:\/\/masterchem.fi\/sv\/butik\/\"},{\"@type\":\"ListItem\",\"position\":3,\"name\":\"Natriumcitrat (CAS 6132-04-3)\"}]},{\"@type\":\"WebSite\",\"@id\":\"https:\/\/masterchem.fi\/sv\/#website\",\"url\":\"https:\/\/masterchem.fi\/sv\/\",\"name\":\"MasterChem | kemikaalien tuotanto ja myynti\",\"description\":\"kemikaalien tuotanto ja myynti\",\"potentialAction\":[{\"@type\":\"SearchAction\",\"target\":{\"@type\":\"EntryPoint\",\"urlTemplate\":\"https:\/\/masterchem.fi\/sv\/?s={search_term_string}\"},\"query-input\":{\"@type\":\"PropertyValueSpecification\",\"valueRequired\":true,\"valueName\":\"search_term_string\"}}],\"inLanguage\":\"sv-SE\"}]}<\/script>\n<!-- \/ Yoast SEO plugin. -->","yoast_head_json":{"title":"Natriumcitrat (CAS 6132-04-3) - MasterChem | kemikaalien tuotanto ja myynti","description":"Natriumcitrater anv\u00e4nds som surhetsreglerande medel i livsmedel och drycker och som emulgeringsmedel i oljor.","robots":{"index":"index","follow":"follow","max-snippet":"max-snippet:-1","max-image-preview":"max-image-preview:large","max-video-preview":"max-video-preview:-1"},"canonical":"https:\/\/masterchem.fi\/sv\/produkt\/natriumcitrat-cas-6132-04-3\/","og_locale":"sv_SE","og_type":"article","og_title":"Natriumcitrat (CAS 6132-04-3) - MasterChem | kemikaalien tuotanto ja myynti","og_description":"Natriumcitrater anv\u00e4nds som surhetsreglerande medel i livsmedel och drycker och som emulgeringsmedel i oljor.","og_url":"https:\/\/masterchem.fi\/sv\/produkt\/natriumcitrat-cas-6132-04-3\/","og_site_name":"MasterChem | kemikaalien tuotanto ja myynti","article_modified_time":"2022-07-22T12:10:03+00:00","og_image":[{"width":1000,"height":1000,"url":"https:\/\/masterchem.fi\/wp-content\/uploads\/2022\/07\/Naatriumtsitraat-25kg-MasterChem.jpg","type":"image\/jpeg"}],"twitter_card":"summary_large_image","schema":{"@context":"https:\/\/schema.org","@graph":[{"@type":"WebPage","@id":"https:\/\/masterchem.fi\/sv\/produkt\/natriumcitrat-cas-6132-04-3\/","url":"https:\/\/masterchem.fi\/sv\/produkt\/natriumcitrat-cas-6132-04-3\/","name":"Natriumcitrat (CAS 6132-04-3) - MasterChem | kemikaalien tuotanto ja myynti","isPartOf":{"@id":"https:\/\/masterchem.fi\/sv\/#website"},"primaryImageOfPage":{"@id":"https:\/\/masterchem.fi\/sv\/produkt\/natriumcitrat-cas-6132-04-3\/#primaryimage"},"image":{"@id":"https:\/\/masterchem.fi\/sv\/produkt\/natriumcitrat-cas-6132-04-3\/#primaryimage"},"thumbnailUrl":"https:\/\/masterchem.fi\/wp-content\/uploads\/2022\/07\/Naatriumtsitraat-25kg-MasterChem.jpg","datePublished":"2022-07-22T12:05:21+00:00","dateModified":"2022-07-22T12:10:03+00:00","description":"Natriumcitrater anv\u00e4nds som surhetsreglerande medel i livsmedel och drycker och som emulgeringsmedel i oljor.","breadcrumb":{"@id":"https:\/\/masterchem.fi\/sv\/produkt\/natriumcitrat-cas-6132-04-3\/#breadcrumb"},"inLanguage":"sv-SE","potentialAction":[{"@type":"ReadAction","target":["https:\/\/masterchem.fi\/sv\/produkt\/natriumcitrat-cas-6132-04-3\/"]}]},{"@type":"ImageObject","inLanguage":"sv-SE","@id":"https:\/\/masterchem.fi\/sv\/produkt\/natriumcitrat-cas-6132-04-3\/#primaryimage","url":"https:\/\/masterchem.fi\/wp-content\/uploads\/2022\/07\/Naatriumtsitraat-25kg-MasterChem.jpg","contentUrl":"https:\/\/masterchem.fi\/wp-content\/uploads\/2022\/07\/Naatriumtsitraat-25kg-MasterChem.jpg","width":1000,"height":1000,"caption":"Natriumcitrat (CAS 6132-04-3) 25kg MasterChem"},{"@type":"BreadcrumbList","@id":"https:\/\/masterchem.fi\/sv\/produkt\/natriumcitrat-cas-6132-04-3\/#breadcrumb","itemListElement":[{"@type":"ListItem","position":1,"name":"Home","item":"https:\/\/masterchem.fi\/sv\/"},{"@type":"ListItem","position":2,"name":"Butik","item":"https:\/\/masterchem.fi\/sv\/butik\/"},{"@type":"ListItem","position":3,"name":"Natriumcitrat (CAS 6132-04-3)"}]},{"@type":"WebSite","@id":"https:\/\/masterchem.fi\/sv\/#website","url":"https:\/\/masterchem.fi\/sv\/","name":"MasterChem | kemikaalien tuotanto ja myynti","description":"kemikaalien tuotanto ja myynti","potentialAction":[{"@type":"SearchAction","target":{"@type":"EntryPoint","urlTemplate":"https:\/\/masterchem.fi\/sv\/?s={search_term_string}"},"query-input":{"@type":"PropertyValueSpecification","valueRequired":true,"valueName":"search_term_string"}}],"inLanguage":"sv-SE"}]}},"_links":{"self":[{"href":"https:\/\/masterchem.fi\/sv\/wp-json\/wp\/v2\/product\/11133","targetHints":{"allow":["GET"]}}],"collection":[{"href":"https:\/\/masterchem.fi\/sv\/wp-json\/wp\/v2\/product"}],"about":[{"href":"https:\/\/masterchem.fi\/sv\/wp-json\/wp\/v2\/types\/product"}],"wp:featuredmedia":[{"embeddable":true,"href":"https:\/\/masterchem.fi\/sv\/wp-json\/wp\/v2\/media\/11136"}],"wp:attachment":[{"href":"https:\/\/masterchem.fi\/sv\/wp-json\/wp\/v2\/media?parent=11133"}],"wp:term":[{"taxonomy":"product_brand","embeddable":true,"href":"https:\/\/masterchem.fi\/sv\/wp-json\/wp\/v2\/product_brand?post=11133"},{"taxonomy":"product_cat","embeddable":true,"href":"https:\/\/masterchem.fi\/sv\/wp-json\/wp\/v2\/product_cat?post=11133"},{"taxonomy":"product_tag","embeddable":true,"href":"https:\/\/masterchem.fi\/sv\/wp-json\/wp\/v2\/product_tag?post=11133"}],"curies":[{"name":"wp","href":"https:\/\/api.w.org\/{rel}","templated":true}]}}