{"id":11141,"date":"2022-07-22T15:17:40","date_gmt":"2022-07-22T12:17:41","guid":{"rendered":"https:\/\/masterchem.fi\/?post_type=product&#038;p=11141"},"modified":"2022-07-22T15:22:17","modified_gmt":"2022-07-22T12:22:17","slug":"tiourea-cas-62-56-6","status":"publish","type":"product","link":"https:\/\/masterchem.fi\/sv\/produkt\/tiourea-cas-62-56-6\/","title":{"rendered":"Tiourea (CAS 62-56-6)"},"content":{"rendered":"<p> <strong> Information<\/strong> <\/p>\n<p>Branscher: L\u00e4kemedelsindustri, Livsmedelsindustri<br \/>\nCAS-nummer: 62-56-6<br \/>\nWE-nummer: 200-543-5<br \/>\nKemisk formel: CH4N2S<br \/>\nMolekylvikt: 76,12 g\/mol<br \/>\nTulltaxekod: 29309098<br \/>\nADR: UN3077<\/p>\n<p><strong>Fysiska egenskaper<\/strong><br \/>\npH: 5-7 (50 g\/l, 20\u00b0C)<br \/>\nSm\u00e4lt-\/fryspunkt: 174-177\u00b0C<br \/>\nRelativ densitet: 1 405 g\/cm3 (20\u00b0C )<br \/>\nL\u00f6slighet i vatten: 137 g\/l (20\u00b0C )<\/p>\n","protected":false},"excerpt":{"rendered":"<p><strong>Tiourea (CAS 62-56-6)<\/strong><\/p>\n<p>Tiourea \u00e4r en organisk svavelf\u00f6rening med formeln SC(NH2)2. Den liknar strukturen p\u00e5 urea f\u00f6rutom att syreatomen har ersatts av en svavelatom, men egenskaperna hos urea och tiourea skiljer sig avsev\u00e4rt. Tiourea \u00e4r ett reagens i organisk syntes. &#8220;Tioureater&#8221; avser en bred klass av f\u00f6reningar med den allm\u00e4nna strukturen (R1R2N)(R3R4N)C=S. Tioureas \u00e4r relaterade till tioamider, t ex RC(S)NR2, d\u00e4r R \u00e4r metyl, etyl, etc.<\/p>\n","protected":false},"featured_media":11144,"template":"","meta":[],"product_brand":[],"product_cat":[106,116,171],"product_tag":[],"class_list":{"0":"post-11141","1":"product","2":"type-product","3":"status-publish","4":"has-post-thumbnail","6":"product_cat-lakemedelsindustri","7":"product_cat-alla-produkter","8":"product_cat-livsmedelsindustrin","10":"first","11":"outofstock","12":"taxable","13":"shipping-taxable","14":"purchasable","15":"product-type-variable","16":"has-default-attributes","17":"rtwpvg-product"},"yoast_head":"<!-- This site is optimized with the Yoast SEO plugin v27.2 - https:\/\/yoast.com\/product\/yoast-seo-wordpress\/ -->\n<title>Tiourea (CAS 62-56-6) - MasterChem | kemikaalien tuotanto ja myynti<\/title>\n<meta name=\"description\" content=\"Tiourea \u00e4r en organisk svavelf\u00f6rening med formeln SC(NH2)2. Den liknar strukturen p\u00e5 urea f\u00f6rutom att syreatomen har ersatts av en svavelatom, men egenskaperna hos urea och tiourea skiljer sig avsev\u00e4rt.\" \/>\n<meta name=\"robots\" content=\"index, follow, max-snippet:-1, max-image-preview:large, max-video-preview:-1\" \/>\n<link rel=\"canonical\" href=\"https:\/\/masterchem.fi\/sv\/produkt\/tiourea-cas-62-56-6\/\" \/>\n<meta property=\"og:locale\" content=\"sv_SE\" \/>\n<meta property=\"og:type\" content=\"article\" \/>\n<meta property=\"og:title\" content=\"Tiourea (CAS 62-56-6) - MasterChem | kemikaalien tuotanto ja myynti\" \/>\n<meta property=\"og:description\" content=\"Tiourea \u00e4r en organisk svavelf\u00f6rening med formeln SC(NH2)2. Den liknar strukturen p\u00e5 urea f\u00f6rutom att syreatomen har ersatts av en svavelatom, men egenskaperna hos urea och tiourea skiljer sig avsev\u00e4rt.\" \/>\n<meta property=\"og:url\" content=\"https:\/\/masterchem.fi\/sv\/produkt\/tiourea-cas-62-56-6\/\" \/>\n<meta property=\"og:site_name\" content=\"MasterChem | kemikaalien tuotanto ja myynti\" \/>\n<meta property=\"article:modified_time\" content=\"2022-07-22T12:22:17+00:00\" \/>\n<meta property=\"og:image\" content=\"https:\/\/masterchem.fi\/wp-content\/uploads\/2022\/07\/Tiouurea-25kg-MasterChem.jpg\" \/>\n\t<meta property=\"og:image:width\" content=\"1000\" \/>\n\t<meta property=\"og:image:height\" content=\"1000\" \/>\n\t<meta property=\"og:image:type\" content=\"image\/jpeg\" \/>\n<meta name=\"twitter:card\" content=\"summary_large_image\" \/>\n<script type=\"application\/ld+json\" class=\"yoast-schema-graph\">{\"@context\":\"https:\/\/schema.org\",\"@graph\":[{\"@type\":\"WebPage\",\"@id\":\"https:\/\/masterchem.fi\/sv\/produkt\/tiourea-cas-62-56-6\/\",\"url\":\"https:\/\/masterchem.fi\/sv\/produkt\/tiourea-cas-62-56-6\/\",\"name\":\"Tiourea (CAS 62-56-6) - MasterChem | kemikaalien tuotanto ja myynti\",\"isPartOf\":{\"@id\":\"https:\/\/masterchem.fi\/sv\/#website\"},\"primaryImageOfPage\":{\"@id\":\"https:\/\/masterchem.fi\/sv\/produkt\/tiourea-cas-62-56-6\/#primaryimage\"},\"image\":{\"@id\":\"https:\/\/masterchem.fi\/sv\/produkt\/tiourea-cas-62-56-6\/#primaryimage\"},\"thumbnailUrl\":\"https:\/\/masterchem.fi\/wp-content\/uploads\/2022\/07\/Tiouurea-25kg-MasterChem.jpg\",\"datePublished\":\"2022-07-22T12:17:41+00:00\",\"dateModified\":\"2022-07-22T12:22:17+00:00\",\"description\":\"Tiourea \u00e4r en organisk svavelf\u00f6rening med formeln SC(NH2)2. Den liknar strukturen p\u00e5 urea f\u00f6rutom att syreatomen har ersatts av en svavelatom, men egenskaperna hos urea och tiourea skiljer sig avsev\u00e4rt.\",\"breadcrumb\":{\"@id\":\"https:\/\/masterchem.fi\/sv\/produkt\/tiourea-cas-62-56-6\/#breadcrumb\"},\"inLanguage\":\"sv-SE\",\"potentialAction\":[{\"@type\":\"ReadAction\",\"target\":[\"https:\/\/masterchem.fi\/sv\/produkt\/tiourea-cas-62-56-6\/\"]}]},{\"@type\":\"ImageObject\",\"inLanguage\":\"sv-SE\",\"@id\":\"https:\/\/masterchem.fi\/sv\/produkt\/tiourea-cas-62-56-6\/#primaryimage\",\"url\":\"https:\/\/masterchem.fi\/wp-content\/uploads\/2022\/07\/Tiouurea-25kg-MasterChem.jpg\",\"contentUrl\":\"https:\/\/masterchem.fi\/wp-content\/uploads\/2022\/07\/Tiouurea-25kg-MasterChem.jpg\",\"width\":1000,\"height\":1000,\"caption\":\"Tiourea (CAS 62-56-6) 25kg MasterChem\"},{\"@type\":\"BreadcrumbList\",\"@id\":\"https:\/\/masterchem.fi\/sv\/produkt\/tiourea-cas-62-56-6\/#breadcrumb\",\"itemListElement\":[{\"@type\":\"ListItem\",\"position\":1,\"name\":\"Home\",\"item\":\"https:\/\/masterchem.fi\/sv\/\"},{\"@type\":\"ListItem\",\"position\":2,\"name\":\"Butik\",\"item\":\"https:\/\/masterchem.fi\/sv\/butik\/\"},{\"@type\":\"ListItem\",\"position\":3,\"name\":\"Tiourea (CAS 62-56-6)\"}]},{\"@type\":\"WebSite\",\"@id\":\"https:\/\/masterchem.fi\/sv\/#website\",\"url\":\"https:\/\/masterchem.fi\/sv\/\",\"name\":\"MasterChem | kemikaalien tuotanto ja myynti\",\"description\":\"kemikaalien tuotanto ja myynti\",\"potentialAction\":[{\"@type\":\"SearchAction\",\"target\":{\"@type\":\"EntryPoint\",\"urlTemplate\":\"https:\/\/masterchem.fi\/sv\/?s={search_term_string}\"},\"query-input\":{\"@type\":\"PropertyValueSpecification\",\"valueRequired\":true,\"valueName\":\"search_term_string\"}}],\"inLanguage\":\"sv-SE\"}]}<\/script>\n<!-- \/ Yoast SEO plugin. -->","yoast_head_json":{"title":"Tiourea (CAS 62-56-6) - MasterChem | kemikaalien tuotanto ja myynti","description":"Tiourea \u00e4r en organisk svavelf\u00f6rening med formeln SC(NH2)2. Den liknar strukturen p\u00e5 urea f\u00f6rutom att syreatomen har ersatts av en svavelatom, men egenskaperna hos urea och tiourea skiljer sig avsev\u00e4rt.","robots":{"index":"index","follow":"follow","max-snippet":"max-snippet:-1","max-image-preview":"max-image-preview:large","max-video-preview":"max-video-preview:-1"},"canonical":"https:\/\/masterchem.fi\/sv\/produkt\/tiourea-cas-62-56-6\/","og_locale":"sv_SE","og_type":"article","og_title":"Tiourea (CAS 62-56-6) - MasterChem | kemikaalien tuotanto ja myynti","og_description":"Tiourea \u00e4r en organisk svavelf\u00f6rening med formeln SC(NH2)2. Den liknar strukturen p\u00e5 urea f\u00f6rutom att syreatomen har ersatts av en svavelatom, men egenskaperna hos urea och tiourea skiljer sig avsev\u00e4rt.","og_url":"https:\/\/masterchem.fi\/sv\/produkt\/tiourea-cas-62-56-6\/","og_site_name":"MasterChem | kemikaalien tuotanto ja myynti","article_modified_time":"2022-07-22T12:22:17+00:00","og_image":[{"width":1000,"height":1000,"url":"https:\/\/masterchem.fi\/wp-content\/uploads\/2022\/07\/Tiouurea-25kg-MasterChem.jpg","type":"image\/jpeg"}],"twitter_card":"summary_large_image","schema":{"@context":"https:\/\/schema.org","@graph":[{"@type":"WebPage","@id":"https:\/\/masterchem.fi\/sv\/produkt\/tiourea-cas-62-56-6\/","url":"https:\/\/masterchem.fi\/sv\/produkt\/tiourea-cas-62-56-6\/","name":"Tiourea (CAS 62-56-6) - MasterChem | kemikaalien tuotanto ja myynti","isPartOf":{"@id":"https:\/\/masterchem.fi\/sv\/#website"},"primaryImageOfPage":{"@id":"https:\/\/masterchem.fi\/sv\/produkt\/tiourea-cas-62-56-6\/#primaryimage"},"image":{"@id":"https:\/\/masterchem.fi\/sv\/produkt\/tiourea-cas-62-56-6\/#primaryimage"},"thumbnailUrl":"https:\/\/masterchem.fi\/wp-content\/uploads\/2022\/07\/Tiouurea-25kg-MasterChem.jpg","datePublished":"2022-07-22T12:17:41+00:00","dateModified":"2022-07-22T12:22:17+00:00","description":"Tiourea \u00e4r en organisk svavelf\u00f6rening med formeln SC(NH2)2. Den liknar strukturen p\u00e5 urea f\u00f6rutom att syreatomen har ersatts av en svavelatom, men egenskaperna hos urea och tiourea skiljer sig avsev\u00e4rt.","breadcrumb":{"@id":"https:\/\/masterchem.fi\/sv\/produkt\/tiourea-cas-62-56-6\/#breadcrumb"},"inLanguage":"sv-SE","potentialAction":[{"@type":"ReadAction","target":["https:\/\/masterchem.fi\/sv\/produkt\/tiourea-cas-62-56-6\/"]}]},{"@type":"ImageObject","inLanguage":"sv-SE","@id":"https:\/\/masterchem.fi\/sv\/produkt\/tiourea-cas-62-56-6\/#primaryimage","url":"https:\/\/masterchem.fi\/wp-content\/uploads\/2022\/07\/Tiouurea-25kg-MasterChem.jpg","contentUrl":"https:\/\/masterchem.fi\/wp-content\/uploads\/2022\/07\/Tiouurea-25kg-MasterChem.jpg","width":1000,"height":1000,"caption":"Tiourea (CAS 62-56-6) 25kg MasterChem"},{"@type":"BreadcrumbList","@id":"https:\/\/masterchem.fi\/sv\/produkt\/tiourea-cas-62-56-6\/#breadcrumb","itemListElement":[{"@type":"ListItem","position":1,"name":"Home","item":"https:\/\/masterchem.fi\/sv\/"},{"@type":"ListItem","position":2,"name":"Butik","item":"https:\/\/masterchem.fi\/sv\/butik\/"},{"@type":"ListItem","position":3,"name":"Tiourea (CAS 62-56-6)"}]},{"@type":"WebSite","@id":"https:\/\/masterchem.fi\/sv\/#website","url":"https:\/\/masterchem.fi\/sv\/","name":"MasterChem | kemikaalien tuotanto ja myynti","description":"kemikaalien tuotanto ja myynti","potentialAction":[{"@type":"SearchAction","target":{"@type":"EntryPoint","urlTemplate":"https:\/\/masterchem.fi\/sv\/?s={search_term_string}"},"query-input":{"@type":"PropertyValueSpecification","valueRequired":true,"valueName":"search_term_string"}}],"inLanguage":"sv-SE"}]}},"_links":{"self":[{"href":"https:\/\/masterchem.fi\/sv\/wp-json\/wp\/v2\/product\/11141","targetHints":{"allow":["GET"]}}],"collection":[{"href":"https:\/\/masterchem.fi\/sv\/wp-json\/wp\/v2\/product"}],"about":[{"href":"https:\/\/masterchem.fi\/sv\/wp-json\/wp\/v2\/types\/product"}],"wp:featuredmedia":[{"embeddable":true,"href":"https:\/\/masterchem.fi\/sv\/wp-json\/wp\/v2\/media\/11144"}],"wp:attachment":[{"href":"https:\/\/masterchem.fi\/sv\/wp-json\/wp\/v2\/media?parent=11141"}],"wp:term":[{"taxonomy":"product_brand","embeddable":true,"href":"https:\/\/masterchem.fi\/sv\/wp-json\/wp\/v2\/product_brand?post=11141"},{"taxonomy":"product_cat","embeddable":true,"href":"https:\/\/masterchem.fi\/sv\/wp-json\/wp\/v2\/product_cat?post=11141"},{"taxonomy":"product_tag","embeddable":true,"href":"https:\/\/masterchem.fi\/sv\/wp-json\/wp\/v2\/product_tag?post=11141"}],"curies":[{"name":"wp","href":"https:\/\/api.w.org\/{rel}","templated":true}]}}