{"id":11156,"date":"2022-07-22T15:57:02","date_gmt":"2022-07-22T12:57:03","guid":{"rendered":"https:\/\/masterchem.fi\/?post_type=product&#038;p=11156"},"modified":"2022-07-22T16:00:19","modified_gmt":"2022-07-22T13:00:19","slug":"vitamin-a-cas-79-81-2-2","status":"publish","type":"product","link":"https:\/\/masterchem.fi\/sv\/produkt\/vitamin-a-cas-79-81-2-2\/","title":{"rendered":"Vitamin A (CAS 79-81-2)"},"content":{"rendered":"<p> <strong> Information<\/strong> <\/p>\n<p>Branscher: L\u00e4kemedelsindustri, Livsmedelsindustri, Foderindustri<br \/>\nCAS-nummer: 79-81-2<br \/>\nWE-nummer: 201-228-5<br \/>\nKemisk formel: C36H60O2<br \/>\nMolekylvikt: 524,86 g\/mol<br \/>\nTulltaxekod: 29362100<\/p>\n<p><strong>Fysiska egenskaper<\/strong><br \/>\nSm\u00e4lt-\/fryspunkt: ~26\u00b0C<br \/>\nKokpunkt\/intervall: 194\u00b0C<br \/>\nRelativ densitet: 0,88 g\/cm3 (20\u00b0C)<br \/>\nL\u00f6slighet i vatten: <0,0001 mg\/l (25\u00b0C)<\/p>\n","protected":false},"excerpt":{"rendered":"<p><strong>Vitamin A (CAS 79-81-2)<\/strong><\/p>\n<p>Vitamin A \u00e4r ett fettl\u00f6sligt vitamin och ett viktigt n\u00e4rings\u00e4mne f\u00f6r m\u00e4nniskor. Det \u00e4r en grupp organiska f\u00f6reningar som inneh\u00e5ller retinol, retinal (\u00e4ven k\u00e4nd som retinaldehyd), retinsyra och flera provitamin A-karotenoider (s\u00e4rskilt betakaroten (\u03b2-karoten). Vitamin A har flera funktioner: det \u00e4r viktigt f\u00f6r utveckling och tillv\u00e4xt av embryot, underh\u00e5llet av immunsystemet och f\u00f6r att bibeh\u00e5lla synen, d\u00e4r det kombineras med opsinproteinet f\u00f6r att bilda rodopsin \u2013 en ljusabsorberande molekyl som \u00e4r n\u00f6dv\u00e4ndig f\u00f6r b\u00e5de svagt ljus (scotopisk syn) och f\u00e4rgseende.<\/p>\n","protected":false},"featured_media":11159,"template":"","meta":[],"product_brand":[],"product_cat":[171,179,106,116],"product_tag":[],"class_list":{"0":"post-11156","1":"product","2":"type-product","3":"status-publish","4":"has-post-thumbnail","6":"product_cat-livsmedelsindustrin","7":"product_cat-foderindustri","8":"product_cat-lakemedelsindustri","9":"product_cat-alla-produkter","11":"first","12":"outofstock","13":"taxable","14":"shipping-taxable","15":"purchasable","16":"product-type-variable","17":"has-default-attributes","18":"rtwpvg-product"},"yoast_head":"<!-- This site is optimized with the Yoast SEO plugin v27.2 - https:\/\/yoast.com\/product\/yoast-seo-wordpress\/ -->\n<title>Vitamin A (CAS 79-81-2) - MasterChem | kemikaalien tuotanto ja myynti<\/title>\n<meta name=\"description\" content=\"Vitamin A \u00e4r namnet p\u00e5 en grupp vitaminer som har samma biologiska funktioner som retinol hos m\u00e4nniskor och andra djur.\" \/>\n<meta name=\"robots\" content=\"index, follow, max-snippet:-1, max-image-preview:large, max-video-preview:-1\" \/>\n<link rel=\"canonical\" href=\"https:\/\/masterchem.fi\/sv\/produkt\/vitamin-a-cas-79-81-2-2\/\" \/>\n<meta property=\"og:locale\" content=\"sv_SE\" \/>\n<meta property=\"og:type\" content=\"article\" \/>\n<meta property=\"og:title\" content=\"Vitamin A (CAS 79-81-2) - MasterChem | kemikaalien tuotanto ja myynti\" \/>\n<meta property=\"og:description\" content=\"Vitamin A \u00e4r namnet p\u00e5 en grupp vitaminer som har samma biologiska funktioner som retinol hos m\u00e4nniskor och andra djur.\" \/>\n<meta property=\"og:url\" content=\"https:\/\/masterchem.fi\/sv\/produkt\/vitamin-a-cas-79-81-2-2\/\" \/>\n<meta property=\"og:site_name\" content=\"MasterChem | kemikaalien tuotanto ja myynti\" \/>\n<meta property=\"article:modified_time\" content=\"2022-07-22T13:00:19+00:00\" \/>\n<meta property=\"og:image\" content=\"https:\/\/masterchem.fi\/wp-content\/uploads\/2022\/07\/A-vitamiin-25kg-MasterChem.jpg\" \/>\n\t<meta property=\"og:image:width\" content=\"1000\" \/>\n\t<meta property=\"og:image:height\" content=\"1000\" \/>\n\t<meta property=\"og:image:type\" content=\"image\/jpeg\" \/>\n<meta name=\"twitter:card\" content=\"summary_large_image\" \/>\n<script type=\"application\/ld+json\" class=\"yoast-schema-graph\">{\"@context\":\"https:\/\/schema.org\",\"@graph\":[{\"@type\":\"WebPage\",\"@id\":\"https:\/\/masterchem.fi\/sv\/produkt\/vitamin-a-cas-79-81-2-2\/\",\"url\":\"https:\/\/masterchem.fi\/sv\/produkt\/vitamin-a-cas-79-81-2-2\/\",\"name\":\"Vitamin A (CAS 79-81-2) - MasterChem | kemikaalien tuotanto ja myynti\",\"isPartOf\":{\"@id\":\"https:\/\/masterchem.fi\/sv\/#website\"},\"primaryImageOfPage\":{\"@id\":\"https:\/\/masterchem.fi\/sv\/produkt\/vitamin-a-cas-79-81-2-2\/#primaryimage\"},\"image\":{\"@id\":\"https:\/\/masterchem.fi\/sv\/produkt\/vitamin-a-cas-79-81-2-2\/#primaryimage\"},\"thumbnailUrl\":\"https:\/\/masterchem.fi\/wp-content\/uploads\/2022\/07\/A-vitamiin-25kg-MasterChem.jpg\",\"datePublished\":\"2022-07-22T12:57:03+00:00\",\"dateModified\":\"2022-07-22T13:00:19+00:00\",\"description\":\"Vitamin A \u00e4r namnet p\u00e5 en grupp vitaminer som har samma biologiska funktioner som retinol hos m\u00e4nniskor och andra djur.\",\"breadcrumb\":{\"@id\":\"https:\/\/masterchem.fi\/sv\/produkt\/vitamin-a-cas-79-81-2-2\/#breadcrumb\"},\"inLanguage\":\"sv-SE\",\"potentialAction\":[{\"@type\":\"ReadAction\",\"target\":[\"https:\/\/masterchem.fi\/sv\/produkt\/vitamin-a-cas-79-81-2-2\/\"]}]},{\"@type\":\"ImageObject\",\"inLanguage\":\"sv-SE\",\"@id\":\"https:\/\/masterchem.fi\/sv\/produkt\/vitamin-a-cas-79-81-2-2\/#primaryimage\",\"url\":\"https:\/\/masterchem.fi\/wp-content\/uploads\/2022\/07\/A-vitamiin-25kg-MasterChem.jpg\",\"contentUrl\":\"https:\/\/masterchem.fi\/wp-content\/uploads\/2022\/07\/A-vitamiin-25kg-MasterChem.jpg\",\"width\":1000,\"height\":1000,\"caption\":\"Vitamin A (CAS 79-81-2) 25kg MasterChem\"},{\"@type\":\"BreadcrumbList\",\"@id\":\"https:\/\/masterchem.fi\/sv\/produkt\/vitamin-a-cas-79-81-2-2\/#breadcrumb\",\"itemListElement\":[{\"@type\":\"ListItem\",\"position\":1,\"name\":\"Home\",\"item\":\"https:\/\/masterchem.fi\/sv\/\"},{\"@type\":\"ListItem\",\"position\":2,\"name\":\"Butik\",\"item\":\"https:\/\/masterchem.fi\/sv\/butik\/\"},{\"@type\":\"ListItem\",\"position\":3,\"name\":\"Vitamin A (CAS 79-81-2)\"}]},{\"@type\":\"WebSite\",\"@id\":\"https:\/\/masterchem.fi\/sv\/#website\",\"url\":\"https:\/\/masterchem.fi\/sv\/\",\"name\":\"MasterChem | kemikaalien tuotanto ja myynti\",\"description\":\"kemikaalien tuotanto ja myynti\",\"potentialAction\":[{\"@type\":\"SearchAction\",\"target\":{\"@type\":\"EntryPoint\",\"urlTemplate\":\"https:\/\/masterchem.fi\/sv\/?s={search_term_string}\"},\"query-input\":{\"@type\":\"PropertyValueSpecification\",\"valueRequired\":true,\"valueName\":\"search_term_string\"}}],\"inLanguage\":\"sv-SE\"}]}<\/script>\n<!-- \/ Yoast SEO plugin. -->","yoast_head_json":{"title":"Vitamin A (CAS 79-81-2) - MasterChem | kemikaalien tuotanto ja myynti","description":"Vitamin A \u00e4r namnet p\u00e5 en grupp vitaminer som har samma biologiska funktioner som retinol hos m\u00e4nniskor och andra djur.","robots":{"index":"index","follow":"follow","max-snippet":"max-snippet:-1","max-image-preview":"max-image-preview:large","max-video-preview":"max-video-preview:-1"},"canonical":"https:\/\/masterchem.fi\/sv\/produkt\/vitamin-a-cas-79-81-2-2\/","og_locale":"sv_SE","og_type":"article","og_title":"Vitamin A (CAS 79-81-2) - MasterChem | kemikaalien tuotanto ja myynti","og_description":"Vitamin A \u00e4r namnet p\u00e5 en grupp vitaminer som har samma biologiska funktioner som retinol hos m\u00e4nniskor och andra djur.","og_url":"https:\/\/masterchem.fi\/sv\/produkt\/vitamin-a-cas-79-81-2-2\/","og_site_name":"MasterChem | kemikaalien tuotanto ja myynti","article_modified_time":"2022-07-22T13:00:19+00:00","og_image":[{"width":1000,"height":1000,"url":"https:\/\/masterchem.fi\/wp-content\/uploads\/2022\/07\/A-vitamiin-25kg-MasterChem.jpg","type":"image\/jpeg"}],"twitter_card":"summary_large_image","schema":{"@context":"https:\/\/schema.org","@graph":[{"@type":"WebPage","@id":"https:\/\/masterchem.fi\/sv\/produkt\/vitamin-a-cas-79-81-2-2\/","url":"https:\/\/masterchem.fi\/sv\/produkt\/vitamin-a-cas-79-81-2-2\/","name":"Vitamin A (CAS 79-81-2) - MasterChem | kemikaalien tuotanto ja myynti","isPartOf":{"@id":"https:\/\/masterchem.fi\/sv\/#website"},"primaryImageOfPage":{"@id":"https:\/\/masterchem.fi\/sv\/produkt\/vitamin-a-cas-79-81-2-2\/#primaryimage"},"image":{"@id":"https:\/\/masterchem.fi\/sv\/produkt\/vitamin-a-cas-79-81-2-2\/#primaryimage"},"thumbnailUrl":"https:\/\/masterchem.fi\/wp-content\/uploads\/2022\/07\/A-vitamiin-25kg-MasterChem.jpg","datePublished":"2022-07-22T12:57:03+00:00","dateModified":"2022-07-22T13:00:19+00:00","description":"Vitamin A \u00e4r namnet p\u00e5 en grupp vitaminer som har samma biologiska funktioner som retinol hos m\u00e4nniskor och andra djur.","breadcrumb":{"@id":"https:\/\/masterchem.fi\/sv\/produkt\/vitamin-a-cas-79-81-2-2\/#breadcrumb"},"inLanguage":"sv-SE","potentialAction":[{"@type":"ReadAction","target":["https:\/\/masterchem.fi\/sv\/produkt\/vitamin-a-cas-79-81-2-2\/"]}]},{"@type":"ImageObject","inLanguage":"sv-SE","@id":"https:\/\/masterchem.fi\/sv\/produkt\/vitamin-a-cas-79-81-2-2\/#primaryimage","url":"https:\/\/masterchem.fi\/wp-content\/uploads\/2022\/07\/A-vitamiin-25kg-MasterChem.jpg","contentUrl":"https:\/\/masterchem.fi\/wp-content\/uploads\/2022\/07\/A-vitamiin-25kg-MasterChem.jpg","width":1000,"height":1000,"caption":"Vitamin A (CAS 79-81-2) 25kg MasterChem"},{"@type":"BreadcrumbList","@id":"https:\/\/masterchem.fi\/sv\/produkt\/vitamin-a-cas-79-81-2-2\/#breadcrumb","itemListElement":[{"@type":"ListItem","position":1,"name":"Home","item":"https:\/\/masterchem.fi\/sv\/"},{"@type":"ListItem","position":2,"name":"Butik","item":"https:\/\/masterchem.fi\/sv\/butik\/"},{"@type":"ListItem","position":3,"name":"Vitamin A (CAS 79-81-2)"}]},{"@type":"WebSite","@id":"https:\/\/masterchem.fi\/sv\/#website","url":"https:\/\/masterchem.fi\/sv\/","name":"MasterChem | kemikaalien tuotanto ja myynti","description":"kemikaalien tuotanto ja myynti","potentialAction":[{"@type":"SearchAction","target":{"@type":"EntryPoint","urlTemplate":"https:\/\/masterchem.fi\/sv\/?s={search_term_string}"},"query-input":{"@type":"PropertyValueSpecification","valueRequired":true,"valueName":"search_term_string"}}],"inLanguage":"sv-SE"}]}},"_links":{"self":[{"href":"https:\/\/masterchem.fi\/sv\/wp-json\/wp\/v2\/product\/11156","targetHints":{"allow":["GET"]}}],"collection":[{"href":"https:\/\/masterchem.fi\/sv\/wp-json\/wp\/v2\/product"}],"about":[{"href":"https:\/\/masterchem.fi\/sv\/wp-json\/wp\/v2\/types\/product"}],"wp:featuredmedia":[{"embeddable":true,"href":"https:\/\/masterchem.fi\/sv\/wp-json\/wp\/v2\/media\/11159"}],"wp:attachment":[{"href":"https:\/\/masterchem.fi\/sv\/wp-json\/wp\/v2\/media?parent=11156"}],"wp:term":[{"taxonomy":"product_brand","embeddable":true,"href":"https:\/\/masterchem.fi\/sv\/wp-json\/wp\/v2\/product_brand?post=11156"},{"taxonomy":"product_cat","embeddable":true,"href":"https:\/\/masterchem.fi\/sv\/wp-json\/wp\/v2\/product_cat?post=11156"},{"taxonomy":"product_tag","embeddable":true,"href":"https:\/\/masterchem.fi\/sv\/wp-json\/wp\/v2\/product_tag?post=11156"}],"curies":[{"name":"wp","href":"https:\/\/api.w.org\/{rel}","templated":true}]}}