{"id":11163,"date":"2022-07-22T16:03:18","date_gmt":"2022-07-22T13:03:19","guid":{"rendered":"https:\/\/masterchem.fi\/?post_type=product&#038;p=11163"},"modified":"2022-07-22T16:07:30","modified_gmt":"2022-07-22T13:07:30","slug":"vitamin-e-cas-58-95-7","status":"publish","type":"product","link":"https:\/\/masterchem.fi\/sv\/produkt\/vitamin-e-cas-58-95-7\/","title":{"rendered":"Vitamin E (CAS 58-95-7)"},"content":{"rendered":"<p> <strong> Information<\/strong> <\/p>\n<p>Bransch: livsmedelsindustri<br \/>\nCAS-nummer: 58-95-7<br \/>\nWE-nummer: 200-405-4<br \/>\nKemisk formel: C31H52O3<br \/>\nMolekylvikt: 472,74 g\/mol<br \/>\nTulltaxekod: 29392800<\/p>\n","protected":false},"excerpt":{"rendered":"<p><strong>E-vitamin (CAS 58-95-7)<\/strong><\/p>\n<p>Vitamin E \u00e4r ben\u00e4mningen p\u00e5 en grupp vitaminer som har samma biologiska funktioner i organismer som \u03b1-tokoferol. 8 \u00e4mnen som \u00e4r vanliga i naturen r\u00e4knas ofta som vitamin E: \u03b1-, \u03b2-, \u03b3- och \u03b4-tokoferol och \u03b1-, \u03b2-, \u03b3- och \u03b4-tokotrienol. Var och en av dessa har 8 stereoisomerer p\u00e5 grund av kirala centra och E,Z-isomerism. Det finns bara 2R,4R,8R- eller RRR-tokoferoler och 2R,3&#8242;(E),7&#8242;(E)- eller REE-tokotrienoler i naturen. Blandningar som inneh\u00e5ller alla isomerer, dvs racemater, kallas all-rac-tokoferoler och -trienoler. Artificiellt producerade vitamin E-tillskott och mediciner \u00e4r ofta racemater.<\/p>\n<p>RRR-\u03b1-tokoferol \u00e4r det mest effektiva E-vitaminet hos m\u00e4nniskor. Det \u00e4r ocks\u00e5 vanligt i m\u00e4nniskors dieter. D\u00e4rf\u00f6r \u00e4r det i vissa sammanhang bara det som anses vara det enda riktiga E-vitaminet hos m\u00e4nniskor. F\u00f6r sin del har \u00e5tminstone \u03b3- och \u03b4-tokotrienoler mycket svaga vitamineffekter, s\u00e5 de r\u00e4knas inte alltid som E-vitaminer.<\/p>\n","protected":false},"featured_media":11166,"template":"","meta":[],"product_brand":[],"product_cat":[116,171],"product_tag":[],"class_list":{"0":"post-11163","1":"product","2":"type-product","3":"status-publish","4":"has-post-thumbnail","6":"product_cat-alla-produkter","7":"product_cat-livsmedelsindustrin","9":"first","10":"outofstock","11":"taxable","12":"shipping-taxable","13":"purchasable","14":"product-type-variable","15":"has-default-attributes","16":"rtwpvg-product"},"yoast_head":"<!-- This site is optimized with the Yoast SEO plugin v27.5 - https:\/\/yoast.com\/product\/yoast-seo-wordpress\/ -->\n<title>Vitamin E (CAS 58-95-7) - MasterChem | kemikaalien tuotanto ja myynti<\/title>\n<meta name=\"description\" content=\"Vitamin E \u00e4r ben\u00e4mningen p\u00e5 en grupp vitaminer som har samma biologiska funktioner i organismer som \u03b1-tokoferol.\" \/>\n<meta name=\"robots\" content=\"index, follow, max-snippet:-1, max-image-preview:large, max-video-preview:-1\" \/>\n<link rel=\"canonical\" href=\"https:\/\/masterchem.fi\/sv\/produkt\/vitamin-e-cas-58-95-7\/\" \/>\n<meta property=\"og:locale\" content=\"sv_SE\" \/>\n<meta property=\"og:type\" content=\"article\" \/>\n<meta property=\"og:title\" content=\"Vitamin E (CAS 58-95-7) - MasterChem | kemikaalien tuotanto ja myynti\" \/>\n<meta property=\"og:description\" content=\"Vitamin E \u00e4r ben\u00e4mningen p\u00e5 en grupp vitaminer som har samma biologiska funktioner i organismer som \u03b1-tokoferol.\" \/>\n<meta property=\"og:url\" content=\"https:\/\/masterchem.fi\/sv\/produkt\/vitamin-e-cas-58-95-7\/\" \/>\n<meta property=\"og:site_name\" content=\"MasterChem | kemikaalien tuotanto ja myynti\" \/>\n<meta property=\"article:modified_time\" content=\"2022-07-22T13:07:30+00:00\" \/>\n<meta property=\"og:image\" content=\"https:\/\/masterchem.fi\/wp-content\/uploads\/2022\/07\/A-vitamiin-25kg-MasterChem-1.jpg\" \/>\n\t<meta property=\"og:image:width\" content=\"1000\" \/>\n\t<meta property=\"og:image:height\" content=\"1000\" \/>\n\t<meta property=\"og:image:type\" content=\"image\/jpeg\" \/>\n<meta name=\"twitter:card\" content=\"summary_large_image\" \/>\n<script type=\"application\/ld+json\" class=\"yoast-schema-graph\">{\"@context\":\"https:\\\/\\\/schema.org\",\"@graph\":[{\"@type\":\"WebPage\",\"@id\":\"https:\\\/\\\/masterchem.fi\\\/sv\\\/produkt\\\/vitamin-e-cas-58-95-7\\\/\",\"url\":\"https:\\\/\\\/masterchem.fi\\\/sv\\\/produkt\\\/vitamin-e-cas-58-95-7\\\/\",\"name\":\"Vitamin E (CAS 58-95-7) - MasterChem | kemikaalien tuotanto ja myynti\",\"isPartOf\":{\"@id\":\"https:\\\/\\\/masterchem.fi\\\/sv\\\/#website\"},\"primaryImageOfPage\":{\"@id\":\"https:\\\/\\\/masterchem.fi\\\/sv\\\/produkt\\\/vitamin-e-cas-58-95-7\\\/#primaryimage\"},\"image\":{\"@id\":\"https:\\\/\\\/masterchem.fi\\\/sv\\\/produkt\\\/vitamin-e-cas-58-95-7\\\/#primaryimage\"},\"thumbnailUrl\":\"https:\\\/\\\/masterchem.fi\\\/wp-content\\\/uploads\\\/2022\\\/07\\\/A-vitamiin-25kg-MasterChem-1.jpg\",\"datePublished\":\"2022-07-22T13:03:19+00:00\",\"dateModified\":\"2022-07-22T13:07:30+00:00\",\"description\":\"Vitamin E \u00e4r ben\u00e4mningen p\u00e5 en grupp vitaminer som har samma biologiska funktioner i organismer som \u03b1-tokoferol.\",\"breadcrumb\":{\"@id\":\"https:\\\/\\\/masterchem.fi\\\/sv\\\/produkt\\\/vitamin-e-cas-58-95-7\\\/#breadcrumb\"},\"inLanguage\":\"sv-SE\",\"potentialAction\":[{\"@type\":\"ReadAction\",\"target\":[\"https:\\\/\\\/masterchem.fi\\\/sv\\\/produkt\\\/vitamin-e-cas-58-95-7\\\/\"]}]},{\"@type\":\"ImageObject\",\"inLanguage\":\"sv-SE\",\"@id\":\"https:\\\/\\\/masterchem.fi\\\/sv\\\/produkt\\\/vitamin-e-cas-58-95-7\\\/#primaryimage\",\"url\":\"https:\\\/\\\/masterchem.fi\\\/wp-content\\\/uploads\\\/2022\\\/07\\\/A-vitamiin-25kg-MasterChem-1.jpg\",\"contentUrl\":\"https:\\\/\\\/masterchem.fi\\\/wp-content\\\/uploads\\\/2022\\\/07\\\/A-vitamiin-25kg-MasterChem-1.jpg\",\"width\":1000,\"height\":1000,\"caption\":\"Vitamin E (CAS 58-95-7) 25kg MasterChem\"},{\"@type\":\"BreadcrumbList\",\"@id\":\"https:\\\/\\\/masterchem.fi\\\/sv\\\/produkt\\\/vitamin-e-cas-58-95-7\\\/#breadcrumb\",\"itemListElement\":[{\"@type\":\"ListItem\",\"position\":1,\"name\":\"Home\",\"item\":\"https:\\\/\\\/masterchem.fi\\\/sv\\\/\"},{\"@type\":\"ListItem\",\"position\":2,\"name\":\"Butik\",\"item\":\"https:\\\/\\\/masterchem.fi\\\/sv\\\/butik\\\/\"},{\"@type\":\"ListItem\",\"position\":3,\"name\":\"Vitamin E (CAS 58-95-7)\"}]},{\"@type\":\"WebSite\",\"@id\":\"https:\\\/\\\/masterchem.fi\\\/sv\\\/#website\",\"url\":\"https:\\\/\\\/masterchem.fi\\\/sv\\\/\",\"name\":\"MasterChem | kemikaalien tuotanto ja myynti\",\"description\":\"kemikaalien tuotanto ja myynti\",\"potentialAction\":[{\"@type\":\"SearchAction\",\"target\":{\"@type\":\"EntryPoint\",\"urlTemplate\":\"https:\\\/\\\/masterchem.fi\\\/sv\\\/?s={search_term_string}\"},\"query-input\":{\"@type\":\"PropertyValueSpecification\",\"valueRequired\":true,\"valueName\":\"search_term_string\"}}],\"inLanguage\":\"sv-SE\"}]}<\/script>\n<!-- \/ Yoast SEO plugin. -->","yoast_head_json":{"title":"Vitamin E (CAS 58-95-7) - MasterChem | kemikaalien tuotanto ja myynti","description":"Vitamin E \u00e4r ben\u00e4mningen p\u00e5 en grupp vitaminer som har samma biologiska funktioner i organismer som \u03b1-tokoferol.","robots":{"index":"index","follow":"follow","max-snippet":"max-snippet:-1","max-image-preview":"max-image-preview:large","max-video-preview":"max-video-preview:-1"},"canonical":"https:\/\/masterchem.fi\/sv\/produkt\/vitamin-e-cas-58-95-7\/","og_locale":"sv_SE","og_type":"article","og_title":"Vitamin E (CAS 58-95-7) - MasterChem | kemikaalien tuotanto ja myynti","og_description":"Vitamin E \u00e4r ben\u00e4mningen p\u00e5 en grupp vitaminer som har samma biologiska funktioner i organismer som \u03b1-tokoferol.","og_url":"https:\/\/masterchem.fi\/sv\/produkt\/vitamin-e-cas-58-95-7\/","og_site_name":"MasterChem | kemikaalien tuotanto ja myynti","article_modified_time":"2022-07-22T13:07:30+00:00","og_image":[{"width":1000,"height":1000,"url":"https:\/\/masterchem.fi\/wp-content\/uploads\/2022\/07\/A-vitamiin-25kg-MasterChem-1.jpg","type":"image\/jpeg"}],"twitter_card":"summary_large_image","schema":{"@context":"https:\/\/schema.org","@graph":[{"@type":"WebPage","@id":"https:\/\/masterchem.fi\/sv\/produkt\/vitamin-e-cas-58-95-7\/","url":"https:\/\/masterchem.fi\/sv\/produkt\/vitamin-e-cas-58-95-7\/","name":"Vitamin E (CAS 58-95-7) - MasterChem | kemikaalien tuotanto ja myynti","isPartOf":{"@id":"https:\/\/masterchem.fi\/sv\/#website"},"primaryImageOfPage":{"@id":"https:\/\/masterchem.fi\/sv\/produkt\/vitamin-e-cas-58-95-7\/#primaryimage"},"image":{"@id":"https:\/\/masterchem.fi\/sv\/produkt\/vitamin-e-cas-58-95-7\/#primaryimage"},"thumbnailUrl":"https:\/\/masterchem.fi\/wp-content\/uploads\/2022\/07\/A-vitamiin-25kg-MasterChem-1.jpg","datePublished":"2022-07-22T13:03:19+00:00","dateModified":"2022-07-22T13:07:30+00:00","description":"Vitamin E \u00e4r ben\u00e4mningen p\u00e5 en grupp vitaminer som har samma biologiska funktioner i organismer som \u03b1-tokoferol.","breadcrumb":{"@id":"https:\/\/masterchem.fi\/sv\/produkt\/vitamin-e-cas-58-95-7\/#breadcrumb"},"inLanguage":"sv-SE","potentialAction":[{"@type":"ReadAction","target":["https:\/\/masterchem.fi\/sv\/produkt\/vitamin-e-cas-58-95-7\/"]}]},{"@type":"ImageObject","inLanguage":"sv-SE","@id":"https:\/\/masterchem.fi\/sv\/produkt\/vitamin-e-cas-58-95-7\/#primaryimage","url":"https:\/\/masterchem.fi\/wp-content\/uploads\/2022\/07\/A-vitamiin-25kg-MasterChem-1.jpg","contentUrl":"https:\/\/masterchem.fi\/wp-content\/uploads\/2022\/07\/A-vitamiin-25kg-MasterChem-1.jpg","width":1000,"height":1000,"caption":"Vitamin E (CAS 58-95-7) 25kg MasterChem"},{"@type":"BreadcrumbList","@id":"https:\/\/masterchem.fi\/sv\/produkt\/vitamin-e-cas-58-95-7\/#breadcrumb","itemListElement":[{"@type":"ListItem","position":1,"name":"Home","item":"https:\/\/masterchem.fi\/sv\/"},{"@type":"ListItem","position":2,"name":"Butik","item":"https:\/\/masterchem.fi\/sv\/butik\/"},{"@type":"ListItem","position":3,"name":"Vitamin E (CAS 58-95-7)"}]},{"@type":"WebSite","@id":"https:\/\/masterchem.fi\/sv\/#website","url":"https:\/\/masterchem.fi\/sv\/","name":"MasterChem | kemikaalien tuotanto ja myynti","description":"kemikaalien tuotanto ja myynti","potentialAction":[{"@type":"SearchAction","target":{"@type":"EntryPoint","urlTemplate":"https:\/\/masterchem.fi\/sv\/?s={search_term_string}"},"query-input":{"@type":"PropertyValueSpecification","valueRequired":true,"valueName":"search_term_string"}}],"inLanguage":"sv-SE"}]}},"_links":{"self":[{"href":"https:\/\/masterchem.fi\/sv\/wp-json\/wp\/v2\/product\/11163","targetHints":{"allow":["GET"]}}],"collection":[{"href":"https:\/\/masterchem.fi\/sv\/wp-json\/wp\/v2\/product"}],"about":[{"href":"https:\/\/masterchem.fi\/sv\/wp-json\/wp\/v2\/types\/product"}],"wp:featuredmedia":[{"embeddable":true,"href":"https:\/\/masterchem.fi\/sv\/wp-json\/wp\/v2\/media\/11166"}],"wp:attachment":[{"href":"https:\/\/masterchem.fi\/sv\/wp-json\/wp\/v2\/media?parent=11163"}],"wp:term":[{"taxonomy":"product_brand","embeddable":true,"href":"https:\/\/masterchem.fi\/sv\/wp-json\/wp\/v2\/product_brand?post=11163"},{"taxonomy":"product_cat","embeddable":true,"href":"https:\/\/masterchem.fi\/sv\/wp-json\/wp\/v2\/product_cat?post=11163"},{"taxonomy":"product_tag","embeddable":true,"href":"https:\/\/masterchem.fi\/sv\/wp-json\/wp\/v2\/product_tag?post=11163"}],"curies":[{"name":"wp","href":"https:\/\/api.w.org\/{rel}","templated":true}]}}