{"id":11170,"date":"2022-07-22T16:10:06","date_gmt":"2022-07-22T13:10:07","guid":{"rendered":"https:\/\/masterchem.fi\/?post_type=product&#038;p=11170"},"modified":"2022-07-22T16:14:03","modified_gmt":"2022-07-22T13:14:03","slug":"litiumkarbonat-cas-554-13-2","status":"publish","type":"product","link":"https:\/\/masterchem.fi\/sv\/produkt\/litiumkarbonat-cas-554-13-2\/","title":{"rendered":"Litiumkarbonat (CAS 554-13-2)"},"content":{"rendered":"<p> <strong> Information<\/strong> <\/p>\n<p>Bransch: Byggkemi<br \/>\nCAS-nummer: 554-13-2<br \/>\nWE-nummer: 209-062-5<br \/>\nKemisk formel: Li2CO3<br \/>\nMolekylvikt: 73,89 g\/mol<br \/>\nTulltaxekod: 28369100<\/p>\n<p><strong>Andra fysiska egenskaper<\/strong><\/p>\n<p>Sm\u00e4lt-\/fryspunkt: 720\u00b0C<br \/>\nRelativ densitet: 2,1 g\/cm3 (20\u00b0C)<br \/>\nL\u00f6slighet i vatten: 8,4 g\/l (20\u00b0C)<\/p>\n","protected":false},"excerpt":{"rendered":"<p><strong>Litiumkarbonat (CAS 554-13-2)<\/strong><\/p>\n<p>Litiumkarbonat \u00e4r en oorganisk f\u00f6rening, litiumsaltet av karbonat, med formeln Li2CO3. Detta vita salt anv\u00e4nds i stor utstr\u00e4ckning vid behandling av metalloxider. Det \u00e4r listat p\u00e5 V\u00e4rldsh\u00e4lsoorganisationens lista \u00f6ver v\u00e4sentliga l\u00e4kemedel eftersom det kan anv\u00e4ndas f\u00f6r att behandla hum\u00f6rst\u00f6rningar som bipol\u00e4r sjukdom.<\/p>\n<p>Litiumkarbonat \u00e4r en viktig industriell kemikalie. Dess huvudsakliga anv\u00e4ndning \u00e4r som en prekursor till f\u00f6reningar som anv\u00e4nds i litiumjonbatterier. Glas gjorda av litiumkarbonat \u00e4r anv\u00e4ndbara f\u00f6r att baka r\u00e4tter. Litiumkarbonat \u00e4r en vanlig ingrediens i keramiska glasyrer med b\u00e5de l\u00e5g och h\u00f6g brand. Det bildar sm\u00e4ltsm\u00e4ltor vid l\u00e5g temperatur med kiseldioxid och andra material. Dess alkaliska egenskaper bidrar till att f\u00f6r\u00e4ndra tillst\u00e5ndet hos metalloxidf\u00e4rg\u00e4mnen, s\u00e4rskilt r\u00f6d j\u00e4rnoxid (Fe2O3), i glasyren. Cement h\u00e4rdar snabbare n\u00e4r det g\u00f6rs med litiumkarbonat och \u00e4r anv\u00e4ndbart i kakellim. N\u00e4r den tills\u00e4tts till aluminiumtrifluorid, bildar den LiF, som ger en utm\u00e4rkt elektrolyt f\u00f6r bearbetning av aluminium.<\/p>\n","protected":false},"featured_media":11173,"template":"","meta":[],"product_brand":[],"product_cat":[112,116],"product_tag":[],"class_list":{"0":"post-11170","1":"product","2":"type-product","3":"status-publish","4":"has-post-thumbnail","6":"product_cat-byggbranschen","7":"product_cat-alla-produkter","9":"first","10":"outofstock","11":"taxable","12":"shipping-taxable","13":"purchasable","14":"product-type-variable","15":"has-default-attributes","16":"rtwpvg-product"},"yoast_head":"<!-- This site is optimized with the Yoast SEO plugin v27.5 - https:\/\/yoast.com\/product\/yoast-seo-wordpress\/ -->\n<title>Litiumkarbonat (CAS 554-13-2) - MasterChem | kemikaalien tuotanto ja myynti<\/title>\n<meta name=\"description\" content=\"Litiumkarbonat \u00e4r en oorganisk f\u00f6rening, litiumsaltet av karbonat, med formeln Li2CO3. Detta vita salt anv\u00e4nds i stor utstr\u00e4ckning vid behandling av metalloxider.\" \/>\n<meta name=\"robots\" content=\"index, follow, max-snippet:-1, max-image-preview:large, max-video-preview:-1\" \/>\n<link rel=\"canonical\" href=\"https:\/\/masterchem.fi\/sv\/produkt\/litiumkarbonat-cas-554-13-2\/\" \/>\n<meta property=\"og:locale\" content=\"sv_SE\" \/>\n<meta property=\"og:type\" content=\"article\" \/>\n<meta property=\"og:title\" content=\"Litiumkarbonat (CAS 554-13-2) - MasterChem | kemikaalien tuotanto ja myynti\" \/>\n<meta property=\"og:description\" content=\"Litiumkarbonat \u00e4r en oorganisk f\u00f6rening, litiumsaltet av karbonat, med formeln Li2CO3. Detta vita salt anv\u00e4nds i stor utstr\u00e4ckning vid behandling av metalloxider.\" \/>\n<meta property=\"og:url\" content=\"https:\/\/masterchem.fi\/sv\/produkt\/litiumkarbonat-cas-554-13-2\/\" \/>\n<meta property=\"og:site_name\" content=\"MasterChem | kemikaalien tuotanto ja myynti\" \/>\n<meta property=\"article:modified_time\" content=\"2022-07-22T13:14:03+00:00\" \/>\n<meta property=\"og:image\" content=\"https:\/\/masterchem.fi\/wp-content\/uploads\/2022\/07\/Liitiumkarbonaat-25kg-MasterChem.jpg\" \/>\n\t<meta property=\"og:image:width\" content=\"1000\" \/>\n\t<meta property=\"og:image:height\" content=\"1000\" \/>\n\t<meta property=\"og:image:type\" content=\"image\/jpeg\" \/>\n<meta name=\"twitter:card\" content=\"summary_large_image\" \/>\n<script type=\"application\/ld+json\" class=\"yoast-schema-graph\">{\"@context\":\"https:\\\/\\\/schema.org\",\"@graph\":[{\"@type\":\"WebPage\",\"@id\":\"https:\\\/\\\/masterchem.fi\\\/sv\\\/produkt\\\/litiumkarbonat-cas-554-13-2\\\/\",\"url\":\"https:\\\/\\\/masterchem.fi\\\/sv\\\/produkt\\\/litiumkarbonat-cas-554-13-2\\\/\",\"name\":\"Litiumkarbonat (CAS 554-13-2) - MasterChem | kemikaalien tuotanto ja myynti\",\"isPartOf\":{\"@id\":\"https:\\\/\\\/masterchem.fi\\\/sv\\\/#website\"},\"primaryImageOfPage\":{\"@id\":\"https:\\\/\\\/masterchem.fi\\\/sv\\\/produkt\\\/litiumkarbonat-cas-554-13-2\\\/#primaryimage\"},\"image\":{\"@id\":\"https:\\\/\\\/masterchem.fi\\\/sv\\\/produkt\\\/litiumkarbonat-cas-554-13-2\\\/#primaryimage\"},\"thumbnailUrl\":\"https:\\\/\\\/masterchem.fi\\\/wp-content\\\/uploads\\\/2022\\\/07\\\/Liitiumkarbonaat-25kg-MasterChem.jpg\",\"datePublished\":\"2022-07-22T13:10:07+00:00\",\"dateModified\":\"2022-07-22T13:14:03+00:00\",\"description\":\"Litiumkarbonat \u00e4r en oorganisk f\u00f6rening, litiumsaltet av karbonat, med formeln Li2CO3. Detta vita salt anv\u00e4nds i stor utstr\u00e4ckning vid behandling av metalloxider.\",\"breadcrumb\":{\"@id\":\"https:\\\/\\\/masterchem.fi\\\/sv\\\/produkt\\\/litiumkarbonat-cas-554-13-2\\\/#breadcrumb\"},\"inLanguage\":\"sv-SE\",\"potentialAction\":[{\"@type\":\"ReadAction\",\"target\":[\"https:\\\/\\\/masterchem.fi\\\/sv\\\/produkt\\\/litiumkarbonat-cas-554-13-2\\\/\"]}]},{\"@type\":\"ImageObject\",\"inLanguage\":\"sv-SE\",\"@id\":\"https:\\\/\\\/masterchem.fi\\\/sv\\\/produkt\\\/litiumkarbonat-cas-554-13-2\\\/#primaryimage\",\"url\":\"https:\\\/\\\/masterchem.fi\\\/wp-content\\\/uploads\\\/2022\\\/07\\\/Liitiumkarbonaat-25kg-MasterChem.jpg\",\"contentUrl\":\"https:\\\/\\\/masterchem.fi\\\/wp-content\\\/uploads\\\/2022\\\/07\\\/Liitiumkarbonaat-25kg-MasterChem.jpg\",\"width\":1000,\"height\":1000,\"caption\":\"Litiumkarbonat (CAS 554-13-2) 25kg MasterChem\"},{\"@type\":\"BreadcrumbList\",\"@id\":\"https:\\\/\\\/masterchem.fi\\\/sv\\\/produkt\\\/litiumkarbonat-cas-554-13-2\\\/#breadcrumb\",\"itemListElement\":[{\"@type\":\"ListItem\",\"position\":1,\"name\":\"Home\",\"item\":\"https:\\\/\\\/masterchem.fi\\\/sv\\\/\"},{\"@type\":\"ListItem\",\"position\":2,\"name\":\"Butik\",\"item\":\"https:\\\/\\\/masterchem.fi\\\/sv\\\/butik\\\/\"},{\"@type\":\"ListItem\",\"position\":3,\"name\":\"Litiumkarbonat (CAS 554-13-2)\"}]},{\"@type\":\"WebSite\",\"@id\":\"https:\\\/\\\/masterchem.fi\\\/sv\\\/#website\",\"url\":\"https:\\\/\\\/masterchem.fi\\\/sv\\\/\",\"name\":\"MasterChem | kemikaalien tuotanto ja myynti\",\"description\":\"kemikaalien tuotanto ja myynti\",\"potentialAction\":[{\"@type\":\"SearchAction\",\"target\":{\"@type\":\"EntryPoint\",\"urlTemplate\":\"https:\\\/\\\/masterchem.fi\\\/sv\\\/?s={search_term_string}\"},\"query-input\":{\"@type\":\"PropertyValueSpecification\",\"valueRequired\":true,\"valueName\":\"search_term_string\"}}],\"inLanguage\":\"sv-SE\"}]}<\/script>\n<!-- \/ Yoast SEO plugin. -->","yoast_head_json":{"title":"Litiumkarbonat (CAS 554-13-2) - MasterChem | kemikaalien tuotanto ja myynti","description":"Litiumkarbonat \u00e4r en oorganisk f\u00f6rening, litiumsaltet av karbonat, med formeln Li2CO3. Detta vita salt anv\u00e4nds i stor utstr\u00e4ckning vid behandling av metalloxider.","robots":{"index":"index","follow":"follow","max-snippet":"max-snippet:-1","max-image-preview":"max-image-preview:large","max-video-preview":"max-video-preview:-1"},"canonical":"https:\/\/masterchem.fi\/sv\/produkt\/litiumkarbonat-cas-554-13-2\/","og_locale":"sv_SE","og_type":"article","og_title":"Litiumkarbonat (CAS 554-13-2) - MasterChem | kemikaalien tuotanto ja myynti","og_description":"Litiumkarbonat \u00e4r en oorganisk f\u00f6rening, litiumsaltet av karbonat, med formeln Li2CO3. Detta vita salt anv\u00e4nds i stor utstr\u00e4ckning vid behandling av metalloxider.","og_url":"https:\/\/masterchem.fi\/sv\/produkt\/litiumkarbonat-cas-554-13-2\/","og_site_name":"MasterChem | kemikaalien tuotanto ja myynti","article_modified_time":"2022-07-22T13:14:03+00:00","og_image":[{"width":1000,"height":1000,"url":"https:\/\/masterchem.fi\/wp-content\/uploads\/2022\/07\/Liitiumkarbonaat-25kg-MasterChem.jpg","type":"image\/jpeg"}],"twitter_card":"summary_large_image","schema":{"@context":"https:\/\/schema.org","@graph":[{"@type":"WebPage","@id":"https:\/\/masterchem.fi\/sv\/produkt\/litiumkarbonat-cas-554-13-2\/","url":"https:\/\/masterchem.fi\/sv\/produkt\/litiumkarbonat-cas-554-13-2\/","name":"Litiumkarbonat (CAS 554-13-2) - MasterChem | kemikaalien tuotanto ja myynti","isPartOf":{"@id":"https:\/\/masterchem.fi\/sv\/#website"},"primaryImageOfPage":{"@id":"https:\/\/masterchem.fi\/sv\/produkt\/litiumkarbonat-cas-554-13-2\/#primaryimage"},"image":{"@id":"https:\/\/masterchem.fi\/sv\/produkt\/litiumkarbonat-cas-554-13-2\/#primaryimage"},"thumbnailUrl":"https:\/\/masterchem.fi\/wp-content\/uploads\/2022\/07\/Liitiumkarbonaat-25kg-MasterChem.jpg","datePublished":"2022-07-22T13:10:07+00:00","dateModified":"2022-07-22T13:14:03+00:00","description":"Litiumkarbonat \u00e4r en oorganisk f\u00f6rening, litiumsaltet av karbonat, med formeln Li2CO3. Detta vita salt anv\u00e4nds i stor utstr\u00e4ckning vid behandling av metalloxider.","breadcrumb":{"@id":"https:\/\/masterchem.fi\/sv\/produkt\/litiumkarbonat-cas-554-13-2\/#breadcrumb"},"inLanguage":"sv-SE","potentialAction":[{"@type":"ReadAction","target":["https:\/\/masterchem.fi\/sv\/produkt\/litiumkarbonat-cas-554-13-2\/"]}]},{"@type":"ImageObject","inLanguage":"sv-SE","@id":"https:\/\/masterchem.fi\/sv\/produkt\/litiumkarbonat-cas-554-13-2\/#primaryimage","url":"https:\/\/masterchem.fi\/wp-content\/uploads\/2022\/07\/Liitiumkarbonaat-25kg-MasterChem.jpg","contentUrl":"https:\/\/masterchem.fi\/wp-content\/uploads\/2022\/07\/Liitiumkarbonaat-25kg-MasterChem.jpg","width":1000,"height":1000,"caption":"Litiumkarbonat (CAS 554-13-2) 25kg MasterChem"},{"@type":"BreadcrumbList","@id":"https:\/\/masterchem.fi\/sv\/produkt\/litiumkarbonat-cas-554-13-2\/#breadcrumb","itemListElement":[{"@type":"ListItem","position":1,"name":"Home","item":"https:\/\/masterchem.fi\/sv\/"},{"@type":"ListItem","position":2,"name":"Butik","item":"https:\/\/masterchem.fi\/sv\/butik\/"},{"@type":"ListItem","position":3,"name":"Litiumkarbonat (CAS 554-13-2)"}]},{"@type":"WebSite","@id":"https:\/\/masterchem.fi\/sv\/#website","url":"https:\/\/masterchem.fi\/sv\/","name":"MasterChem | kemikaalien tuotanto ja myynti","description":"kemikaalien tuotanto ja myynti","potentialAction":[{"@type":"SearchAction","target":{"@type":"EntryPoint","urlTemplate":"https:\/\/masterchem.fi\/sv\/?s={search_term_string}"},"query-input":{"@type":"PropertyValueSpecification","valueRequired":true,"valueName":"search_term_string"}}],"inLanguage":"sv-SE"}]}},"_links":{"self":[{"href":"https:\/\/masterchem.fi\/sv\/wp-json\/wp\/v2\/product\/11170","targetHints":{"allow":["GET"]}}],"collection":[{"href":"https:\/\/masterchem.fi\/sv\/wp-json\/wp\/v2\/product"}],"about":[{"href":"https:\/\/masterchem.fi\/sv\/wp-json\/wp\/v2\/types\/product"}],"wp:featuredmedia":[{"embeddable":true,"href":"https:\/\/masterchem.fi\/sv\/wp-json\/wp\/v2\/media\/11173"}],"wp:attachment":[{"href":"https:\/\/masterchem.fi\/sv\/wp-json\/wp\/v2\/media?parent=11170"}],"wp:term":[{"taxonomy":"product_brand","embeddable":true,"href":"https:\/\/masterchem.fi\/sv\/wp-json\/wp\/v2\/product_brand?post=11170"},{"taxonomy":"product_cat","embeddable":true,"href":"https:\/\/masterchem.fi\/sv\/wp-json\/wp\/v2\/product_cat?post=11170"},{"taxonomy":"product_tag","embeddable":true,"href":"https:\/\/masterchem.fi\/sv\/wp-json\/wp\/v2\/product_tag?post=11170"}],"curies":[{"name":"wp","href":"https:\/\/api.w.org\/{rel}","templated":true}]}}