{"id":11178,"date":"2022-07-22T16:17:04","date_gmt":"2022-07-22T13:17:04","guid":{"rendered":"https:\/\/masterchem.fi\/?post_type=product&#038;p=11178"},"modified":"2022-07-22T16:21:37","modified_gmt":"2022-07-22T13:21:37","slug":"tolyltriazol-cas-29385-43-1","status":"publish","type":"product","link":"https:\/\/masterchem.fi\/sv\/produkt\/tolyltriazol-cas-29385-43-1\/","title":{"rendered":"Tolyltriazol (CAS 29385-43-1)"},"content":{"rendered":"<p> <strong> Information<\/strong> <\/p>\n<p>Bransch: Byggkemi<br \/>\nCAS-nummer: 29385-43-1<br \/>\nWE-nummer: 249-596-6<br \/>\nKemisk formel: C7H7N3<br \/>\nMolekylvikt: 133,15 g\/mol<br \/>\nTulltaxekod: 29339980<\/p>\n<p><strong>Andra fysiska egenskaper<\/strong><\/p>\n<p>pH: okej. 7 (1 g\/l)<br \/>\nRelativ densitet: ok. 1,13 g\/cm3<br \/>\nL\u00f6slighet i vatten: 5 g\/l<\/p>\n","protected":false},"excerpt":{"rendered":"<p><strong>Tolyltriazol (CAS 29385-43-1)<\/strong><\/p>\n<p>Krossa ljusbruna granulat eller beige pellets med en karakteristisk lukt. M\u00f6jlig m\u00e4rkt ureag\u00f6dselnitrifikationsh\u00e4mmare i jordbruksjordar.<\/p>\n","protected":false},"featured_media":11181,"template":"","meta":[],"product_brand":[],"product_cat":[112,116],"product_tag":[],"class_list":{"0":"post-11178","1":"product","2":"type-product","3":"status-publish","4":"has-post-thumbnail","6":"product_cat-byggbranschen","7":"product_cat-alla-produkter","9":"first","10":"outofstock","11":"taxable","12":"shipping-taxable","13":"purchasable","14":"product-type-variable","15":"has-default-attributes","16":"rtwpvg-product"},"yoast_head":"<!-- This site is optimized with the Yoast SEO plugin v27.2 - https:\/\/yoast.com\/product\/yoast-seo-wordpress\/ -->\n<title>Tolyltriazol (CAS 29385-43-1) - MasterChem | kemikaalien tuotanto ja myynti<\/title>\n<meta name=\"description\" content=\"M\u00f6rkbruna till ljusbruna granulat eller beige pellets med en karakteristisk lukt.\" \/>\n<meta name=\"robots\" content=\"index, follow, max-snippet:-1, max-image-preview:large, max-video-preview:-1\" \/>\n<link rel=\"canonical\" href=\"https:\/\/masterchem.fi\/sv\/produkt\/tolyltriazol-cas-29385-43-1\/\" \/>\n<meta property=\"og:locale\" content=\"sv_SE\" \/>\n<meta property=\"og:type\" content=\"article\" \/>\n<meta property=\"og:title\" content=\"Tolyltriazol (CAS 29385-43-1) - MasterChem | kemikaalien tuotanto ja myynti\" \/>\n<meta property=\"og:description\" content=\"M\u00f6rkbruna till ljusbruna granulat eller beige pellets med en karakteristisk lukt.\" \/>\n<meta property=\"og:url\" content=\"https:\/\/masterchem.fi\/sv\/produkt\/tolyltriazol-cas-29385-43-1\/\" \/>\n<meta property=\"og:site_name\" content=\"MasterChem | kemikaalien tuotanto ja myynti\" \/>\n<meta property=\"article:modified_time\" content=\"2022-07-22T13:21:37+00:00\" \/>\n<meta property=\"og:image\" content=\"https:\/\/masterchem.fi\/wp-content\/uploads\/2022\/07\/Toluultriasool-25kg-MasterChem.jpg\" \/>\n\t<meta property=\"og:image:width\" content=\"1000\" \/>\n\t<meta property=\"og:image:height\" content=\"1000\" \/>\n\t<meta property=\"og:image:type\" content=\"image\/jpeg\" \/>\n<meta name=\"twitter:card\" content=\"summary_large_image\" \/>\n<script type=\"application\/ld+json\" class=\"yoast-schema-graph\">{\"@context\":\"https:\/\/schema.org\",\"@graph\":[{\"@type\":\"WebPage\",\"@id\":\"https:\/\/masterchem.fi\/sv\/produkt\/tolyltriazol-cas-29385-43-1\/\",\"url\":\"https:\/\/masterchem.fi\/sv\/produkt\/tolyltriazol-cas-29385-43-1\/\",\"name\":\"Tolyltriazol (CAS 29385-43-1) - MasterChem | kemikaalien tuotanto ja myynti\",\"isPartOf\":{\"@id\":\"https:\/\/masterchem.fi\/sv\/#website\"},\"primaryImageOfPage\":{\"@id\":\"https:\/\/masterchem.fi\/sv\/produkt\/tolyltriazol-cas-29385-43-1\/#primaryimage\"},\"image\":{\"@id\":\"https:\/\/masterchem.fi\/sv\/produkt\/tolyltriazol-cas-29385-43-1\/#primaryimage\"},\"thumbnailUrl\":\"https:\/\/masterchem.fi\/wp-content\/uploads\/2022\/07\/Toluultriasool-25kg-MasterChem.jpg\",\"datePublished\":\"2022-07-22T13:17:04+00:00\",\"dateModified\":\"2022-07-22T13:21:37+00:00\",\"description\":\"M\u00f6rkbruna till ljusbruna granulat eller beige pellets med en karakteristisk lukt.\",\"breadcrumb\":{\"@id\":\"https:\/\/masterchem.fi\/sv\/produkt\/tolyltriazol-cas-29385-43-1\/#breadcrumb\"},\"inLanguage\":\"sv-SE\",\"potentialAction\":[{\"@type\":\"ReadAction\",\"target\":[\"https:\/\/masterchem.fi\/sv\/produkt\/tolyltriazol-cas-29385-43-1\/\"]}]},{\"@type\":\"ImageObject\",\"inLanguage\":\"sv-SE\",\"@id\":\"https:\/\/masterchem.fi\/sv\/produkt\/tolyltriazol-cas-29385-43-1\/#primaryimage\",\"url\":\"https:\/\/masterchem.fi\/wp-content\/uploads\/2022\/07\/Toluultriasool-25kg-MasterChem.jpg\",\"contentUrl\":\"https:\/\/masterchem.fi\/wp-content\/uploads\/2022\/07\/Toluultriasool-25kg-MasterChem.jpg\",\"width\":1000,\"height\":1000,\"caption\":\"Tolyltriazol (CAS 29385-43-1) 25kg MasterChem\"},{\"@type\":\"BreadcrumbList\",\"@id\":\"https:\/\/masterchem.fi\/sv\/produkt\/tolyltriazol-cas-29385-43-1\/#breadcrumb\",\"itemListElement\":[{\"@type\":\"ListItem\",\"position\":1,\"name\":\"Home\",\"item\":\"https:\/\/masterchem.fi\/sv\/\"},{\"@type\":\"ListItem\",\"position\":2,\"name\":\"Butik\",\"item\":\"https:\/\/masterchem.fi\/sv\/butik\/\"},{\"@type\":\"ListItem\",\"position\":3,\"name\":\"Tolyltriazol (CAS 29385-43-1)\"}]},{\"@type\":\"WebSite\",\"@id\":\"https:\/\/masterchem.fi\/sv\/#website\",\"url\":\"https:\/\/masterchem.fi\/sv\/\",\"name\":\"MasterChem | kemikaalien tuotanto ja myynti\",\"description\":\"kemikaalien tuotanto ja myynti\",\"potentialAction\":[{\"@type\":\"SearchAction\",\"target\":{\"@type\":\"EntryPoint\",\"urlTemplate\":\"https:\/\/masterchem.fi\/sv\/?s={search_term_string}\"},\"query-input\":{\"@type\":\"PropertyValueSpecification\",\"valueRequired\":true,\"valueName\":\"search_term_string\"}}],\"inLanguage\":\"sv-SE\"}]}<\/script>\n<!-- \/ Yoast SEO plugin. -->","yoast_head_json":{"title":"Tolyltriazol (CAS 29385-43-1) - MasterChem | kemikaalien tuotanto ja myynti","description":"M\u00f6rkbruna till ljusbruna granulat eller beige pellets med en karakteristisk lukt.","robots":{"index":"index","follow":"follow","max-snippet":"max-snippet:-1","max-image-preview":"max-image-preview:large","max-video-preview":"max-video-preview:-1"},"canonical":"https:\/\/masterchem.fi\/sv\/produkt\/tolyltriazol-cas-29385-43-1\/","og_locale":"sv_SE","og_type":"article","og_title":"Tolyltriazol (CAS 29385-43-1) - MasterChem | kemikaalien tuotanto ja myynti","og_description":"M\u00f6rkbruna till ljusbruna granulat eller beige pellets med en karakteristisk lukt.","og_url":"https:\/\/masterchem.fi\/sv\/produkt\/tolyltriazol-cas-29385-43-1\/","og_site_name":"MasterChem | kemikaalien tuotanto ja myynti","article_modified_time":"2022-07-22T13:21:37+00:00","og_image":[{"width":1000,"height":1000,"url":"https:\/\/masterchem.fi\/wp-content\/uploads\/2022\/07\/Toluultriasool-25kg-MasterChem.jpg","type":"image\/jpeg"}],"twitter_card":"summary_large_image","schema":{"@context":"https:\/\/schema.org","@graph":[{"@type":"WebPage","@id":"https:\/\/masterchem.fi\/sv\/produkt\/tolyltriazol-cas-29385-43-1\/","url":"https:\/\/masterchem.fi\/sv\/produkt\/tolyltriazol-cas-29385-43-1\/","name":"Tolyltriazol (CAS 29385-43-1) - MasterChem | kemikaalien tuotanto ja myynti","isPartOf":{"@id":"https:\/\/masterchem.fi\/sv\/#website"},"primaryImageOfPage":{"@id":"https:\/\/masterchem.fi\/sv\/produkt\/tolyltriazol-cas-29385-43-1\/#primaryimage"},"image":{"@id":"https:\/\/masterchem.fi\/sv\/produkt\/tolyltriazol-cas-29385-43-1\/#primaryimage"},"thumbnailUrl":"https:\/\/masterchem.fi\/wp-content\/uploads\/2022\/07\/Toluultriasool-25kg-MasterChem.jpg","datePublished":"2022-07-22T13:17:04+00:00","dateModified":"2022-07-22T13:21:37+00:00","description":"M\u00f6rkbruna till ljusbruna granulat eller beige pellets med en karakteristisk lukt.","breadcrumb":{"@id":"https:\/\/masterchem.fi\/sv\/produkt\/tolyltriazol-cas-29385-43-1\/#breadcrumb"},"inLanguage":"sv-SE","potentialAction":[{"@type":"ReadAction","target":["https:\/\/masterchem.fi\/sv\/produkt\/tolyltriazol-cas-29385-43-1\/"]}]},{"@type":"ImageObject","inLanguage":"sv-SE","@id":"https:\/\/masterchem.fi\/sv\/produkt\/tolyltriazol-cas-29385-43-1\/#primaryimage","url":"https:\/\/masterchem.fi\/wp-content\/uploads\/2022\/07\/Toluultriasool-25kg-MasterChem.jpg","contentUrl":"https:\/\/masterchem.fi\/wp-content\/uploads\/2022\/07\/Toluultriasool-25kg-MasterChem.jpg","width":1000,"height":1000,"caption":"Tolyltriazol (CAS 29385-43-1) 25kg MasterChem"},{"@type":"BreadcrumbList","@id":"https:\/\/masterchem.fi\/sv\/produkt\/tolyltriazol-cas-29385-43-1\/#breadcrumb","itemListElement":[{"@type":"ListItem","position":1,"name":"Home","item":"https:\/\/masterchem.fi\/sv\/"},{"@type":"ListItem","position":2,"name":"Butik","item":"https:\/\/masterchem.fi\/sv\/butik\/"},{"@type":"ListItem","position":3,"name":"Tolyltriazol (CAS 29385-43-1)"}]},{"@type":"WebSite","@id":"https:\/\/masterchem.fi\/sv\/#website","url":"https:\/\/masterchem.fi\/sv\/","name":"MasterChem | kemikaalien tuotanto ja myynti","description":"kemikaalien tuotanto ja myynti","potentialAction":[{"@type":"SearchAction","target":{"@type":"EntryPoint","urlTemplate":"https:\/\/masterchem.fi\/sv\/?s={search_term_string}"},"query-input":{"@type":"PropertyValueSpecification","valueRequired":true,"valueName":"search_term_string"}}],"inLanguage":"sv-SE"}]}},"_links":{"self":[{"href":"https:\/\/masterchem.fi\/sv\/wp-json\/wp\/v2\/product\/11178","targetHints":{"allow":["GET"]}}],"collection":[{"href":"https:\/\/masterchem.fi\/sv\/wp-json\/wp\/v2\/product"}],"about":[{"href":"https:\/\/masterchem.fi\/sv\/wp-json\/wp\/v2\/types\/product"}],"wp:featuredmedia":[{"embeddable":true,"href":"https:\/\/masterchem.fi\/sv\/wp-json\/wp\/v2\/media\/11181"}],"wp:attachment":[{"href":"https:\/\/masterchem.fi\/sv\/wp-json\/wp\/v2\/media?parent=11178"}],"wp:term":[{"taxonomy":"product_brand","embeddable":true,"href":"https:\/\/masterchem.fi\/sv\/wp-json\/wp\/v2\/product_brand?post=11178"},{"taxonomy":"product_cat","embeddable":true,"href":"https:\/\/masterchem.fi\/sv\/wp-json\/wp\/v2\/product_cat?post=11178"},{"taxonomy":"product_tag","embeddable":true,"href":"https:\/\/masterchem.fi\/sv\/wp-json\/wp\/v2\/product_tag?post=11178"}],"curies":[{"name":"wp","href":"https:\/\/api.w.org\/{rel}","templated":true}]}}