{"id":11192,"date":"2022-07-22T16:25:03","date_gmt":"2022-07-22T13:25:06","guid":{"rendered":"https:\/\/masterchem.fi\/?post_type=product&#038;p=11192"},"modified":"2024-11-20T21:40:41","modified_gmt":"2024-11-20T18:40:41","slug":"vateperoxid-50-cas-7722-84-1","status":"publish","type":"product","link":"https:\/\/masterchem.fi\/sv\/produkt\/vateperoxid-50-cas-7722-84-1\/","title":{"rendered":"V\u00e4teperoxid 50 % (CAS 7722-84-1)"},"content":{"rendered":"<p> <strong> Fysiska egenskaper <\/strong> <br \/>\n<strong> v\u00e4tska <\/strong> <br \/>\nMolmassa 34,01 g\/mol <br \/>\nDensitet 1,4 g\/cm3 <br \/>\nSm\u00e4ltpunkt -0,432 \u0421 <br \/>\nKokpunkt 150,2 C <\/p>\n<p> <strong> Lagring <\/strong> <br \/>\nVid arbete med v\u00e4teperoxid ska s\u00e4kerhets\u00e5tg\u00e4rder f\u00f6ljas, kom ih\u00e5g att anv\u00e4nda skyddsutrustning &#8211; en mask, gummihandskar och skyddsglas\u00f6gon. Det \u00e4r v\u00e4rt att komma ih\u00e5g att v\u00e4teperoxid \u00e4r en brandrisk och ett starkt oxidationsmedel. V\u00e4teperoxid 50% b\u00f6r f\u00f6rvaras i ett slutet lager, isolerat fr\u00e5n fukt och solljus. <\/p>\n","protected":false},"excerpt":{"rendered":"<p> CAS-nummer 7722-84-1 <\/p>\n<p> <strong> V\u00e4teperoxid 50 % <\/strong> <br \/>\n&#8211; f\u00e4rgl\u00f6s v\u00e4tska med metallsmak, l\u00e4ttl\u00f6slig i vatten, alkohol och eter <\/p>\n<p><\/\/Ans\u00f6kan<\/ <\/strong> <\/p>\n<p> -V\u00e4teperoxid blir ett utm\u00e4rkt \u00e4mne f\u00f6r att desinficera vatten i simbass\u00e4nger, f\u00f6r att bek\u00e4mpa alger och vattenblomning <br \/>\n&#8211; anv\u00e4nds som ett effektivt blekmedel f\u00f6r bomull, ull, textilier, p\u00e4ls, papper, konstgjorda och syntetiska fibrer inom textil, massa och papper och l\u00e4tt industri<br \/>\n&#8211; Kan s\u00f6nderfalla spontant till vatten och syre, blandas med vatten i valfritt f\u00f6rh\u00e5llande. &#8211; egenskaper som antiseptisk, hemostatisk och desinfektionsmedel m\u00f6jligg\u00f6r dess anv\u00e4ndning inom kosmetika, elektronik, livsmedel, medicin, l\u00e4kemedel och andra industrier. Inom medicinen anv\u00e4nds de fr\u00e4mst f\u00f6r att l\u00e4ka s\u00e5r och repor. &#8211; livsmedelsindustrin anv\u00e4nds f\u00f6r att desinficera utrustning. <\/p>\n<p><a class=\"download-doc-button-danger\" href=\"https:\/\/masterchem.ee\/wp-content\/uploads\/2024\/11\/Nouded-kliendiandmetele-lohkeainete-ostmisel-ee.docx\"><img decoding=\"async\" src=\"https:\/\/masterchem.ee\/wp-content\/uploads\/2024\/11\/doc-icon.png\">N\u00f5uded kliendiandmetele l\u00f5hkeainete ostmisel (doc)<\/a><\/p>\n<p><label class=\"buy-buttton-guard-label\"><input type=\"checkbox\" class=\"buy-buttton-guard\" data-default=\"L\u00e4gg till i varukorg\" data-notificaion=\"Det \u00e4r n\u00f6dv\u00e4ndigt att fylla i formul\u00e4ret\"> &#8211; Jag fyllde i och skickade formul\u00e4ret till <\/label> <a href=\"mailto:info@masterchem.fi\">info@masterchem.fi<\/a><\/p>\n","protected":false},"featured_media":16370,"template":"","meta":[],"product_brand":[],"product_cat":[114,171,115,173,177,182],"product_tag":[150,152],"class_list":{"0":"post-11192","1":"product","2":"type-product","3":"status-publish","4":"has-post-thumbnail","6":"product_cat-typografiska-kemikalier","7":"product_cat-livsmedelsindustrin","8":"product_cat-industriella-kemikalier","9":"product_cat-godselmedel","10":"product_cat-kosmetikindustrin","11":"product_cat-hortikultur","12":"product_tag-kotitalouskemikaalit-sv","13":"product_tag-lasikuitu-sv","15":"first","16":"instock","17":"featured","18":"taxable","19":"shipping-taxable","20":"purchasable","21":"product-type-variable","22":"has-default-attributes","23":"rtwpvg-product"},"yoast_head":"<!-- This site is optimized with the Yoast SEO plugin v27.5 - https:\/\/yoast.com\/product\/yoast-seo-wordpress\/ -->\n<title>V\u00e4teperoxid 50 % (CAS 7722-84-1) - MasterChem | kemikaalien tuotanto ja myynti<\/title>\n<meta name=\"description\" content=\"V\u00e4teperoxid 50% - f\u00e4rgl\u00f6s v\u00e4tska med metallsmak, l\u00f6ser sig l\u00e4tt i vatten, alkohol och eter. CAS 7722-84-1\" \/>\n<meta name=\"robots\" content=\"index, follow, max-snippet:-1, max-image-preview:large, max-video-preview:-1\" \/>\n<link rel=\"canonical\" href=\"https:\/\/masterchem.fi\/sv\/produkt\/vateperoxid-50-cas-7722-84-1\/\" \/>\n<meta property=\"og:locale\" content=\"sv_SE\" \/>\n<meta property=\"og:type\" content=\"article\" \/>\n<meta property=\"og:title\" content=\"V\u00e4teperoxid 50 % (CAS 7722-84-1) - MasterChem | kemikaalien tuotanto ja myynti\" \/>\n<meta property=\"og:description\" content=\"V\u00e4teperoxid 50% - f\u00e4rgl\u00f6s v\u00e4tska med metallsmak, l\u00f6ser sig l\u00e4tt i vatten, alkohol och eter. CAS 7722-84-1\" \/>\n<meta property=\"og:url\" content=\"https:\/\/masterchem.fi\/sv\/produkt\/vateperoxid-50-cas-7722-84-1\/\" \/>\n<meta property=\"og:site_name\" content=\"MasterChem | kemikaalien tuotanto ja myynti\" \/>\n<meta property=\"article:modified_time\" content=\"2024-11-20T18:40:41+00:00\" \/>\n<meta property=\"og:image\" content=\"https:\/\/masterchem.fi\/wp-content\/uploads\/2022\/07\/Vesinikperoksiid-50-1000l-MasterChem.jpg\" \/>\n\t<meta property=\"og:image:width\" content=\"1000\" \/>\n\t<meta property=\"og:image:height\" content=\"1000\" \/>\n\t<meta property=\"og:image:type\" content=\"image\/jpeg\" \/>\n<meta name=\"twitter:card\" content=\"summary_large_image\" \/>\n<script type=\"application\/ld+json\" class=\"yoast-schema-graph\">{\"@context\":\"https:\\\/\\\/schema.org\",\"@graph\":[{\"@type\":\"WebPage\",\"@id\":\"https:\\\/\\\/masterchem.fi\\\/sv\\\/produkt\\\/vateperoxid-50-cas-7722-84-1\\\/\",\"url\":\"https:\\\/\\\/masterchem.fi\\\/sv\\\/produkt\\\/vateperoxid-50-cas-7722-84-1\\\/\",\"name\":\"V\u00e4teperoxid 50 % (CAS 7722-84-1) - MasterChem | kemikaalien tuotanto ja myynti\",\"isPartOf\":{\"@id\":\"https:\\\/\\\/masterchem.fi\\\/sv\\\/#website\"},\"primaryImageOfPage\":{\"@id\":\"https:\\\/\\\/masterchem.fi\\\/sv\\\/produkt\\\/vateperoxid-50-cas-7722-84-1\\\/#primaryimage\"},\"image\":{\"@id\":\"https:\\\/\\\/masterchem.fi\\\/sv\\\/produkt\\\/vateperoxid-50-cas-7722-84-1\\\/#primaryimage\"},\"thumbnailUrl\":\"https:\\\/\\\/masterchem.fi\\\/wp-content\\\/uploads\\\/2022\\\/07\\\/Vesinikperoksiid-50-1000l-MasterChem.jpg\",\"datePublished\":\"2022-07-22T13:25:06+00:00\",\"dateModified\":\"2024-11-20T18:40:41+00:00\",\"description\":\"V\u00e4teperoxid 50% - f\u00e4rgl\u00f6s v\u00e4tska med metallsmak, l\u00f6ser sig l\u00e4tt i vatten, alkohol och eter. CAS 7722-84-1\",\"breadcrumb\":{\"@id\":\"https:\\\/\\\/masterchem.fi\\\/sv\\\/produkt\\\/vateperoxid-50-cas-7722-84-1\\\/#breadcrumb\"},\"inLanguage\":\"sv-SE\",\"potentialAction\":[{\"@type\":\"ReadAction\",\"target\":[\"https:\\\/\\\/masterchem.fi\\\/sv\\\/produkt\\\/vateperoxid-50-cas-7722-84-1\\\/\"]}]},{\"@type\":\"ImageObject\",\"inLanguage\":\"sv-SE\",\"@id\":\"https:\\\/\\\/masterchem.fi\\\/sv\\\/produkt\\\/vateperoxid-50-cas-7722-84-1\\\/#primaryimage\",\"url\":\"https:\\\/\\\/masterchem.fi\\\/wp-content\\\/uploads\\\/2022\\\/07\\\/Vesinikperoksiid-50-1000l-MasterChem.jpg\",\"contentUrl\":\"https:\\\/\\\/masterchem.fi\\\/wp-content\\\/uploads\\\/2022\\\/07\\\/Vesinikperoksiid-50-1000l-MasterChem.jpg\",\"width\":1000,\"height\":1000,\"caption\":\"Vetyperoksidi 50% (CAS 7722-84-1)\"},{\"@type\":\"BreadcrumbList\",\"@id\":\"https:\\\/\\\/masterchem.fi\\\/sv\\\/produkt\\\/vateperoxid-50-cas-7722-84-1\\\/#breadcrumb\",\"itemListElement\":[{\"@type\":\"ListItem\",\"position\":1,\"name\":\"Home\",\"item\":\"https:\\\/\\\/masterchem.fi\\\/sv\\\/\"},{\"@type\":\"ListItem\",\"position\":2,\"name\":\"Butik\",\"item\":\"https:\\\/\\\/masterchem.fi\\\/sv\\\/butik\\\/\"},{\"@type\":\"ListItem\",\"position\":3,\"name\":\"V\u00e4teperoxid 50 % (CAS 7722-84-1)\"}]},{\"@type\":\"WebSite\",\"@id\":\"https:\\\/\\\/masterchem.fi\\\/sv\\\/#website\",\"url\":\"https:\\\/\\\/masterchem.fi\\\/sv\\\/\",\"name\":\"MasterChem | kemikaalien tuotanto ja myynti\",\"description\":\"kemikaalien tuotanto ja myynti\",\"potentialAction\":[{\"@type\":\"SearchAction\",\"target\":{\"@type\":\"EntryPoint\",\"urlTemplate\":\"https:\\\/\\\/masterchem.fi\\\/sv\\\/?s={search_term_string}\"},\"query-input\":{\"@type\":\"PropertyValueSpecification\",\"valueRequired\":true,\"valueName\":\"search_term_string\"}}],\"inLanguage\":\"sv-SE\"}]}<\/script>\n<!-- \/ Yoast SEO plugin. -->","yoast_head_json":{"title":"V\u00e4teperoxid 50 % (CAS 7722-84-1) - MasterChem | kemikaalien tuotanto ja myynti","description":"V\u00e4teperoxid 50% - f\u00e4rgl\u00f6s v\u00e4tska med metallsmak, l\u00f6ser sig l\u00e4tt i vatten, alkohol och eter. CAS 7722-84-1","robots":{"index":"index","follow":"follow","max-snippet":"max-snippet:-1","max-image-preview":"max-image-preview:large","max-video-preview":"max-video-preview:-1"},"canonical":"https:\/\/masterchem.fi\/sv\/produkt\/vateperoxid-50-cas-7722-84-1\/","og_locale":"sv_SE","og_type":"article","og_title":"V\u00e4teperoxid 50 % (CAS 7722-84-1) - MasterChem | kemikaalien tuotanto ja myynti","og_description":"V\u00e4teperoxid 50% - f\u00e4rgl\u00f6s v\u00e4tska med metallsmak, l\u00f6ser sig l\u00e4tt i vatten, alkohol och eter. CAS 7722-84-1","og_url":"https:\/\/masterchem.fi\/sv\/produkt\/vateperoxid-50-cas-7722-84-1\/","og_site_name":"MasterChem | kemikaalien tuotanto ja myynti","article_modified_time":"2024-11-20T18:40:41+00:00","og_image":[{"width":1000,"height":1000,"url":"https:\/\/masterchem.fi\/wp-content\/uploads\/2022\/07\/Vesinikperoksiid-50-1000l-MasterChem.jpg","type":"image\/jpeg"}],"twitter_card":"summary_large_image","schema":{"@context":"https:\/\/schema.org","@graph":[{"@type":"WebPage","@id":"https:\/\/masterchem.fi\/sv\/produkt\/vateperoxid-50-cas-7722-84-1\/","url":"https:\/\/masterchem.fi\/sv\/produkt\/vateperoxid-50-cas-7722-84-1\/","name":"V\u00e4teperoxid 50 % (CAS 7722-84-1) - MasterChem | kemikaalien tuotanto ja myynti","isPartOf":{"@id":"https:\/\/masterchem.fi\/sv\/#website"},"primaryImageOfPage":{"@id":"https:\/\/masterchem.fi\/sv\/produkt\/vateperoxid-50-cas-7722-84-1\/#primaryimage"},"image":{"@id":"https:\/\/masterchem.fi\/sv\/produkt\/vateperoxid-50-cas-7722-84-1\/#primaryimage"},"thumbnailUrl":"https:\/\/masterchem.fi\/wp-content\/uploads\/2022\/07\/Vesinikperoksiid-50-1000l-MasterChem.jpg","datePublished":"2022-07-22T13:25:06+00:00","dateModified":"2024-11-20T18:40:41+00:00","description":"V\u00e4teperoxid 50% - f\u00e4rgl\u00f6s v\u00e4tska med metallsmak, l\u00f6ser sig l\u00e4tt i vatten, alkohol och eter. CAS 7722-84-1","breadcrumb":{"@id":"https:\/\/masterchem.fi\/sv\/produkt\/vateperoxid-50-cas-7722-84-1\/#breadcrumb"},"inLanguage":"sv-SE","potentialAction":[{"@type":"ReadAction","target":["https:\/\/masterchem.fi\/sv\/produkt\/vateperoxid-50-cas-7722-84-1\/"]}]},{"@type":"ImageObject","inLanguage":"sv-SE","@id":"https:\/\/masterchem.fi\/sv\/produkt\/vateperoxid-50-cas-7722-84-1\/#primaryimage","url":"https:\/\/masterchem.fi\/wp-content\/uploads\/2022\/07\/Vesinikperoksiid-50-1000l-MasterChem.jpg","contentUrl":"https:\/\/masterchem.fi\/wp-content\/uploads\/2022\/07\/Vesinikperoksiid-50-1000l-MasterChem.jpg","width":1000,"height":1000,"caption":"Vetyperoksidi 50% (CAS 7722-84-1)"},{"@type":"BreadcrumbList","@id":"https:\/\/masterchem.fi\/sv\/produkt\/vateperoxid-50-cas-7722-84-1\/#breadcrumb","itemListElement":[{"@type":"ListItem","position":1,"name":"Home","item":"https:\/\/masterchem.fi\/sv\/"},{"@type":"ListItem","position":2,"name":"Butik","item":"https:\/\/masterchem.fi\/sv\/butik\/"},{"@type":"ListItem","position":3,"name":"V\u00e4teperoxid 50 % (CAS 7722-84-1)"}]},{"@type":"WebSite","@id":"https:\/\/masterchem.fi\/sv\/#website","url":"https:\/\/masterchem.fi\/sv\/","name":"MasterChem | kemikaalien tuotanto ja myynti","description":"kemikaalien tuotanto ja myynti","potentialAction":[{"@type":"SearchAction","target":{"@type":"EntryPoint","urlTemplate":"https:\/\/masterchem.fi\/sv\/?s={search_term_string}"},"query-input":{"@type":"PropertyValueSpecification","valueRequired":true,"valueName":"search_term_string"}}],"inLanguage":"sv-SE"}]}},"_links":{"self":[{"href":"https:\/\/masterchem.fi\/sv\/wp-json\/wp\/v2\/product\/11192","targetHints":{"allow":["GET"]}}],"collection":[{"href":"https:\/\/masterchem.fi\/sv\/wp-json\/wp\/v2\/product"}],"about":[{"href":"https:\/\/masterchem.fi\/sv\/wp-json\/wp\/v2\/types\/product"}],"wp:featuredmedia":[{"embeddable":true,"href":"https:\/\/masterchem.fi\/sv\/wp-json\/wp\/v2\/media\/16370"}],"wp:attachment":[{"href":"https:\/\/masterchem.fi\/sv\/wp-json\/wp\/v2\/media?parent=11192"}],"wp:term":[{"taxonomy":"product_brand","embeddable":true,"href":"https:\/\/masterchem.fi\/sv\/wp-json\/wp\/v2\/product_brand?post=11192"},{"taxonomy":"product_cat","embeddable":true,"href":"https:\/\/masterchem.fi\/sv\/wp-json\/wp\/v2\/product_cat?post=11192"},{"taxonomy":"product_tag","embeddable":true,"href":"https:\/\/masterchem.fi\/sv\/wp-json\/wp\/v2\/product_tag?post=11192"}],"curies":[{"name":"wp","href":"https:\/\/api.w.org\/{rel}","templated":true}]}}