{"id":11226,"date":"2022-07-22T16:45:50","date_gmt":"2022-07-22T13:45:51","guid":{"rendered":"https:\/\/masterchem.fi\/?post_type=product&#038;p=11226"},"modified":"2022-07-22T16:48:52","modified_gmt":"2022-07-22T13:48:52","slug":"kaliumkarbonat-cas-584-08-7","status":"publish","type":"product","link":"https:\/\/masterchem.fi\/sv\/produkt\/kaliumkarbonat-cas-584-08-7\/","title":{"rendered":"Kaliumkarbonat (CAS 584-08-7)"},"content":{"rendered":"<p> <strong> Information<\/strong> <\/p>\n<p>Bransch: glas och keramik, tr\u00e4dg\u00e5rdssk\u00f6tsel<br \/>\nCAS: 584-08-7<br \/>\nWE: 209-529-3<br \/>\nKemisk formel: K2CO3<br \/>\nMolekylvikt: 138,21 g\/mol<br \/>\nTulltaxekod: 28364000<\/p>\n<p><strong>Andra fysiska egenskaper<\/strong><\/p>\n<p>pH: 11,5 \u2013 12,5 (50 g\/l H2O, 25\u00b0C)<br \/>\nSm\u00e4lt-\/fryspunkt: 891\u00b0C<br \/>\nRelativ densitet: 2270 \u2013 2430 kg\/m3<br \/>\nL\u00f6slighet i vatten: 110 g\/l (20\u00b0C)<\/p>\n","protected":false},"excerpt":{"rendered":"<p><strong>Kaliumkarbonat (CAS 584-08-7)<\/strong><\/p>\n<p>Kaliumkarbonat, K2CO3, \u00e4r ett salt som bildas av kalium med kolsyra. Potaska \u00e4r ett vanligt namn f\u00f6r kaliumkarbonat. Det \u00e4r ett salt analogt med natriumkarbonat, dvs soda, d\u00e4r katjonen \u00e4r en annan alkalimetall, kalium, ist\u00e4llet f\u00f6r natrium.<\/p>\n<p>Kaliumkarbonat har anv\u00e4nts som r\u00e5vara f\u00f6r glas och glas och som g\u00f6dningsmedel sedan det gamla Egypten och Rom. Det anv\u00e4nds ocks\u00e5 ibland vid matlagning. S\u00e5, till exempel, i Tavastland och Satakunta, har kalium som erh\u00e5llits fr\u00e5n bj\u00f6rkaska traditionellt anv\u00e4nts f\u00f6r att bereda lutfisk.<\/p>\n","protected":false},"featured_media":11229,"template":"","meta":[],"product_brand":[],"product_cat":[116,175,182],"product_tag":[],"class_list":{"0":"post-11226","1":"product","2":"type-product","3":"status-publish","4":"has-post-thumbnail","6":"product_cat-alla-produkter","7":"product_cat-glas-och-keramik","8":"product_cat-hortikultur","10":"first","11":"outofstock","12":"taxable","13":"shipping-taxable","14":"purchasable","15":"product-type-variable","16":"has-default-attributes","17":"rtwpvg-product"},"yoast_head":"<!-- This site is optimized with the Yoast SEO plugin v27.2 - https:\/\/yoast.com\/product\/yoast-seo-wordpress\/ -->\n<title>Kaliumkarbonat (CAS 584-08-7) - MasterChem | kemikaalien tuotanto ja myynti<\/title>\n<meta name=\"description\" content=\"Kaliumkarbonat, K2CO3, \u00e4r ett salt som bildas av kalium med kolsyra. Potaska \u00e4r ett vanligt namn f\u00f6r kaliumkarbonat.\" \/>\n<meta name=\"robots\" content=\"index, follow, max-snippet:-1, max-image-preview:large, max-video-preview:-1\" \/>\n<link rel=\"canonical\" href=\"https:\/\/masterchem.fi\/sv\/produkt\/kaliumkarbonat-cas-584-08-7\/\" \/>\n<meta property=\"og:locale\" content=\"sv_SE\" \/>\n<meta property=\"og:type\" content=\"article\" \/>\n<meta property=\"og:title\" content=\"Kaliumkarbonat (CAS 584-08-7) - MasterChem | kemikaalien tuotanto ja myynti\" \/>\n<meta property=\"og:description\" content=\"Kaliumkarbonat, K2CO3, \u00e4r ett salt som bildas av kalium med kolsyra. Potaska \u00e4r ett vanligt namn f\u00f6r kaliumkarbonat.\" \/>\n<meta property=\"og:url\" content=\"https:\/\/masterchem.fi\/sv\/produkt\/kaliumkarbonat-cas-584-08-7\/\" \/>\n<meta property=\"og:site_name\" content=\"MasterChem | kemikaalien tuotanto ja myynti\" \/>\n<meta property=\"article:modified_time\" content=\"2022-07-22T13:48:52+00:00\" \/>\n<meta property=\"og:image\" content=\"https:\/\/masterchem.fi\/wp-content\/uploads\/2022\/07\/Kaaliumkarbonaat-25kg-MasterChem.jpg\" \/>\n\t<meta property=\"og:image:width\" content=\"1000\" \/>\n\t<meta property=\"og:image:height\" content=\"1000\" \/>\n\t<meta property=\"og:image:type\" content=\"image\/jpeg\" \/>\n<meta name=\"twitter:card\" content=\"summary_large_image\" \/>\n<script type=\"application\/ld+json\" class=\"yoast-schema-graph\">{\"@context\":\"https:\/\/schema.org\",\"@graph\":[{\"@type\":\"WebPage\",\"@id\":\"https:\/\/masterchem.fi\/sv\/produkt\/kaliumkarbonat-cas-584-08-7\/\",\"url\":\"https:\/\/masterchem.fi\/sv\/produkt\/kaliumkarbonat-cas-584-08-7\/\",\"name\":\"Kaliumkarbonat (CAS 584-08-7) - MasterChem | kemikaalien tuotanto ja myynti\",\"isPartOf\":{\"@id\":\"https:\/\/masterchem.fi\/sv\/#website\"},\"primaryImageOfPage\":{\"@id\":\"https:\/\/masterchem.fi\/sv\/produkt\/kaliumkarbonat-cas-584-08-7\/#primaryimage\"},\"image\":{\"@id\":\"https:\/\/masterchem.fi\/sv\/produkt\/kaliumkarbonat-cas-584-08-7\/#primaryimage\"},\"thumbnailUrl\":\"https:\/\/masterchem.fi\/wp-content\/uploads\/2022\/07\/Kaaliumkarbonaat-25kg-MasterChem.jpg\",\"datePublished\":\"2022-07-22T13:45:51+00:00\",\"dateModified\":\"2022-07-22T13:48:52+00:00\",\"description\":\"Kaliumkarbonat, K2CO3, \u00e4r ett salt som bildas av kalium med kolsyra. Potaska \u00e4r ett vanligt namn f\u00f6r kaliumkarbonat.\",\"breadcrumb\":{\"@id\":\"https:\/\/masterchem.fi\/sv\/produkt\/kaliumkarbonat-cas-584-08-7\/#breadcrumb\"},\"inLanguage\":\"sv-SE\",\"potentialAction\":[{\"@type\":\"ReadAction\",\"target\":[\"https:\/\/masterchem.fi\/sv\/produkt\/kaliumkarbonat-cas-584-08-7\/\"]}]},{\"@type\":\"ImageObject\",\"inLanguage\":\"sv-SE\",\"@id\":\"https:\/\/masterchem.fi\/sv\/produkt\/kaliumkarbonat-cas-584-08-7\/#primaryimage\",\"url\":\"https:\/\/masterchem.fi\/wp-content\/uploads\/2022\/07\/Kaaliumkarbonaat-25kg-MasterChem.jpg\",\"contentUrl\":\"https:\/\/masterchem.fi\/wp-content\/uploads\/2022\/07\/Kaaliumkarbonaat-25kg-MasterChem.jpg\",\"width\":1000,\"height\":1000,\"caption\":\"Kaliumkarbonat (CAS 584-08-7) 25kg MasterChem\"},{\"@type\":\"BreadcrumbList\",\"@id\":\"https:\/\/masterchem.fi\/sv\/produkt\/kaliumkarbonat-cas-584-08-7\/#breadcrumb\",\"itemListElement\":[{\"@type\":\"ListItem\",\"position\":1,\"name\":\"Home\",\"item\":\"https:\/\/masterchem.fi\/sv\/\"},{\"@type\":\"ListItem\",\"position\":2,\"name\":\"Butik\",\"item\":\"https:\/\/masterchem.fi\/sv\/butik\/\"},{\"@type\":\"ListItem\",\"position\":3,\"name\":\"Kaliumkarbonat (CAS 584-08-7)\"}]},{\"@type\":\"WebSite\",\"@id\":\"https:\/\/masterchem.fi\/sv\/#website\",\"url\":\"https:\/\/masterchem.fi\/sv\/\",\"name\":\"MasterChem | kemikaalien tuotanto ja myynti\",\"description\":\"kemikaalien tuotanto ja myynti\",\"potentialAction\":[{\"@type\":\"SearchAction\",\"target\":{\"@type\":\"EntryPoint\",\"urlTemplate\":\"https:\/\/masterchem.fi\/sv\/?s={search_term_string}\"},\"query-input\":{\"@type\":\"PropertyValueSpecification\",\"valueRequired\":true,\"valueName\":\"search_term_string\"}}],\"inLanguage\":\"sv-SE\"}]}<\/script>\n<!-- \/ Yoast SEO plugin. -->","yoast_head_json":{"title":"Kaliumkarbonat (CAS 584-08-7) - MasterChem | kemikaalien tuotanto ja myynti","description":"Kaliumkarbonat, K2CO3, \u00e4r ett salt som bildas av kalium med kolsyra. Potaska \u00e4r ett vanligt namn f\u00f6r kaliumkarbonat.","robots":{"index":"index","follow":"follow","max-snippet":"max-snippet:-1","max-image-preview":"max-image-preview:large","max-video-preview":"max-video-preview:-1"},"canonical":"https:\/\/masterchem.fi\/sv\/produkt\/kaliumkarbonat-cas-584-08-7\/","og_locale":"sv_SE","og_type":"article","og_title":"Kaliumkarbonat (CAS 584-08-7) - MasterChem | kemikaalien tuotanto ja myynti","og_description":"Kaliumkarbonat, K2CO3, \u00e4r ett salt som bildas av kalium med kolsyra. Potaska \u00e4r ett vanligt namn f\u00f6r kaliumkarbonat.","og_url":"https:\/\/masterchem.fi\/sv\/produkt\/kaliumkarbonat-cas-584-08-7\/","og_site_name":"MasterChem | kemikaalien tuotanto ja myynti","article_modified_time":"2022-07-22T13:48:52+00:00","og_image":[{"width":1000,"height":1000,"url":"https:\/\/masterchem.fi\/wp-content\/uploads\/2022\/07\/Kaaliumkarbonaat-25kg-MasterChem.jpg","type":"image\/jpeg"}],"twitter_card":"summary_large_image","schema":{"@context":"https:\/\/schema.org","@graph":[{"@type":"WebPage","@id":"https:\/\/masterchem.fi\/sv\/produkt\/kaliumkarbonat-cas-584-08-7\/","url":"https:\/\/masterchem.fi\/sv\/produkt\/kaliumkarbonat-cas-584-08-7\/","name":"Kaliumkarbonat (CAS 584-08-7) - MasterChem | kemikaalien tuotanto ja myynti","isPartOf":{"@id":"https:\/\/masterchem.fi\/sv\/#website"},"primaryImageOfPage":{"@id":"https:\/\/masterchem.fi\/sv\/produkt\/kaliumkarbonat-cas-584-08-7\/#primaryimage"},"image":{"@id":"https:\/\/masterchem.fi\/sv\/produkt\/kaliumkarbonat-cas-584-08-7\/#primaryimage"},"thumbnailUrl":"https:\/\/masterchem.fi\/wp-content\/uploads\/2022\/07\/Kaaliumkarbonaat-25kg-MasterChem.jpg","datePublished":"2022-07-22T13:45:51+00:00","dateModified":"2022-07-22T13:48:52+00:00","description":"Kaliumkarbonat, K2CO3, \u00e4r ett salt som bildas av kalium med kolsyra. Potaska \u00e4r ett vanligt namn f\u00f6r kaliumkarbonat.","breadcrumb":{"@id":"https:\/\/masterchem.fi\/sv\/produkt\/kaliumkarbonat-cas-584-08-7\/#breadcrumb"},"inLanguage":"sv-SE","potentialAction":[{"@type":"ReadAction","target":["https:\/\/masterchem.fi\/sv\/produkt\/kaliumkarbonat-cas-584-08-7\/"]}]},{"@type":"ImageObject","inLanguage":"sv-SE","@id":"https:\/\/masterchem.fi\/sv\/produkt\/kaliumkarbonat-cas-584-08-7\/#primaryimage","url":"https:\/\/masterchem.fi\/wp-content\/uploads\/2022\/07\/Kaaliumkarbonaat-25kg-MasterChem.jpg","contentUrl":"https:\/\/masterchem.fi\/wp-content\/uploads\/2022\/07\/Kaaliumkarbonaat-25kg-MasterChem.jpg","width":1000,"height":1000,"caption":"Kaliumkarbonat (CAS 584-08-7) 25kg MasterChem"},{"@type":"BreadcrumbList","@id":"https:\/\/masterchem.fi\/sv\/produkt\/kaliumkarbonat-cas-584-08-7\/#breadcrumb","itemListElement":[{"@type":"ListItem","position":1,"name":"Home","item":"https:\/\/masterchem.fi\/sv\/"},{"@type":"ListItem","position":2,"name":"Butik","item":"https:\/\/masterchem.fi\/sv\/butik\/"},{"@type":"ListItem","position":3,"name":"Kaliumkarbonat (CAS 584-08-7)"}]},{"@type":"WebSite","@id":"https:\/\/masterchem.fi\/sv\/#website","url":"https:\/\/masterchem.fi\/sv\/","name":"MasterChem | kemikaalien tuotanto ja myynti","description":"kemikaalien tuotanto ja myynti","potentialAction":[{"@type":"SearchAction","target":{"@type":"EntryPoint","urlTemplate":"https:\/\/masterchem.fi\/sv\/?s={search_term_string}"},"query-input":{"@type":"PropertyValueSpecification","valueRequired":true,"valueName":"search_term_string"}}],"inLanguage":"sv-SE"}]}},"_links":{"self":[{"href":"https:\/\/masterchem.fi\/sv\/wp-json\/wp\/v2\/product\/11226","targetHints":{"allow":["GET"]}}],"collection":[{"href":"https:\/\/masterchem.fi\/sv\/wp-json\/wp\/v2\/product"}],"about":[{"href":"https:\/\/masterchem.fi\/sv\/wp-json\/wp\/v2\/types\/product"}],"wp:featuredmedia":[{"embeddable":true,"href":"https:\/\/masterchem.fi\/sv\/wp-json\/wp\/v2\/media\/11229"}],"wp:attachment":[{"href":"https:\/\/masterchem.fi\/sv\/wp-json\/wp\/v2\/media?parent=11226"}],"wp:term":[{"taxonomy":"product_brand","embeddable":true,"href":"https:\/\/masterchem.fi\/sv\/wp-json\/wp\/v2\/product_brand?post=11226"},{"taxonomy":"product_cat","embeddable":true,"href":"https:\/\/masterchem.fi\/sv\/wp-json\/wp\/v2\/product_cat?post=11226"},{"taxonomy":"product_tag","embeddable":true,"href":"https:\/\/masterchem.fi\/sv\/wp-json\/wp\/v2\/product_tag?post=11226"}],"curies":[{"name":"wp","href":"https:\/\/api.w.org\/{rel}","templated":true}]}}