{"id":11313,"date":"2022-08-11T10:40:35","date_gmt":"2022-08-11T07:40:36","guid":{"rendered":"https:\/\/masterchem.fi\/?post_type=product&#038;p=11313"},"modified":"2022-08-11T10:46:25","modified_gmt":"2022-08-11T07:46:25","slug":"adipinsyra-cas-124-04-9","status":"publish","type":"product","link":"https:\/\/masterchem.fi\/sv\/produkt\/adipinsyra-cas-124-04-9\/","title":{"rendered":"Adipinsyra (CAS 124-04-9)"},"content":{"rendered":"<p> <strong> Information<\/strong> <\/p>\n<p><strong>Information<\/strong><\/p>\n<p>Bransch: Lim, oljor, fetter<br \/>\nCAS: 124-04-9<br \/>\nWE: 204-673-3<br \/>\nIndexnummer: 607-144-00-9<br \/>\nKemisk formel: C6H10O4<br \/>\nTulltaxekod: 29171200<\/p>\n<p><strong>Andra fysiska egenskaper<\/strong><br \/>\npH: 2,7<br \/>\nSm\u00e4lt-\/fryspunkt: 150,85\u00b0C<br \/>\nKokpunkt\/intervall: 337,5\u00b0C<br \/>\nRelativ densitet: 1,36 g\/cm3 w 20\u00b0C<br \/>\nL\u00f6slighet i vatten: 23 g\/l w 20\u00b0C<\/p>\n","protected":false},"excerpt":{"rendered":"<p><strong>Adypinsyra (CAS 124-04-9)<\/strong><\/p>\n<p>Adipinsyra \u00e4r en dibasisk karboxylsyra, eller dikarboxylsyra, som under normala f\u00f6rh\u00e5llanden \u00e4r ett fast, luktfritt, f\u00e4rgl\u00f6st, kristallint pulver. Dess kemiska formel \u00e4r C6H10O4 och dess strukturformel \u00e4r HOOC(CH2)4COOH. Adipinsyra kallas \u00e4ven hexandikarboxylsyra och 1,4-butandikarboxylsyra.<\/p>\n<p>Den mol\u00e4ra massan av adipinsyra \u00e4r 146,14 g\/mol, sm\u00e4ltpunkt 152 \u00b0C, kokpunkt 338 \u00b0C, relativ densitet 1,36 g\/cm3 (vatten = 1,0 g\/cm3), flampunkt 196 \u00b0C (c.c.) , Sj\u00e4lvant\u00e4ndningstemperatur 422 \u00b0C och CAS-nummer 124-04-9. L\u00f6sligheten av adipinsyra i vatten (15 \u00b0C) \u00e4r 1,4 g\/100 ml. F\u00f6reningen \u00e4r l\u00f6slig i etanol och aceton. Adipinsyra kan framst\u00e4llas fr\u00e5n cyklohexan genom tv\u00e5stegsoxidation.<\/p>\n","protected":false},"featured_media":11316,"template":"","meta":[],"product_brand":[],"product_cat":[116],"product_tag":[],"class_list":{"0":"post-11313","1":"product","2":"type-product","3":"status-publish","4":"has-post-thumbnail","6":"product_cat-alla-produkter","8":"first","9":"outofstock","10":"taxable","11":"shipping-taxable","12":"purchasable","13":"product-type-variable","14":"has-default-attributes","15":"rtwpvg-product"},"yoast_head":"<!-- This site is optimized with the Yoast SEO plugin v27.2 - https:\/\/yoast.com\/product\/yoast-seo-wordpress\/ -->\n<title>Adipinsyra (CAS 124-04-9) - MasterChem | kemikaalien tuotanto ja myynti<\/title>\n<meta name=\"description\" content=\"Adipinsyra \u00e4r en dibasisk karboxylsyra, eller dikarboxylsyra, som under normala f\u00f6rh\u00e5llanden \u00e4r ett fast, luktl\u00f6st, f\u00e4rgl\u00f6st, kristallint pulver.\" \/>\n<meta name=\"robots\" content=\"index, follow, max-snippet:-1, max-image-preview:large, max-video-preview:-1\" \/>\n<link rel=\"canonical\" href=\"https:\/\/masterchem.fi\/sv\/produkt\/adipinsyra-cas-124-04-9\/\" \/>\n<meta property=\"og:locale\" content=\"sv_SE\" \/>\n<meta property=\"og:type\" content=\"article\" \/>\n<meta property=\"og:title\" content=\"Adipinsyra (CAS 124-04-9) - MasterChem | kemikaalien tuotanto ja myynti\" \/>\n<meta property=\"og:description\" content=\"Adipinsyra \u00e4r en dibasisk karboxylsyra, eller dikarboxylsyra, som under normala f\u00f6rh\u00e5llanden \u00e4r ett fast, luktl\u00f6st, f\u00e4rgl\u00f6st, kristallint pulver.\" \/>\n<meta property=\"og:url\" content=\"https:\/\/masterchem.fi\/sv\/produkt\/adipinsyra-cas-124-04-9\/\" \/>\n<meta property=\"og:site_name\" content=\"MasterChem | kemikaalien tuotanto ja myynti\" \/>\n<meta property=\"article:modified_time\" content=\"2022-08-11T07:46:25+00:00\" \/>\n<meta property=\"og:image\" content=\"https:\/\/masterchem.fi\/wp-content\/uploads\/2022\/08\/Adipiinhape-25kg-MasterChem.jpg\" \/>\n\t<meta property=\"og:image:width\" content=\"1000\" \/>\n\t<meta property=\"og:image:height\" content=\"1000\" \/>\n\t<meta property=\"og:image:type\" content=\"image\/jpeg\" \/>\n<meta name=\"twitter:card\" content=\"summary_large_image\" \/>\n<script type=\"application\/ld+json\" class=\"yoast-schema-graph\">{\"@context\":\"https:\/\/schema.org\",\"@graph\":[{\"@type\":\"WebPage\",\"@id\":\"https:\/\/masterchem.fi\/sv\/produkt\/adipinsyra-cas-124-04-9\/\",\"url\":\"https:\/\/masterchem.fi\/sv\/produkt\/adipinsyra-cas-124-04-9\/\",\"name\":\"Adipinsyra (CAS 124-04-9) - MasterChem | kemikaalien tuotanto ja myynti\",\"isPartOf\":{\"@id\":\"https:\/\/masterchem.fi\/sv\/#website\"},\"primaryImageOfPage\":{\"@id\":\"https:\/\/masterchem.fi\/sv\/produkt\/adipinsyra-cas-124-04-9\/#primaryimage\"},\"image\":{\"@id\":\"https:\/\/masterchem.fi\/sv\/produkt\/adipinsyra-cas-124-04-9\/#primaryimage\"},\"thumbnailUrl\":\"https:\/\/masterchem.fi\/wp-content\/uploads\/2022\/08\/Adipiinhape-25kg-MasterChem.jpg\",\"datePublished\":\"2022-08-11T07:40:36+00:00\",\"dateModified\":\"2022-08-11T07:46:25+00:00\",\"description\":\"Adipinsyra \u00e4r en dibasisk karboxylsyra, eller dikarboxylsyra, som under normala f\u00f6rh\u00e5llanden \u00e4r ett fast, luktl\u00f6st, f\u00e4rgl\u00f6st, kristallint pulver.\",\"breadcrumb\":{\"@id\":\"https:\/\/masterchem.fi\/sv\/produkt\/adipinsyra-cas-124-04-9\/#breadcrumb\"},\"inLanguage\":\"sv-SE\",\"potentialAction\":[{\"@type\":\"ReadAction\",\"target\":[\"https:\/\/masterchem.fi\/sv\/produkt\/adipinsyra-cas-124-04-9\/\"]}]},{\"@type\":\"ImageObject\",\"inLanguage\":\"sv-SE\",\"@id\":\"https:\/\/masterchem.fi\/sv\/produkt\/adipinsyra-cas-124-04-9\/#primaryimage\",\"url\":\"https:\/\/masterchem.fi\/wp-content\/uploads\/2022\/08\/Adipiinhape-25kg-MasterChem.jpg\",\"contentUrl\":\"https:\/\/masterchem.fi\/wp-content\/uploads\/2022\/08\/Adipiinhape-25kg-MasterChem.jpg\",\"width\":1000,\"height\":1000,\"caption\":\"Adipinsyra (CAS 124-04-9) 25kg MasterChem\"},{\"@type\":\"BreadcrumbList\",\"@id\":\"https:\/\/masterchem.fi\/sv\/produkt\/adipinsyra-cas-124-04-9\/#breadcrumb\",\"itemListElement\":[{\"@type\":\"ListItem\",\"position\":1,\"name\":\"Home\",\"item\":\"https:\/\/masterchem.fi\/sv\/\"},{\"@type\":\"ListItem\",\"position\":2,\"name\":\"Butik\",\"item\":\"https:\/\/masterchem.fi\/sv\/butik\/\"},{\"@type\":\"ListItem\",\"position\":3,\"name\":\"Adipinsyra (CAS 124-04-9)\"}]},{\"@type\":\"WebSite\",\"@id\":\"https:\/\/masterchem.fi\/sv\/#website\",\"url\":\"https:\/\/masterchem.fi\/sv\/\",\"name\":\"MasterChem | kemikaalien tuotanto ja myynti\",\"description\":\"kemikaalien tuotanto ja myynti\",\"potentialAction\":[{\"@type\":\"SearchAction\",\"target\":{\"@type\":\"EntryPoint\",\"urlTemplate\":\"https:\/\/masterchem.fi\/sv\/?s={search_term_string}\"},\"query-input\":{\"@type\":\"PropertyValueSpecification\",\"valueRequired\":true,\"valueName\":\"search_term_string\"}}],\"inLanguage\":\"sv-SE\"}]}<\/script>\n<!-- \/ Yoast SEO plugin. -->","yoast_head_json":{"title":"Adipinsyra (CAS 124-04-9) - MasterChem | kemikaalien tuotanto ja myynti","description":"Adipinsyra \u00e4r en dibasisk karboxylsyra, eller dikarboxylsyra, som under normala f\u00f6rh\u00e5llanden \u00e4r ett fast, luktl\u00f6st, f\u00e4rgl\u00f6st, kristallint pulver.","robots":{"index":"index","follow":"follow","max-snippet":"max-snippet:-1","max-image-preview":"max-image-preview:large","max-video-preview":"max-video-preview:-1"},"canonical":"https:\/\/masterchem.fi\/sv\/produkt\/adipinsyra-cas-124-04-9\/","og_locale":"sv_SE","og_type":"article","og_title":"Adipinsyra (CAS 124-04-9) - MasterChem | kemikaalien tuotanto ja myynti","og_description":"Adipinsyra \u00e4r en dibasisk karboxylsyra, eller dikarboxylsyra, som under normala f\u00f6rh\u00e5llanden \u00e4r ett fast, luktl\u00f6st, f\u00e4rgl\u00f6st, kristallint pulver.","og_url":"https:\/\/masterchem.fi\/sv\/produkt\/adipinsyra-cas-124-04-9\/","og_site_name":"MasterChem | kemikaalien tuotanto ja myynti","article_modified_time":"2022-08-11T07:46:25+00:00","og_image":[{"width":1000,"height":1000,"url":"https:\/\/masterchem.fi\/wp-content\/uploads\/2022\/08\/Adipiinhape-25kg-MasterChem.jpg","type":"image\/jpeg"}],"twitter_card":"summary_large_image","schema":{"@context":"https:\/\/schema.org","@graph":[{"@type":"WebPage","@id":"https:\/\/masterchem.fi\/sv\/produkt\/adipinsyra-cas-124-04-9\/","url":"https:\/\/masterchem.fi\/sv\/produkt\/adipinsyra-cas-124-04-9\/","name":"Adipinsyra (CAS 124-04-9) - MasterChem | kemikaalien tuotanto ja myynti","isPartOf":{"@id":"https:\/\/masterchem.fi\/sv\/#website"},"primaryImageOfPage":{"@id":"https:\/\/masterchem.fi\/sv\/produkt\/adipinsyra-cas-124-04-9\/#primaryimage"},"image":{"@id":"https:\/\/masterchem.fi\/sv\/produkt\/adipinsyra-cas-124-04-9\/#primaryimage"},"thumbnailUrl":"https:\/\/masterchem.fi\/wp-content\/uploads\/2022\/08\/Adipiinhape-25kg-MasterChem.jpg","datePublished":"2022-08-11T07:40:36+00:00","dateModified":"2022-08-11T07:46:25+00:00","description":"Adipinsyra \u00e4r en dibasisk karboxylsyra, eller dikarboxylsyra, som under normala f\u00f6rh\u00e5llanden \u00e4r ett fast, luktl\u00f6st, f\u00e4rgl\u00f6st, kristallint pulver.","breadcrumb":{"@id":"https:\/\/masterchem.fi\/sv\/produkt\/adipinsyra-cas-124-04-9\/#breadcrumb"},"inLanguage":"sv-SE","potentialAction":[{"@type":"ReadAction","target":["https:\/\/masterchem.fi\/sv\/produkt\/adipinsyra-cas-124-04-9\/"]}]},{"@type":"ImageObject","inLanguage":"sv-SE","@id":"https:\/\/masterchem.fi\/sv\/produkt\/adipinsyra-cas-124-04-9\/#primaryimage","url":"https:\/\/masterchem.fi\/wp-content\/uploads\/2022\/08\/Adipiinhape-25kg-MasterChem.jpg","contentUrl":"https:\/\/masterchem.fi\/wp-content\/uploads\/2022\/08\/Adipiinhape-25kg-MasterChem.jpg","width":1000,"height":1000,"caption":"Adipinsyra (CAS 124-04-9) 25kg MasterChem"},{"@type":"BreadcrumbList","@id":"https:\/\/masterchem.fi\/sv\/produkt\/adipinsyra-cas-124-04-9\/#breadcrumb","itemListElement":[{"@type":"ListItem","position":1,"name":"Home","item":"https:\/\/masterchem.fi\/sv\/"},{"@type":"ListItem","position":2,"name":"Butik","item":"https:\/\/masterchem.fi\/sv\/butik\/"},{"@type":"ListItem","position":3,"name":"Adipinsyra (CAS 124-04-9)"}]},{"@type":"WebSite","@id":"https:\/\/masterchem.fi\/sv\/#website","url":"https:\/\/masterchem.fi\/sv\/","name":"MasterChem | kemikaalien tuotanto ja myynti","description":"kemikaalien tuotanto ja myynti","potentialAction":[{"@type":"SearchAction","target":{"@type":"EntryPoint","urlTemplate":"https:\/\/masterchem.fi\/sv\/?s={search_term_string}"},"query-input":{"@type":"PropertyValueSpecification","valueRequired":true,"valueName":"search_term_string"}}],"inLanguage":"sv-SE"}]}},"_links":{"self":[{"href":"https:\/\/masterchem.fi\/sv\/wp-json\/wp\/v2\/product\/11313","targetHints":{"allow":["GET"]}}],"collection":[{"href":"https:\/\/masterchem.fi\/sv\/wp-json\/wp\/v2\/product"}],"about":[{"href":"https:\/\/masterchem.fi\/sv\/wp-json\/wp\/v2\/types\/product"}],"wp:featuredmedia":[{"embeddable":true,"href":"https:\/\/masterchem.fi\/sv\/wp-json\/wp\/v2\/media\/11316"}],"wp:attachment":[{"href":"https:\/\/masterchem.fi\/sv\/wp-json\/wp\/v2\/media?parent=11313"}],"wp:term":[{"taxonomy":"product_brand","embeddable":true,"href":"https:\/\/masterchem.fi\/sv\/wp-json\/wp\/v2\/product_brand?post=11313"},{"taxonomy":"product_cat","embeddable":true,"href":"https:\/\/masterchem.fi\/sv\/wp-json\/wp\/v2\/product_cat?post=11313"},{"taxonomy":"product_tag","embeddable":true,"href":"https:\/\/masterchem.fi\/sv\/wp-json\/wp\/v2\/product_tag?post=11313"}],"curies":[{"name":"wp","href":"https:\/\/api.w.org\/{rel}","templated":true}]}}