{"id":11320,"date":"2022-08-11T11:07:08","date_gmt":"2022-08-11T08:07:09","guid":{"rendered":"https:\/\/masterchem.fi\/?post_type=product&#038;p=11320"},"modified":"2022-08-11T11:11:59","modified_gmt":"2022-08-11T08:11:59","slug":"natriumnitrit-cas-7632-00-0","status":"publish","type":"product","link":"https:\/\/masterchem.fi\/sv\/produkt\/natriumnitrit-cas-7632-00-0\/","title":{"rendered":"Natriumnitrit (CAS 7632-00-0)"},"content":{"rendered":"","protected":false},"excerpt":{"rendered":"<p><strong>Natriumnitrit (CAS 7632-00-0)<\/strong><\/p>\n<p>Natriumnitrit (NaNO2) \u00e4r kemiskt natriumsaltet av salpetersyra (HNO2). Natriumnitrit \u00e4r ett vitt eller gulaktigt, luktfritt, granul\u00e4rt, kristallint eller pulverformigt fast \u00e4mne som absorberar fukt fr\u00e5n luften. Den har en molmassa p\u00e5 69,0 g\/mol, en relativ densitet vid 20 \u00b0C p\u00e5 2,17 g\/cm3 (vatten = 1,0 g\/cm3), en l\u00f6slighet i vatten p\u00e5 82 g\/100 ml vid 20 \u00b0C och en CAS nr 7632-00-0.<\/p>\n<p>Det \u00e4r ett starkt oxidationsmedel som l\u00e5ngsamt s\u00f6nderdelas med luft till nitrat. Det anv\u00e4nds inom f\u00e4rg\u00e4mnes- och l\u00e4kemedelsindustrin, fotografi, livsmedelstillsatser, textilindustri och ytbehandling av metall. Natriumnitrit kan anv\u00e4ndas som en ingrediens i krut &#8211; krut absorberar inte fukt fr\u00e5n luften och &#8220;f\u00f6rst\u00f6rs inte&#8221;.<\/p>\n","protected":false},"featured_media":11323,"template":"","meta":[],"product_brand":[],"product_cat":[116],"product_tag":[],"class_list":{"0":"post-11320","1":"product","2":"type-product","3":"status-publish","4":"has-post-thumbnail","6":"product_cat-alla-produkter","8":"first","9":"outofstock","10":"taxable","11":"shipping-taxable","12":"purchasable","13":"product-type-variable","14":"has-default-attributes","15":"rtwpvg-product"},"yoast_head":"<!-- This site is optimized with the Yoast SEO plugin v27.2 - https:\/\/yoast.com\/product\/yoast-seo-wordpress\/ -->\n<title>Natriumnitrit (CAS 7632-00-0) - MasterChem | kemikaalien tuotanto ja myynti<\/title>\n<meta name=\"description\" content=\"Natriumnitrit (NaNO2) \u00e4r kemiskt natriumsaltet av salpetersyra (HNO2).\" \/>\n<meta name=\"robots\" content=\"index, follow, max-snippet:-1, max-image-preview:large, max-video-preview:-1\" \/>\n<link rel=\"canonical\" href=\"https:\/\/masterchem.fi\/sv\/produkt\/natriumnitrit-cas-7632-00-0\/\" \/>\n<meta property=\"og:locale\" content=\"sv_SE\" \/>\n<meta property=\"og:type\" content=\"article\" \/>\n<meta property=\"og:title\" content=\"Natriumnitrit (CAS 7632-00-0) - MasterChem | kemikaalien tuotanto ja myynti\" \/>\n<meta property=\"og:description\" content=\"Natriumnitrit (NaNO2) \u00e4r kemiskt natriumsaltet av salpetersyra (HNO2).\" \/>\n<meta property=\"og:url\" content=\"https:\/\/masterchem.fi\/sv\/produkt\/natriumnitrit-cas-7632-00-0\/\" \/>\n<meta property=\"og:site_name\" content=\"MasterChem | kemikaalien tuotanto ja myynti\" \/>\n<meta property=\"article:modified_time\" content=\"2022-08-11T08:11:59+00:00\" \/>\n<meta property=\"og:image\" content=\"https:\/\/masterchem.fi\/wp-content\/uploads\/2022\/08\/Naatriumnitrit-25kg-MasterChem.jpg\" \/>\n\t<meta property=\"og:image:width\" content=\"1000\" \/>\n\t<meta property=\"og:image:height\" content=\"1000\" \/>\n\t<meta property=\"og:image:type\" content=\"image\/jpeg\" \/>\n<meta name=\"twitter:card\" content=\"summary_large_image\" \/>\n<script type=\"application\/ld+json\" class=\"yoast-schema-graph\">{\"@context\":\"https:\/\/schema.org\",\"@graph\":[{\"@type\":\"WebPage\",\"@id\":\"https:\/\/masterchem.fi\/sv\/produkt\/natriumnitrit-cas-7632-00-0\/\",\"url\":\"https:\/\/masterchem.fi\/sv\/produkt\/natriumnitrit-cas-7632-00-0\/\",\"name\":\"Natriumnitrit (CAS 7632-00-0) - MasterChem | kemikaalien tuotanto ja myynti\",\"isPartOf\":{\"@id\":\"https:\/\/masterchem.fi\/sv\/#website\"},\"primaryImageOfPage\":{\"@id\":\"https:\/\/masterchem.fi\/sv\/produkt\/natriumnitrit-cas-7632-00-0\/#primaryimage\"},\"image\":{\"@id\":\"https:\/\/masterchem.fi\/sv\/produkt\/natriumnitrit-cas-7632-00-0\/#primaryimage\"},\"thumbnailUrl\":\"https:\/\/masterchem.fi\/wp-content\/uploads\/2022\/08\/Naatriumnitrit-25kg-MasterChem.jpg\",\"datePublished\":\"2022-08-11T08:07:09+00:00\",\"dateModified\":\"2022-08-11T08:11:59+00:00\",\"description\":\"Natriumnitrit (NaNO2) \u00e4r kemiskt natriumsaltet av salpetersyra (HNO2).\",\"breadcrumb\":{\"@id\":\"https:\/\/masterchem.fi\/sv\/produkt\/natriumnitrit-cas-7632-00-0\/#breadcrumb\"},\"inLanguage\":\"sv-SE\",\"potentialAction\":[{\"@type\":\"ReadAction\",\"target\":[\"https:\/\/masterchem.fi\/sv\/produkt\/natriumnitrit-cas-7632-00-0\/\"]}]},{\"@type\":\"ImageObject\",\"inLanguage\":\"sv-SE\",\"@id\":\"https:\/\/masterchem.fi\/sv\/produkt\/natriumnitrit-cas-7632-00-0\/#primaryimage\",\"url\":\"https:\/\/masterchem.fi\/wp-content\/uploads\/2022\/08\/Naatriumnitrit-25kg-MasterChem.jpg\",\"contentUrl\":\"https:\/\/masterchem.fi\/wp-content\/uploads\/2022\/08\/Naatriumnitrit-25kg-MasterChem.jpg\",\"width\":1000,\"height\":1000,\"caption\":\"Natriumnitrit (CAS 7632-00-0) 25kg MasterChem\"},{\"@type\":\"BreadcrumbList\",\"@id\":\"https:\/\/masterchem.fi\/sv\/produkt\/natriumnitrit-cas-7632-00-0\/#breadcrumb\",\"itemListElement\":[{\"@type\":\"ListItem\",\"position\":1,\"name\":\"Home\",\"item\":\"https:\/\/masterchem.fi\/sv\/\"},{\"@type\":\"ListItem\",\"position\":2,\"name\":\"Butik\",\"item\":\"https:\/\/masterchem.fi\/sv\/butik\/\"},{\"@type\":\"ListItem\",\"position\":3,\"name\":\"Natriumnitrit (CAS 7632-00-0)\"}]},{\"@type\":\"WebSite\",\"@id\":\"https:\/\/masterchem.fi\/sv\/#website\",\"url\":\"https:\/\/masterchem.fi\/sv\/\",\"name\":\"MasterChem | kemikaalien tuotanto ja myynti\",\"description\":\"kemikaalien tuotanto ja myynti\",\"potentialAction\":[{\"@type\":\"SearchAction\",\"target\":{\"@type\":\"EntryPoint\",\"urlTemplate\":\"https:\/\/masterchem.fi\/sv\/?s={search_term_string}\"},\"query-input\":{\"@type\":\"PropertyValueSpecification\",\"valueRequired\":true,\"valueName\":\"search_term_string\"}}],\"inLanguage\":\"sv-SE\"}]}<\/script>\n<!-- \/ Yoast SEO plugin. -->","yoast_head_json":{"title":"Natriumnitrit (CAS 7632-00-0) - MasterChem | kemikaalien tuotanto ja myynti","description":"Natriumnitrit (NaNO2) \u00e4r kemiskt natriumsaltet av salpetersyra (HNO2).","robots":{"index":"index","follow":"follow","max-snippet":"max-snippet:-1","max-image-preview":"max-image-preview:large","max-video-preview":"max-video-preview:-1"},"canonical":"https:\/\/masterchem.fi\/sv\/produkt\/natriumnitrit-cas-7632-00-0\/","og_locale":"sv_SE","og_type":"article","og_title":"Natriumnitrit (CAS 7632-00-0) - MasterChem | kemikaalien tuotanto ja myynti","og_description":"Natriumnitrit (NaNO2) \u00e4r kemiskt natriumsaltet av salpetersyra (HNO2).","og_url":"https:\/\/masterchem.fi\/sv\/produkt\/natriumnitrit-cas-7632-00-0\/","og_site_name":"MasterChem | kemikaalien tuotanto ja myynti","article_modified_time":"2022-08-11T08:11:59+00:00","og_image":[{"width":1000,"height":1000,"url":"https:\/\/masterchem.fi\/wp-content\/uploads\/2022\/08\/Naatriumnitrit-25kg-MasterChem.jpg","type":"image\/jpeg"}],"twitter_card":"summary_large_image","schema":{"@context":"https:\/\/schema.org","@graph":[{"@type":"WebPage","@id":"https:\/\/masterchem.fi\/sv\/produkt\/natriumnitrit-cas-7632-00-0\/","url":"https:\/\/masterchem.fi\/sv\/produkt\/natriumnitrit-cas-7632-00-0\/","name":"Natriumnitrit (CAS 7632-00-0) - MasterChem | kemikaalien tuotanto ja myynti","isPartOf":{"@id":"https:\/\/masterchem.fi\/sv\/#website"},"primaryImageOfPage":{"@id":"https:\/\/masterchem.fi\/sv\/produkt\/natriumnitrit-cas-7632-00-0\/#primaryimage"},"image":{"@id":"https:\/\/masterchem.fi\/sv\/produkt\/natriumnitrit-cas-7632-00-0\/#primaryimage"},"thumbnailUrl":"https:\/\/masterchem.fi\/wp-content\/uploads\/2022\/08\/Naatriumnitrit-25kg-MasterChem.jpg","datePublished":"2022-08-11T08:07:09+00:00","dateModified":"2022-08-11T08:11:59+00:00","description":"Natriumnitrit (NaNO2) \u00e4r kemiskt natriumsaltet av salpetersyra (HNO2).","breadcrumb":{"@id":"https:\/\/masterchem.fi\/sv\/produkt\/natriumnitrit-cas-7632-00-0\/#breadcrumb"},"inLanguage":"sv-SE","potentialAction":[{"@type":"ReadAction","target":["https:\/\/masterchem.fi\/sv\/produkt\/natriumnitrit-cas-7632-00-0\/"]}]},{"@type":"ImageObject","inLanguage":"sv-SE","@id":"https:\/\/masterchem.fi\/sv\/produkt\/natriumnitrit-cas-7632-00-0\/#primaryimage","url":"https:\/\/masterchem.fi\/wp-content\/uploads\/2022\/08\/Naatriumnitrit-25kg-MasterChem.jpg","contentUrl":"https:\/\/masterchem.fi\/wp-content\/uploads\/2022\/08\/Naatriumnitrit-25kg-MasterChem.jpg","width":1000,"height":1000,"caption":"Natriumnitrit (CAS 7632-00-0) 25kg MasterChem"},{"@type":"BreadcrumbList","@id":"https:\/\/masterchem.fi\/sv\/produkt\/natriumnitrit-cas-7632-00-0\/#breadcrumb","itemListElement":[{"@type":"ListItem","position":1,"name":"Home","item":"https:\/\/masterchem.fi\/sv\/"},{"@type":"ListItem","position":2,"name":"Butik","item":"https:\/\/masterchem.fi\/sv\/butik\/"},{"@type":"ListItem","position":3,"name":"Natriumnitrit (CAS 7632-00-0)"}]},{"@type":"WebSite","@id":"https:\/\/masterchem.fi\/sv\/#website","url":"https:\/\/masterchem.fi\/sv\/","name":"MasterChem | kemikaalien tuotanto ja myynti","description":"kemikaalien tuotanto ja myynti","potentialAction":[{"@type":"SearchAction","target":{"@type":"EntryPoint","urlTemplate":"https:\/\/masterchem.fi\/sv\/?s={search_term_string}"},"query-input":{"@type":"PropertyValueSpecification","valueRequired":true,"valueName":"search_term_string"}}],"inLanguage":"sv-SE"}]}},"_links":{"self":[{"href":"https:\/\/masterchem.fi\/sv\/wp-json\/wp\/v2\/product\/11320","targetHints":{"allow":["GET"]}}],"collection":[{"href":"https:\/\/masterchem.fi\/sv\/wp-json\/wp\/v2\/product"}],"about":[{"href":"https:\/\/masterchem.fi\/sv\/wp-json\/wp\/v2\/types\/product"}],"wp:featuredmedia":[{"embeddable":true,"href":"https:\/\/masterchem.fi\/sv\/wp-json\/wp\/v2\/media\/11323"}],"wp:attachment":[{"href":"https:\/\/masterchem.fi\/sv\/wp-json\/wp\/v2\/media?parent=11320"}],"wp:term":[{"taxonomy":"product_brand","embeddable":true,"href":"https:\/\/masterchem.fi\/sv\/wp-json\/wp\/v2\/product_brand?post=11320"},{"taxonomy":"product_cat","embeddable":true,"href":"https:\/\/masterchem.fi\/sv\/wp-json\/wp\/v2\/product_cat?post=11320"},{"taxonomy":"product_tag","embeddable":true,"href":"https:\/\/masterchem.fi\/sv\/wp-json\/wp\/v2\/product_tag?post=11320"}],"curies":[{"name":"wp","href":"https:\/\/api.w.org\/{rel}","templated":true}]}}