{"id":11388,"date":"2022-08-15T13:15:24","date_gmt":"2022-08-15T10:15:26","guid":{"rendered":"https:\/\/masterchem.fi\/?post_type=product&#038;p=11388"},"modified":"2022-08-15T13:24:50","modified_gmt":"2022-08-15T10:24:50","slug":"attiksyra-50-cas-64-19-7","status":"publish","type":"product","link":"https:\/\/masterchem.fi\/sv\/produkt\/attiksyra-50-cas-64-19-7\/","title":{"rendered":"\u00c4ttiksyra 50 % (CAS 64-19-7)"},"content":{"rendered":"<p> <strong> Information<\/strong> <\/p>\n<p>Bransch: hush\u00e5llskemikalier, g\u00f6dningsmedel<br \/>\nCAS-nummer: 64-19-7<br \/>\nWE-nummer: 200-580-7<br \/>\nIndexnummer: 607-002-00-6<br \/>\nKemisk formel: CH3COOH<br \/>\nMolekylvikt: 60,05 g\/mol<br \/>\nTulltaxekod: 29152100<br \/>\nADR: UN2789<\/p>\n<p><strong>Andra fysiska egenskaper <\/strong><\/p>\n<p>pH: <1\nSm\u00e4lt-\/fryspunkt: -20\u00b0C (1013 hPa)<br \/>\nKokpunkt\/intervall: 92\u00b0C (1013hPa)<br \/>\nRelativ densitet: 1057 g\/cm3 (25 \u00b0C)<br \/>\nL\u00f6slighet i vatten: 602,9 g\/l\/ (25\u00b0C)<\/p>\n","protected":false},"excerpt":{"rendered":"<p> <strong>\u00c4ttiksyra 50 % (CAS 64-19-7)<\/strong> <\/p>\n<p>\u00c4ttiksyra eller etansyra \u00e4r en karboxylsyra med en karboxylgrupp. Det \u00e4r en klar, stickande luktande, fr\u00e4tande vattenblandbar v\u00e4tska. Strukturformeln f\u00f6r \u00e4ttiksyra \u00e4r CH3COOH och den kemiska formeln \u00e4r C2H4O2. \u00c4ttiksyra \u00e4r en svag monoprotisk syra med en syrakonstant p\u00e5 1,75 \u00d7 10-5 (pKa 4,75). Dess konjugatbas \u00e4r acetatjonen (CH3COO\u2212). Hush\u00e5llsvin\u00e4ger \u00e4r en utsp\u00e4dd l\u00f6sning av \u00e4ttiksyra. Vattenfri eller mer \u00e4n 80 massprocent \u00e4ttiksyral\u00f6sning kallas is\u00e4ttika. Vattenfri \u00e4ttiksyra kristalliserar redan vid 16,7 \u00b0C, dvs bara lite under rumstemperatur. Den mol\u00e4ra massan av \u00e4ttiksyra \u00e4r 60,1 g\/mol, sm\u00e4ltpunkt 16,7 \u00b0C, kokpunkt 118 \u00b0C, densitet (vid 20 \u00b0C) 1,05 g\/cm3 (vatten = 1,0 g\/cm3), flampunkt 39 \u00b0C c.c. , Sj\u00e4lvant\u00e4ndningstemperatur 427 \u00b0C och CAS-nummer 64\u201319\u20137. \u00c4ttiksyrasalter och estrar kallas acetater.<\/p>\n<p>\u00c4ttiksyra \u00e4r en av de viktigaste r\u00e5varorna i den kemiska industrin. Det anv\u00e4nds bland annat som livsmedelstillsats (E260), vid tillverkning av m\u00e5nga l\u00e4kemedel (som acetylsalicylsyra), parfymer, tryckf\u00e4rger, plaster, cellulosaacetat, mjukg\u00f6rare och acetatfibrer. I Finland anv\u00e4nds \u00e4ttiksyra bland annat f\u00f6r framst\u00e4llning av f\u00f6ljande kemikalier: karboximetylcellulosa (CMC), per\u00e4ttiksyra (C2H4O3) och klor\u00e4ttiksyra (C2H3ClO2).<\/p>\n","protected":false},"featured_media":11412,"template":"","meta":[],"product_brand":[],"product_cat":[105,116,173],"product_tag":[150,152],"class_list":{"0":"post-11388","1":"product","2":"type-product","3":"status-publish","4":"has-post-thumbnail","6":"product_cat-hushallskemikalier-sv","7":"product_cat-alla-produkter","8":"product_cat-godselmedel","9":"product_tag-kotitalouskemikaalit-sv","10":"product_tag-lasikuitu-sv","12":"first","13":"outofstock","14":"featured","15":"taxable","16":"shipping-taxable","17":"purchasable","18":"product-type-variable","19":"has-default-attributes","20":"rtwpvg-product"},"yoast_head":"<!-- This site is optimized with the Yoast SEO plugin v27.5 - https:\/\/yoast.com\/product\/yoast-seo-wordpress\/ -->\n<title>\u00c4ttiksyra 50 % (CAS 64-19-7) - MasterChem | kemikaalien tuotanto ja myynti<\/title>\n<meta name=\"description\" content=\"\u00c4ttiksyra eller etansyra \u00e4r en karboxylsyra med en karboxylgrupp.\" \/>\n<meta name=\"robots\" content=\"index, follow, max-snippet:-1, max-image-preview:large, max-video-preview:-1\" \/>\n<link rel=\"canonical\" href=\"https:\/\/masterchem.fi\/sv\/produkt\/attiksyra-50-cas-64-19-7\/\" \/>\n<meta property=\"og:locale\" content=\"sv_SE\" \/>\n<meta property=\"og:type\" content=\"article\" \/>\n<meta property=\"og:title\" content=\"\u00c4ttiksyra 50 % (CAS 64-19-7) - MasterChem | kemikaalien tuotanto ja myynti\" \/>\n<meta property=\"og:description\" content=\"\u00c4ttiksyra eller etansyra \u00e4r en karboxylsyra med en karboxylgrupp.\" \/>\n<meta property=\"og:url\" content=\"https:\/\/masterchem.fi\/sv\/produkt\/attiksyra-50-cas-64-19-7\/\" \/>\n<meta property=\"og:site_name\" content=\"MasterChem | kemikaalien tuotanto ja myynti\" \/>\n<meta property=\"article:modified_time\" content=\"2022-08-15T10:24:50+00:00\" \/>\n<meta property=\"og:image\" content=\"https:\/\/masterchem.fi\/wp-content\/uploads\/2022\/08\/Etikkahappo-50-CAS-64-19-7-1000l-MasterChem.jpg\" \/>\n\t<meta property=\"og:image:width\" content=\"1000\" \/>\n\t<meta property=\"og:image:height\" content=\"1000\" \/>\n\t<meta property=\"og:image:type\" content=\"image\/jpeg\" \/>\n<meta name=\"twitter:card\" content=\"summary_large_image\" \/>\n<script type=\"application\/ld+json\" class=\"yoast-schema-graph\">{\"@context\":\"https:\\\/\\\/schema.org\",\"@graph\":[{\"@type\":\"WebPage\",\"@id\":\"https:\\\/\\\/masterchem.fi\\\/sv\\\/produkt\\\/attiksyra-50-cas-64-19-7\\\/\",\"url\":\"https:\\\/\\\/masterchem.fi\\\/sv\\\/produkt\\\/attiksyra-50-cas-64-19-7\\\/\",\"name\":\"\u00c4ttiksyra 50 % (CAS 64-19-7) - MasterChem | kemikaalien tuotanto ja myynti\",\"isPartOf\":{\"@id\":\"https:\\\/\\\/masterchem.fi\\\/sv\\\/#website\"},\"primaryImageOfPage\":{\"@id\":\"https:\\\/\\\/masterchem.fi\\\/sv\\\/produkt\\\/attiksyra-50-cas-64-19-7\\\/#primaryimage\"},\"image\":{\"@id\":\"https:\\\/\\\/masterchem.fi\\\/sv\\\/produkt\\\/attiksyra-50-cas-64-19-7\\\/#primaryimage\"},\"thumbnailUrl\":\"https:\\\/\\\/masterchem.fi\\\/wp-content\\\/uploads\\\/2022\\\/08\\\/Etikkahappo-50-CAS-64-19-7-1000l-MasterChem.jpg\",\"datePublished\":\"2022-08-15T10:15:26+00:00\",\"dateModified\":\"2022-08-15T10:24:50+00:00\",\"description\":\"\u00c4ttiksyra eller etansyra \u00e4r en karboxylsyra med en karboxylgrupp.\",\"breadcrumb\":{\"@id\":\"https:\\\/\\\/masterchem.fi\\\/sv\\\/produkt\\\/attiksyra-50-cas-64-19-7\\\/#breadcrumb\"},\"inLanguage\":\"sv-SE\",\"potentialAction\":[{\"@type\":\"ReadAction\",\"target\":[\"https:\\\/\\\/masterchem.fi\\\/sv\\\/produkt\\\/attiksyra-50-cas-64-19-7\\\/\"]}]},{\"@type\":\"ImageObject\",\"inLanguage\":\"sv-SE\",\"@id\":\"https:\\\/\\\/masterchem.fi\\\/sv\\\/produkt\\\/attiksyra-50-cas-64-19-7\\\/#primaryimage\",\"url\":\"https:\\\/\\\/masterchem.fi\\\/wp-content\\\/uploads\\\/2022\\\/08\\\/Etikkahappo-50-CAS-64-19-7-1000l-MasterChem.jpg\",\"contentUrl\":\"https:\\\/\\\/masterchem.fi\\\/wp-content\\\/uploads\\\/2022\\\/08\\\/Etikkahappo-50-CAS-64-19-7-1000l-MasterChem.jpg\",\"width\":1000,\"height\":1000},{\"@type\":\"BreadcrumbList\",\"@id\":\"https:\\\/\\\/masterchem.fi\\\/sv\\\/produkt\\\/attiksyra-50-cas-64-19-7\\\/#breadcrumb\",\"itemListElement\":[{\"@type\":\"ListItem\",\"position\":1,\"name\":\"Home\",\"item\":\"https:\\\/\\\/masterchem.fi\\\/sv\\\/\"},{\"@type\":\"ListItem\",\"position\":2,\"name\":\"Butik\",\"item\":\"https:\\\/\\\/masterchem.fi\\\/sv\\\/butik\\\/\"},{\"@type\":\"ListItem\",\"position\":3,\"name\":\"\u00c4ttiksyra 50 % (CAS 64-19-7)\"}]},{\"@type\":\"WebSite\",\"@id\":\"https:\\\/\\\/masterchem.fi\\\/sv\\\/#website\",\"url\":\"https:\\\/\\\/masterchem.fi\\\/sv\\\/\",\"name\":\"MasterChem | kemikaalien tuotanto ja myynti\",\"description\":\"kemikaalien tuotanto ja myynti\",\"potentialAction\":[{\"@type\":\"SearchAction\",\"target\":{\"@type\":\"EntryPoint\",\"urlTemplate\":\"https:\\\/\\\/masterchem.fi\\\/sv\\\/?s={search_term_string}\"},\"query-input\":{\"@type\":\"PropertyValueSpecification\",\"valueRequired\":true,\"valueName\":\"search_term_string\"}}],\"inLanguage\":\"sv-SE\"}]}<\/script>\n<!-- \/ Yoast SEO plugin. -->","yoast_head_json":{"title":"\u00c4ttiksyra 50 % (CAS 64-19-7) - MasterChem | kemikaalien tuotanto ja myynti","description":"\u00c4ttiksyra eller etansyra \u00e4r en karboxylsyra med en karboxylgrupp.","robots":{"index":"index","follow":"follow","max-snippet":"max-snippet:-1","max-image-preview":"max-image-preview:large","max-video-preview":"max-video-preview:-1"},"canonical":"https:\/\/masterchem.fi\/sv\/produkt\/attiksyra-50-cas-64-19-7\/","og_locale":"sv_SE","og_type":"article","og_title":"\u00c4ttiksyra 50 % (CAS 64-19-7) - MasterChem | kemikaalien tuotanto ja myynti","og_description":"\u00c4ttiksyra eller etansyra \u00e4r en karboxylsyra med en karboxylgrupp.","og_url":"https:\/\/masterchem.fi\/sv\/produkt\/attiksyra-50-cas-64-19-7\/","og_site_name":"MasterChem | kemikaalien tuotanto ja myynti","article_modified_time":"2022-08-15T10:24:50+00:00","og_image":[{"width":1000,"height":1000,"url":"https:\/\/masterchem.fi\/wp-content\/uploads\/2022\/08\/Etikkahappo-50-CAS-64-19-7-1000l-MasterChem.jpg","type":"image\/jpeg"}],"twitter_card":"summary_large_image","schema":{"@context":"https:\/\/schema.org","@graph":[{"@type":"WebPage","@id":"https:\/\/masterchem.fi\/sv\/produkt\/attiksyra-50-cas-64-19-7\/","url":"https:\/\/masterchem.fi\/sv\/produkt\/attiksyra-50-cas-64-19-7\/","name":"\u00c4ttiksyra 50 % (CAS 64-19-7) - MasterChem | kemikaalien tuotanto ja myynti","isPartOf":{"@id":"https:\/\/masterchem.fi\/sv\/#website"},"primaryImageOfPage":{"@id":"https:\/\/masterchem.fi\/sv\/produkt\/attiksyra-50-cas-64-19-7\/#primaryimage"},"image":{"@id":"https:\/\/masterchem.fi\/sv\/produkt\/attiksyra-50-cas-64-19-7\/#primaryimage"},"thumbnailUrl":"https:\/\/masterchem.fi\/wp-content\/uploads\/2022\/08\/Etikkahappo-50-CAS-64-19-7-1000l-MasterChem.jpg","datePublished":"2022-08-15T10:15:26+00:00","dateModified":"2022-08-15T10:24:50+00:00","description":"\u00c4ttiksyra eller etansyra \u00e4r en karboxylsyra med en karboxylgrupp.","breadcrumb":{"@id":"https:\/\/masterchem.fi\/sv\/produkt\/attiksyra-50-cas-64-19-7\/#breadcrumb"},"inLanguage":"sv-SE","potentialAction":[{"@type":"ReadAction","target":["https:\/\/masterchem.fi\/sv\/produkt\/attiksyra-50-cas-64-19-7\/"]}]},{"@type":"ImageObject","inLanguage":"sv-SE","@id":"https:\/\/masterchem.fi\/sv\/produkt\/attiksyra-50-cas-64-19-7\/#primaryimage","url":"https:\/\/masterchem.fi\/wp-content\/uploads\/2022\/08\/Etikkahappo-50-CAS-64-19-7-1000l-MasterChem.jpg","contentUrl":"https:\/\/masterchem.fi\/wp-content\/uploads\/2022\/08\/Etikkahappo-50-CAS-64-19-7-1000l-MasterChem.jpg","width":1000,"height":1000},{"@type":"BreadcrumbList","@id":"https:\/\/masterchem.fi\/sv\/produkt\/attiksyra-50-cas-64-19-7\/#breadcrumb","itemListElement":[{"@type":"ListItem","position":1,"name":"Home","item":"https:\/\/masterchem.fi\/sv\/"},{"@type":"ListItem","position":2,"name":"Butik","item":"https:\/\/masterchem.fi\/sv\/butik\/"},{"@type":"ListItem","position":3,"name":"\u00c4ttiksyra 50 % (CAS 64-19-7)"}]},{"@type":"WebSite","@id":"https:\/\/masterchem.fi\/sv\/#website","url":"https:\/\/masterchem.fi\/sv\/","name":"MasterChem | kemikaalien tuotanto ja myynti","description":"kemikaalien tuotanto ja myynti","potentialAction":[{"@type":"SearchAction","target":{"@type":"EntryPoint","urlTemplate":"https:\/\/masterchem.fi\/sv\/?s={search_term_string}"},"query-input":{"@type":"PropertyValueSpecification","valueRequired":true,"valueName":"search_term_string"}}],"inLanguage":"sv-SE"}]}},"_links":{"self":[{"href":"https:\/\/masterchem.fi\/sv\/wp-json\/wp\/v2\/product\/11388","targetHints":{"allow":["GET"]}}],"collection":[{"href":"https:\/\/masterchem.fi\/sv\/wp-json\/wp\/v2\/product"}],"about":[{"href":"https:\/\/masterchem.fi\/sv\/wp-json\/wp\/v2\/types\/product"}],"wp:featuredmedia":[{"embeddable":true,"href":"https:\/\/masterchem.fi\/sv\/wp-json\/wp\/v2\/media\/11412"}],"wp:attachment":[{"href":"https:\/\/masterchem.fi\/sv\/wp-json\/wp\/v2\/media?parent=11388"}],"wp:term":[{"taxonomy":"product_brand","embeddable":true,"href":"https:\/\/masterchem.fi\/sv\/wp-json\/wp\/v2\/product_brand?post=11388"},{"taxonomy":"product_cat","embeddable":true,"href":"https:\/\/masterchem.fi\/sv\/wp-json\/wp\/v2\/product_cat?post=11388"},{"taxonomy":"product_tag","embeddable":true,"href":"https:\/\/masterchem.fi\/sv\/wp-json\/wp\/v2\/product_tag?post=11388"}],"curies":[{"name":"wp","href":"https:\/\/api.w.org\/{rel}","templated":true}]}}