{"id":11472,"date":"2022-08-15T13:43:23","date_gmt":"2022-08-15T10:43:26","guid":{"rendered":"https:\/\/masterchem.fi\/?post_type=product&#038;p=11472"},"modified":"2022-08-15T13:55:29","modified_gmt":"2022-08-15T10:55:29","slug":"pentanatriumedetat-40-losning-cas-140-01-2","status":"publish","type":"product","link":"https:\/\/masterchem.fi\/sv\/produkt\/pentanatriumedetat-40-losning-cas-140-01-2\/","title":{"rendered":"Pentanatriumedetat 40 % l\u00f6sning (CAS 140-01-2)"},"content":{"rendered":"<p> <strong> Information<\/strong> <\/p>\n<\/p>\n<p>Branscher: G\u00f6dselmedel<br \/>\nCAS-nummer: 140-01-2<br \/>\nWE-nummer: 205-391-3<br \/>\nKemisk formel: C14H23N3O10<br \/>\nTulltaxekod: 29224985<br \/>\nADR: UN3267<\/p>\n<p><strong>Andra fysiska egenskaper <\/strong><\/p>\n<p>pH: 11,0 &#8211; 11,8 (1 % r-r)<br \/>\nSm\u00e4lt-\/fryspunkt: -28\u00b0C<br \/>\nKokpunkt\/intervall: 106\u00b0C<br \/>\nRelativ densitet: 1,3 (25\u00b0C \/ 25\u00b0C)<\/p>\n","protected":false},"excerpt":{"rendered":"<p><strong>Pentanatriumedetat 40 % l\u00f6sning (CAS 140-01-2)<\/strong><\/p>\n","protected":false},"featured_media":11496,"template":"","meta":[],"product_brand":[],"product_cat":[173,105,116],"product_tag":[],"class_list":{"0":"post-11472","1":"product","2":"type-product","3":"status-publish","4":"has-post-thumbnail","6":"product_cat-godselmedel","7":"product_cat-hushallskemikalier-sv","8":"product_cat-alla-produkter","10":"first","11":"outofstock","12":"featured","13":"taxable","14":"shipping-taxable","15":"purchasable","16":"product-type-variable","17":"has-default-attributes","18":"rtwpvg-product"},"yoast_head":"<!-- This site is optimized with the Yoast SEO plugin v27.5 - https:\/\/yoast.com\/product\/yoast-seo-wordpress\/ -->\n<title>Pentanatriumedetat 40 % l\u00f6sning (CAS 140-01-2) - MasterChem | kemikaalien tuotanto ja myynti<\/title>\n<meta name=\"description\" content=\"Pentanatriumedetat 40 % l\u00f6sning (CAS 140-01-2). Branscher: G\u00f6dsel. WE-nummer: 205-391-3. Kemisk formel: C14H23N3O10\" \/>\n<meta name=\"robots\" content=\"index, follow, max-snippet:-1, max-image-preview:large, max-video-preview:-1\" \/>\n<link rel=\"canonical\" href=\"https:\/\/masterchem.fi\/sv\/produkt\/pentanatriumedetat-40-losning-cas-140-01-2\/\" \/>\n<meta property=\"og:locale\" content=\"sv_SE\" \/>\n<meta property=\"og:type\" content=\"article\" \/>\n<meta property=\"og:title\" content=\"Pentanatriumedetat 40 % l\u00f6sning (CAS 140-01-2) - MasterChem | kemikaalien tuotanto ja myynti\" \/>\n<meta property=\"og:description\" content=\"Pentanatriumedetat 40 % l\u00f6sning (CAS 140-01-2). Branscher: G\u00f6dsel. WE-nummer: 205-391-3. Kemisk formel: C14H23N3O10\" \/>\n<meta property=\"og:url\" content=\"https:\/\/masterchem.fi\/sv\/produkt\/pentanatriumedetat-40-losning-cas-140-01-2\/\" \/>\n<meta property=\"og:site_name\" content=\"MasterChem | kemikaalien tuotanto ja myynti\" \/>\n<meta property=\"article:modified_time\" content=\"2022-08-15T10:55:29+00:00\" \/>\n<meta property=\"og:image\" content=\"https:\/\/masterchem.fi\/wp-content\/uploads\/2022\/08\/Pentanatriumedetaatti-40-CAS-140-01-2-1000l-MasterChem.jpg\" \/>\n\t<meta property=\"og:image:width\" content=\"1000\" \/>\n\t<meta property=\"og:image:height\" content=\"1000\" \/>\n\t<meta property=\"og:image:type\" content=\"image\/jpeg\" \/>\n<meta name=\"twitter:card\" content=\"summary_large_image\" \/>\n<script type=\"application\/ld+json\" class=\"yoast-schema-graph\">{\"@context\":\"https:\\\/\\\/schema.org\",\"@graph\":[{\"@type\":\"WebPage\",\"@id\":\"https:\\\/\\\/masterchem.fi\\\/sv\\\/produkt\\\/pentanatriumedetat-40-losning-cas-140-01-2\\\/\",\"url\":\"https:\\\/\\\/masterchem.fi\\\/sv\\\/produkt\\\/pentanatriumedetat-40-losning-cas-140-01-2\\\/\",\"name\":\"Pentanatriumedetat 40 % l\u00f6sning (CAS 140-01-2) - MasterChem | kemikaalien tuotanto ja myynti\",\"isPartOf\":{\"@id\":\"https:\\\/\\\/masterchem.fi\\\/sv\\\/#website\"},\"primaryImageOfPage\":{\"@id\":\"https:\\\/\\\/masterchem.fi\\\/sv\\\/produkt\\\/pentanatriumedetat-40-losning-cas-140-01-2\\\/#primaryimage\"},\"image\":{\"@id\":\"https:\\\/\\\/masterchem.fi\\\/sv\\\/produkt\\\/pentanatriumedetat-40-losning-cas-140-01-2\\\/#primaryimage\"},\"thumbnailUrl\":\"https:\\\/\\\/masterchem.fi\\\/wp-content\\\/uploads\\\/2022\\\/08\\\/Pentanatriumedetaatti-40-CAS-140-01-2-1000l-MasterChem.jpg\",\"datePublished\":\"2022-08-15T10:43:26+00:00\",\"dateModified\":\"2022-08-15T10:55:29+00:00\",\"description\":\"Pentanatriumedetat 40 % l\u00f6sning (CAS 140-01-2). Branscher: G\u00f6dsel. WE-nummer: 205-391-3. Kemisk formel: C14H23N3O10\",\"breadcrumb\":{\"@id\":\"https:\\\/\\\/masterchem.fi\\\/sv\\\/produkt\\\/pentanatriumedetat-40-losning-cas-140-01-2\\\/#breadcrumb\"},\"inLanguage\":\"sv-SE\",\"potentialAction\":[{\"@type\":\"ReadAction\",\"target\":[\"https:\\\/\\\/masterchem.fi\\\/sv\\\/produkt\\\/pentanatriumedetat-40-losning-cas-140-01-2\\\/\"]}]},{\"@type\":\"ImageObject\",\"inLanguage\":\"sv-SE\",\"@id\":\"https:\\\/\\\/masterchem.fi\\\/sv\\\/produkt\\\/pentanatriumedetat-40-losning-cas-140-01-2\\\/#primaryimage\",\"url\":\"https:\\\/\\\/masterchem.fi\\\/wp-content\\\/uploads\\\/2022\\\/08\\\/Pentanatriumedetaatti-40-CAS-140-01-2-1000l-MasterChem.jpg\",\"contentUrl\":\"https:\\\/\\\/masterchem.fi\\\/wp-content\\\/uploads\\\/2022\\\/08\\\/Pentanatriumedetaatti-40-CAS-140-01-2-1000l-MasterChem.jpg\",\"width\":1000,\"height\":1000},{\"@type\":\"BreadcrumbList\",\"@id\":\"https:\\\/\\\/masterchem.fi\\\/sv\\\/produkt\\\/pentanatriumedetat-40-losning-cas-140-01-2\\\/#breadcrumb\",\"itemListElement\":[{\"@type\":\"ListItem\",\"position\":1,\"name\":\"Home\",\"item\":\"https:\\\/\\\/masterchem.fi\\\/sv\\\/\"},{\"@type\":\"ListItem\",\"position\":2,\"name\":\"Butik\",\"item\":\"https:\\\/\\\/masterchem.fi\\\/sv\\\/butik\\\/\"},{\"@type\":\"ListItem\",\"position\":3,\"name\":\"Pentanatriumedetat 40 % l\u00f6sning (CAS 140-01-2)\"}]},{\"@type\":\"WebSite\",\"@id\":\"https:\\\/\\\/masterchem.fi\\\/sv\\\/#website\",\"url\":\"https:\\\/\\\/masterchem.fi\\\/sv\\\/\",\"name\":\"MasterChem | kemikaalien tuotanto ja myynti\",\"description\":\"kemikaalien tuotanto ja myynti\",\"potentialAction\":[{\"@type\":\"SearchAction\",\"target\":{\"@type\":\"EntryPoint\",\"urlTemplate\":\"https:\\\/\\\/masterchem.fi\\\/sv\\\/?s={search_term_string}\"},\"query-input\":{\"@type\":\"PropertyValueSpecification\",\"valueRequired\":true,\"valueName\":\"search_term_string\"}}],\"inLanguage\":\"sv-SE\"}]}<\/script>\n<!-- \/ Yoast SEO plugin. -->","yoast_head_json":{"title":"Pentanatriumedetat 40 % l\u00f6sning (CAS 140-01-2) - MasterChem | kemikaalien tuotanto ja myynti","description":"Pentanatriumedetat 40 % l\u00f6sning (CAS 140-01-2). Branscher: G\u00f6dsel. WE-nummer: 205-391-3. Kemisk formel: C14H23N3O10","robots":{"index":"index","follow":"follow","max-snippet":"max-snippet:-1","max-image-preview":"max-image-preview:large","max-video-preview":"max-video-preview:-1"},"canonical":"https:\/\/masterchem.fi\/sv\/produkt\/pentanatriumedetat-40-losning-cas-140-01-2\/","og_locale":"sv_SE","og_type":"article","og_title":"Pentanatriumedetat 40 % l\u00f6sning (CAS 140-01-2) - MasterChem | kemikaalien tuotanto ja myynti","og_description":"Pentanatriumedetat 40 % l\u00f6sning (CAS 140-01-2). Branscher: G\u00f6dsel. WE-nummer: 205-391-3. Kemisk formel: C14H23N3O10","og_url":"https:\/\/masterchem.fi\/sv\/produkt\/pentanatriumedetat-40-losning-cas-140-01-2\/","og_site_name":"MasterChem | kemikaalien tuotanto ja myynti","article_modified_time":"2022-08-15T10:55:29+00:00","og_image":[{"width":1000,"height":1000,"url":"https:\/\/masterchem.fi\/wp-content\/uploads\/2022\/08\/Pentanatriumedetaatti-40-CAS-140-01-2-1000l-MasterChem.jpg","type":"image\/jpeg"}],"twitter_card":"summary_large_image","schema":{"@context":"https:\/\/schema.org","@graph":[{"@type":"WebPage","@id":"https:\/\/masterchem.fi\/sv\/produkt\/pentanatriumedetat-40-losning-cas-140-01-2\/","url":"https:\/\/masterchem.fi\/sv\/produkt\/pentanatriumedetat-40-losning-cas-140-01-2\/","name":"Pentanatriumedetat 40 % l\u00f6sning (CAS 140-01-2) - MasterChem | kemikaalien tuotanto ja myynti","isPartOf":{"@id":"https:\/\/masterchem.fi\/sv\/#website"},"primaryImageOfPage":{"@id":"https:\/\/masterchem.fi\/sv\/produkt\/pentanatriumedetat-40-losning-cas-140-01-2\/#primaryimage"},"image":{"@id":"https:\/\/masterchem.fi\/sv\/produkt\/pentanatriumedetat-40-losning-cas-140-01-2\/#primaryimage"},"thumbnailUrl":"https:\/\/masterchem.fi\/wp-content\/uploads\/2022\/08\/Pentanatriumedetaatti-40-CAS-140-01-2-1000l-MasterChem.jpg","datePublished":"2022-08-15T10:43:26+00:00","dateModified":"2022-08-15T10:55:29+00:00","description":"Pentanatriumedetat 40 % l\u00f6sning (CAS 140-01-2). Branscher: G\u00f6dsel. WE-nummer: 205-391-3. Kemisk formel: C14H23N3O10","breadcrumb":{"@id":"https:\/\/masterchem.fi\/sv\/produkt\/pentanatriumedetat-40-losning-cas-140-01-2\/#breadcrumb"},"inLanguage":"sv-SE","potentialAction":[{"@type":"ReadAction","target":["https:\/\/masterchem.fi\/sv\/produkt\/pentanatriumedetat-40-losning-cas-140-01-2\/"]}]},{"@type":"ImageObject","inLanguage":"sv-SE","@id":"https:\/\/masterchem.fi\/sv\/produkt\/pentanatriumedetat-40-losning-cas-140-01-2\/#primaryimage","url":"https:\/\/masterchem.fi\/wp-content\/uploads\/2022\/08\/Pentanatriumedetaatti-40-CAS-140-01-2-1000l-MasterChem.jpg","contentUrl":"https:\/\/masterchem.fi\/wp-content\/uploads\/2022\/08\/Pentanatriumedetaatti-40-CAS-140-01-2-1000l-MasterChem.jpg","width":1000,"height":1000},{"@type":"BreadcrumbList","@id":"https:\/\/masterchem.fi\/sv\/produkt\/pentanatriumedetat-40-losning-cas-140-01-2\/#breadcrumb","itemListElement":[{"@type":"ListItem","position":1,"name":"Home","item":"https:\/\/masterchem.fi\/sv\/"},{"@type":"ListItem","position":2,"name":"Butik","item":"https:\/\/masterchem.fi\/sv\/butik\/"},{"@type":"ListItem","position":3,"name":"Pentanatriumedetat 40 % l\u00f6sning (CAS 140-01-2)"}]},{"@type":"WebSite","@id":"https:\/\/masterchem.fi\/sv\/#website","url":"https:\/\/masterchem.fi\/sv\/","name":"MasterChem | kemikaalien tuotanto ja myynti","description":"kemikaalien tuotanto ja myynti","potentialAction":[{"@type":"SearchAction","target":{"@type":"EntryPoint","urlTemplate":"https:\/\/masterchem.fi\/sv\/?s={search_term_string}"},"query-input":{"@type":"PropertyValueSpecification","valueRequired":true,"valueName":"search_term_string"}}],"inLanguage":"sv-SE"}]}},"_links":{"self":[{"href":"https:\/\/masterchem.fi\/sv\/wp-json\/wp\/v2\/product\/11472","targetHints":{"allow":["GET"]}}],"collection":[{"href":"https:\/\/masterchem.fi\/sv\/wp-json\/wp\/v2\/product"}],"about":[{"href":"https:\/\/masterchem.fi\/sv\/wp-json\/wp\/v2\/types\/product"}],"wp:featuredmedia":[{"embeddable":true,"href":"https:\/\/masterchem.fi\/sv\/wp-json\/wp\/v2\/media\/11496"}],"wp:attachment":[{"href":"https:\/\/masterchem.fi\/sv\/wp-json\/wp\/v2\/media?parent=11472"}],"wp:term":[{"taxonomy":"product_brand","embeddable":true,"href":"https:\/\/masterchem.fi\/sv\/wp-json\/wp\/v2\/product_brand?post=11472"},{"taxonomy":"product_cat","embeddable":true,"href":"https:\/\/masterchem.fi\/sv\/wp-json\/wp\/v2\/product_cat?post=11472"},{"taxonomy":"product_tag","embeddable":true,"href":"https:\/\/masterchem.fi\/sv\/wp-json\/wp\/v2\/product_tag?post=11472"}],"curies":[{"name":"wp","href":"https:\/\/api.w.org\/{rel}","templated":true}]}}