{"id":11514,"date":"2022-08-15T14:32:35","date_gmt":"2022-08-15T11:32:38","guid":{"rendered":"https:\/\/masterchem.fi\/?post_type=product&#038;p=11514"},"modified":"2022-08-15T14:46:36","modified_gmt":"2022-08-15T11:46:36","slug":"kvavelosningsmedel-pu-5030","status":"publish","type":"product","link":"https:\/\/masterchem.fi\/sv\/produkt\/kvavelosningsmedel-pu-5030\/","title":{"rendered":"Kv\u00e4vel\u00f6sningsmedel PU-5030"},"content":{"rendered":"<p>Polyuretanf\u00f6rtunning Masterchem PU-5030 \u00e4r en blandning av polyuretan-oligomerl\u00f6sning och organiska l\u00f6sningsmedel. N\u00e4r du v\u00e4ljer en thinner f\u00f6r polyuretanf\u00e4rg m\u00e5ste du se till att den inneh\u00e5ller alkoholer, bensin och nitrokomkomponenter och samtidigt inneh\u00e5ller acetater eller aromatiska kolv\u00e4ten.<\/p>\n<p>Detta l\u00f6sningsmedel \u00e4r l\u00e4mpligt f\u00f6r utsp\u00e4dning av polyuretanf\u00e4rger fr\u00e5n alla europeiska tillverkare, eftersom det \u00e4r analogt med originalen och skiljer sig endast i pris &#8211; mer kundv\u00e4nligt. F\u00e4rgtillverkarna skyddar sin inkomst genom att s\u00e4lja l\u00f6sningsmedel eftersom de f\u00f6r det mesta tj\u00e4nar mer pengar p\u00e5 denna produkt \u00e4n p\u00e5 sj\u00e4lva polyuretanf\u00e4rgen\/lacken eller h\u00e4rdare. Det \u00e4r d\u00e4rf\u00f6r de skr\u00e4mmer kunden att andra tillverkares polyuretanl\u00f6sningsmedel inte \u00e4r l\u00e4mpliga.<\/p>\n<p>Vi har erbjudit kvalitetsprodukter i \u00f6ver 20 \u00e5r och v\u00e5ra kunder \u00e4r n\u00f6jda med kvaliteten och kostnadsbesparingarna.<\/p>\n<p>Masterchem PU-5030 tillh\u00f6r snabba polyuretanf\u00f6rtunningsmedel. Vi har \u00e4ven l\u00e5ngsammare l\u00f6sningsmedel &#8211; PU-5040, PU-5060 eller PU-5062<\/p>\n<p>MasterChem tillverkar detta l\u00f6sningsmedel direkt.<\/p>\n<p>Thinner PU-5030 \u00e4r en f\u00e4rgl\u00f6s eller l\u00e4tt gulaktig v\u00e4tska med en karakteristisk lukt. Det anv\u00e4nds i produktionen och i vardagen f\u00f6r att sp\u00e4da ut f\u00e4rger och lacker och f\u00e5 dem att fungera.<\/p>\n","protected":false},"excerpt":{"rendered":"<p><strong>Applicering och anv\u00e4ndning: PU-5030<\/strong><br \/>\n&#8211; anv\u00e4nds f\u00f6r att korrigera viskositeten hos polyuretanf\u00e4rger, lacker vid m\u00e5lning av tr\u00e4 och metall,<br \/>\n&#8211; utsp\u00e4dning av polyuretanmassa,<br \/>\n&#8211; borttagning av fett och damm fr\u00e5n metallytor,<br \/>\n-tunna f\u00e4rgen och reng\u00f6ringsverktyg,<br \/>\n&#8211; tv\u00e4tta sprutpistoler och annan utrustning efter att ha anv\u00e4nt f\u00e4rg och lack.<\/p>\n<p><strong>Paket:<\/strong><br \/>\n20 lit. metallskopa UN<br \/>\n25 lit. plastbeh\u00e5llare<br \/>\n200 lit. metallfat UN<br \/>\n500 lit. FN-beh\u00e5llare<br \/>\n1000 lit. FN-beh\u00e5llare<br \/>\n24 mt i bulk<\/p>\n<p><strong>Lagring:<\/strong><br \/>\nF\u00f6rvara produkten mellan -25\u00b0C och +25\u00b0C och uts\u00e4tt den inte f\u00f6r direkt solljus.<\/p>\n<p><strong>Fysiska egenskaper:<\/strong><br \/>\nDensitet: 0,88 g\/cm3 +-0,05 vid 20 grader<br \/>\nF\u00e4rg: klar, f\u00e4rgl\u00f6s v\u00e4tska<\/p>\n","protected":false},"featured_media":11538,"template":"","meta":[],"product_brand":[],"product_cat":[109,173,112,116,104,105],"product_tag":[],"class_list":{"0":"post-11514","1":"product","2":"type-product","3":"status-publish","4":"has-post-thumbnail","6":"product_cat-plast","7":"product_cat-godselmedel","8":"product_cat-byggbranschen","9":"product_cat-alla-produkter","10":"product_cat-bil-och-maskinkemikalier","11":"product_cat-hushallskemikalier-sv","13":"first","14":"outofstock","15":"featured","16":"taxable","17":"shipping-taxable","18":"purchasable","19":"product-type-variable","20":"has-default-attributes","21":"rtwpvg-product"},"yoast_head":"<!-- This site is optimized with the Yoast SEO plugin v27.5 - https:\/\/yoast.com\/product\/yoast-seo-wordpress\/ -->\n<title>Kv\u00e4vel\u00f6sningsmedel PU-5030 - MasterChem | kemikaalien tuotanto ja myynti<\/title>\n<meta name=\"description\" content=\"Polyuretanf\u00f6rtunning Masterchem PU-5030 \u00e4r en blandning av polyuretan-oligomerl\u00f6sning och organiska l\u00f6sningsmedel.\" \/>\n<meta name=\"robots\" content=\"index, follow, max-snippet:-1, max-image-preview:large, max-video-preview:-1\" \/>\n<link rel=\"canonical\" href=\"https:\/\/masterchem.fi\/sv\/produkt\/kvavelosningsmedel-pu-5030\/\" \/>\n<meta property=\"og:locale\" content=\"sv_SE\" \/>\n<meta property=\"og:type\" content=\"article\" \/>\n<meta property=\"og:title\" content=\"Kv\u00e4vel\u00f6sningsmedel PU-5030 - MasterChem | kemikaalien tuotanto ja myynti\" \/>\n<meta property=\"og:description\" content=\"Polyuretanf\u00f6rtunning Masterchem PU-5030 \u00e4r en blandning av polyuretan-oligomerl\u00f6sning och organiska l\u00f6sningsmedel.\" \/>\n<meta property=\"og:url\" content=\"https:\/\/masterchem.fi\/sv\/produkt\/kvavelosningsmedel-pu-5030\/\" \/>\n<meta property=\"og:site_name\" content=\"MasterChem | kemikaalien tuotanto ja myynti\" \/>\n<meta property=\"article:modified_time\" content=\"2022-08-15T11:46:36+00:00\" \/>\n<meta property=\"og:image\" content=\"https:\/\/masterchem.fi\/wp-content\/uploads\/2022\/08\/TYPPILIUOTIN-PU-5030-1000l-MasterChem.jpg\" \/>\n\t<meta property=\"og:image:width\" content=\"1000\" \/>\n\t<meta property=\"og:image:height\" content=\"1000\" \/>\n\t<meta property=\"og:image:type\" content=\"image\/jpeg\" \/>\n<meta name=\"twitter:card\" content=\"summary_large_image\" \/>\n<meta name=\"twitter:label1\" content=\"Ber\u00e4knad l\u00e4stid\" \/>\n\t<meta name=\"twitter:data1\" content=\"1 minut\" \/>\n<script type=\"application\/ld+json\" class=\"yoast-schema-graph\">{\"@context\":\"https:\\\/\\\/schema.org\",\"@graph\":[{\"@type\":\"WebPage\",\"@id\":\"https:\\\/\\\/masterchem.fi\\\/sv\\\/produkt\\\/kvavelosningsmedel-pu-5030\\\/\",\"url\":\"https:\\\/\\\/masterchem.fi\\\/sv\\\/produkt\\\/kvavelosningsmedel-pu-5030\\\/\",\"name\":\"Kv\u00e4vel\u00f6sningsmedel PU-5030 - MasterChem | kemikaalien tuotanto ja myynti\",\"isPartOf\":{\"@id\":\"https:\\\/\\\/masterchem.fi\\\/sv\\\/#website\"},\"primaryImageOfPage\":{\"@id\":\"https:\\\/\\\/masterchem.fi\\\/sv\\\/produkt\\\/kvavelosningsmedel-pu-5030\\\/#primaryimage\"},\"image\":{\"@id\":\"https:\\\/\\\/masterchem.fi\\\/sv\\\/produkt\\\/kvavelosningsmedel-pu-5030\\\/#primaryimage\"},\"thumbnailUrl\":\"https:\\\/\\\/masterchem.fi\\\/wp-content\\\/uploads\\\/2022\\\/08\\\/TYPPILIUOTIN-PU-5030-1000l-MasterChem.jpg\",\"datePublished\":\"2022-08-15T11:32:38+00:00\",\"dateModified\":\"2022-08-15T11:46:36+00:00\",\"description\":\"Polyuretanf\u00f6rtunning Masterchem PU-5030 \u00e4r en blandning av polyuretan-oligomerl\u00f6sning och organiska l\u00f6sningsmedel.\",\"breadcrumb\":{\"@id\":\"https:\\\/\\\/masterchem.fi\\\/sv\\\/produkt\\\/kvavelosningsmedel-pu-5030\\\/#breadcrumb\"},\"inLanguage\":\"sv-SE\",\"potentialAction\":[{\"@type\":\"ReadAction\",\"target\":[\"https:\\\/\\\/masterchem.fi\\\/sv\\\/produkt\\\/kvavelosningsmedel-pu-5030\\\/\"]}]},{\"@type\":\"ImageObject\",\"inLanguage\":\"sv-SE\",\"@id\":\"https:\\\/\\\/masterchem.fi\\\/sv\\\/produkt\\\/kvavelosningsmedel-pu-5030\\\/#primaryimage\",\"url\":\"https:\\\/\\\/masterchem.fi\\\/wp-content\\\/uploads\\\/2022\\\/08\\\/TYPPILIUOTIN-PU-5030-1000l-MasterChem.jpg\",\"contentUrl\":\"https:\\\/\\\/masterchem.fi\\\/wp-content\\\/uploads\\\/2022\\\/08\\\/TYPPILIUOTIN-PU-5030-1000l-MasterChem.jpg\",\"width\":1000,\"height\":1000},{\"@type\":\"BreadcrumbList\",\"@id\":\"https:\\\/\\\/masterchem.fi\\\/sv\\\/produkt\\\/kvavelosningsmedel-pu-5030\\\/#breadcrumb\",\"itemListElement\":[{\"@type\":\"ListItem\",\"position\":1,\"name\":\"Home\",\"item\":\"https:\\\/\\\/masterchem.fi\\\/sv\\\/\"},{\"@type\":\"ListItem\",\"position\":2,\"name\":\"Butik\",\"item\":\"https:\\\/\\\/masterchem.fi\\\/sv\\\/butik\\\/\"},{\"@type\":\"ListItem\",\"position\":3,\"name\":\"Kv\u00e4vel\u00f6sningsmedel PU-5030\"}]},{\"@type\":\"WebSite\",\"@id\":\"https:\\\/\\\/masterchem.fi\\\/sv\\\/#website\",\"url\":\"https:\\\/\\\/masterchem.fi\\\/sv\\\/\",\"name\":\"MasterChem | kemikaalien tuotanto ja myynti\",\"description\":\"kemikaalien tuotanto ja myynti\",\"potentialAction\":[{\"@type\":\"SearchAction\",\"target\":{\"@type\":\"EntryPoint\",\"urlTemplate\":\"https:\\\/\\\/masterchem.fi\\\/sv\\\/?s={search_term_string}\"},\"query-input\":{\"@type\":\"PropertyValueSpecification\",\"valueRequired\":true,\"valueName\":\"search_term_string\"}}],\"inLanguage\":\"sv-SE\"}]}<\/script>\n<!-- \/ Yoast SEO plugin. -->","yoast_head_json":{"title":"Kv\u00e4vel\u00f6sningsmedel PU-5030 - MasterChem | kemikaalien tuotanto ja myynti","description":"Polyuretanf\u00f6rtunning Masterchem PU-5030 \u00e4r en blandning av polyuretan-oligomerl\u00f6sning och organiska l\u00f6sningsmedel.","robots":{"index":"index","follow":"follow","max-snippet":"max-snippet:-1","max-image-preview":"max-image-preview:large","max-video-preview":"max-video-preview:-1"},"canonical":"https:\/\/masterchem.fi\/sv\/produkt\/kvavelosningsmedel-pu-5030\/","og_locale":"sv_SE","og_type":"article","og_title":"Kv\u00e4vel\u00f6sningsmedel PU-5030 - MasterChem | kemikaalien tuotanto ja myynti","og_description":"Polyuretanf\u00f6rtunning Masterchem PU-5030 \u00e4r en blandning av polyuretan-oligomerl\u00f6sning och organiska l\u00f6sningsmedel.","og_url":"https:\/\/masterchem.fi\/sv\/produkt\/kvavelosningsmedel-pu-5030\/","og_site_name":"MasterChem | kemikaalien tuotanto ja myynti","article_modified_time":"2022-08-15T11:46:36+00:00","og_image":[{"width":1000,"height":1000,"url":"https:\/\/masterchem.fi\/wp-content\/uploads\/2022\/08\/TYPPILIUOTIN-PU-5030-1000l-MasterChem.jpg","type":"image\/jpeg"}],"twitter_card":"summary_large_image","twitter_misc":{"Ber\u00e4knad l\u00e4stid":"1 minut"},"schema":{"@context":"https:\/\/schema.org","@graph":[{"@type":"WebPage","@id":"https:\/\/masterchem.fi\/sv\/produkt\/kvavelosningsmedel-pu-5030\/","url":"https:\/\/masterchem.fi\/sv\/produkt\/kvavelosningsmedel-pu-5030\/","name":"Kv\u00e4vel\u00f6sningsmedel PU-5030 - MasterChem | kemikaalien tuotanto ja myynti","isPartOf":{"@id":"https:\/\/masterchem.fi\/sv\/#website"},"primaryImageOfPage":{"@id":"https:\/\/masterchem.fi\/sv\/produkt\/kvavelosningsmedel-pu-5030\/#primaryimage"},"image":{"@id":"https:\/\/masterchem.fi\/sv\/produkt\/kvavelosningsmedel-pu-5030\/#primaryimage"},"thumbnailUrl":"https:\/\/masterchem.fi\/wp-content\/uploads\/2022\/08\/TYPPILIUOTIN-PU-5030-1000l-MasterChem.jpg","datePublished":"2022-08-15T11:32:38+00:00","dateModified":"2022-08-15T11:46:36+00:00","description":"Polyuretanf\u00f6rtunning Masterchem PU-5030 \u00e4r en blandning av polyuretan-oligomerl\u00f6sning och organiska l\u00f6sningsmedel.","breadcrumb":{"@id":"https:\/\/masterchem.fi\/sv\/produkt\/kvavelosningsmedel-pu-5030\/#breadcrumb"},"inLanguage":"sv-SE","potentialAction":[{"@type":"ReadAction","target":["https:\/\/masterchem.fi\/sv\/produkt\/kvavelosningsmedel-pu-5030\/"]}]},{"@type":"ImageObject","inLanguage":"sv-SE","@id":"https:\/\/masterchem.fi\/sv\/produkt\/kvavelosningsmedel-pu-5030\/#primaryimage","url":"https:\/\/masterchem.fi\/wp-content\/uploads\/2022\/08\/TYPPILIUOTIN-PU-5030-1000l-MasterChem.jpg","contentUrl":"https:\/\/masterchem.fi\/wp-content\/uploads\/2022\/08\/TYPPILIUOTIN-PU-5030-1000l-MasterChem.jpg","width":1000,"height":1000},{"@type":"BreadcrumbList","@id":"https:\/\/masterchem.fi\/sv\/produkt\/kvavelosningsmedel-pu-5030\/#breadcrumb","itemListElement":[{"@type":"ListItem","position":1,"name":"Home","item":"https:\/\/masterchem.fi\/sv\/"},{"@type":"ListItem","position":2,"name":"Butik","item":"https:\/\/masterchem.fi\/sv\/butik\/"},{"@type":"ListItem","position":3,"name":"Kv\u00e4vel\u00f6sningsmedel PU-5030"}]},{"@type":"WebSite","@id":"https:\/\/masterchem.fi\/sv\/#website","url":"https:\/\/masterchem.fi\/sv\/","name":"MasterChem | kemikaalien tuotanto ja myynti","description":"kemikaalien tuotanto ja myynti","potentialAction":[{"@type":"SearchAction","target":{"@type":"EntryPoint","urlTemplate":"https:\/\/masterchem.fi\/sv\/?s={search_term_string}"},"query-input":{"@type":"PropertyValueSpecification","valueRequired":true,"valueName":"search_term_string"}}],"inLanguage":"sv-SE"}]}},"_links":{"self":[{"href":"https:\/\/masterchem.fi\/sv\/wp-json\/wp\/v2\/product\/11514","targetHints":{"allow":["GET"]}}],"collection":[{"href":"https:\/\/masterchem.fi\/sv\/wp-json\/wp\/v2\/product"}],"about":[{"href":"https:\/\/masterchem.fi\/sv\/wp-json\/wp\/v2\/types\/product"}],"wp:featuredmedia":[{"embeddable":true,"href":"https:\/\/masterchem.fi\/sv\/wp-json\/wp\/v2\/media\/11538"}],"wp:attachment":[{"href":"https:\/\/masterchem.fi\/sv\/wp-json\/wp\/v2\/media?parent=11514"}],"wp:term":[{"taxonomy":"product_brand","embeddable":true,"href":"https:\/\/masterchem.fi\/sv\/wp-json\/wp\/v2\/product_brand?post=11514"},{"taxonomy":"product_cat","embeddable":true,"href":"https:\/\/masterchem.fi\/sv\/wp-json\/wp\/v2\/product_cat?post=11514"},{"taxonomy":"product_tag","embeddable":true,"href":"https:\/\/masterchem.fi\/sv\/wp-json\/wp\/v2\/product_tag?post=11514"}],"curies":[{"name":"wp","href":"https:\/\/api.w.org\/{rel}","templated":true}]}}