{"id":11550,"date":"2022-08-15T14:51:27","date_gmt":"2022-08-15T11:51:28","guid":{"rendered":"https:\/\/masterchem.fi\/?post_type=product&#038;p=11550"},"modified":"2022-08-15T15:00:25","modified_gmt":"2022-08-15T12:00:25","slug":"ammoniumtiosulfat-cas-7783-18-8","status":"publish","type":"product","link":"https:\/\/masterchem.fi\/sv\/produkt\/ammoniumtiosulfat-cas-7783-18-8\/","title":{"rendered":"Ammoniumtiosulfat (CAS 7783-18-8)"},"content":{"rendered":"<p><strong>Information<\/strong><br \/>\nBranscher: G\u00f6dsel<br \/>\nCAS-nummer: 7783-18-8<br \/>\nWE-nummer: 231-982-0<br \/>\nKemisk formel: H8N2O3S2<br \/>\nMolekylvikt: 148,2 g\/mol<br \/>\nTulltaxekod: 283223000<\/p>\n<p><strong>Andra fysiska egenskaper<\/strong><br \/>\nRelativ densitet: ~1 679 g\/cm3 (20\u00b0C)<br \/>\nL\u00f6slighet i vatten: 1980 g\/l (20\u00b0C )<\/p>\n","protected":false},"excerpt":{"rendered":"<p><strong>Ammoniumtiosulfat (CAS 7783-18-8)<\/strong><\/p>\n<p>Ammoniumtiosulfat (ammoniumtiosulfat p\u00e5 brittisk engelska) \u00e4r en oorganisk f\u00f6rening med formeln (NH4)2S2O3. Det \u00e4r ett vitt kristallint fast \u00e4mne med en ammoniaklukt, l\u00e4ttl\u00f6slig i vatten, l\u00e4ttl\u00f6slig i aceton och ol\u00f6slig i etanol och dietyleter.<\/p>\n<p>Ammoniumtiosulfat kan anv\u00e4ndas som g\u00f6dningsmedel. Som f\u00f6reslagits i vissa studier kan det ocks\u00e5 anv\u00e4ndas som tillsats till kolavfallsblandningar f\u00f6r att minska bildningen av dioxiner och furaner vid f\u00f6rbr\u00e4nning.<\/p>\n","protected":false},"featured_media":11554,"template":"","meta":[],"product_brand":[],"product_cat":[116,173],"product_tag":[],"class_list":{"0":"post-11550","1":"product","2":"type-product","3":"status-publish","4":"has-post-thumbnail","6":"product_cat-alla-produkter","7":"product_cat-godselmedel","9":"first","10":"outofstock","11":"taxable","12":"shipping-taxable","13":"purchasable","14":"product-type-variable","15":"has-default-attributes","16":"rtwpvg-product"},"yoast_head":"<!-- This site is optimized with the Yoast SEO plugin v27.2 - https:\/\/yoast.com\/product\/yoast-seo-wordpress\/ -->\n<title>Ammoniumtiosulfat (CAS 7783-18-8) - MasterChem | kemikaalien tuotanto ja myynti<\/title>\n<meta name=\"description\" content=\"Ammoniumtiosulfat (ammoniumtiosulfat p\u00e5 brittisk engelska) \u00e4r en oorganisk f\u00f6rening med formeln (NH4)2S2O3.\" \/>\n<meta name=\"robots\" content=\"index, follow, max-snippet:-1, max-image-preview:large, max-video-preview:-1\" \/>\n<link rel=\"canonical\" href=\"https:\/\/masterchem.fi\/sv\/produkt\/ammoniumtiosulfat-cas-7783-18-8\/\" \/>\n<meta property=\"og:locale\" content=\"sv_SE\" \/>\n<meta property=\"og:type\" content=\"article\" \/>\n<meta property=\"og:title\" content=\"Ammoniumtiosulfat (CAS 7783-18-8) - MasterChem | kemikaalien tuotanto ja myynti\" \/>\n<meta property=\"og:description\" content=\"Ammoniumtiosulfat (ammoniumtiosulfat p\u00e5 brittisk engelska) \u00e4r en oorganisk f\u00f6rening med formeln (NH4)2S2O3.\" \/>\n<meta property=\"og:url\" content=\"https:\/\/masterchem.fi\/sv\/produkt\/ammoniumtiosulfat-cas-7783-18-8\/\" \/>\n<meta property=\"og:site_name\" content=\"MasterChem | kemikaalien tuotanto ja myynti\" \/>\n<meta property=\"article:modified_time\" content=\"2022-08-15T12:00:25+00:00\" \/>\n<meta property=\"og:image\" content=\"https:\/\/masterchem.fi\/wp-content\/uploads\/2022\/08\/Ammoniumtiosulfaatti-CAS-7783-18-8-25kg-MasterChem.jpg\" \/>\n\t<meta property=\"og:image:width\" content=\"1000\" \/>\n\t<meta property=\"og:image:height\" content=\"1000\" \/>\n\t<meta property=\"og:image:type\" content=\"image\/jpeg\" \/>\n<meta name=\"twitter:card\" content=\"summary_large_image\" \/>\n<script type=\"application\/ld+json\" class=\"yoast-schema-graph\">{\"@context\":\"https:\/\/schema.org\",\"@graph\":[{\"@type\":\"WebPage\",\"@id\":\"https:\/\/masterchem.fi\/sv\/produkt\/ammoniumtiosulfat-cas-7783-18-8\/\",\"url\":\"https:\/\/masterchem.fi\/sv\/produkt\/ammoniumtiosulfat-cas-7783-18-8\/\",\"name\":\"Ammoniumtiosulfat (CAS 7783-18-8) - MasterChem | kemikaalien tuotanto ja myynti\",\"isPartOf\":{\"@id\":\"https:\/\/masterchem.fi\/sv\/#website\"},\"primaryImageOfPage\":{\"@id\":\"https:\/\/masterchem.fi\/sv\/produkt\/ammoniumtiosulfat-cas-7783-18-8\/#primaryimage\"},\"image\":{\"@id\":\"https:\/\/masterchem.fi\/sv\/produkt\/ammoniumtiosulfat-cas-7783-18-8\/#primaryimage\"},\"thumbnailUrl\":\"https:\/\/masterchem.fi\/wp-content\/uploads\/2022\/08\/Ammoniumtiosulfaatti-CAS-7783-18-8-25kg-MasterChem.jpg\",\"datePublished\":\"2022-08-15T11:51:28+00:00\",\"dateModified\":\"2022-08-15T12:00:25+00:00\",\"description\":\"Ammoniumtiosulfat (ammoniumtiosulfat p\u00e5 brittisk engelska) \u00e4r en oorganisk f\u00f6rening med formeln (NH4)2S2O3.\",\"breadcrumb\":{\"@id\":\"https:\/\/masterchem.fi\/sv\/produkt\/ammoniumtiosulfat-cas-7783-18-8\/#breadcrumb\"},\"inLanguage\":\"sv-SE\",\"potentialAction\":[{\"@type\":\"ReadAction\",\"target\":[\"https:\/\/masterchem.fi\/sv\/produkt\/ammoniumtiosulfat-cas-7783-18-8\/\"]}]},{\"@type\":\"ImageObject\",\"inLanguage\":\"sv-SE\",\"@id\":\"https:\/\/masterchem.fi\/sv\/produkt\/ammoniumtiosulfat-cas-7783-18-8\/#primaryimage\",\"url\":\"https:\/\/masterchem.fi\/wp-content\/uploads\/2022\/08\/Ammoniumtiosulfaatti-CAS-7783-18-8-25kg-MasterChem.jpg\",\"contentUrl\":\"https:\/\/masterchem.fi\/wp-content\/uploads\/2022\/08\/Ammoniumtiosulfaatti-CAS-7783-18-8-25kg-MasterChem.jpg\",\"width\":1000,\"height\":1000},{\"@type\":\"BreadcrumbList\",\"@id\":\"https:\/\/masterchem.fi\/sv\/produkt\/ammoniumtiosulfat-cas-7783-18-8\/#breadcrumb\",\"itemListElement\":[{\"@type\":\"ListItem\",\"position\":1,\"name\":\"Home\",\"item\":\"https:\/\/masterchem.fi\/sv\/\"},{\"@type\":\"ListItem\",\"position\":2,\"name\":\"Butik\",\"item\":\"https:\/\/masterchem.fi\/sv\/butik\/\"},{\"@type\":\"ListItem\",\"position\":3,\"name\":\"Ammoniumtiosulfat (CAS 7783-18-8)\"}]},{\"@type\":\"WebSite\",\"@id\":\"https:\/\/masterchem.fi\/sv\/#website\",\"url\":\"https:\/\/masterchem.fi\/sv\/\",\"name\":\"MasterChem | kemikaalien tuotanto ja myynti\",\"description\":\"kemikaalien tuotanto ja myynti\",\"potentialAction\":[{\"@type\":\"SearchAction\",\"target\":{\"@type\":\"EntryPoint\",\"urlTemplate\":\"https:\/\/masterchem.fi\/sv\/?s={search_term_string}\"},\"query-input\":{\"@type\":\"PropertyValueSpecification\",\"valueRequired\":true,\"valueName\":\"search_term_string\"}}],\"inLanguage\":\"sv-SE\"}]}<\/script>\n<!-- \/ Yoast SEO plugin. -->","yoast_head_json":{"title":"Ammoniumtiosulfat (CAS 7783-18-8) - MasterChem | kemikaalien tuotanto ja myynti","description":"Ammoniumtiosulfat (ammoniumtiosulfat p\u00e5 brittisk engelska) \u00e4r en oorganisk f\u00f6rening med formeln (NH4)2S2O3.","robots":{"index":"index","follow":"follow","max-snippet":"max-snippet:-1","max-image-preview":"max-image-preview:large","max-video-preview":"max-video-preview:-1"},"canonical":"https:\/\/masterchem.fi\/sv\/produkt\/ammoniumtiosulfat-cas-7783-18-8\/","og_locale":"sv_SE","og_type":"article","og_title":"Ammoniumtiosulfat (CAS 7783-18-8) - MasterChem | kemikaalien tuotanto ja myynti","og_description":"Ammoniumtiosulfat (ammoniumtiosulfat p\u00e5 brittisk engelska) \u00e4r en oorganisk f\u00f6rening med formeln (NH4)2S2O3.","og_url":"https:\/\/masterchem.fi\/sv\/produkt\/ammoniumtiosulfat-cas-7783-18-8\/","og_site_name":"MasterChem | kemikaalien tuotanto ja myynti","article_modified_time":"2022-08-15T12:00:25+00:00","og_image":[{"width":1000,"height":1000,"url":"https:\/\/masterchem.fi\/wp-content\/uploads\/2022\/08\/Ammoniumtiosulfaatti-CAS-7783-18-8-25kg-MasterChem.jpg","type":"image\/jpeg"}],"twitter_card":"summary_large_image","schema":{"@context":"https:\/\/schema.org","@graph":[{"@type":"WebPage","@id":"https:\/\/masterchem.fi\/sv\/produkt\/ammoniumtiosulfat-cas-7783-18-8\/","url":"https:\/\/masterchem.fi\/sv\/produkt\/ammoniumtiosulfat-cas-7783-18-8\/","name":"Ammoniumtiosulfat (CAS 7783-18-8) - MasterChem | kemikaalien tuotanto ja myynti","isPartOf":{"@id":"https:\/\/masterchem.fi\/sv\/#website"},"primaryImageOfPage":{"@id":"https:\/\/masterchem.fi\/sv\/produkt\/ammoniumtiosulfat-cas-7783-18-8\/#primaryimage"},"image":{"@id":"https:\/\/masterchem.fi\/sv\/produkt\/ammoniumtiosulfat-cas-7783-18-8\/#primaryimage"},"thumbnailUrl":"https:\/\/masterchem.fi\/wp-content\/uploads\/2022\/08\/Ammoniumtiosulfaatti-CAS-7783-18-8-25kg-MasterChem.jpg","datePublished":"2022-08-15T11:51:28+00:00","dateModified":"2022-08-15T12:00:25+00:00","description":"Ammoniumtiosulfat (ammoniumtiosulfat p\u00e5 brittisk engelska) \u00e4r en oorganisk f\u00f6rening med formeln (NH4)2S2O3.","breadcrumb":{"@id":"https:\/\/masterchem.fi\/sv\/produkt\/ammoniumtiosulfat-cas-7783-18-8\/#breadcrumb"},"inLanguage":"sv-SE","potentialAction":[{"@type":"ReadAction","target":["https:\/\/masterchem.fi\/sv\/produkt\/ammoniumtiosulfat-cas-7783-18-8\/"]}]},{"@type":"ImageObject","inLanguage":"sv-SE","@id":"https:\/\/masterchem.fi\/sv\/produkt\/ammoniumtiosulfat-cas-7783-18-8\/#primaryimage","url":"https:\/\/masterchem.fi\/wp-content\/uploads\/2022\/08\/Ammoniumtiosulfaatti-CAS-7783-18-8-25kg-MasterChem.jpg","contentUrl":"https:\/\/masterchem.fi\/wp-content\/uploads\/2022\/08\/Ammoniumtiosulfaatti-CAS-7783-18-8-25kg-MasterChem.jpg","width":1000,"height":1000},{"@type":"BreadcrumbList","@id":"https:\/\/masterchem.fi\/sv\/produkt\/ammoniumtiosulfat-cas-7783-18-8\/#breadcrumb","itemListElement":[{"@type":"ListItem","position":1,"name":"Home","item":"https:\/\/masterchem.fi\/sv\/"},{"@type":"ListItem","position":2,"name":"Butik","item":"https:\/\/masterchem.fi\/sv\/butik\/"},{"@type":"ListItem","position":3,"name":"Ammoniumtiosulfat (CAS 7783-18-8)"}]},{"@type":"WebSite","@id":"https:\/\/masterchem.fi\/sv\/#website","url":"https:\/\/masterchem.fi\/sv\/","name":"MasterChem | kemikaalien tuotanto ja myynti","description":"kemikaalien tuotanto ja myynti","potentialAction":[{"@type":"SearchAction","target":{"@type":"EntryPoint","urlTemplate":"https:\/\/masterchem.fi\/sv\/?s={search_term_string}"},"query-input":{"@type":"PropertyValueSpecification","valueRequired":true,"valueName":"search_term_string"}}],"inLanguage":"sv-SE"}]}},"_links":{"self":[{"href":"https:\/\/masterchem.fi\/sv\/wp-json\/wp\/v2\/product\/11550","targetHints":{"allow":["GET"]}}],"collection":[{"href":"https:\/\/masterchem.fi\/sv\/wp-json\/wp\/v2\/product"}],"about":[{"href":"https:\/\/masterchem.fi\/sv\/wp-json\/wp\/v2\/types\/product"}],"wp:featuredmedia":[{"embeddable":true,"href":"https:\/\/masterchem.fi\/sv\/wp-json\/wp\/v2\/media\/11554"}],"wp:attachment":[{"href":"https:\/\/masterchem.fi\/sv\/wp-json\/wp\/v2\/media?parent=11550"}],"wp:term":[{"taxonomy":"product_brand","embeddable":true,"href":"https:\/\/masterchem.fi\/sv\/wp-json\/wp\/v2\/product_brand?post=11550"},{"taxonomy":"product_cat","embeddable":true,"href":"https:\/\/masterchem.fi\/sv\/wp-json\/wp\/v2\/product_cat?post=11550"},{"taxonomy":"product_tag","embeddable":true,"href":"https:\/\/masterchem.fi\/sv\/wp-json\/wp\/v2\/product_tag?post=11550"}],"curies":[{"name":"wp","href":"https:\/\/api.w.org\/{rel}","templated":true}]}}