{"id":11561,"date":"2022-08-15T15:02:36","date_gmt":"2022-08-15T12:02:37","guid":{"rendered":"https:\/\/masterchem.fi\/?post_type=product&#038;p=11561"},"modified":"2022-08-15T15:06:24","modified_gmt":"2022-08-15T12:06:24","slug":"kaliumsulfat-cas-7778-80-5","status":"publish","type":"product","link":"https:\/\/masterchem.fi\/sv\/produkt\/kaliumsulfat-cas-7778-80-5\/","title":{"rendered":"Kaliumsulfat (CAS 7778-80-5)"},"content":{"rendered":"<p><strong>Information<\/strong><br \/>\nBranscher: g\u00f6dningsmedel, tr\u00e4dg\u00e5rdsodling, byggkemi<br \/>\nCAS-nummer: 7778-80-5<br \/>\nWE-nummer: 231-915-5<br \/>\nKemisk formel: K2SO4<br \/>\nMolekylvikt: 174,27 g\/mol<br \/>\nTulltaxekod: 31043000<\/p>\n<p><strong>Andra fysiska egenskaper<\/strong><br \/>\nSm\u00e4lt-\/fryspunkt: 1067\u00b0C<br \/>\nKokpunkt\/intervall: 1689\u00b0C<br \/>\nRelativ densitet: 1230 kg\/m3 (20\u00b0C)<\/p>\n","protected":false},"excerpt":{"rendered":"<p><strong>Kaliumsulfat (CAS 7778-80-5)<\/strong><\/p>\n<p>Kaliumsulfat (K2SO4) \u00e4r en jonf\u00f6rening som bildas av kalium- och sulfatjoner. I naturen f\u00f6rekommer kaliumsulfat i flera olika mineral.<\/p>\n<p>Kaliumsulfat anv\u00e4nds huvudsakligen som kaliumg\u00f6dsel. Dessutom anv\u00e4nds det till exempel i livsmedel som surhetsreglerande medel. Dess E-kod tillsammans med kaliumv\u00e4tesulfat \u00e4r E515.<\/p>\n","protected":false},"featured_media":11565,"template":"","meta":[],"product_brand":[],"product_cat":[173,182,112,116],"product_tag":[],"class_list":{"0":"post-11561","1":"product","2":"type-product","3":"status-publish","4":"has-post-thumbnail","6":"product_cat-godselmedel","7":"product_cat-hortikultur","8":"product_cat-byggbranschen","9":"product_cat-alla-produkter","11":"first","12":"outofstock","13":"taxable","14":"shipping-taxable","15":"purchasable","16":"product-type-variable","17":"has-default-attributes","18":"rtwpvg-product"},"yoast_head":"<!-- This site is optimized with the Yoast SEO plugin v27.2 - https:\/\/yoast.com\/product\/yoast-seo-wordpress\/ -->\n<title>Kaliumsulfat (CAS 7778-80-5) - MasterChem | kemikaalien tuotanto ja myynti<\/title>\n<meta name=\"description\" content=\"Kaliumsulfat (K2SO4) \u00e4r en jonf\u00f6rening som bildas av kalium- och sulfatjoner. I naturen f\u00f6rekommer kaliumsulfat i flera olika mineraler.\" \/>\n<meta name=\"robots\" content=\"index, follow, max-snippet:-1, max-image-preview:large, max-video-preview:-1\" \/>\n<link rel=\"canonical\" href=\"https:\/\/masterchem.fi\/sv\/produkt\/kaliumsulfat-cas-7778-80-5\/\" \/>\n<meta property=\"og:locale\" content=\"sv_SE\" \/>\n<meta property=\"og:type\" content=\"article\" \/>\n<meta property=\"og:title\" content=\"Kaliumsulfat (CAS 7778-80-5) - MasterChem | kemikaalien tuotanto ja myynti\" \/>\n<meta property=\"og:description\" content=\"Kaliumsulfat (K2SO4) \u00e4r en jonf\u00f6rening som bildas av kalium- och sulfatjoner. I naturen f\u00f6rekommer kaliumsulfat i flera olika mineraler.\" \/>\n<meta property=\"og:url\" content=\"https:\/\/masterchem.fi\/sv\/produkt\/kaliumsulfat-cas-7778-80-5\/\" \/>\n<meta property=\"og:site_name\" content=\"MasterChem | kemikaalien tuotanto ja myynti\" \/>\n<meta property=\"article:modified_time\" content=\"2022-08-15T12:06:24+00:00\" \/>\n<meta property=\"og:image\" content=\"https:\/\/masterchem.fi\/wp-content\/uploads\/2022\/08\/Kaliumsulfaatti-CAS-7778-80-5-25kg-MasterChem.jpg\" \/>\n\t<meta property=\"og:image:width\" content=\"1000\" \/>\n\t<meta property=\"og:image:height\" content=\"1000\" \/>\n\t<meta property=\"og:image:type\" content=\"image\/jpeg\" \/>\n<meta name=\"twitter:card\" content=\"summary_large_image\" \/>\n<script type=\"application\/ld+json\" class=\"yoast-schema-graph\">{\"@context\":\"https:\/\/schema.org\",\"@graph\":[{\"@type\":\"WebPage\",\"@id\":\"https:\/\/masterchem.fi\/sv\/produkt\/kaliumsulfat-cas-7778-80-5\/\",\"url\":\"https:\/\/masterchem.fi\/sv\/produkt\/kaliumsulfat-cas-7778-80-5\/\",\"name\":\"Kaliumsulfat (CAS 7778-80-5) - MasterChem | kemikaalien tuotanto ja myynti\",\"isPartOf\":{\"@id\":\"https:\/\/masterchem.fi\/sv\/#website\"},\"primaryImageOfPage\":{\"@id\":\"https:\/\/masterchem.fi\/sv\/produkt\/kaliumsulfat-cas-7778-80-5\/#primaryimage\"},\"image\":{\"@id\":\"https:\/\/masterchem.fi\/sv\/produkt\/kaliumsulfat-cas-7778-80-5\/#primaryimage\"},\"thumbnailUrl\":\"https:\/\/masterchem.fi\/wp-content\/uploads\/2022\/08\/Kaliumsulfaatti-CAS-7778-80-5-25kg-MasterChem.jpg\",\"datePublished\":\"2022-08-15T12:02:37+00:00\",\"dateModified\":\"2022-08-15T12:06:24+00:00\",\"description\":\"Kaliumsulfat (K2SO4) \u00e4r en jonf\u00f6rening som bildas av kalium- och sulfatjoner. I naturen f\u00f6rekommer kaliumsulfat i flera olika mineraler.\",\"breadcrumb\":{\"@id\":\"https:\/\/masterchem.fi\/sv\/produkt\/kaliumsulfat-cas-7778-80-5\/#breadcrumb\"},\"inLanguage\":\"sv-SE\",\"potentialAction\":[{\"@type\":\"ReadAction\",\"target\":[\"https:\/\/masterchem.fi\/sv\/produkt\/kaliumsulfat-cas-7778-80-5\/\"]}]},{\"@type\":\"ImageObject\",\"inLanguage\":\"sv-SE\",\"@id\":\"https:\/\/masterchem.fi\/sv\/produkt\/kaliumsulfat-cas-7778-80-5\/#primaryimage\",\"url\":\"https:\/\/masterchem.fi\/wp-content\/uploads\/2022\/08\/Kaliumsulfaatti-CAS-7778-80-5-25kg-MasterChem.jpg\",\"contentUrl\":\"https:\/\/masterchem.fi\/wp-content\/uploads\/2022\/08\/Kaliumsulfaatti-CAS-7778-80-5-25kg-MasterChem.jpg\",\"width\":1000,\"height\":1000},{\"@type\":\"BreadcrumbList\",\"@id\":\"https:\/\/masterchem.fi\/sv\/produkt\/kaliumsulfat-cas-7778-80-5\/#breadcrumb\",\"itemListElement\":[{\"@type\":\"ListItem\",\"position\":1,\"name\":\"Home\",\"item\":\"https:\/\/masterchem.fi\/sv\/\"},{\"@type\":\"ListItem\",\"position\":2,\"name\":\"Butik\",\"item\":\"https:\/\/masterchem.fi\/sv\/butik\/\"},{\"@type\":\"ListItem\",\"position\":3,\"name\":\"Kaliumsulfat (CAS 7778-80-5)\"}]},{\"@type\":\"WebSite\",\"@id\":\"https:\/\/masterchem.fi\/sv\/#website\",\"url\":\"https:\/\/masterchem.fi\/sv\/\",\"name\":\"MasterChem | kemikaalien tuotanto ja myynti\",\"description\":\"kemikaalien tuotanto ja myynti\",\"potentialAction\":[{\"@type\":\"SearchAction\",\"target\":{\"@type\":\"EntryPoint\",\"urlTemplate\":\"https:\/\/masterchem.fi\/sv\/?s={search_term_string}\"},\"query-input\":{\"@type\":\"PropertyValueSpecification\",\"valueRequired\":true,\"valueName\":\"search_term_string\"}}],\"inLanguage\":\"sv-SE\"}]}<\/script>\n<!-- \/ Yoast SEO plugin. -->","yoast_head_json":{"title":"Kaliumsulfat (CAS 7778-80-5) - MasterChem | kemikaalien tuotanto ja myynti","description":"Kaliumsulfat (K2SO4) \u00e4r en jonf\u00f6rening som bildas av kalium- och sulfatjoner. I naturen f\u00f6rekommer kaliumsulfat i flera olika mineraler.","robots":{"index":"index","follow":"follow","max-snippet":"max-snippet:-1","max-image-preview":"max-image-preview:large","max-video-preview":"max-video-preview:-1"},"canonical":"https:\/\/masterchem.fi\/sv\/produkt\/kaliumsulfat-cas-7778-80-5\/","og_locale":"sv_SE","og_type":"article","og_title":"Kaliumsulfat (CAS 7778-80-5) - MasterChem | kemikaalien tuotanto ja myynti","og_description":"Kaliumsulfat (K2SO4) \u00e4r en jonf\u00f6rening som bildas av kalium- och sulfatjoner. I naturen f\u00f6rekommer kaliumsulfat i flera olika mineraler.","og_url":"https:\/\/masterchem.fi\/sv\/produkt\/kaliumsulfat-cas-7778-80-5\/","og_site_name":"MasterChem | kemikaalien tuotanto ja myynti","article_modified_time":"2022-08-15T12:06:24+00:00","og_image":[{"width":1000,"height":1000,"url":"https:\/\/masterchem.fi\/wp-content\/uploads\/2022\/08\/Kaliumsulfaatti-CAS-7778-80-5-25kg-MasterChem.jpg","type":"image\/jpeg"}],"twitter_card":"summary_large_image","schema":{"@context":"https:\/\/schema.org","@graph":[{"@type":"WebPage","@id":"https:\/\/masterchem.fi\/sv\/produkt\/kaliumsulfat-cas-7778-80-5\/","url":"https:\/\/masterchem.fi\/sv\/produkt\/kaliumsulfat-cas-7778-80-5\/","name":"Kaliumsulfat (CAS 7778-80-5) - MasterChem | kemikaalien tuotanto ja myynti","isPartOf":{"@id":"https:\/\/masterchem.fi\/sv\/#website"},"primaryImageOfPage":{"@id":"https:\/\/masterchem.fi\/sv\/produkt\/kaliumsulfat-cas-7778-80-5\/#primaryimage"},"image":{"@id":"https:\/\/masterchem.fi\/sv\/produkt\/kaliumsulfat-cas-7778-80-5\/#primaryimage"},"thumbnailUrl":"https:\/\/masterchem.fi\/wp-content\/uploads\/2022\/08\/Kaliumsulfaatti-CAS-7778-80-5-25kg-MasterChem.jpg","datePublished":"2022-08-15T12:02:37+00:00","dateModified":"2022-08-15T12:06:24+00:00","description":"Kaliumsulfat (K2SO4) \u00e4r en jonf\u00f6rening som bildas av kalium- och sulfatjoner. I naturen f\u00f6rekommer kaliumsulfat i flera olika mineraler.","breadcrumb":{"@id":"https:\/\/masterchem.fi\/sv\/produkt\/kaliumsulfat-cas-7778-80-5\/#breadcrumb"},"inLanguage":"sv-SE","potentialAction":[{"@type":"ReadAction","target":["https:\/\/masterchem.fi\/sv\/produkt\/kaliumsulfat-cas-7778-80-5\/"]}]},{"@type":"ImageObject","inLanguage":"sv-SE","@id":"https:\/\/masterchem.fi\/sv\/produkt\/kaliumsulfat-cas-7778-80-5\/#primaryimage","url":"https:\/\/masterchem.fi\/wp-content\/uploads\/2022\/08\/Kaliumsulfaatti-CAS-7778-80-5-25kg-MasterChem.jpg","contentUrl":"https:\/\/masterchem.fi\/wp-content\/uploads\/2022\/08\/Kaliumsulfaatti-CAS-7778-80-5-25kg-MasterChem.jpg","width":1000,"height":1000},{"@type":"BreadcrumbList","@id":"https:\/\/masterchem.fi\/sv\/produkt\/kaliumsulfat-cas-7778-80-5\/#breadcrumb","itemListElement":[{"@type":"ListItem","position":1,"name":"Home","item":"https:\/\/masterchem.fi\/sv\/"},{"@type":"ListItem","position":2,"name":"Butik","item":"https:\/\/masterchem.fi\/sv\/butik\/"},{"@type":"ListItem","position":3,"name":"Kaliumsulfat (CAS 7778-80-5)"}]},{"@type":"WebSite","@id":"https:\/\/masterchem.fi\/sv\/#website","url":"https:\/\/masterchem.fi\/sv\/","name":"MasterChem | kemikaalien tuotanto ja myynti","description":"kemikaalien tuotanto ja myynti","potentialAction":[{"@type":"SearchAction","target":{"@type":"EntryPoint","urlTemplate":"https:\/\/masterchem.fi\/sv\/?s={search_term_string}"},"query-input":{"@type":"PropertyValueSpecification","valueRequired":true,"valueName":"search_term_string"}}],"inLanguage":"sv-SE"}]}},"_links":{"self":[{"href":"https:\/\/masterchem.fi\/sv\/wp-json\/wp\/v2\/product\/11561","targetHints":{"allow":["GET"]}}],"collection":[{"href":"https:\/\/masterchem.fi\/sv\/wp-json\/wp\/v2\/product"}],"about":[{"href":"https:\/\/masterchem.fi\/sv\/wp-json\/wp\/v2\/types\/product"}],"wp:featuredmedia":[{"embeddable":true,"href":"https:\/\/masterchem.fi\/sv\/wp-json\/wp\/v2\/media\/11565"}],"wp:attachment":[{"href":"https:\/\/masterchem.fi\/sv\/wp-json\/wp\/v2\/media?parent=11561"}],"wp:term":[{"taxonomy":"product_brand","embeddable":true,"href":"https:\/\/masterchem.fi\/sv\/wp-json\/wp\/v2\/product_brand?post=11561"},{"taxonomy":"product_cat","embeddable":true,"href":"https:\/\/masterchem.fi\/sv\/wp-json\/wp\/v2\/product_cat?post=11561"},{"taxonomy":"product_tag","embeddable":true,"href":"https:\/\/masterchem.fi\/sv\/wp-json\/wp\/v2\/product_tag?post=11561"}],"curies":[{"name":"wp","href":"https:\/\/api.w.org\/{rel}","templated":true}]}}