{"id":11589,"date":"2022-08-18T13:27:45","date_gmt":"2022-08-18T10:27:46","guid":{"rendered":"https:\/\/masterchem.fi\/?post_type=product&#038;p=11589"},"modified":"2022-08-18T13:37:01","modified_gmt":"2022-08-18T10:37:01","slug":"l-asparaginsyra-cas-56-84-8","status":"publish","type":"product","link":"https:\/\/masterchem.fi\/sv\/produkt\/l-asparaginsyra-cas-56-84-8\/","title":{"rendered":"L-asparaginsyra (CAS 56-84-8)"},"content":{"rendered":"<p><strong>Information<\/strong><br \/>\nBranscher: G\u00f6dsel<br \/>\nCAS-nummer: 56-84-8<br \/>\nKemisk formel: C4H7NO4<br \/>\nMolvikt: 133,1 g\/mol<br \/>\nTulltaxekod: 29224985<\/p>\n","protected":false},"excerpt":{"rendered":"<p><strong>L-asparaginsyra (CAS 56-84-8)<\/strong><\/p>\n<p>Asparaginsyra (C4H7NO4) eller 2-aminobutandiinsyra (\u00e4ven k\u00e4nd som asparaginsyra) \u00e4r en av de 20 vanligaste aminosyrorna i naturen. Det \u00e4r ocks\u00e5 k\u00e4nt under sitt anjonnamn aspartat. Tillsammans med glutaminsyra \u00e4r asparaginsyra en av de tv\u00e5 sura aminosyrorna och den f\u00f6rekommer alltid som en negativ jon vid fysiologiskt pH. Det \u00e4r karboxylsyraformen av asparagin.<\/p>\n<p>Asparaginsyra \u00e4r fast under normala f\u00f6rh\u00e5llanden och har en sm\u00e4ltpunkt p\u00e5 230 \u00b0C och CAS-nummer 56-84-8 (L-asparaginsyra). Sm\u00e4ltpunkten f\u00f6r den andra isomeren av asparaginsyra, d.v.s. D-asparaginsyra, \u00e4r 300 \u00b0C och CAS-numret \u00e4r 1783-96-6.<\/p>\n","protected":false},"featured_media":11593,"template":"","meta":[],"product_brand":[],"product_cat":[116,173],"product_tag":[],"class_list":{"0":"post-11589","1":"product","2":"type-product","3":"status-publish","4":"has-post-thumbnail","6":"product_cat-alla-produkter","7":"product_cat-godselmedel","9":"first","10":"outofstock","11":"taxable","12":"shipping-taxable","13":"purchasable","14":"product-type-variable","15":"has-default-attributes","16":"rtwpvg-product"},"yoast_head":"<!-- This site is optimized with the Yoast SEO plugin v27.5 - https:\/\/yoast.com\/product\/yoast-seo-wordpress\/ -->\n<title>L-asparaginsyra (CAS 56-84-8) - MasterChem | kemikaalien tuotanto ja myynti<\/title>\n<meta name=\"description\" content=\"Asparaginsyra (C4H7NO4) eller 2-aminobutandiinsyra (\u00e4ven k\u00e4nd som asparaginsyra) \u00e4r en av de 20 vanligaste aminosyrorna i naturen.\" \/>\n<meta name=\"robots\" content=\"index, follow, max-snippet:-1, max-image-preview:large, max-video-preview:-1\" \/>\n<link rel=\"canonical\" href=\"https:\/\/masterchem.fi\/sv\/produkt\/l-asparaginsyra-cas-56-84-8\/\" \/>\n<meta property=\"og:locale\" content=\"sv_SE\" \/>\n<meta property=\"og:type\" content=\"article\" \/>\n<meta property=\"og:title\" content=\"L-asparaginsyra (CAS 56-84-8) - MasterChem | kemikaalien tuotanto ja myynti\" \/>\n<meta property=\"og:description\" content=\"Asparaginsyra (C4H7NO4) eller 2-aminobutandiinsyra (\u00e4ven k\u00e4nd som asparaginsyra) \u00e4r en av de 20 vanligaste aminosyrorna i naturen.\" \/>\n<meta property=\"og:url\" content=\"https:\/\/masterchem.fi\/sv\/produkt\/l-asparaginsyra-cas-56-84-8\/\" \/>\n<meta property=\"og:site_name\" content=\"MasterChem | kemikaalien tuotanto ja myynti\" \/>\n<meta property=\"article:modified_time\" content=\"2022-08-18T10:37:01+00:00\" \/>\n<meta property=\"og:image\" content=\"https:\/\/masterchem.fi\/wp-content\/uploads\/2022\/08\/L-asparagiinhape-25kg-MasterChem.jpg\" \/>\n\t<meta property=\"og:image:width\" content=\"1000\" \/>\n\t<meta property=\"og:image:height\" content=\"1000\" \/>\n\t<meta property=\"og:image:type\" content=\"image\/jpeg\" \/>\n<meta name=\"twitter:card\" content=\"summary_large_image\" \/>\n<script type=\"application\/ld+json\" class=\"yoast-schema-graph\">{\"@context\":\"https:\\\/\\\/schema.org\",\"@graph\":[{\"@type\":\"WebPage\",\"@id\":\"https:\\\/\\\/masterchem.fi\\\/sv\\\/produkt\\\/l-asparaginsyra-cas-56-84-8\\\/\",\"url\":\"https:\\\/\\\/masterchem.fi\\\/sv\\\/produkt\\\/l-asparaginsyra-cas-56-84-8\\\/\",\"name\":\"L-asparaginsyra (CAS 56-84-8) - MasterChem | kemikaalien tuotanto ja myynti\",\"isPartOf\":{\"@id\":\"https:\\\/\\\/masterchem.fi\\\/sv\\\/#website\"},\"primaryImageOfPage\":{\"@id\":\"https:\\\/\\\/masterchem.fi\\\/sv\\\/produkt\\\/l-asparaginsyra-cas-56-84-8\\\/#primaryimage\"},\"image\":{\"@id\":\"https:\\\/\\\/masterchem.fi\\\/sv\\\/produkt\\\/l-asparaginsyra-cas-56-84-8\\\/#primaryimage\"},\"thumbnailUrl\":\"https:\\\/\\\/masterchem.fi\\\/wp-content\\\/uploads\\\/2022\\\/08\\\/L-asparagiinhape-25kg-MasterChem.jpg\",\"datePublished\":\"2022-08-18T10:27:46+00:00\",\"dateModified\":\"2022-08-18T10:37:01+00:00\",\"description\":\"Asparaginsyra (C4H7NO4) eller 2-aminobutandiinsyra (\u00e4ven k\u00e4nd som asparaginsyra) \u00e4r en av de 20 vanligaste aminosyrorna i naturen.\",\"breadcrumb\":{\"@id\":\"https:\\\/\\\/masterchem.fi\\\/sv\\\/produkt\\\/l-asparaginsyra-cas-56-84-8\\\/#breadcrumb\"},\"inLanguage\":\"sv-SE\",\"potentialAction\":[{\"@type\":\"ReadAction\",\"target\":[\"https:\\\/\\\/masterchem.fi\\\/sv\\\/produkt\\\/l-asparaginsyra-cas-56-84-8\\\/\"]}]},{\"@type\":\"ImageObject\",\"inLanguage\":\"sv-SE\",\"@id\":\"https:\\\/\\\/masterchem.fi\\\/sv\\\/produkt\\\/l-asparaginsyra-cas-56-84-8\\\/#primaryimage\",\"url\":\"https:\\\/\\\/masterchem.fi\\\/wp-content\\\/uploads\\\/2022\\\/08\\\/L-asparagiinhape-25kg-MasterChem.jpg\",\"contentUrl\":\"https:\\\/\\\/masterchem.fi\\\/wp-content\\\/uploads\\\/2022\\\/08\\\/L-asparagiinhape-25kg-MasterChem.jpg\",\"width\":1000,\"height\":1000,\"caption\":\"L-asparaginsyra (CAS 56-84-8) 25kg-MasterChem\"},{\"@type\":\"BreadcrumbList\",\"@id\":\"https:\\\/\\\/masterchem.fi\\\/sv\\\/produkt\\\/l-asparaginsyra-cas-56-84-8\\\/#breadcrumb\",\"itemListElement\":[{\"@type\":\"ListItem\",\"position\":1,\"name\":\"Home\",\"item\":\"https:\\\/\\\/masterchem.fi\\\/sv\\\/\"},{\"@type\":\"ListItem\",\"position\":2,\"name\":\"Butik\",\"item\":\"https:\\\/\\\/masterchem.fi\\\/sv\\\/butik\\\/\"},{\"@type\":\"ListItem\",\"position\":3,\"name\":\"L-asparaginsyra (CAS 56-84-8)\"}]},{\"@type\":\"WebSite\",\"@id\":\"https:\\\/\\\/masterchem.fi\\\/sv\\\/#website\",\"url\":\"https:\\\/\\\/masterchem.fi\\\/sv\\\/\",\"name\":\"MasterChem | kemikaalien tuotanto ja myynti\",\"description\":\"kemikaalien tuotanto ja myynti\",\"potentialAction\":[{\"@type\":\"SearchAction\",\"target\":{\"@type\":\"EntryPoint\",\"urlTemplate\":\"https:\\\/\\\/masterchem.fi\\\/sv\\\/?s={search_term_string}\"},\"query-input\":{\"@type\":\"PropertyValueSpecification\",\"valueRequired\":true,\"valueName\":\"search_term_string\"}}],\"inLanguage\":\"sv-SE\"}]}<\/script>\n<!-- \/ Yoast SEO plugin. -->","yoast_head_json":{"title":"L-asparaginsyra (CAS 56-84-8) - MasterChem | kemikaalien tuotanto ja myynti","description":"Asparaginsyra (C4H7NO4) eller 2-aminobutandiinsyra (\u00e4ven k\u00e4nd som asparaginsyra) \u00e4r en av de 20 vanligaste aminosyrorna i naturen.","robots":{"index":"index","follow":"follow","max-snippet":"max-snippet:-1","max-image-preview":"max-image-preview:large","max-video-preview":"max-video-preview:-1"},"canonical":"https:\/\/masterchem.fi\/sv\/produkt\/l-asparaginsyra-cas-56-84-8\/","og_locale":"sv_SE","og_type":"article","og_title":"L-asparaginsyra (CAS 56-84-8) - MasterChem | kemikaalien tuotanto ja myynti","og_description":"Asparaginsyra (C4H7NO4) eller 2-aminobutandiinsyra (\u00e4ven k\u00e4nd som asparaginsyra) \u00e4r en av de 20 vanligaste aminosyrorna i naturen.","og_url":"https:\/\/masterchem.fi\/sv\/produkt\/l-asparaginsyra-cas-56-84-8\/","og_site_name":"MasterChem | kemikaalien tuotanto ja myynti","article_modified_time":"2022-08-18T10:37:01+00:00","og_image":[{"width":1000,"height":1000,"url":"https:\/\/masterchem.fi\/wp-content\/uploads\/2022\/08\/L-asparagiinhape-25kg-MasterChem.jpg","type":"image\/jpeg"}],"twitter_card":"summary_large_image","schema":{"@context":"https:\/\/schema.org","@graph":[{"@type":"WebPage","@id":"https:\/\/masterchem.fi\/sv\/produkt\/l-asparaginsyra-cas-56-84-8\/","url":"https:\/\/masterchem.fi\/sv\/produkt\/l-asparaginsyra-cas-56-84-8\/","name":"L-asparaginsyra (CAS 56-84-8) - MasterChem | kemikaalien tuotanto ja myynti","isPartOf":{"@id":"https:\/\/masterchem.fi\/sv\/#website"},"primaryImageOfPage":{"@id":"https:\/\/masterchem.fi\/sv\/produkt\/l-asparaginsyra-cas-56-84-8\/#primaryimage"},"image":{"@id":"https:\/\/masterchem.fi\/sv\/produkt\/l-asparaginsyra-cas-56-84-8\/#primaryimage"},"thumbnailUrl":"https:\/\/masterchem.fi\/wp-content\/uploads\/2022\/08\/L-asparagiinhape-25kg-MasterChem.jpg","datePublished":"2022-08-18T10:27:46+00:00","dateModified":"2022-08-18T10:37:01+00:00","description":"Asparaginsyra (C4H7NO4) eller 2-aminobutandiinsyra (\u00e4ven k\u00e4nd som asparaginsyra) \u00e4r en av de 20 vanligaste aminosyrorna i naturen.","breadcrumb":{"@id":"https:\/\/masterchem.fi\/sv\/produkt\/l-asparaginsyra-cas-56-84-8\/#breadcrumb"},"inLanguage":"sv-SE","potentialAction":[{"@type":"ReadAction","target":["https:\/\/masterchem.fi\/sv\/produkt\/l-asparaginsyra-cas-56-84-8\/"]}]},{"@type":"ImageObject","inLanguage":"sv-SE","@id":"https:\/\/masterchem.fi\/sv\/produkt\/l-asparaginsyra-cas-56-84-8\/#primaryimage","url":"https:\/\/masterchem.fi\/wp-content\/uploads\/2022\/08\/L-asparagiinhape-25kg-MasterChem.jpg","contentUrl":"https:\/\/masterchem.fi\/wp-content\/uploads\/2022\/08\/L-asparagiinhape-25kg-MasterChem.jpg","width":1000,"height":1000,"caption":"L-asparaginsyra (CAS 56-84-8) 25kg-MasterChem"},{"@type":"BreadcrumbList","@id":"https:\/\/masterchem.fi\/sv\/produkt\/l-asparaginsyra-cas-56-84-8\/#breadcrumb","itemListElement":[{"@type":"ListItem","position":1,"name":"Home","item":"https:\/\/masterchem.fi\/sv\/"},{"@type":"ListItem","position":2,"name":"Butik","item":"https:\/\/masterchem.fi\/sv\/butik\/"},{"@type":"ListItem","position":3,"name":"L-asparaginsyra (CAS 56-84-8)"}]},{"@type":"WebSite","@id":"https:\/\/masterchem.fi\/sv\/#website","url":"https:\/\/masterchem.fi\/sv\/","name":"MasterChem | kemikaalien tuotanto ja myynti","description":"kemikaalien tuotanto ja myynti","potentialAction":[{"@type":"SearchAction","target":{"@type":"EntryPoint","urlTemplate":"https:\/\/masterchem.fi\/sv\/?s={search_term_string}"},"query-input":{"@type":"PropertyValueSpecification","valueRequired":true,"valueName":"search_term_string"}}],"inLanguage":"sv-SE"}]}},"_links":{"self":[{"href":"https:\/\/masterchem.fi\/sv\/wp-json\/wp\/v2\/product\/11589","targetHints":{"allow":["GET"]}}],"collection":[{"href":"https:\/\/masterchem.fi\/sv\/wp-json\/wp\/v2\/product"}],"about":[{"href":"https:\/\/masterchem.fi\/sv\/wp-json\/wp\/v2\/types\/product"}],"wp:featuredmedia":[{"embeddable":true,"href":"https:\/\/masterchem.fi\/sv\/wp-json\/wp\/v2\/media\/11593"}],"wp:attachment":[{"href":"https:\/\/masterchem.fi\/sv\/wp-json\/wp\/v2\/media?parent=11589"}],"wp:term":[{"taxonomy":"product_brand","embeddable":true,"href":"https:\/\/masterchem.fi\/sv\/wp-json\/wp\/v2\/product_brand?post=11589"},{"taxonomy":"product_cat","embeddable":true,"href":"https:\/\/masterchem.fi\/sv\/wp-json\/wp\/v2\/product_cat?post=11589"},{"taxonomy":"product_tag","embeddable":true,"href":"https:\/\/masterchem.fi\/sv\/wp-json\/wp\/v2\/product_tag?post=11589"}],"curies":[{"name":"wp","href":"https:\/\/api.w.org\/{rel}","templated":true}]}}