{"id":11599,"date":"2022-08-18T13:51:52","date_gmt":"2022-08-18T10:51:54","guid":{"rendered":"https:\/\/masterchem.fi\/?post_type=product&#038;p=11599"},"modified":"2022-08-18T13:56:15","modified_gmt":"2022-08-18T10:56:15","slug":"monokaliumfosfat-cas-7778-77-0","status":"publish","type":"product","link":"https:\/\/masterchem.fi\/sv\/produkt\/monokaliumfosfat-cas-7778-77-0\/","title":{"rendered":"Monokaliumfosfat (CAS 7778-77-0)"},"content":{"rendered":"<p><strong>Information<\/strong><br \/>\nBranscher: g\u00f6dningsmedel, tr\u00e4dg\u00e5rdssk\u00f6tsel<br \/>\nCAS-nummer: 7778-77-0<br \/>\nWE-nummer: 231-913-4<br \/>\nKemisk formel: KH2PO4<br \/>\nMolekylvikt: 136,09 g\/mol<br \/>\nTulltaxekod: 28352400<\/p>\n<p><strong>Andra fysiska egenskaper<\/strong><br \/>\nSm\u00e4lt-\/fryspunkt: 253\u00b0C<br \/>\nRelativ densitet: 2,33 g\/cm3 (21,5 \u00b1 0,5\u00b0C)<\/p>\n","protected":false},"excerpt":{"rendered":"<p><strong>Monokaliumfosfat (CAS 7778-77-0)<\/strong><\/p>\n<p>Monopaliumfosfat (MKP) (\u00e4ven kaliumdiv\u00e4tefosfat, KDP eller monobasiskt kaliumfosfat) \u00e4r en oorganisk f\u00f6rening med formeln KH2PO4. Tillsammans med dikaliumfosfat (K2HPO4.(H2O)x) anv\u00e4nds det ofta som g\u00f6dningsmedel, livsmedelstillsats och buffertmedel. Saltet kristalliserar ofta med dikaliumsalt och fosforsyra.<\/p>\n","protected":false},"featured_media":11603,"template":"","meta":[],"product_brand":[],"product_cat":[116,173,182],"product_tag":[],"class_list":{"0":"post-11599","1":"product","2":"type-product","3":"status-publish","4":"has-post-thumbnail","6":"product_cat-alla-produkter","7":"product_cat-godselmedel","8":"product_cat-hortikultur","10":"first","11":"outofstock","12":"taxable","13":"shipping-taxable","14":"purchasable","15":"product-type-variable","16":"has-default-attributes","17":"rtwpvg-product"},"yoast_head":"<!-- This site is optimized with the Yoast SEO plugin v27.5 - https:\/\/yoast.com\/product\/yoast-seo-wordpress\/ -->\n<title>Monokaliumfosfat (CAS 7778-77-0) - MasterChem | kemikaalien tuotanto ja myynti<\/title>\n<meta name=\"description\" content=\"Monopaliumfosfat (MKP) (\u00e4ven kaliumdiv\u00e4tefosfat, KDP eller monobasiskt kaliumfosfat) \u00e4r en oorganisk f\u00f6rening med formeln KH2PO4.\" \/>\n<meta name=\"robots\" content=\"index, follow, max-snippet:-1, max-image-preview:large, max-video-preview:-1\" \/>\n<link rel=\"canonical\" href=\"https:\/\/masterchem.fi\/sv\/produkt\/monokaliumfosfat-cas-7778-77-0\/\" \/>\n<meta property=\"og:locale\" content=\"sv_SE\" \/>\n<meta property=\"og:type\" content=\"article\" \/>\n<meta property=\"og:title\" content=\"Monokaliumfosfat (CAS 7778-77-0) - MasterChem | kemikaalien tuotanto ja myynti\" \/>\n<meta property=\"og:description\" content=\"Monopaliumfosfat (MKP) (\u00e4ven kaliumdiv\u00e4tefosfat, KDP eller monobasiskt kaliumfosfat) \u00e4r en oorganisk f\u00f6rening med formeln KH2PO4.\" \/>\n<meta property=\"og:url\" content=\"https:\/\/masterchem.fi\/sv\/produkt\/monokaliumfosfat-cas-7778-77-0\/\" \/>\n<meta property=\"og:site_name\" content=\"MasterChem | kemikaalien tuotanto ja myynti\" \/>\n<meta property=\"article:modified_time\" content=\"2022-08-18T10:56:15+00:00\" \/>\n<meta property=\"og:image\" content=\"https:\/\/masterchem.fi\/wp-content\/uploads\/2022\/08\/Monokaliumfosfaat-25kg-MasterChem.jpg\" \/>\n\t<meta property=\"og:image:width\" content=\"1000\" \/>\n\t<meta property=\"og:image:height\" content=\"1000\" \/>\n\t<meta property=\"og:image:type\" content=\"image\/jpeg\" \/>\n<meta name=\"twitter:card\" content=\"summary_large_image\" \/>\n<script type=\"application\/ld+json\" class=\"yoast-schema-graph\">{\"@context\":\"https:\\\/\\\/schema.org\",\"@graph\":[{\"@type\":\"WebPage\",\"@id\":\"https:\\\/\\\/masterchem.fi\\\/sv\\\/produkt\\\/monokaliumfosfat-cas-7778-77-0\\\/\",\"url\":\"https:\\\/\\\/masterchem.fi\\\/sv\\\/produkt\\\/monokaliumfosfat-cas-7778-77-0\\\/\",\"name\":\"Monokaliumfosfat (CAS 7778-77-0) - MasterChem | kemikaalien tuotanto ja myynti\",\"isPartOf\":{\"@id\":\"https:\\\/\\\/masterchem.fi\\\/sv\\\/#website\"},\"primaryImageOfPage\":{\"@id\":\"https:\\\/\\\/masterchem.fi\\\/sv\\\/produkt\\\/monokaliumfosfat-cas-7778-77-0\\\/#primaryimage\"},\"image\":{\"@id\":\"https:\\\/\\\/masterchem.fi\\\/sv\\\/produkt\\\/monokaliumfosfat-cas-7778-77-0\\\/#primaryimage\"},\"thumbnailUrl\":\"https:\\\/\\\/masterchem.fi\\\/wp-content\\\/uploads\\\/2022\\\/08\\\/Monokaliumfosfaat-25kg-MasterChem.jpg\",\"datePublished\":\"2022-08-18T10:51:54+00:00\",\"dateModified\":\"2022-08-18T10:56:15+00:00\",\"description\":\"Monopaliumfosfat (MKP) (\u00e4ven kaliumdiv\u00e4tefosfat, KDP eller monobasiskt kaliumfosfat) \u00e4r en oorganisk f\u00f6rening med formeln KH2PO4.\",\"breadcrumb\":{\"@id\":\"https:\\\/\\\/masterchem.fi\\\/sv\\\/produkt\\\/monokaliumfosfat-cas-7778-77-0\\\/#breadcrumb\"},\"inLanguage\":\"sv-SE\",\"potentialAction\":[{\"@type\":\"ReadAction\",\"target\":[\"https:\\\/\\\/masterchem.fi\\\/sv\\\/produkt\\\/monokaliumfosfat-cas-7778-77-0\\\/\"]}]},{\"@type\":\"ImageObject\",\"inLanguage\":\"sv-SE\",\"@id\":\"https:\\\/\\\/masterchem.fi\\\/sv\\\/produkt\\\/monokaliumfosfat-cas-7778-77-0\\\/#primaryimage\",\"url\":\"https:\\\/\\\/masterchem.fi\\\/wp-content\\\/uploads\\\/2022\\\/08\\\/Monokaliumfosfaat-25kg-MasterChem.jpg\",\"contentUrl\":\"https:\\\/\\\/masterchem.fi\\\/wp-content\\\/uploads\\\/2022\\\/08\\\/Monokaliumfosfaat-25kg-MasterChem.jpg\",\"width\":1000,\"height\":1000,\"caption\":\"Monokaliumfosfat (CAS 7778-77-0) 25kg MasterChem\"},{\"@type\":\"BreadcrumbList\",\"@id\":\"https:\\\/\\\/masterchem.fi\\\/sv\\\/produkt\\\/monokaliumfosfat-cas-7778-77-0\\\/#breadcrumb\",\"itemListElement\":[{\"@type\":\"ListItem\",\"position\":1,\"name\":\"Home\",\"item\":\"https:\\\/\\\/masterchem.fi\\\/sv\\\/\"},{\"@type\":\"ListItem\",\"position\":2,\"name\":\"Butik\",\"item\":\"https:\\\/\\\/masterchem.fi\\\/sv\\\/butik\\\/\"},{\"@type\":\"ListItem\",\"position\":3,\"name\":\"Monokaliumfosfat (CAS 7778-77-0)\"}]},{\"@type\":\"WebSite\",\"@id\":\"https:\\\/\\\/masterchem.fi\\\/sv\\\/#website\",\"url\":\"https:\\\/\\\/masterchem.fi\\\/sv\\\/\",\"name\":\"MasterChem | kemikaalien tuotanto ja myynti\",\"description\":\"kemikaalien tuotanto ja myynti\",\"potentialAction\":[{\"@type\":\"SearchAction\",\"target\":{\"@type\":\"EntryPoint\",\"urlTemplate\":\"https:\\\/\\\/masterchem.fi\\\/sv\\\/?s={search_term_string}\"},\"query-input\":{\"@type\":\"PropertyValueSpecification\",\"valueRequired\":true,\"valueName\":\"search_term_string\"}}],\"inLanguage\":\"sv-SE\"}]}<\/script>\n<!-- \/ Yoast SEO plugin. -->","yoast_head_json":{"title":"Monokaliumfosfat (CAS 7778-77-0) - MasterChem | kemikaalien tuotanto ja myynti","description":"Monopaliumfosfat (MKP) (\u00e4ven kaliumdiv\u00e4tefosfat, KDP eller monobasiskt kaliumfosfat) \u00e4r en oorganisk f\u00f6rening med formeln KH2PO4.","robots":{"index":"index","follow":"follow","max-snippet":"max-snippet:-1","max-image-preview":"max-image-preview:large","max-video-preview":"max-video-preview:-1"},"canonical":"https:\/\/masterchem.fi\/sv\/produkt\/monokaliumfosfat-cas-7778-77-0\/","og_locale":"sv_SE","og_type":"article","og_title":"Monokaliumfosfat (CAS 7778-77-0) - MasterChem | kemikaalien tuotanto ja myynti","og_description":"Monopaliumfosfat (MKP) (\u00e4ven kaliumdiv\u00e4tefosfat, KDP eller monobasiskt kaliumfosfat) \u00e4r en oorganisk f\u00f6rening med formeln KH2PO4.","og_url":"https:\/\/masterchem.fi\/sv\/produkt\/monokaliumfosfat-cas-7778-77-0\/","og_site_name":"MasterChem | kemikaalien tuotanto ja myynti","article_modified_time":"2022-08-18T10:56:15+00:00","og_image":[{"width":1000,"height":1000,"url":"https:\/\/masterchem.fi\/wp-content\/uploads\/2022\/08\/Monokaliumfosfaat-25kg-MasterChem.jpg","type":"image\/jpeg"}],"twitter_card":"summary_large_image","schema":{"@context":"https:\/\/schema.org","@graph":[{"@type":"WebPage","@id":"https:\/\/masterchem.fi\/sv\/produkt\/monokaliumfosfat-cas-7778-77-0\/","url":"https:\/\/masterchem.fi\/sv\/produkt\/monokaliumfosfat-cas-7778-77-0\/","name":"Monokaliumfosfat (CAS 7778-77-0) - MasterChem | kemikaalien tuotanto ja myynti","isPartOf":{"@id":"https:\/\/masterchem.fi\/sv\/#website"},"primaryImageOfPage":{"@id":"https:\/\/masterchem.fi\/sv\/produkt\/monokaliumfosfat-cas-7778-77-0\/#primaryimage"},"image":{"@id":"https:\/\/masterchem.fi\/sv\/produkt\/monokaliumfosfat-cas-7778-77-0\/#primaryimage"},"thumbnailUrl":"https:\/\/masterchem.fi\/wp-content\/uploads\/2022\/08\/Monokaliumfosfaat-25kg-MasterChem.jpg","datePublished":"2022-08-18T10:51:54+00:00","dateModified":"2022-08-18T10:56:15+00:00","description":"Monopaliumfosfat (MKP) (\u00e4ven kaliumdiv\u00e4tefosfat, KDP eller monobasiskt kaliumfosfat) \u00e4r en oorganisk f\u00f6rening med formeln KH2PO4.","breadcrumb":{"@id":"https:\/\/masterchem.fi\/sv\/produkt\/monokaliumfosfat-cas-7778-77-0\/#breadcrumb"},"inLanguage":"sv-SE","potentialAction":[{"@type":"ReadAction","target":["https:\/\/masterchem.fi\/sv\/produkt\/monokaliumfosfat-cas-7778-77-0\/"]}]},{"@type":"ImageObject","inLanguage":"sv-SE","@id":"https:\/\/masterchem.fi\/sv\/produkt\/monokaliumfosfat-cas-7778-77-0\/#primaryimage","url":"https:\/\/masterchem.fi\/wp-content\/uploads\/2022\/08\/Monokaliumfosfaat-25kg-MasterChem.jpg","contentUrl":"https:\/\/masterchem.fi\/wp-content\/uploads\/2022\/08\/Monokaliumfosfaat-25kg-MasterChem.jpg","width":1000,"height":1000,"caption":"Monokaliumfosfat (CAS 7778-77-0) 25kg MasterChem"},{"@type":"BreadcrumbList","@id":"https:\/\/masterchem.fi\/sv\/produkt\/monokaliumfosfat-cas-7778-77-0\/#breadcrumb","itemListElement":[{"@type":"ListItem","position":1,"name":"Home","item":"https:\/\/masterchem.fi\/sv\/"},{"@type":"ListItem","position":2,"name":"Butik","item":"https:\/\/masterchem.fi\/sv\/butik\/"},{"@type":"ListItem","position":3,"name":"Monokaliumfosfat (CAS 7778-77-0)"}]},{"@type":"WebSite","@id":"https:\/\/masterchem.fi\/sv\/#website","url":"https:\/\/masterchem.fi\/sv\/","name":"MasterChem | kemikaalien tuotanto ja myynti","description":"kemikaalien tuotanto ja myynti","potentialAction":[{"@type":"SearchAction","target":{"@type":"EntryPoint","urlTemplate":"https:\/\/masterchem.fi\/sv\/?s={search_term_string}"},"query-input":{"@type":"PropertyValueSpecification","valueRequired":true,"valueName":"search_term_string"}}],"inLanguage":"sv-SE"}]}},"_links":{"self":[{"href":"https:\/\/masterchem.fi\/sv\/wp-json\/wp\/v2\/product\/11599","targetHints":{"allow":["GET"]}}],"collection":[{"href":"https:\/\/masterchem.fi\/sv\/wp-json\/wp\/v2\/product"}],"about":[{"href":"https:\/\/masterchem.fi\/sv\/wp-json\/wp\/v2\/types\/product"}],"wp:featuredmedia":[{"embeddable":true,"href":"https:\/\/masterchem.fi\/sv\/wp-json\/wp\/v2\/media\/11603"}],"wp:attachment":[{"href":"https:\/\/masterchem.fi\/sv\/wp-json\/wp\/v2\/media?parent=11599"}],"wp:term":[{"taxonomy":"product_brand","embeddable":true,"href":"https:\/\/masterchem.fi\/sv\/wp-json\/wp\/v2\/product_brand?post=11599"},{"taxonomy":"product_cat","embeddable":true,"href":"https:\/\/masterchem.fi\/sv\/wp-json\/wp\/v2\/product_cat?post=11599"},{"taxonomy":"product_tag","embeddable":true,"href":"https:\/\/masterchem.fi\/sv\/wp-json\/wp\/v2\/product_tag?post=11599"}],"curies":[{"name":"wp","href":"https:\/\/api.w.org\/{rel}","templated":true}]}}