{"id":11609,"date":"2022-08-18T13:58:02","date_gmt":"2022-08-18T10:58:04","guid":{"rendered":"https:\/\/masterchem.fi\/?post_type=product&#038;p=11609"},"modified":"2022-08-18T14:04:42","modified_gmt":"2022-08-18T11:04:42","slug":"verseninsyra-cas-60-00-4","status":"publish","type":"product","link":"https:\/\/masterchem.fi\/sv\/produkt\/verseninsyra-cas-60-00-4\/","title":{"rendered":"Verseninsyra (CAS 60-00-4)"},"content":{"rendered":"<p><strong>Information<\/strong><br \/>\nBranscher: Hush\u00e5llskemikalier, konstg\u00f6dsel<br \/>\nCAS-nummer: 60-00-4<br \/>\nWE-nummer: 200-449-4<br \/>\nIndexnummer: 607-429-00-8<br \/>\nKemisk formel: C10H16N2O8<br \/>\nMolekylvikt: 292,25 g\/mol<br \/>\nTulltaxekod: 29224985<\/p>\n<p><strong>Andra fysiska egenskaper<\/strong><br \/>\npH: 2-3<br \/>\nRelativ densitet: 0,86 kg\/m3 (20\u00b0C)<br \/>\nL\u00f6slighet i vatten: 0,2 g\/l<\/p>\n","protected":false},"excerpt":{"rendered":"<p><strong>Versensyra (CAS 60-00-4)<\/strong><\/p>\n<p>Versenesyra \u00e4r en speciell r\u00e5vara f\u00f6r kosmetikaindustrin. Den anv\u00e4nds bland annat i schampon, kr\u00e4mer, l\u00e4ppbalsam, garvningsprodukter och duschgeler. Fungerar som en konsistensstabilisator som f\u00f6rb\u00e4ttrar viskositeten och ger r\u00e4tt sammans\u00e4ttning. Det \u00e4r ocks\u00e5 ett konserveringsmedel vars syfte \u00e4r att f\u00f6rhindra f\u00f6r\u00e4ndringar i kosmetikas sammans\u00e4ttning, utseende och lukt. I h\u00f6ga koncentrationer irriterar det slemhinnor och hud. <\/p>\n","protected":false},"featured_media":11613,"template":"","meta":[],"product_brand":[],"product_cat":[173,105,116],"product_tag":[],"class_list":{"0":"post-11609","1":"product","2":"type-product","3":"status-publish","4":"has-post-thumbnail","6":"product_cat-godselmedel","7":"product_cat-hushallskemikalier-sv","8":"product_cat-alla-produkter","10":"first","11":"outofstock","12":"taxable","13":"shipping-taxable","14":"purchasable","15":"product-type-variable","16":"has-default-attributes","17":"rtwpvg-product"},"yoast_head":"<!-- This site is optimized with the Yoast SEO plugin v27.5 - https:\/\/yoast.com\/product\/yoast-seo-wordpress\/ -->\n<title>Verseninsyra (CAS 60-00-4) - MasterChem | kemikaalien tuotanto ja myynti<\/title>\n<meta name=\"description\" content=\"Verseninsyra \u00e4r en speciell r\u00e5vara inom kosmetikaindustrin. Den anv\u00e4nds bland annat i schampon, kr\u00e4mer, l\u00e4ppbalsam, garvningsprodukter och duschgeler.\" \/>\n<meta name=\"robots\" content=\"index, follow, max-snippet:-1, max-image-preview:large, max-video-preview:-1\" \/>\n<link rel=\"canonical\" href=\"https:\/\/masterchem.fi\/sv\/produkt\/verseninsyra-cas-60-00-4\/\" \/>\n<meta property=\"og:locale\" content=\"sv_SE\" \/>\n<meta property=\"og:type\" content=\"article\" \/>\n<meta property=\"og:title\" content=\"Verseninsyra (CAS 60-00-4) - MasterChem | kemikaalien tuotanto ja myynti\" \/>\n<meta property=\"og:description\" content=\"Verseninsyra \u00e4r en speciell r\u00e5vara inom kosmetikaindustrin. Den anv\u00e4nds bland annat i schampon, kr\u00e4mer, l\u00e4ppbalsam, garvningsprodukter och duschgeler.\" \/>\n<meta property=\"og:url\" content=\"https:\/\/masterchem.fi\/sv\/produkt\/verseninsyra-cas-60-00-4\/\" \/>\n<meta property=\"og:site_name\" content=\"MasterChem | kemikaalien tuotanto ja myynti\" \/>\n<meta property=\"article:modified_time\" content=\"2022-08-18T11:04:42+00:00\" \/>\n<meta property=\"og:image\" content=\"https:\/\/masterchem.fi\/wp-content\/uploads\/2022\/08\/Verseenhape-25kg-MasterChem.jpg\" \/>\n\t<meta property=\"og:image:width\" content=\"1000\" \/>\n\t<meta property=\"og:image:height\" content=\"1000\" \/>\n\t<meta property=\"og:image:type\" content=\"image\/jpeg\" \/>\n<meta name=\"twitter:card\" content=\"summary_large_image\" \/>\n<script type=\"application\/ld+json\" class=\"yoast-schema-graph\">{\"@context\":\"https:\\\/\\\/schema.org\",\"@graph\":[{\"@type\":\"WebPage\",\"@id\":\"https:\\\/\\\/masterchem.fi\\\/sv\\\/produkt\\\/verseninsyra-cas-60-00-4\\\/\",\"url\":\"https:\\\/\\\/masterchem.fi\\\/sv\\\/produkt\\\/verseninsyra-cas-60-00-4\\\/\",\"name\":\"Verseninsyra (CAS 60-00-4) - MasterChem | kemikaalien tuotanto ja myynti\",\"isPartOf\":{\"@id\":\"https:\\\/\\\/masterchem.fi\\\/sv\\\/#website\"},\"primaryImageOfPage\":{\"@id\":\"https:\\\/\\\/masterchem.fi\\\/sv\\\/produkt\\\/verseninsyra-cas-60-00-4\\\/#primaryimage\"},\"image\":{\"@id\":\"https:\\\/\\\/masterchem.fi\\\/sv\\\/produkt\\\/verseninsyra-cas-60-00-4\\\/#primaryimage\"},\"thumbnailUrl\":\"https:\\\/\\\/masterchem.fi\\\/wp-content\\\/uploads\\\/2022\\\/08\\\/Verseenhape-25kg-MasterChem.jpg\",\"datePublished\":\"2022-08-18T10:58:04+00:00\",\"dateModified\":\"2022-08-18T11:04:42+00:00\",\"description\":\"Verseninsyra \u00e4r en speciell r\u00e5vara inom kosmetikaindustrin. Den anv\u00e4nds bland annat i schampon, kr\u00e4mer, l\u00e4ppbalsam, garvningsprodukter och duschgeler.\",\"breadcrumb\":{\"@id\":\"https:\\\/\\\/masterchem.fi\\\/sv\\\/produkt\\\/verseninsyra-cas-60-00-4\\\/#breadcrumb\"},\"inLanguage\":\"sv-SE\",\"potentialAction\":[{\"@type\":\"ReadAction\",\"target\":[\"https:\\\/\\\/masterchem.fi\\\/sv\\\/produkt\\\/verseninsyra-cas-60-00-4\\\/\"]}]},{\"@type\":\"ImageObject\",\"inLanguage\":\"sv-SE\",\"@id\":\"https:\\\/\\\/masterchem.fi\\\/sv\\\/produkt\\\/verseninsyra-cas-60-00-4\\\/#primaryimage\",\"url\":\"https:\\\/\\\/masterchem.fi\\\/wp-content\\\/uploads\\\/2022\\\/08\\\/Verseenhape-25kg-MasterChem.jpg\",\"contentUrl\":\"https:\\\/\\\/masterchem.fi\\\/wp-content\\\/uploads\\\/2022\\\/08\\\/Verseenhape-25kg-MasterChem.jpg\",\"width\":1000,\"height\":1000,\"caption\":\"Verseninsyra (CAS 60-00-4) 25kg MasterChem\"},{\"@type\":\"BreadcrumbList\",\"@id\":\"https:\\\/\\\/masterchem.fi\\\/sv\\\/produkt\\\/verseninsyra-cas-60-00-4\\\/#breadcrumb\",\"itemListElement\":[{\"@type\":\"ListItem\",\"position\":1,\"name\":\"Home\",\"item\":\"https:\\\/\\\/masterchem.fi\\\/sv\\\/\"},{\"@type\":\"ListItem\",\"position\":2,\"name\":\"Butik\",\"item\":\"https:\\\/\\\/masterchem.fi\\\/sv\\\/butik\\\/\"},{\"@type\":\"ListItem\",\"position\":3,\"name\":\"Verseninsyra (CAS 60-00-4)\"}]},{\"@type\":\"WebSite\",\"@id\":\"https:\\\/\\\/masterchem.fi\\\/sv\\\/#website\",\"url\":\"https:\\\/\\\/masterchem.fi\\\/sv\\\/\",\"name\":\"MasterChem | kemikaalien tuotanto ja myynti\",\"description\":\"kemikaalien tuotanto ja myynti\",\"potentialAction\":[{\"@type\":\"SearchAction\",\"target\":{\"@type\":\"EntryPoint\",\"urlTemplate\":\"https:\\\/\\\/masterchem.fi\\\/sv\\\/?s={search_term_string}\"},\"query-input\":{\"@type\":\"PropertyValueSpecification\",\"valueRequired\":true,\"valueName\":\"search_term_string\"}}],\"inLanguage\":\"sv-SE\"}]}<\/script>\n<!-- \/ Yoast SEO plugin. -->","yoast_head_json":{"title":"Verseninsyra (CAS 60-00-4) - MasterChem | kemikaalien tuotanto ja myynti","description":"Verseninsyra \u00e4r en speciell r\u00e5vara inom kosmetikaindustrin. Den anv\u00e4nds bland annat i schampon, kr\u00e4mer, l\u00e4ppbalsam, garvningsprodukter och duschgeler.","robots":{"index":"index","follow":"follow","max-snippet":"max-snippet:-1","max-image-preview":"max-image-preview:large","max-video-preview":"max-video-preview:-1"},"canonical":"https:\/\/masterchem.fi\/sv\/produkt\/verseninsyra-cas-60-00-4\/","og_locale":"sv_SE","og_type":"article","og_title":"Verseninsyra (CAS 60-00-4) - MasterChem | kemikaalien tuotanto ja myynti","og_description":"Verseninsyra \u00e4r en speciell r\u00e5vara inom kosmetikaindustrin. Den anv\u00e4nds bland annat i schampon, kr\u00e4mer, l\u00e4ppbalsam, garvningsprodukter och duschgeler.","og_url":"https:\/\/masterchem.fi\/sv\/produkt\/verseninsyra-cas-60-00-4\/","og_site_name":"MasterChem | kemikaalien tuotanto ja myynti","article_modified_time":"2022-08-18T11:04:42+00:00","og_image":[{"width":1000,"height":1000,"url":"https:\/\/masterchem.fi\/wp-content\/uploads\/2022\/08\/Verseenhape-25kg-MasterChem.jpg","type":"image\/jpeg"}],"twitter_card":"summary_large_image","schema":{"@context":"https:\/\/schema.org","@graph":[{"@type":"WebPage","@id":"https:\/\/masterchem.fi\/sv\/produkt\/verseninsyra-cas-60-00-4\/","url":"https:\/\/masterchem.fi\/sv\/produkt\/verseninsyra-cas-60-00-4\/","name":"Verseninsyra (CAS 60-00-4) - MasterChem | kemikaalien tuotanto ja myynti","isPartOf":{"@id":"https:\/\/masterchem.fi\/sv\/#website"},"primaryImageOfPage":{"@id":"https:\/\/masterchem.fi\/sv\/produkt\/verseninsyra-cas-60-00-4\/#primaryimage"},"image":{"@id":"https:\/\/masterchem.fi\/sv\/produkt\/verseninsyra-cas-60-00-4\/#primaryimage"},"thumbnailUrl":"https:\/\/masterchem.fi\/wp-content\/uploads\/2022\/08\/Verseenhape-25kg-MasterChem.jpg","datePublished":"2022-08-18T10:58:04+00:00","dateModified":"2022-08-18T11:04:42+00:00","description":"Verseninsyra \u00e4r en speciell r\u00e5vara inom kosmetikaindustrin. Den anv\u00e4nds bland annat i schampon, kr\u00e4mer, l\u00e4ppbalsam, garvningsprodukter och duschgeler.","breadcrumb":{"@id":"https:\/\/masterchem.fi\/sv\/produkt\/verseninsyra-cas-60-00-4\/#breadcrumb"},"inLanguage":"sv-SE","potentialAction":[{"@type":"ReadAction","target":["https:\/\/masterchem.fi\/sv\/produkt\/verseninsyra-cas-60-00-4\/"]}]},{"@type":"ImageObject","inLanguage":"sv-SE","@id":"https:\/\/masterchem.fi\/sv\/produkt\/verseninsyra-cas-60-00-4\/#primaryimage","url":"https:\/\/masterchem.fi\/wp-content\/uploads\/2022\/08\/Verseenhape-25kg-MasterChem.jpg","contentUrl":"https:\/\/masterchem.fi\/wp-content\/uploads\/2022\/08\/Verseenhape-25kg-MasterChem.jpg","width":1000,"height":1000,"caption":"Verseninsyra (CAS 60-00-4) 25kg MasterChem"},{"@type":"BreadcrumbList","@id":"https:\/\/masterchem.fi\/sv\/produkt\/verseninsyra-cas-60-00-4\/#breadcrumb","itemListElement":[{"@type":"ListItem","position":1,"name":"Home","item":"https:\/\/masterchem.fi\/sv\/"},{"@type":"ListItem","position":2,"name":"Butik","item":"https:\/\/masterchem.fi\/sv\/butik\/"},{"@type":"ListItem","position":3,"name":"Verseninsyra (CAS 60-00-4)"}]},{"@type":"WebSite","@id":"https:\/\/masterchem.fi\/sv\/#website","url":"https:\/\/masterchem.fi\/sv\/","name":"MasterChem | kemikaalien tuotanto ja myynti","description":"kemikaalien tuotanto ja myynti","potentialAction":[{"@type":"SearchAction","target":{"@type":"EntryPoint","urlTemplate":"https:\/\/masterchem.fi\/sv\/?s={search_term_string}"},"query-input":{"@type":"PropertyValueSpecification","valueRequired":true,"valueName":"search_term_string"}}],"inLanguage":"sv-SE"}]}},"_links":{"self":[{"href":"https:\/\/masterchem.fi\/sv\/wp-json\/wp\/v2\/product\/11609","targetHints":{"allow":["GET"]}}],"collection":[{"href":"https:\/\/masterchem.fi\/sv\/wp-json\/wp\/v2\/product"}],"about":[{"href":"https:\/\/masterchem.fi\/sv\/wp-json\/wp\/v2\/types\/product"}],"wp:featuredmedia":[{"embeddable":true,"href":"https:\/\/masterchem.fi\/sv\/wp-json\/wp\/v2\/media\/11613"}],"wp:attachment":[{"href":"https:\/\/masterchem.fi\/sv\/wp-json\/wp\/v2\/media?parent=11609"}],"wp:term":[{"taxonomy":"product_brand","embeddable":true,"href":"https:\/\/masterchem.fi\/sv\/wp-json\/wp\/v2\/product_brand?post=11609"},{"taxonomy":"product_cat","embeddable":true,"href":"https:\/\/masterchem.fi\/sv\/wp-json\/wp\/v2\/product_cat?post=11609"},{"taxonomy":"product_tag","embeddable":true,"href":"https:\/\/masterchem.fi\/sv\/wp-json\/wp\/v2\/product_tag?post=11609"}],"curies":[{"name":"wp","href":"https:\/\/api.w.org\/{rel}","templated":true}]}}