{"id":11619,"date":"2022-08-18T14:08:50","date_gmt":"2022-08-18T11:08:51","guid":{"rendered":"https:\/\/masterchem.fi\/?post_type=product&#038;p=11619"},"modified":"2022-08-18T14:14:10","modified_gmt":"2022-08-18T11:14:10","slug":"zinkklorid-cas-7646-85-7","status":"publish","type":"product","link":"https:\/\/masterchem.fi\/sv\/produkt\/zinkklorid-cas-7646-85-7\/","title":{"rendered":"Zinkklorid (CAS 7646-85-7)"},"content":{"rendered":"<p><strong>Information<\/strong><br \/>\nBranscher: g\u00f6dningsmedel, tr\u00e4dg\u00e5rdssk\u00f6tsel<br \/>\nCAS-nummer: 7646-85-7<br \/>\nWE-nummer: 231-592-0<br \/>\nIndexnummer: 030-003-00-2<br \/>\nKemisk formel: ZnCl2<br \/>\nMolekylvikt: 136 286 g\/mol<br \/>\nADR: UN2331<\/p>\n<p><strong>Andra fysiska egenskaper<\/strong><br \/>\npH: ca 5 (100g\/l H2O w 20\u00b0c)<br \/>\nSm\u00e4lt-\/fryspunkt: 287\u00b0C (1013 hPa)<br \/>\nKokpunkt\/intervall: 732\u00b0C<br \/>\nRelativ densitet: 2,93 g\/cm3<br \/>\nL\u00f6slighet i vatten: 851 g\/l (20\u00b0C)<\/p>\n","protected":false},"excerpt":{"rendered":"<p><strong>Zinkklorid (CAS 7646-85-7)<\/strong><\/p>\n<p>Zinkklorid \u00e4r namnet p\u00e5 kemiska f\u00f6reningar med formeln ZnCl2 och dess hydrater. Zinkklorider, av vilka nio kristallformer \u00e4r k\u00e4nda, \u00e4r f\u00e4rgl\u00f6sa eller vita och mycket l\u00f6sliga i vatten. Detta vita salt \u00e4r hygroskopiskt och till och med vattenhaltigt. Prover b\u00f6r d\u00e4rf\u00f6r skyddas fr\u00e5n fuktk\u00e4llor, inklusive vatten\u00e5nga i luften. Zinkklorid anv\u00e4nds ofta i textilbearbetning, metallurgiska flussmedel och kemisk syntes. Inget mineral med denna kemiska sammans\u00e4ttning \u00e4r k\u00e4nt f\u00f6rutom den mycket s\u00e4llsynta simonkolleiten, Zn5(OH)8Cl2\u00b7H2O.<\/p>\n","protected":false},"featured_media":11623,"template":"","meta":[],"product_brand":[],"product_cat":[173,182,116],"product_tag":[],"class_list":{"0":"post-11619","1":"product","2":"type-product","3":"status-publish","4":"has-post-thumbnail","6":"product_cat-godselmedel","7":"product_cat-hortikultur","8":"product_cat-alla-produkter","10":"first","11":"outofstock","12":"taxable","13":"shipping-taxable","14":"purchasable","15":"product-type-variable","16":"has-default-attributes","17":"rtwpvg-product"},"yoast_head":"<!-- This site is optimized with the Yoast SEO plugin v27.2 - https:\/\/yoast.com\/product\/yoast-seo-wordpress\/ -->\n<title>Zinkklorid (CAS 7646-85-7) - MasterChem | kemikaalien tuotanto ja myynti<\/title>\n<meta name=\"description\" content=\"Zinkklorid \u00e4r namnet p\u00e5 kemiska f\u00f6reningar med formeln ZnCl2 och dess hydrater. Zinkklorider, av vilka nio kristallformer \u00e4r k\u00e4nda, \u00e4r f\u00e4rgl\u00f6sa eller vita och mycket l\u00f6sliga i vatten.\" \/>\n<meta name=\"robots\" content=\"index, follow, max-snippet:-1, max-image-preview:large, max-video-preview:-1\" \/>\n<link rel=\"canonical\" href=\"https:\/\/masterchem.fi\/sv\/produkt\/zinkklorid-cas-7646-85-7\/\" \/>\n<meta property=\"og:locale\" content=\"sv_SE\" \/>\n<meta property=\"og:type\" content=\"article\" \/>\n<meta property=\"og:title\" content=\"Zinkklorid (CAS 7646-85-7) - MasterChem | kemikaalien tuotanto ja myynti\" \/>\n<meta property=\"og:description\" content=\"Zinkklorid \u00e4r namnet p\u00e5 kemiska f\u00f6reningar med formeln ZnCl2 och dess hydrater. Zinkklorider, av vilka nio kristallformer \u00e4r k\u00e4nda, \u00e4r f\u00e4rgl\u00f6sa eller vita och mycket l\u00f6sliga i vatten.\" \/>\n<meta property=\"og:url\" content=\"https:\/\/masterchem.fi\/sv\/produkt\/zinkklorid-cas-7646-85-7\/\" \/>\n<meta property=\"og:site_name\" content=\"MasterChem | kemikaalien tuotanto ja myynti\" \/>\n<meta property=\"article:modified_time\" content=\"2022-08-18T11:14:10+00:00\" \/>\n<meta property=\"og:image\" content=\"https:\/\/masterchem.fi\/wp-content\/uploads\/2022\/08\/Sinkkikloridi-CAS-7646-85-7-25kg-MasterChem.jpg\" \/>\n\t<meta property=\"og:image:width\" content=\"1000\" \/>\n\t<meta property=\"og:image:height\" content=\"1000\" \/>\n\t<meta property=\"og:image:type\" content=\"image\/jpeg\" \/>\n<meta name=\"twitter:card\" content=\"summary_large_image\" \/>\n<script type=\"application\/ld+json\" class=\"yoast-schema-graph\">{\"@context\":\"https:\/\/schema.org\",\"@graph\":[{\"@type\":\"WebPage\",\"@id\":\"https:\/\/masterchem.fi\/sv\/produkt\/zinkklorid-cas-7646-85-7\/\",\"url\":\"https:\/\/masterchem.fi\/sv\/produkt\/zinkklorid-cas-7646-85-7\/\",\"name\":\"Zinkklorid (CAS 7646-85-7) - MasterChem | kemikaalien tuotanto ja myynti\",\"isPartOf\":{\"@id\":\"https:\/\/masterchem.fi\/sv\/#website\"},\"primaryImageOfPage\":{\"@id\":\"https:\/\/masterchem.fi\/sv\/produkt\/zinkklorid-cas-7646-85-7\/#primaryimage\"},\"image\":{\"@id\":\"https:\/\/masterchem.fi\/sv\/produkt\/zinkklorid-cas-7646-85-7\/#primaryimage\"},\"thumbnailUrl\":\"https:\/\/masterchem.fi\/wp-content\/uploads\/2022\/08\/Sinkkikloridi-CAS-7646-85-7-25kg-MasterChem.jpg\",\"datePublished\":\"2022-08-18T11:08:51+00:00\",\"dateModified\":\"2022-08-18T11:14:10+00:00\",\"description\":\"Zinkklorid \u00e4r namnet p\u00e5 kemiska f\u00f6reningar med formeln ZnCl2 och dess hydrater. Zinkklorider, av vilka nio kristallformer \u00e4r k\u00e4nda, \u00e4r f\u00e4rgl\u00f6sa eller vita och mycket l\u00f6sliga i vatten.\",\"breadcrumb\":{\"@id\":\"https:\/\/masterchem.fi\/sv\/produkt\/zinkklorid-cas-7646-85-7\/#breadcrumb\"},\"inLanguage\":\"sv-SE\",\"potentialAction\":[{\"@type\":\"ReadAction\",\"target\":[\"https:\/\/masterchem.fi\/sv\/produkt\/zinkklorid-cas-7646-85-7\/\"]}]},{\"@type\":\"ImageObject\",\"inLanguage\":\"sv-SE\",\"@id\":\"https:\/\/masterchem.fi\/sv\/produkt\/zinkklorid-cas-7646-85-7\/#primaryimage\",\"url\":\"https:\/\/masterchem.fi\/wp-content\/uploads\/2022\/08\/Sinkkikloridi-CAS-7646-85-7-25kg-MasterChem.jpg\",\"contentUrl\":\"https:\/\/masterchem.fi\/wp-content\/uploads\/2022\/08\/Sinkkikloridi-CAS-7646-85-7-25kg-MasterChem.jpg\",\"width\":1000,\"height\":1000,\"caption\":\"Zinkklorid (CAS 7646-85-7) 25kg-MasterChem\"},{\"@type\":\"BreadcrumbList\",\"@id\":\"https:\/\/masterchem.fi\/sv\/produkt\/zinkklorid-cas-7646-85-7\/#breadcrumb\",\"itemListElement\":[{\"@type\":\"ListItem\",\"position\":1,\"name\":\"Home\",\"item\":\"https:\/\/masterchem.fi\/sv\/\"},{\"@type\":\"ListItem\",\"position\":2,\"name\":\"Butik\",\"item\":\"https:\/\/masterchem.fi\/sv\/butik\/\"},{\"@type\":\"ListItem\",\"position\":3,\"name\":\"Zinkklorid (CAS 7646-85-7)\"}]},{\"@type\":\"WebSite\",\"@id\":\"https:\/\/masterchem.fi\/sv\/#website\",\"url\":\"https:\/\/masterchem.fi\/sv\/\",\"name\":\"MasterChem | kemikaalien tuotanto ja myynti\",\"description\":\"kemikaalien tuotanto ja myynti\",\"potentialAction\":[{\"@type\":\"SearchAction\",\"target\":{\"@type\":\"EntryPoint\",\"urlTemplate\":\"https:\/\/masterchem.fi\/sv\/?s={search_term_string}\"},\"query-input\":{\"@type\":\"PropertyValueSpecification\",\"valueRequired\":true,\"valueName\":\"search_term_string\"}}],\"inLanguage\":\"sv-SE\"}]}<\/script>\n<!-- \/ Yoast SEO plugin. -->","yoast_head_json":{"title":"Zinkklorid (CAS 7646-85-7) - MasterChem | kemikaalien tuotanto ja myynti","description":"Zinkklorid \u00e4r namnet p\u00e5 kemiska f\u00f6reningar med formeln ZnCl2 och dess hydrater. Zinkklorider, av vilka nio kristallformer \u00e4r k\u00e4nda, \u00e4r f\u00e4rgl\u00f6sa eller vita och mycket l\u00f6sliga i vatten.","robots":{"index":"index","follow":"follow","max-snippet":"max-snippet:-1","max-image-preview":"max-image-preview:large","max-video-preview":"max-video-preview:-1"},"canonical":"https:\/\/masterchem.fi\/sv\/produkt\/zinkklorid-cas-7646-85-7\/","og_locale":"sv_SE","og_type":"article","og_title":"Zinkklorid (CAS 7646-85-7) - MasterChem | kemikaalien tuotanto ja myynti","og_description":"Zinkklorid \u00e4r namnet p\u00e5 kemiska f\u00f6reningar med formeln ZnCl2 och dess hydrater. Zinkklorider, av vilka nio kristallformer \u00e4r k\u00e4nda, \u00e4r f\u00e4rgl\u00f6sa eller vita och mycket l\u00f6sliga i vatten.","og_url":"https:\/\/masterchem.fi\/sv\/produkt\/zinkklorid-cas-7646-85-7\/","og_site_name":"MasterChem | kemikaalien tuotanto ja myynti","article_modified_time":"2022-08-18T11:14:10+00:00","og_image":[{"width":1000,"height":1000,"url":"https:\/\/masterchem.fi\/wp-content\/uploads\/2022\/08\/Sinkkikloridi-CAS-7646-85-7-25kg-MasterChem.jpg","type":"image\/jpeg"}],"twitter_card":"summary_large_image","schema":{"@context":"https:\/\/schema.org","@graph":[{"@type":"WebPage","@id":"https:\/\/masterchem.fi\/sv\/produkt\/zinkklorid-cas-7646-85-7\/","url":"https:\/\/masterchem.fi\/sv\/produkt\/zinkklorid-cas-7646-85-7\/","name":"Zinkklorid (CAS 7646-85-7) - MasterChem | kemikaalien tuotanto ja myynti","isPartOf":{"@id":"https:\/\/masterchem.fi\/sv\/#website"},"primaryImageOfPage":{"@id":"https:\/\/masterchem.fi\/sv\/produkt\/zinkklorid-cas-7646-85-7\/#primaryimage"},"image":{"@id":"https:\/\/masterchem.fi\/sv\/produkt\/zinkklorid-cas-7646-85-7\/#primaryimage"},"thumbnailUrl":"https:\/\/masterchem.fi\/wp-content\/uploads\/2022\/08\/Sinkkikloridi-CAS-7646-85-7-25kg-MasterChem.jpg","datePublished":"2022-08-18T11:08:51+00:00","dateModified":"2022-08-18T11:14:10+00:00","description":"Zinkklorid \u00e4r namnet p\u00e5 kemiska f\u00f6reningar med formeln ZnCl2 och dess hydrater. Zinkklorider, av vilka nio kristallformer \u00e4r k\u00e4nda, \u00e4r f\u00e4rgl\u00f6sa eller vita och mycket l\u00f6sliga i vatten.","breadcrumb":{"@id":"https:\/\/masterchem.fi\/sv\/produkt\/zinkklorid-cas-7646-85-7\/#breadcrumb"},"inLanguage":"sv-SE","potentialAction":[{"@type":"ReadAction","target":["https:\/\/masterchem.fi\/sv\/produkt\/zinkklorid-cas-7646-85-7\/"]}]},{"@type":"ImageObject","inLanguage":"sv-SE","@id":"https:\/\/masterchem.fi\/sv\/produkt\/zinkklorid-cas-7646-85-7\/#primaryimage","url":"https:\/\/masterchem.fi\/wp-content\/uploads\/2022\/08\/Sinkkikloridi-CAS-7646-85-7-25kg-MasterChem.jpg","contentUrl":"https:\/\/masterchem.fi\/wp-content\/uploads\/2022\/08\/Sinkkikloridi-CAS-7646-85-7-25kg-MasterChem.jpg","width":1000,"height":1000,"caption":"Zinkklorid (CAS 7646-85-7) 25kg-MasterChem"},{"@type":"BreadcrumbList","@id":"https:\/\/masterchem.fi\/sv\/produkt\/zinkklorid-cas-7646-85-7\/#breadcrumb","itemListElement":[{"@type":"ListItem","position":1,"name":"Home","item":"https:\/\/masterchem.fi\/sv\/"},{"@type":"ListItem","position":2,"name":"Butik","item":"https:\/\/masterchem.fi\/sv\/butik\/"},{"@type":"ListItem","position":3,"name":"Zinkklorid (CAS 7646-85-7)"}]},{"@type":"WebSite","@id":"https:\/\/masterchem.fi\/sv\/#website","url":"https:\/\/masterchem.fi\/sv\/","name":"MasterChem | kemikaalien tuotanto ja myynti","description":"kemikaalien tuotanto ja myynti","potentialAction":[{"@type":"SearchAction","target":{"@type":"EntryPoint","urlTemplate":"https:\/\/masterchem.fi\/sv\/?s={search_term_string}"},"query-input":{"@type":"PropertyValueSpecification","valueRequired":true,"valueName":"search_term_string"}}],"inLanguage":"sv-SE"}]}},"_links":{"self":[{"href":"https:\/\/masterchem.fi\/sv\/wp-json\/wp\/v2\/product\/11619","targetHints":{"allow":["GET"]}}],"collection":[{"href":"https:\/\/masterchem.fi\/sv\/wp-json\/wp\/v2\/product"}],"about":[{"href":"https:\/\/masterchem.fi\/sv\/wp-json\/wp\/v2\/types\/product"}],"wp:featuredmedia":[{"embeddable":true,"href":"https:\/\/masterchem.fi\/sv\/wp-json\/wp\/v2\/media\/11623"}],"wp:attachment":[{"href":"https:\/\/masterchem.fi\/sv\/wp-json\/wp\/v2\/media?parent=11619"}],"wp:term":[{"taxonomy":"product_brand","embeddable":true,"href":"https:\/\/masterchem.fi\/sv\/wp-json\/wp\/v2\/product_brand?post=11619"},{"taxonomy":"product_cat","embeddable":true,"href":"https:\/\/masterchem.fi\/sv\/wp-json\/wp\/v2\/product_cat?post=11619"},{"taxonomy":"product_tag","embeddable":true,"href":"https:\/\/masterchem.fi\/sv\/wp-json\/wp\/v2\/product_tag?post=11619"}],"curies":[{"name":"wp","href":"https:\/\/api.w.org\/{rel}","templated":true}]}}