{"id":11639,"date":"2022-08-18T15:24:07","date_gmt":"2022-08-18T12:24:08","guid":{"rendered":"https:\/\/masterchem.fi\/?post_type=product&#038;p=11639"},"modified":"2022-08-18T15:29:51","modified_gmt":"2022-08-18T12:29:51","slug":"natriumtetraboratanhydrat-cas-1330-43-4","status":"publish","type":"product","link":"https:\/\/masterchem.fi\/sv\/produkt\/natriumtetraboratanhydrat-cas-1330-43-4\/","title":{"rendered":"Natriumtetraboratanhydrat (CAS 1330-43-4)"},"content":{"rendered":"<p><strong>Information<\/strong><br \/>\nBranscher: F\u00e4rger och fernissor, hush\u00e5llskemikalier, konstg\u00f6dsel, glas och keramik, lim, oljor, fetter, tr\u00e4dg\u00e5rdsodling, hartser, plaster, polyuretaner<br \/>\nCAS-nummer: 1330-43-4<br \/>\nWE-nummer: 215-540-4<br \/>\nIndexnummer: 005-011-00-5<br \/>\nKemisk formel: Na2B4O7<br \/>\nMolekylvikt: 201,22 g\/mol<br \/>\nTulltaxekod: 28401100<\/p>\n<p><strong>Andra fysiska egenskaper<\/strong><br \/>\npH: 9,2 (1%, 20\u00b0C)<br \/>\nSm\u00e4lt-\/fryspunkt: 741\u00b0C<br \/>\nKokpunkt\/intervall: 1575\u00b0C<br \/>\nRelativ densitet: 2,37 g\/cm3 (20\u00b0C)<br \/>\nL\u00f6slighet i vatten: 2,48% (20\u00b0C)<\/p>\n","protected":false},"excerpt":{"rendered":"<p><strong>Natriumtetraboratanhydrat (CAS 1330-43-4)<\/strong><\/p>\n","protected":false},"featured_media":11645,"template":"","meta":[],"product_brand":[],"product_cat":[109,116,173,175,182,105],"product_tag":[],"class_list":{"0":"post-11639","1":"product","2":"type-product","3":"status-publish","4":"has-post-thumbnail","6":"product_cat-plast","7":"product_cat-alla-produkter","8":"product_cat-godselmedel","9":"product_cat-glas-och-keramik","10":"product_cat-hortikultur","11":"product_cat-hushallskemikalier-sv","13":"first","14":"outofstock","15":"taxable","16":"shipping-taxable","17":"purchasable","18":"product-type-variable","19":"has-default-attributes","20":"rtwpvg-product"},"yoast_head":"<!-- This site is optimized with the Yoast SEO plugin v27.5 - https:\/\/yoast.com\/product\/yoast-seo-wordpress\/ -->\n<title>Natriumtetraboratanhydrat (CAS 1330-43-4) - MasterChem | kemikaalien tuotanto ja myynti<\/title>\n<meta name=\"description\" content=\"Natriumtetraboratanhydrat (CAS 1330-43-4). Branscher: F\u00e4rger och fernissor, hush\u00e5llskemikalier, konstg\u00f6dsel, glas och keramik, lim, oljor, fetter, tr\u00e4dg\u00e5rdssk\u00f6tsel, hartser, plaster, polyuretaner\" \/>\n<meta name=\"robots\" content=\"index, follow, max-snippet:-1, max-image-preview:large, max-video-preview:-1\" \/>\n<link rel=\"canonical\" href=\"https:\/\/masterchem.fi\/sv\/produkt\/natriumtetraboratanhydrat-cas-1330-43-4\/\" \/>\n<meta property=\"og:locale\" content=\"sv_SE\" \/>\n<meta property=\"og:type\" content=\"article\" \/>\n<meta property=\"og:title\" content=\"Natriumtetraboratanhydrat (CAS 1330-43-4) - MasterChem | kemikaalien tuotanto ja myynti\" \/>\n<meta property=\"og:description\" content=\"Natriumtetraboratanhydrat (CAS 1330-43-4). Branscher: F\u00e4rger och fernissor, hush\u00e5llskemikalier, konstg\u00f6dsel, glas och keramik, lim, oljor, fetter, tr\u00e4dg\u00e5rdssk\u00f6tsel, hartser, plaster, polyuretaner\" \/>\n<meta property=\"og:url\" content=\"https:\/\/masterchem.fi\/sv\/produkt\/natriumtetraboratanhydrat-cas-1330-43-4\/\" \/>\n<meta property=\"og:site_name\" content=\"MasterChem | kemikaalien tuotanto ja myynti\" \/>\n<meta property=\"article:modified_time\" content=\"2022-08-18T12:29:51+00:00\" \/>\n<meta property=\"og:image\" content=\"https:\/\/masterchem.fi\/wp-content\/uploads\/2022\/08\/Natriumtetraboraattianhydraatti-CAS-1330-43-4-25kg-MasterChem-1.jpg\" \/>\n\t<meta property=\"og:image:width\" content=\"1000\" \/>\n\t<meta property=\"og:image:height\" content=\"1000\" \/>\n\t<meta property=\"og:image:type\" content=\"image\/jpeg\" \/>\n<meta name=\"twitter:card\" content=\"summary_large_image\" \/>\n<script type=\"application\/ld+json\" class=\"yoast-schema-graph\">{\"@context\":\"https:\\\/\\\/schema.org\",\"@graph\":[{\"@type\":\"WebPage\",\"@id\":\"https:\\\/\\\/masterchem.fi\\\/sv\\\/produkt\\\/natriumtetraboratanhydrat-cas-1330-43-4\\\/\",\"url\":\"https:\\\/\\\/masterchem.fi\\\/sv\\\/produkt\\\/natriumtetraboratanhydrat-cas-1330-43-4\\\/\",\"name\":\"Natriumtetraboratanhydrat (CAS 1330-43-4) - MasterChem | kemikaalien tuotanto ja myynti\",\"isPartOf\":{\"@id\":\"https:\\\/\\\/masterchem.fi\\\/sv\\\/#website\"},\"primaryImageOfPage\":{\"@id\":\"https:\\\/\\\/masterchem.fi\\\/sv\\\/produkt\\\/natriumtetraboratanhydrat-cas-1330-43-4\\\/#primaryimage\"},\"image\":{\"@id\":\"https:\\\/\\\/masterchem.fi\\\/sv\\\/produkt\\\/natriumtetraboratanhydrat-cas-1330-43-4\\\/#primaryimage\"},\"thumbnailUrl\":\"https:\\\/\\\/masterchem.fi\\\/wp-content\\\/uploads\\\/2022\\\/08\\\/Natriumtetraboraattianhydraatti-CAS-1330-43-4-25kg-MasterChem-1.jpg\",\"datePublished\":\"2022-08-18T12:24:08+00:00\",\"dateModified\":\"2022-08-18T12:29:51+00:00\",\"description\":\"Natriumtetraboratanhydrat (CAS 1330-43-4). Branscher: F\u00e4rger och fernissor, hush\u00e5llskemikalier, konstg\u00f6dsel, glas och keramik, lim, oljor, fetter, tr\u00e4dg\u00e5rdssk\u00f6tsel, hartser, plaster, polyuretaner\",\"breadcrumb\":{\"@id\":\"https:\\\/\\\/masterchem.fi\\\/sv\\\/produkt\\\/natriumtetraboratanhydrat-cas-1330-43-4\\\/#breadcrumb\"},\"inLanguage\":\"sv-SE\",\"potentialAction\":[{\"@type\":\"ReadAction\",\"target\":[\"https:\\\/\\\/masterchem.fi\\\/sv\\\/produkt\\\/natriumtetraboratanhydrat-cas-1330-43-4\\\/\"]}]},{\"@type\":\"ImageObject\",\"inLanguage\":\"sv-SE\",\"@id\":\"https:\\\/\\\/masterchem.fi\\\/sv\\\/produkt\\\/natriumtetraboratanhydrat-cas-1330-43-4\\\/#primaryimage\",\"url\":\"https:\\\/\\\/masterchem.fi\\\/wp-content\\\/uploads\\\/2022\\\/08\\\/Natriumtetraboraattianhydraatti-CAS-1330-43-4-25kg-MasterChem-1.jpg\",\"contentUrl\":\"https:\\\/\\\/masterchem.fi\\\/wp-content\\\/uploads\\\/2022\\\/08\\\/Natriumtetraboraattianhydraatti-CAS-1330-43-4-25kg-MasterChem-1.jpg\",\"width\":1000,\"height\":1000,\"caption\":\"Natriumtetraboratanhydrat (CAS 1330-43-4) 25kg-MasterChem\"},{\"@type\":\"BreadcrumbList\",\"@id\":\"https:\\\/\\\/masterchem.fi\\\/sv\\\/produkt\\\/natriumtetraboratanhydrat-cas-1330-43-4\\\/#breadcrumb\",\"itemListElement\":[{\"@type\":\"ListItem\",\"position\":1,\"name\":\"Home\",\"item\":\"https:\\\/\\\/masterchem.fi\\\/sv\\\/\"},{\"@type\":\"ListItem\",\"position\":2,\"name\":\"Butik\",\"item\":\"https:\\\/\\\/masterchem.fi\\\/sv\\\/butik\\\/\"},{\"@type\":\"ListItem\",\"position\":3,\"name\":\"Natriumtetraboratanhydrat (CAS 1330-43-4)\"}]},{\"@type\":\"WebSite\",\"@id\":\"https:\\\/\\\/masterchem.fi\\\/sv\\\/#website\",\"url\":\"https:\\\/\\\/masterchem.fi\\\/sv\\\/\",\"name\":\"MasterChem | kemikaalien tuotanto ja myynti\",\"description\":\"kemikaalien tuotanto ja myynti\",\"potentialAction\":[{\"@type\":\"SearchAction\",\"target\":{\"@type\":\"EntryPoint\",\"urlTemplate\":\"https:\\\/\\\/masterchem.fi\\\/sv\\\/?s={search_term_string}\"},\"query-input\":{\"@type\":\"PropertyValueSpecification\",\"valueRequired\":true,\"valueName\":\"search_term_string\"}}],\"inLanguage\":\"sv-SE\"}]}<\/script>\n<!-- \/ Yoast SEO plugin. -->","yoast_head_json":{"title":"Natriumtetraboratanhydrat (CAS 1330-43-4) - MasterChem | kemikaalien tuotanto ja myynti","description":"Natriumtetraboratanhydrat (CAS 1330-43-4). Branscher: F\u00e4rger och fernissor, hush\u00e5llskemikalier, konstg\u00f6dsel, glas och keramik, lim, oljor, fetter, tr\u00e4dg\u00e5rdssk\u00f6tsel, hartser, plaster, polyuretaner","robots":{"index":"index","follow":"follow","max-snippet":"max-snippet:-1","max-image-preview":"max-image-preview:large","max-video-preview":"max-video-preview:-1"},"canonical":"https:\/\/masterchem.fi\/sv\/produkt\/natriumtetraboratanhydrat-cas-1330-43-4\/","og_locale":"sv_SE","og_type":"article","og_title":"Natriumtetraboratanhydrat (CAS 1330-43-4) - MasterChem | kemikaalien tuotanto ja myynti","og_description":"Natriumtetraboratanhydrat (CAS 1330-43-4). Branscher: F\u00e4rger och fernissor, hush\u00e5llskemikalier, konstg\u00f6dsel, glas och keramik, lim, oljor, fetter, tr\u00e4dg\u00e5rdssk\u00f6tsel, hartser, plaster, polyuretaner","og_url":"https:\/\/masterchem.fi\/sv\/produkt\/natriumtetraboratanhydrat-cas-1330-43-4\/","og_site_name":"MasterChem | kemikaalien tuotanto ja myynti","article_modified_time":"2022-08-18T12:29:51+00:00","og_image":[{"width":1000,"height":1000,"url":"https:\/\/masterchem.fi\/wp-content\/uploads\/2022\/08\/Natriumtetraboraattianhydraatti-CAS-1330-43-4-25kg-MasterChem-1.jpg","type":"image\/jpeg"}],"twitter_card":"summary_large_image","schema":{"@context":"https:\/\/schema.org","@graph":[{"@type":"WebPage","@id":"https:\/\/masterchem.fi\/sv\/produkt\/natriumtetraboratanhydrat-cas-1330-43-4\/","url":"https:\/\/masterchem.fi\/sv\/produkt\/natriumtetraboratanhydrat-cas-1330-43-4\/","name":"Natriumtetraboratanhydrat (CAS 1330-43-4) - MasterChem | kemikaalien tuotanto ja myynti","isPartOf":{"@id":"https:\/\/masterchem.fi\/sv\/#website"},"primaryImageOfPage":{"@id":"https:\/\/masterchem.fi\/sv\/produkt\/natriumtetraboratanhydrat-cas-1330-43-4\/#primaryimage"},"image":{"@id":"https:\/\/masterchem.fi\/sv\/produkt\/natriumtetraboratanhydrat-cas-1330-43-4\/#primaryimage"},"thumbnailUrl":"https:\/\/masterchem.fi\/wp-content\/uploads\/2022\/08\/Natriumtetraboraattianhydraatti-CAS-1330-43-4-25kg-MasterChem-1.jpg","datePublished":"2022-08-18T12:24:08+00:00","dateModified":"2022-08-18T12:29:51+00:00","description":"Natriumtetraboratanhydrat (CAS 1330-43-4). Branscher: F\u00e4rger och fernissor, hush\u00e5llskemikalier, konstg\u00f6dsel, glas och keramik, lim, oljor, fetter, tr\u00e4dg\u00e5rdssk\u00f6tsel, hartser, plaster, polyuretaner","breadcrumb":{"@id":"https:\/\/masterchem.fi\/sv\/produkt\/natriumtetraboratanhydrat-cas-1330-43-4\/#breadcrumb"},"inLanguage":"sv-SE","potentialAction":[{"@type":"ReadAction","target":["https:\/\/masterchem.fi\/sv\/produkt\/natriumtetraboratanhydrat-cas-1330-43-4\/"]}]},{"@type":"ImageObject","inLanguage":"sv-SE","@id":"https:\/\/masterchem.fi\/sv\/produkt\/natriumtetraboratanhydrat-cas-1330-43-4\/#primaryimage","url":"https:\/\/masterchem.fi\/wp-content\/uploads\/2022\/08\/Natriumtetraboraattianhydraatti-CAS-1330-43-4-25kg-MasterChem-1.jpg","contentUrl":"https:\/\/masterchem.fi\/wp-content\/uploads\/2022\/08\/Natriumtetraboraattianhydraatti-CAS-1330-43-4-25kg-MasterChem-1.jpg","width":1000,"height":1000,"caption":"Natriumtetraboratanhydrat (CAS 1330-43-4) 25kg-MasterChem"},{"@type":"BreadcrumbList","@id":"https:\/\/masterchem.fi\/sv\/produkt\/natriumtetraboratanhydrat-cas-1330-43-4\/#breadcrumb","itemListElement":[{"@type":"ListItem","position":1,"name":"Home","item":"https:\/\/masterchem.fi\/sv\/"},{"@type":"ListItem","position":2,"name":"Butik","item":"https:\/\/masterchem.fi\/sv\/butik\/"},{"@type":"ListItem","position":3,"name":"Natriumtetraboratanhydrat (CAS 1330-43-4)"}]},{"@type":"WebSite","@id":"https:\/\/masterchem.fi\/sv\/#website","url":"https:\/\/masterchem.fi\/sv\/","name":"MasterChem | kemikaalien tuotanto ja myynti","description":"kemikaalien tuotanto ja myynti","potentialAction":[{"@type":"SearchAction","target":{"@type":"EntryPoint","urlTemplate":"https:\/\/masterchem.fi\/sv\/?s={search_term_string}"},"query-input":{"@type":"PropertyValueSpecification","valueRequired":true,"valueName":"search_term_string"}}],"inLanguage":"sv-SE"}]}},"_links":{"self":[{"href":"https:\/\/masterchem.fi\/sv\/wp-json\/wp\/v2\/product\/11639","targetHints":{"allow":["GET"]}}],"collection":[{"href":"https:\/\/masterchem.fi\/sv\/wp-json\/wp\/v2\/product"}],"about":[{"href":"https:\/\/masterchem.fi\/sv\/wp-json\/wp\/v2\/types\/product"}],"wp:featuredmedia":[{"embeddable":true,"href":"https:\/\/masterchem.fi\/sv\/wp-json\/wp\/v2\/media\/11645"}],"wp:attachment":[{"href":"https:\/\/masterchem.fi\/sv\/wp-json\/wp\/v2\/media?parent=11639"}],"wp:term":[{"taxonomy":"product_brand","embeddable":true,"href":"https:\/\/masterchem.fi\/sv\/wp-json\/wp\/v2\/product_brand?post=11639"},{"taxonomy":"product_cat","embeddable":true,"href":"https:\/\/masterchem.fi\/sv\/wp-json\/wp\/v2\/product_cat?post=11639"},{"taxonomy":"product_tag","embeddable":true,"href":"https:\/\/masterchem.fi\/sv\/wp-json\/wp\/v2\/product_tag?post=11639"}],"curies":[{"name":"wp","href":"https:\/\/api.w.org\/{rel}","templated":true}]}}