{"id":11651,"date":"2022-08-18T15:44:33","date_gmt":"2022-08-18T12:44:34","guid":{"rendered":"https:\/\/masterchem.fi\/?post_type=product&#038;p=11651"},"modified":"2022-08-18T15:49:52","modified_gmt":"2022-08-18T12:49:52","slug":"kalciumnitrat-cas-10124-37-5","status":"publish","type":"product","link":"https:\/\/masterchem.fi\/sv\/produkt\/kalciumnitrat-cas-10124-37-5\/","title":{"rendered":"Kalciumnitrat (CAS 10124-37-5)"},"content":{"rendered":"<p><strong>Information<\/strong><br \/>\nBranscher: g\u00f6dningsmedel, tr\u00e4dg\u00e5rdsodling, byggkemi<br \/>\nCAS-nummer: 10124-37-5<br \/>\nWE-nummer: 233-332-1<br \/>\nKemisk formel: Ca(NO3)2<br \/>\nMolekylvikt: 164,09 g\/mol<br \/>\nADR: UN1454<\/p>\n<p><strong>Andra fysiska egenskaper<\/strong><br \/>\npH: 5-7 (10%)<br \/>\nSm\u00e4lt-\/fryspunkt: <400\u00b0C<br \/>\nRelativ densitet: 2,05 g\/cm3 (20\u00b0C)<\/p>\n","protected":false},"excerpt":{"rendered":"<p><strong>Kalciumnitrat (CAS 10124-37-5)<\/strong><\/p>\n<p>Kalciumnitrat, \u00e4ven kallat Norgesalpeter (norsk salpeter), \u00e4r en oorganisk f\u00f6rening med formeln Ca(NO3)2(H2O)x. En vattenfri f\u00f6rening, som s\u00e4llan p\u00e5tr\u00e4ffas, absorberar fukt fr\u00e5n luften f\u00f6r att bilda ett tetrahydrat. B\u00e5de de vattenfria och hydratiserade formerna \u00e4r f\u00e4rgl\u00f6sa salter. Kalciumnitrat anv\u00e4nds fr\u00e4mst som en komponent i g\u00f6dningsmedel, men det har andra anv\u00e4ndningsomr\u00e5den. Nitrokalcit \u00e4r namnet p\u00e5 mineralet, som \u00e4r hydratiserat kalciumnitrat, som bildas som utslag d\u00e4r g\u00f6dsel kommer i kontakt med betong eller kalksten i torra milj\u00f6er som stall eller grottor. Flera liknande salter \u00e4r k\u00e4nda, inklusive kalciumammoniumnitratdekahydrat och kalciumkaliumnitratdekahydrat.<\/p>\n","protected":false},"featured_media":11655,"template":"","meta":[],"product_brand":[],"product_cat":[112,116,173,182],"product_tag":[],"class_list":{"0":"post-11651","1":"product","2":"type-product","3":"status-publish","4":"has-post-thumbnail","6":"product_cat-byggbranschen","7":"product_cat-alla-produkter","8":"product_cat-godselmedel","9":"product_cat-hortikultur","11":"first","12":"outofstock","13":"taxable","14":"shipping-taxable","15":"purchasable","16":"product-type-variable","17":"has-default-attributes","18":"rtwpvg-product"},"yoast_head":"<!-- This site is optimized with the Yoast SEO plugin v27.5 - https:\/\/yoast.com\/product\/yoast-seo-wordpress\/ -->\n<title>Kalciumnitrat (CAS 10124-37-5) - MasterChem | kemikaalien tuotanto ja myynti<\/title>\n<meta name=\"description\" content=\"Kalciumnitrat, \u00e4ven kallat Norgesalpeter (norsk salpeter), \u00e4r en oorganisk f\u00f6rening med formeln Ca(NO3)2(H2O)x.\" \/>\n<meta name=\"robots\" content=\"index, follow, max-snippet:-1, max-image-preview:large, max-video-preview:-1\" \/>\n<link rel=\"canonical\" href=\"https:\/\/masterchem.fi\/sv\/produkt\/kalciumnitrat-cas-10124-37-5\/\" \/>\n<meta property=\"og:locale\" content=\"sv_SE\" \/>\n<meta property=\"og:type\" content=\"article\" \/>\n<meta property=\"og:title\" content=\"Kalciumnitrat (CAS 10124-37-5) - MasterChem | kemikaalien tuotanto ja myynti\" \/>\n<meta property=\"og:description\" content=\"Kalciumnitrat, \u00e4ven kallat Norgesalpeter (norsk salpeter), \u00e4r en oorganisk f\u00f6rening med formeln Ca(NO3)2(H2O)x.\" \/>\n<meta property=\"og:url\" content=\"https:\/\/masterchem.fi\/sv\/produkt\/kalciumnitrat-cas-10124-37-5\/\" \/>\n<meta property=\"og:site_name\" content=\"MasterChem | kemikaalien tuotanto ja myynti\" \/>\n<meta property=\"article:modified_time\" content=\"2022-08-18T12:49:52+00:00\" \/>\n<meta property=\"og:image\" content=\"https:\/\/masterchem.fi\/wp-content\/uploads\/2022\/08\/Kalsiumnitraatti-CAS-10124-37-5-25kg-MasterChem.jpg\" \/>\n\t<meta property=\"og:image:width\" content=\"1000\" \/>\n\t<meta property=\"og:image:height\" content=\"1000\" \/>\n\t<meta property=\"og:image:type\" content=\"image\/jpeg\" \/>\n<meta name=\"twitter:card\" content=\"summary_large_image\" \/>\n<script type=\"application\/ld+json\" class=\"yoast-schema-graph\">{\"@context\":\"https:\\\/\\\/schema.org\",\"@graph\":[{\"@type\":\"WebPage\",\"@id\":\"https:\\\/\\\/masterchem.fi\\\/sv\\\/produkt\\\/kalciumnitrat-cas-10124-37-5\\\/\",\"url\":\"https:\\\/\\\/masterchem.fi\\\/sv\\\/produkt\\\/kalciumnitrat-cas-10124-37-5\\\/\",\"name\":\"Kalciumnitrat (CAS 10124-37-5) - MasterChem | kemikaalien tuotanto ja myynti\",\"isPartOf\":{\"@id\":\"https:\\\/\\\/masterchem.fi\\\/sv\\\/#website\"},\"primaryImageOfPage\":{\"@id\":\"https:\\\/\\\/masterchem.fi\\\/sv\\\/produkt\\\/kalciumnitrat-cas-10124-37-5\\\/#primaryimage\"},\"image\":{\"@id\":\"https:\\\/\\\/masterchem.fi\\\/sv\\\/produkt\\\/kalciumnitrat-cas-10124-37-5\\\/#primaryimage\"},\"thumbnailUrl\":\"https:\\\/\\\/masterchem.fi\\\/wp-content\\\/uploads\\\/2022\\\/08\\\/Kalsiumnitraatti-CAS-10124-37-5-25kg-MasterChem.jpg\",\"datePublished\":\"2022-08-18T12:44:34+00:00\",\"dateModified\":\"2022-08-18T12:49:52+00:00\",\"description\":\"Kalciumnitrat, \u00e4ven kallat Norgesalpeter (norsk salpeter), \u00e4r en oorganisk f\u00f6rening med formeln Ca(NO3)2(H2O)x.\",\"breadcrumb\":{\"@id\":\"https:\\\/\\\/masterchem.fi\\\/sv\\\/produkt\\\/kalciumnitrat-cas-10124-37-5\\\/#breadcrumb\"},\"inLanguage\":\"sv-SE\",\"potentialAction\":[{\"@type\":\"ReadAction\",\"target\":[\"https:\\\/\\\/masterchem.fi\\\/sv\\\/produkt\\\/kalciumnitrat-cas-10124-37-5\\\/\"]}]},{\"@type\":\"ImageObject\",\"inLanguage\":\"sv-SE\",\"@id\":\"https:\\\/\\\/masterchem.fi\\\/sv\\\/produkt\\\/kalciumnitrat-cas-10124-37-5\\\/#primaryimage\",\"url\":\"https:\\\/\\\/masterchem.fi\\\/wp-content\\\/uploads\\\/2022\\\/08\\\/Kalsiumnitraatti-CAS-10124-37-5-25kg-MasterChem.jpg\",\"contentUrl\":\"https:\\\/\\\/masterchem.fi\\\/wp-content\\\/uploads\\\/2022\\\/08\\\/Kalsiumnitraatti-CAS-10124-37-5-25kg-MasterChem.jpg\",\"width\":1000,\"height\":1000,\"caption\":\"Kalciumkloriddihydrat (CAS 10035-04-8) 25kg MasterChem\"},{\"@type\":\"BreadcrumbList\",\"@id\":\"https:\\\/\\\/masterchem.fi\\\/sv\\\/produkt\\\/kalciumnitrat-cas-10124-37-5\\\/#breadcrumb\",\"itemListElement\":[{\"@type\":\"ListItem\",\"position\":1,\"name\":\"Home\",\"item\":\"https:\\\/\\\/masterchem.fi\\\/sv\\\/\"},{\"@type\":\"ListItem\",\"position\":2,\"name\":\"Butik\",\"item\":\"https:\\\/\\\/masterchem.fi\\\/sv\\\/butik\\\/\"},{\"@type\":\"ListItem\",\"position\":3,\"name\":\"Kalciumnitrat (CAS 10124-37-5)\"}]},{\"@type\":\"WebSite\",\"@id\":\"https:\\\/\\\/masterchem.fi\\\/sv\\\/#website\",\"url\":\"https:\\\/\\\/masterchem.fi\\\/sv\\\/\",\"name\":\"MasterChem | kemikaalien tuotanto ja myynti\",\"description\":\"kemikaalien tuotanto ja myynti\",\"potentialAction\":[{\"@type\":\"SearchAction\",\"target\":{\"@type\":\"EntryPoint\",\"urlTemplate\":\"https:\\\/\\\/masterchem.fi\\\/sv\\\/?s={search_term_string}\"},\"query-input\":{\"@type\":\"PropertyValueSpecification\",\"valueRequired\":true,\"valueName\":\"search_term_string\"}}],\"inLanguage\":\"sv-SE\"}]}<\/script>\n<!-- \/ Yoast SEO plugin. -->","yoast_head_json":{"title":"Kalciumnitrat (CAS 10124-37-5) - MasterChem | kemikaalien tuotanto ja myynti","description":"Kalciumnitrat, \u00e4ven kallat Norgesalpeter (norsk salpeter), \u00e4r en oorganisk f\u00f6rening med formeln Ca(NO3)2(H2O)x.","robots":{"index":"index","follow":"follow","max-snippet":"max-snippet:-1","max-image-preview":"max-image-preview:large","max-video-preview":"max-video-preview:-1"},"canonical":"https:\/\/masterchem.fi\/sv\/produkt\/kalciumnitrat-cas-10124-37-5\/","og_locale":"sv_SE","og_type":"article","og_title":"Kalciumnitrat (CAS 10124-37-5) - MasterChem | kemikaalien tuotanto ja myynti","og_description":"Kalciumnitrat, \u00e4ven kallat Norgesalpeter (norsk salpeter), \u00e4r en oorganisk f\u00f6rening med formeln Ca(NO3)2(H2O)x.","og_url":"https:\/\/masterchem.fi\/sv\/produkt\/kalciumnitrat-cas-10124-37-5\/","og_site_name":"MasterChem | kemikaalien tuotanto ja myynti","article_modified_time":"2022-08-18T12:49:52+00:00","og_image":[{"width":1000,"height":1000,"url":"https:\/\/masterchem.fi\/wp-content\/uploads\/2022\/08\/Kalsiumnitraatti-CAS-10124-37-5-25kg-MasterChem.jpg","type":"image\/jpeg"}],"twitter_card":"summary_large_image","schema":{"@context":"https:\/\/schema.org","@graph":[{"@type":"WebPage","@id":"https:\/\/masterchem.fi\/sv\/produkt\/kalciumnitrat-cas-10124-37-5\/","url":"https:\/\/masterchem.fi\/sv\/produkt\/kalciumnitrat-cas-10124-37-5\/","name":"Kalciumnitrat (CAS 10124-37-5) - MasterChem | kemikaalien tuotanto ja myynti","isPartOf":{"@id":"https:\/\/masterchem.fi\/sv\/#website"},"primaryImageOfPage":{"@id":"https:\/\/masterchem.fi\/sv\/produkt\/kalciumnitrat-cas-10124-37-5\/#primaryimage"},"image":{"@id":"https:\/\/masterchem.fi\/sv\/produkt\/kalciumnitrat-cas-10124-37-5\/#primaryimage"},"thumbnailUrl":"https:\/\/masterchem.fi\/wp-content\/uploads\/2022\/08\/Kalsiumnitraatti-CAS-10124-37-5-25kg-MasterChem.jpg","datePublished":"2022-08-18T12:44:34+00:00","dateModified":"2022-08-18T12:49:52+00:00","description":"Kalciumnitrat, \u00e4ven kallat Norgesalpeter (norsk salpeter), \u00e4r en oorganisk f\u00f6rening med formeln Ca(NO3)2(H2O)x.","breadcrumb":{"@id":"https:\/\/masterchem.fi\/sv\/produkt\/kalciumnitrat-cas-10124-37-5\/#breadcrumb"},"inLanguage":"sv-SE","potentialAction":[{"@type":"ReadAction","target":["https:\/\/masterchem.fi\/sv\/produkt\/kalciumnitrat-cas-10124-37-5\/"]}]},{"@type":"ImageObject","inLanguage":"sv-SE","@id":"https:\/\/masterchem.fi\/sv\/produkt\/kalciumnitrat-cas-10124-37-5\/#primaryimage","url":"https:\/\/masterchem.fi\/wp-content\/uploads\/2022\/08\/Kalsiumnitraatti-CAS-10124-37-5-25kg-MasterChem.jpg","contentUrl":"https:\/\/masterchem.fi\/wp-content\/uploads\/2022\/08\/Kalsiumnitraatti-CAS-10124-37-5-25kg-MasterChem.jpg","width":1000,"height":1000,"caption":"Kalciumkloriddihydrat (CAS 10035-04-8) 25kg MasterChem"},{"@type":"BreadcrumbList","@id":"https:\/\/masterchem.fi\/sv\/produkt\/kalciumnitrat-cas-10124-37-5\/#breadcrumb","itemListElement":[{"@type":"ListItem","position":1,"name":"Home","item":"https:\/\/masterchem.fi\/sv\/"},{"@type":"ListItem","position":2,"name":"Butik","item":"https:\/\/masterchem.fi\/sv\/butik\/"},{"@type":"ListItem","position":3,"name":"Kalciumnitrat (CAS 10124-37-5)"}]},{"@type":"WebSite","@id":"https:\/\/masterchem.fi\/sv\/#website","url":"https:\/\/masterchem.fi\/sv\/","name":"MasterChem | kemikaalien tuotanto ja myynti","description":"kemikaalien tuotanto ja myynti","potentialAction":[{"@type":"SearchAction","target":{"@type":"EntryPoint","urlTemplate":"https:\/\/masterchem.fi\/sv\/?s={search_term_string}"},"query-input":{"@type":"PropertyValueSpecification","valueRequired":true,"valueName":"search_term_string"}}],"inLanguage":"sv-SE"}]}},"_links":{"self":[{"href":"https:\/\/masterchem.fi\/sv\/wp-json\/wp\/v2\/product\/11651","targetHints":{"allow":["GET"]}}],"collection":[{"href":"https:\/\/masterchem.fi\/sv\/wp-json\/wp\/v2\/product"}],"about":[{"href":"https:\/\/masterchem.fi\/sv\/wp-json\/wp\/v2\/types\/product"}],"wp:featuredmedia":[{"embeddable":true,"href":"https:\/\/masterchem.fi\/sv\/wp-json\/wp\/v2\/media\/11655"}],"wp:attachment":[{"href":"https:\/\/masterchem.fi\/sv\/wp-json\/wp\/v2\/media?parent=11651"}],"wp:term":[{"taxonomy":"product_brand","embeddable":true,"href":"https:\/\/masterchem.fi\/sv\/wp-json\/wp\/v2\/product_brand?post=11651"},{"taxonomy":"product_cat","embeddable":true,"href":"https:\/\/masterchem.fi\/sv\/wp-json\/wp\/v2\/product_cat?post=11651"},{"taxonomy":"product_tag","embeddable":true,"href":"https:\/\/masterchem.fi\/sv\/wp-json\/wp\/v2\/product_tag?post=11651"}],"curies":[{"name":"wp","href":"https:\/\/api.w.org\/{rel}","templated":true}]}}