{"id":11672,"date":"2022-08-18T15:59:54","date_gmt":"2022-08-18T12:59:56","guid":{"rendered":"https:\/\/masterchem.fi\/?post_type=product&#038;p=11672"},"modified":"2022-08-18T16:04:04","modified_gmt":"2022-08-18T13:04:04","slug":"kaliumfosfit-cas-13977-65-6","status":"publish","type":"product","link":"https:\/\/masterchem.fi\/sv\/produkt\/kaliumfosfit-cas-13977-65-6\/","title":{"rendered":"Kaliumfosfit (CAS 13977-65-6)"},"content":{"rendered":"<p><strong>Information<\/strong><br \/>\nBranscher: G\u00f6dsel<br \/>\nCAS-nummer: 13977-65-6<br \/>\nWE-nummer: 604-162-9<br \/>\nKemisk formel: KH2PO3<br \/>\nMolekylvikt: 120 086 g\/mol<br \/>\nTulltaxekod: 28351000<\/p>\n","protected":false},"excerpt":{"rendered":"<p><strong>Kaliumfosfit (CAS 13977-65-6)<\/strong><\/p>\n<p>Monopaliumfosfit \u00e4r en oorganisk f\u00f6rening med formeln KH2PO3. En f\u00f6rening med liknande sammans\u00e4ttning har formeln H3PO3.2(KH2PO3). B\u00e5da \u00e4r vita fasta \u00e4mnen som best\u00e5r av salter av fosfitanjonen H2PO3\u2212, den konjugerade basen av fosforsyra.<\/p>\n<p>Kaliumfosfiter anv\u00e4nds som fungicider (i l\u00f6s mening) inom jordbruket f\u00f6r att bek\u00e4mpa m\u00f6gel i vatten. F\u00f6rvirrande nog har de ocks\u00e5 marknadsf\u00f6rts som g\u00f6dningsmedel f\u00f6r att undvika regelb\u00f6rdan. \u00c4ven om fosfor i fosfitform \u00e4r perfekt kapabel att tillf\u00f6ra kalium till v\u00e4xter, \u00e4r den inte tillg\u00e4nglig f\u00f6r v\u00e4xter och kan till och med f\u00f6rhindra upptaget av den normala fosfatformen om den anv\u00e4nds i \u00f6verskott.<\/p>\n","protected":false},"featured_media":11676,"template":"","meta":[],"product_brand":[],"product_cat":[116,173],"product_tag":[],"class_list":{"0":"post-11672","1":"product","2":"type-product","3":"status-publish","4":"has-post-thumbnail","6":"product_cat-alla-produkter","7":"product_cat-godselmedel","9":"first","10":"outofstock","11":"taxable","12":"shipping-taxable","13":"purchasable","14":"product-type-variable","15":"has-default-attributes","16":"rtwpvg-product"},"yoast_head":"<!-- This site is optimized with the Yoast SEO plugin v27.2 - https:\/\/yoast.com\/product\/yoast-seo-wordpress\/ -->\n<title>Kaliumfosfit (CAS 13977-65-6) - MasterChem | kemikaalien tuotanto ja myynti<\/title>\n<meta name=\"description\" content=\"Monopaliumfosfit \u00e4r en oorganisk f\u00f6rening med formeln KH2PO3. En f\u00f6rening med liknande sammans\u00e4ttning har formeln H3PO3.2(KH2PO3).\" \/>\n<meta name=\"robots\" content=\"index, follow, max-snippet:-1, max-image-preview:large, max-video-preview:-1\" \/>\n<link rel=\"canonical\" href=\"https:\/\/masterchem.fi\/sv\/produkt\/kaliumfosfit-cas-13977-65-6\/\" \/>\n<meta property=\"og:locale\" content=\"sv_SE\" \/>\n<meta property=\"og:type\" content=\"article\" \/>\n<meta property=\"og:title\" content=\"Kaliumfosfit (CAS 13977-65-6) - MasterChem | kemikaalien tuotanto ja myynti\" \/>\n<meta property=\"og:description\" content=\"Monopaliumfosfit \u00e4r en oorganisk f\u00f6rening med formeln KH2PO3. En f\u00f6rening med liknande sammans\u00e4ttning har formeln H3PO3.2(KH2PO3).\" \/>\n<meta property=\"og:url\" content=\"https:\/\/masterchem.fi\/sv\/produkt\/kaliumfosfit-cas-13977-65-6\/\" \/>\n<meta property=\"og:site_name\" content=\"MasterChem | kemikaalien tuotanto ja myynti\" \/>\n<meta property=\"article:modified_time\" content=\"2022-08-18T13:04:04+00:00\" \/>\n<meta property=\"og:image\" content=\"https:\/\/masterchem.fi\/wp-content\/uploads\/2022\/08\/Kaliumfosfiitti-CAS-13977-65-6-25kg-MasterChem.jpg\" \/>\n\t<meta property=\"og:image:width\" content=\"1000\" \/>\n\t<meta property=\"og:image:height\" content=\"1000\" \/>\n\t<meta property=\"og:image:type\" content=\"image\/jpeg\" \/>\n<meta name=\"twitter:card\" content=\"summary_large_image\" \/>\n<script type=\"application\/ld+json\" class=\"yoast-schema-graph\">{\"@context\":\"https:\/\/schema.org\",\"@graph\":[{\"@type\":\"WebPage\",\"@id\":\"https:\/\/masterchem.fi\/sv\/produkt\/kaliumfosfit-cas-13977-65-6\/\",\"url\":\"https:\/\/masterchem.fi\/sv\/produkt\/kaliumfosfit-cas-13977-65-6\/\",\"name\":\"Kaliumfosfit (CAS 13977-65-6) - MasterChem | kemikaalien tuotanto ja myynti\",\"isPartOf\":{\"@id\":\"https:\/\/masterchem.fi\/sv\/#website\"},\"primaryImageOfPage\":{\"@id\":\"https:\/\/masterchem.fi\/sv\/produkt\/kaliumfosfit-cas-13977-65-6\/#primaryimage\"},\"image\":{\"@id\":\"https:\/\/masterchem.fi\/sv\/produkt\/kaliumfosfit-cas-13977-65-6\/#primaryimage\"},\"thumbnailUrl\":\"https:\/\/masterchem.fi\/wp-content\/uploads\/2022\/08\/Kaliumfosfiitti-CAS-13977-65-6-25kg-MasterChem.jpg\",\"datePublished\":\"2022-08-18T12:59:56+00:00\",\"dateModified\":\"2022-08-18T13:04:04+00:00\",\"description\":\"Monopaliumfosfit \u00e4r en oorganisk f\u00f6rening med formeln KH2PO3. En f\u00f6rening med liknande sammans\u00e4ttning har formeln H3PO3.2(KH2PO3).\",\"breadcrumb\":{\"@id\":\"https:\/\/masterchem.fi\/sv\/produkt\/kaliumfosfit-cas-13977-65-6\/#breadcrumb\"},\"inLanguage\":\"sv-SE\",\"potentialAction\":[{\"@type\":\"ReadAction\",\"target\":[\"https:\/\/masterchem.fi\/sv\/produkt\/kaliumfosfit-cas-13977-65-6\/\"]}]},{\"@type\":\"ImageObject\",\"inLanguage\":\"sv-SE\",\"@id\":\"https:\/\/masterchem.fi\/sv\/produkt\/kaliumfosfit-cas-13977-65-6\/#primaryimage\",\"url\":\"https:\/\/masterchem.fi\/wp-content\/uploads\/2022\/08\/Kaliumfosfiitti-CAS-13977-65-6-25kg-MasterChem.jpg\",\"contentUrl\":\"https:\/\/masterchem.fi\/wp-content\/uploads\/2022\/08\/Kaliumfosfiitti-CAS-13977-65-6-25kg-MasterChem.jpg\",\"width\":1000,\"height\":1000,\"caption\":\"Kaliumfosfit (CAS 13977-65-6) 25kg MasterChem\"},{\"@type\":\"BreadcrumbList\",\"@id\":\"https:\/\/masterchem.fi\/sv\/produkt\/kaliumfosfit-cas-13977-65-6\/#breadcrumb\",\"itemListElement\":[{\"@type\":\"ListItem\",\"position\":1,\"name\":\"Home\",\"item\":\"https:\/\/masterchem.fi\/sv\/\"},{\"@type\":\"ListItem\",\"position\":2,\"name\":\"Butik\",\"item\":\"https:\/\/masterchem.fi\/sv\/butik\/\"},{\"@type\":\"ListItem\",\"position\":3,\"name\":\"Kaliumfosfit (CAS 13977-65-6)\"}]},{\"@type\":\"WebSite\",\"@id\":\"https:\/\/masterchem.fi\/sv\/#website\",\"url\":\"https:\/\/masterchem.fi\/sv\/\",\"name\":\"MasterChem | kemikaalien tuotanto ja myynti\",\"description\":\"kemikaalien tuotanto ja myynti\",\"potentialAction\":[{\"@type\":\"SearchAction\",\"target\":{\"@type\":\"EntryPoint\",\"urlTemplate\":\"https:\/\/masterchem.fi\/sv\/?s={search_term_string}\"},\"query-input\":{\"@type\":\"PropertyValueSpecification\",\"valueRequired\":true,\"valueName\":\"search_term_string\"}}],\"inLanguage\":\"sv-SE\"}]}<\/script>\n<!-- \/ Yoast SEO plugin. -->","yoast_head_json":{"title":"Kaliumfosfit (CAS 13977-65-6) - MasterChem | kemikaalien tuotanto ja myynti","description":"Monopaliumfosfit \u00e4r en oorganisk f\u00f6rening med formeln KH2PO3. En f\u00f6rening med liknande sammans\u00e4ttning har formeln H3PO3.2(KH2PO3).","robots":{"index":"index","follow":"follow","max-snippet":"max-snippet:-1","max-image-preview":"max-image-preview:large","max-video-preview":"max-video-preview:-1"},"canonical":"https:\/\/masterchem.fi\/sv\/produkt\/kaliumfosfit-cas-13977-65-6\/","og_locale":"sv_SE","og_type":"article","og_title":"Kaliumfosfit (CAS 13977-65-6) - MasterChem | kemikaalien tuotanto ja myynti","og_description":"Monopaliumfosfit \u00e4r en oorganisk f\u00f6rening med formeln KH2PO3. En f\u00f6rening med liknande sammans\u00e4ttning har formeln H3PO3.2(KH2PO3).","og_url":"https:\/\/masterchem.fi\/sv\/produkt\/kaliumfosfit-cas-13977-65-6\/","og_site_name":"MasterChem | kemikaalien tuotanto ja myynti","article_modified_time":"2022-08-18T13:04:04+00:00","og_image":[{"width":1000,"height":1000,"url":"https:\/\/masterchem.fi\/wp-content\/uploads\/2022\/08\/Kaliumfosfiitti-CAS-13977-65-6-25kg-MasterChem.jpg","type":"image\/jpeg"}],"twitter_card":"summary_large_image","schema":{"@context":"https:\/\/schema.org","@graph":[{"@type":"WebPage","@id":"https:\/\/masterchem.fi\/sv\/produkt\/kaliumfosfit-cas-13977-65-6\/","url":"https:\/\/masterchem.fi\/sv\/produkt\/kaliumfosfit-cas-13977-65-6\/","name":"Kaliumfosfit (CAS 13977-65-6) - MasterChem | kemikaalien tuotanto ja myynti","isPartOf":{"@id":"https:\/\/masterchem.fi\/sv\/#website"},"primaryImageOfPage":{"@id":"https:\/\/masterchem.fi\/sv\/produkt\/kaliumfosfit-cas-13977-65-6\/#primaryimage"},"image":{"@id":"https:\/\/masterchem.fi\/sv\/produkt\/kaliumfosfit-cas-13977-65-6\/#primaryimage"},"thumbnailUrl":"https:\/\/masterchem.fi\/wp-content\/uploads\/2022\/08\/Kaliumfosfiitti-CAS-13977-65-6-25kg-MasterChem.jpg","datePublished":"2022-08-18T12:59:56+00:00","dateModified":"2022-08-18T13:04:04+00:00","description":"Monopaliumfosfit \u00e4r en oorganisk f\u00f6rening med formeln KH2PO3. En f\u00f6rening med liknande sammans\u00e4ttning har formeln H3PO3.2(KH2PO3).","breadcrumb":{"@id":"https:\/\/masterchem.fi\/sv\/produkt\/kaliumfosfit-cas-13977-65-6\/#breadcrumb"},"inLanguage":"sv-SE","potentialAction":[{"@type":"ReadAction","target":["https:\/\/masterchem.fi\/sv\/produkt\/kaliumfosfit-cas-13977-65-6\/"]}]},{"@type":"ImageObject","inLanguage":"sv-SE","@id":"https:\/\/masterchem.fi\/sv\/produkt\/kaliumfosfit-cas-13977-65-6\/#primaryimage","url":"https:\/\/masterchem.fi\/wp-content\/uploads\/2022\/08\/Kaliumfosfiitti-CAS-13977-65-6-25kg-MasterChem.jpg","contentUrl":"https:\/\/masterchem.fi\/wp-content\/uploads\/2022\/08\/Kaliumfosfiitti-CAS-13977-65-6-25kg-MasterChem.jpg","width":1000,"height":1000,"caption":"Kaliumfosfit (CAS 13977-65-6) 25kg MasterChem"},{"@type":"BreadcrumbList","@id":"https:\/\/masterchem.fi\/sv\/produkt\/kaliumfosfit-cas-13977-65-6\/#breadcrumb","itemListElement":[{"@type":"ListItem","position":1,"name":"Home","item":"https:\/\/masterchem.fi\/sv\/"},{"@type":"ListItem","position":2,"name":"Butik","item":"https:\/\/masterchem.fi\/sv\/butik\/"},{"@type":"ListItem","position":3,"name":"Kaliumfosfit (CAS 13977-65-6)"}]},{"@type":"WebSite","@id":"https:\/\/masterchem.fi\/sv\/#website","url":"https:\/\/masterchem.fi\/sv\/","name":"MasterChem | kemikaalien tuotanto ja myynti","description":"kemikaalien tuotanto ja myynti","potentialAction":[{"@type":"SearchAction","target":{"@type":"EntryPoint","urlTemplate":"https:\/\/masterchem.fi\/sv\/?s={search_term_string}"},"query-input":{"@type":"PropertyValueSpecification","valueRequired":true,"valueName":"search_term_string"}}],"inLanguage":"sv-SE"}]}},"_links":{"self":[{"href":"https:\/\/masterchem.fi\/sv\/wp-json\/wp\/v2\/product\/11672","targetHints":{"allow":["GET"]}}],"collection":[{"href":"https:\/\/masterchem.fi\/sv\/wp-json\/wp\/v2\/product"}],"about":[{"href":"https:\/\/masterchem.fi\/sv\/wp-json\/wp\/v2\/types\/product"}],"wp:featuredmedia":[{"embeddable":true,"href":"https:\/\/masterchem.fi\/sv\/wp-json\/wp\/v2\/media\/11676"}],"wp:attachment":[{"href":"https:\/\/masterchem.fi\/sv\/wp-json\/wp\/v2\/media?parent=11672"}],"wp:term":[{"taxonomy":"product_brand","embeddable":true,"href":"https:\/\/masterchem.fi\/sv\/wp-json\/wp\/v2\/product_brand?post=11672"},{"taxonomy":"product_cat","embeddable":true,"href":"https:\/\/masterchem.fi\/sv\/wp-json\/wp\/v2\/product_cat?post=11672"},{"taxonomy":"product_tag","embeddable":true,"href":"https:\/\/masterchem.fi\/sv\/wp-json\/wp\/v2\/product_tag?post=11672"}],"curies":[{"name":"wp","href":"https:\/\/api.w.org\/{rel}","templated":true}]}}