{"id":11682,"date":"2022-08-18T16:06:00","date_gmt":"2022-08-18T13:06:01","guid":{"rendered":"https:\/\/masterchem.fi\/?post_type=product&#038;p=11682"},"modified":"2022-08-18T16:11:00","modified_gmt":"2022-08-18T13:11:00","slug":"natriummolybdat-cas-7631-95-0","status":"publish","type":"product","link":"https:\/\/masterchem.fi\/sv\/produkt\/natriummolybdat-cas-7631-95-0\/","title":{"rendered":"Natriummolybdat (CAS 7631-95-0)"},"content":{"rendered":"<p><strong>Information<\/strong><br \/>\nBranscher: g\u00f6dningsmedel, tr\u00e4dg\u00e5rdssk\u00f6tsel<br \/>\nCAS-nummer: 7631-95-0<br \/>\nWE-nummer: 231-551-7<br \/>\nKemisk formel: Na2MoO4\u20222H2O<br \/>\nMolekylvikt: 241,95 g\/mol<br \/>\nTulltaxekod: 28417000<\/p>\n<p><strong>Andra fysiska egenskaper<\/strong><br \/>\npH: 7,9 \u2013 10,3 (c=50 g\/l, 20\u00b0C)<br \/>\nSm\u00e4lt-\/fryspunkt: 130\u00b0C<br \/>\nRelativ densitet: 3,6 g\/cm3<br \/>\nL\u00f6slighet i vatten: 840 g\/l (20\u00b0C)<\/p>\n","protected":false},"excerpt":{"rendered":"<p><strong>Natriummolybdat (CAS 7631-95-0)<\/strong><\/p>\n<p>Natriummolybdat, Na2MoO4, \u00e4r anv\u00e4ndbart som en k\u00e4lla till molybden. Detta vita, kristallina salt f\u00f6rekommer ofta som dihydratet, Na2MoO4\u00b72H2O.<\/p>\n<p>Molybdat(VI)-anjonen \u00e4r tetraedrisk. Tv\u00e5 natriumkatjoner koordinerar med varje anjon.<\/p>\n<p>Det anv\u00e4nds inom industrin f\u00f6r att f\u00f6rhindra korrosion eftersom det \u00e4r en icke-oxiderande anodinhibitor. Tillsatsen av natriummolybdat minskar avsev\u00e4rt nitritbehovet f\u00f6r v\u00e4tskor blockerade med nitritamin och f\u00f6rb\u00e4ttrar korrosionsskyddet f\u00f6r karboxylatsaltv\u00e4tskor. I industriella vattenbehandlingstill\u00e4mpningar, d\u00e4r galvanisk korrosion \u00e4r en potential p\u00e5 grund av den bimetalliska strukturen, \u00e4r anv\u00e4ndningen av natriummolybdat att f\u00f6redra framf\u00f6r natriumnitrit. Natriummolybdat har f\u00f6rdelen att doseringen av l\u00e4gre ppm-v\u00e4rden av molybdat m\u00f6jligg\u00f6r en l\u00e4gre konduktivitet hos det cirkulerande vattnet. Natriummolybdat vid 50-100 ppm ger samma niv\u00e5 av korrosionsinhibering som natriumnitrit vid 800+ ppm. Genom att anv\u00e4nda l\u00e4gre koncentrationer av natriummolybdat h\u00e5lls konduktiviteten till ett minimum och d\u00e4rmed reduceras potentialen f\u00f6r galvanisk korrosion.<\/p>\n","protected":false},"featured_media":11686,"template":"","meta":[],"product_brand":[],"product_cat":[182,116,173],"product_tag":[],"class_list":{"0":"post-11682","1":"product","2":"type-product","3":"status-publish","4":"has-post-thumbnail","6":"product_cat-hortikultur","7":"product_cat-alla-produkter","8":"product_cat-godselmedel","10":"first","11":"outofstock","12":"taxable","13":"shipping-taxable","14":"purchasable","15":"product-type-variable","16":"has-default-attributes","17":"rtwpvg-product"},"yoast_head":"<!-- This site is optimized with the Yoast SEO plugin v27.2 - https:\/\/yoast.com\/product\/yoast-seo-wordpress\/ -->\n<title>Natriummolybdat (CAS 7631-95-0) - MasterChem | kemikaalien tuotanto ja myynti<\/title>\n<meta name=\"description\" content=\"Natriummolybdat, Na2MoO4, \u00e4r anv\u00e4ndbart som en k\u00e4lla till molybden. Detta vita, kristallina salt f\u00f6rekommer ofta som dihydratet, Na2MoO4\u00b72H2O.\" \/>\n<meta name=\"robots\" content=\"index, follow, max-snippet:-1, max-image-preview:large, max-video-preview:-1\" \/>\n<link rel=\"canonical\" href=\"https:\/\/masterchem.fi\/sv\/produkt\/natriummolybdat-cas-7631-95-0\/\" \/>\n<meta property=\"og:locale\" content=\"sv_SE\" \/>\n<meta property=\"og:type\" content=\"article\" \/>\n<meta property=\"og:title\" content=\"Natriummolybdat (CAS 7631-95-0) - MasterChem | kemikaalien tuotanto ja myynti\" \/>\n<meta property=\"og:description\" content=\"Natriummolybdat, Na2MoO4, \u00e4r anv\u00e4ndbart som en k\u00e4lla till molybden. Detta vita, kristallina salt f\u00f6rekommer ofta som dihydratet, Na2MoO4\u00b72H2O.\" \/>\n<meta property=\"og:url\" content=\"https:\/\/masterchem.fi\/sv\/produkt\/natriummolybdat-cas-7631-95-0\/\" \/>\n<meta property=\"og:site_name\" content=\"MasterChem | kemikaalien tuotanto ja myynti\" \/>\n<meta property=\"article:modified_time\" content=\"2022-08-18T13:11:00+00:00\" \/>\n<meta property=\"og:image\" content=\"https:\/\/masterchem.fi\/wp-content\/uploads\/2022\/08\/Natriummolybdaatti-CAS-7631-95-0-25kg-MasterChem-1.jpg\" \/>\n\t<meta property=\"og:image:width\" content=\"1000\" \/>\n\t<meta property=\"og:image:height\" content=\"1000\" \/>\n\t<meta property=\"og:image:type\" content=\"image\/jpeg\" \/>\n<meta name=\"twitter:card\" content=\"summary_large_image\" \/>\n<script type=\"application\/ld+json\" class=\"yoast-schema-graph\">{\"@context\":\"https:\/\/schema.org\",\"@graph\":[{\"@type\":\"WebPage\",\"@id\":\"https:\/\/masterchem.fi\/sv\/produkt\/natriummolybdat-cas-7631-95-0\/\",\"url\":\"https:\/\/masterchem.fi\/sv\/produkt\/natriummolybdat-cas-7631-95-0\/\",\"name\":\"Natriummolybdat (CAS 7631-95-0) - MasterChem | kemikaalien tuotanto ja myynti\",\"isPartOf\":{\"@id\":\"https:\/\/masterchem.fi\/sv\/#website\"},\"primaryImageOfPage\":{\"@id\":\"https:\/\/masterchem.fi\/sv\/produkt\/natriummolybdat-cas-7631-95-0\/#primaryimage\"},\"image\":{\"@id\":\"https:\/\/masterchem.fi\/sv\/produkt\/natriummolybdat-cas-7631-95-0\/#primaryimage\"},\"thumbnailUrl\":\"https:\/\/masterchem.fi\/wp-content\/uploads\/2022\/08\/Natriummolybdaatti-CAS-7631-95-0-25kg-MasterChem-1.jpg\",\"datePublished\":\"2022-08-18T13:06:01+00:00\",\"dateModified\":\"2022-08-18T13:11:00+00:00\",\"description\":\"Natriummolybdat, Na2MoO4, \u00e4r anv\u00e4ndbart som en k\u00e4lla till molybden. Detta vita, kristallina salt f\u00f6rekommer ofta som dihydratet, Na2MoO4\u00b72H2O.\",\"breadcrumb\":{\"@id\":\"https:\/\/masterchem.fi\/sv\/produkt\/natriummolybdat-cas-7631-95-0\/#breadcrumb\"},\"inLanguage\":\"sv-SE\",\"potentialAction\":[{\"@type\":\"ReadAction\",\"target\":[\"https:\/\/masterchem.fi\/sv\/produkt\/natriummolybdat-cas-7631-95-0\/\"]}]},{\"@type\":\"ImageObject\",\"inLanguage\":\"sv-SE\",\"@id\":\"https:\/\/masterchem.fi\/sv\/produkt\/natriummolybdat-cas-7631-95-0\/#primaryimage\",\"url\":\"https:\/\/masterchem.fi\/wp-content\/uploads\/2022\/08\/Natriummolybdaatti-CAS-7631-95-0-25kg-MasterChem-1.jpg\",\"contentUrl\":\"https:\/\/masterchem.fi\/wp-content\/uploads\/2022\/08\/Natriummolybdaatti-CAS-7631-95-0-25kg-MasterChem-1.jpg\",\"width\":1000,\"height\":1000,\"caption\":\"Natriummolybdat (CAS 7631-95-0) 25kg MasterChem\"},{\"@type\":\"BreadcrumbList\",\"@id\":\"https:\/\/masterchem.fi\/sv\/produkt\/natriummolybdat-cas-7631-95-0\/#breadcrumb\",\"itemListElement\":[{\"@type\":\"ListItem\",\"position\":1,\"name\":\"Home\",\"item\":\"https:\/\/masterchem.fi\/sv\/\"},{\"@type\":\"ListItem\",\"position\":2,\"name\":\"Butik\",\"item\":\"https:\/\/masterchem.fi\/sv\/butik\/\"},{\"@type\":\"ListItem\",\"position\":3,\"name\":\"Natriummolybdat (CAS 7631-95-0)\"}]},{\"@type\":\"WebSite\",\"@id\":\"https:\/\/masterchem.fi\/sv\/#website\",\"url\":\"https:\/\/masterchem.fi\/sv\/\",\"name\":\"MasterChem | kemikaalien tuotanto ja myynti\",\"description\":\"kemikaalien tuotanto ja myynti\",\"potentialAction\":[{\"@type\":\"SearchAction\",\"target\":{\"@type\":\"EntryPoint\",\"urlTemplate\":\"https:\/\/masterchem.fi\/sv\/?s={search_term_string}\"},\"query-input\":{\"@type\":\"PropertyValueSpecification\",\"valueRequired\":true,\"valueName\":\"search_term_string\"}}],\"inLanguage\":\"sv-SE\"}]}<\/script>\n<!-- \/ Yoast SEO plugin. -->","yoast_head_json":{"title":"Natriummolybdat (CAS 7631-95-0) - MasterChem | kemikaalien tuotanto ja myynti","description":"Natriummolybdat, Na2MoO4, \u00e4r anv\u00e4ndbart som en k\u00e4lla till molybden. Detta vita, kristallina salt f\u00f6rekommer ofta som dihydratet, Na2MoO4\u00b72H2O.","robots":{"index":"index","follow":"follow","max-snippet":"max-snippet:-1","max-image-preview":"max-image-preview:large","max-video-preview":"max-video-preview:-1"},"canonical":"https:\/\/masterchem.fi\/sv\/produkt\/natriummolybdat-cas-7631-95-0\/","og_locale":"sv_SE","og_type":"article","og_title":"Natriummolybdat (CAS 7631-95-0) - MasterChem | kemikaalien tuotanto ja myynti","og_description":"Natriummolybdat, Na2MoO4, \u00e4r anv\u00e4ndbart som en k\u00e4lla till molybden. Detta vita, kristallina salt f\u00f6rekommer ofta som dihydratet, Na2MoO4\u00b72H2O.","og_url":"https:\/\/masterchem.fi\/sv\/produkt\/natriummolybdat-cas-7631-95-0\/","og_site_name":"MasterChem | kemikaalien tuotanto ja myynti","article_modified_time":"2022-08-18T13:11:00+00:00","og_image":[{"width":1000,"height":1000,"url":"https:\/\/masterchem.fi\/wp-content\/uploads\/2022\/08\/Natriummolybdaatti-CAS-7631-95-0-25kg-MasterChem-1.jpg","type":"image\/jpeg"}],"twitter_card":"summary_large_image","schema":{"@context":"https:\/\/schema.org","@graph":[{"@type":"WebPage","@id":"https:\/\/masterchem.fi\/sv\/produkt\/natriummolybdat-cas-7631-95-0\/","url":"https:\/\/masterchem.fi\/sv\/produkt\/natriummolybdat-cas-7631-95-0\/","name":"Natriummolybdat (CAS 7631-95-0) - MasterChem | kemikaalien tuotanto ja myynti","isPartOf":{"@id":"https:\/\/masterchem.fi\/sv\/#website"},"primaryImageOfPage":{"@id":"https:\/\/masterchem.fi\/sv\/produkt\/natriummolybdat-cas-7631-95-0\/#primaryimage"},"image":{"@id":"https:\/\/masterchem.fi\/sv\/produkt\/natriummolybdat-cas-7631-95-0\/#primaryimage"},"thumbnailUrl":"https:\/\/masterchem.fi\/wp-content\/uploads\/2022\/08\/Natriummolybdaatti-CAS-7631-95-0-25kg-MasterChem-1.jpg","datePublished":"2022-08-18T13:06:01+00:00","dateModified":"2022-08-18T13:11:00+00:00","description":"Natriummolybdat, Na2MoO4, \u00e4r anv\u00e4ndbart som en k\u00e4lla till molybden. Detta vita, kristallina salt f\u00f6rekommer ofta som dihydratet, Na2MoO4\u00b72H2O.","breadcrumb":{"@id":"https:\/\/masterchem.fi\/sv\/produkt\/natriummolybdat-cas-7631-95-0\/#breadcrumb"},"inLanguage":"sv-SE","potentialAction":[{"@type":"ReadAction","target":["https:\/\/masterchem.fi\/sv\/produkt\/natriummolybdat-cas-7631-95-0\/"]}]},{"@type":"ImageObject","inLanguage":"sv-SE","@id":"https:\/\/masterchem.fi\/sv\/produkt\/natriummolybdat-cas-7631-95-0\/#primaryimage","url":"https:\/\/masterchem.fi\/wp-content\/uploads\/2022\/08\/Natriummolybdaatti-CAS-7631-95-0-25kg-MasterChem-1.jpg","contentUrl":"https:\/\/masterchem.fi\/wp-content\/uploads\/2022\/08\/Natriummolybdaatti-CAS-7631-95-0-25kg-MasterChem-1.jpg","width":1000,"height":1000,"caption":"Natriummolybdat (CAS 7631-95-0) 25kg MasterChem"},{"@type":"BreadcrumbList","@id":"https:\/\/masterchem.fi\/sv\/produkt\/natriummolybdat-cas-7631-95-0\/#breadcrumb","itemListElement":[{"@type":"ListItem","position":1,"name":"Home","item":"https:\/\/masterchem.fi\/sv\/"},{"@type":"ListItem","position":2,"name":"Butik","item":"https:\/\/masterchem.fi\/sv\/butik\/"},{"@type":"ListItem","position":3,"name":"Natriummolybdat (CAS 7631-95-0)"}]},{"@type":"WebSite","@id":"https:\/\/masterchem.fi\/sv\/#website","url":"https:\/\/masterchem.fi\/sv\/","name":"MasterChem | kemikaalien tuotanto ja myynti","description":"kemikaalien tuotanto ja myynti","potentialAction":[{"@type":"SearchAction","target":{"@type":"EntryPoint","urlTemplate":"https:\/\/masterchem.fi\/sv\/?s={search_term_string}"},"query-input":{"@type":"PropertyValueSpecification","valueRequired":true,"valueName":"search_term_string"}}],"inLanguage":"sv-SE"}]}},"_links":{"self":[{"href":"https:\/\/masterchem.fi\/sv\/wp-json\/wp\/v2\/product\/11682","targetHints":{"allow":["GET"]}}],"collection":[{"href":"https:\/\/masterchem.fi\/sv\/wp-json\/wp\/v2\/product"}],"about":[{"href":"https:\/\/masterchem.fi\/sv\/wp-json\/wp\/v2\/types\/product"}],"wp:featuredmedia":[{"embeddable":true,"href":"https:\/\/masterchem.fi\/sv\/wp-json\/wp\/v2\/media\/11686"}],"wp:attachment":[{"href":"https:\/\/masterchem.fi\/sv\/wp-json\/wp\/v2\/media?parent=11682"}],"wp:term":[{"taxonomy":"product_brand","embeddable":true,"href":"https:\/\/masterchem.fi\/sv\/wp-json\/wp\/v2\/product_brand?post=11682"},{"taxonomy":"product_cat","embeddable":true,"href":"https:\/\/masterchem.fi\/sv\/wp-json\/wp\/v2\/product_cat?post=11682"},{"taxonomy":"product_tag","embeddable":true,"href":"https:\/\/masterchem.fi\/sv\/wp-json\/wp\/v2\/product_tag?post=11682"}],"curies":[{"name":"wp","href":"https:\/\/api.w.org\/{rel}","templated":true}]}}