{"id":11701,"date":"2022-08-31T09:57:20","date_gmt":"2022-08-31T06:57:22","guid":{"rendered":"https:\/\/masterchem.fi\/?post_type=product&#038;p=11701"},"modified":"2022-08-31T10:01:29","modified_gmt":"2022-08-31T07:01:29","slug":"zinksulfatheptahydrat-cas-7446-20-0","status":"publish","type":"product","link":"https:\/\/masterchem.fi\/sv\/produkt\/zinksulfatheptahydrat-cas-7446-20-0\/","title":{"rendered":"Zinksulfatheptahydrat (CAS 7446-20-0)"},"content":{"rendered":"<p><strong>Information<\/strong><br \/>\nBranscher: g\u00f6dningsmedel, tr\u00e4dg\u00e5rdsodling, l\u00e4kemedelsindustri, byggkemi<br \/>\nCAS-nummer: 7446-20-0<br \/>\nWE-nummer: 231-793-3<br \/>\nIndexnummer: 030-006-00-9<br \/>\nKemisk formel: ZnSo4\u00b77H2O<br \/>\nTulltaxekod: 28332920<br \/>\nADR: UN3077<\/p>\n<p><strong>Andra fysiska egenskaper<\/strong><br \/>\npH: ~5,0 \u2013 5,5 (10 %, H2O, 20\u00b0C)<br \/>\nSm\u00e4lt-\/fryspunkt: 50\u00b0C<br \/>\nKokpunkt\/intervall: 280\u00b0C<br \/>\nRelativ densitet: 1966 g\/cm3 (20 \u00b0C)<\/p>\n","protected":false},"excerpt":{"rendered":"<p><strong>Zinksulfatheptahydrat (CAS 7446-20-0)<\/strong><\/p>\n<p>Zinksulfat \u00e4r en oorganisk f\u00f6rening. Det anv\u00e4nds som ett kosttillskott f\u00f6r att behandla zinkbrist och f\u00f6rebygga risken. Biverkningar av att ta f\u00f6r mycket av tillskottet kan vara magont, kr\u00e4kningar, huvudv\u00e4rk och tr\u00f6tthet.<\/p>\n<p>Den vanligaste formen inneh\u00e5ller kristallvatten som ett heptahydrat med formeln ZnSO4\u20227H2O. Det var historiskt k\u00e4nt som &#8220;vit vitriol&#8221;. Zinksulfat och dess hydrater \u00e4r f\u00e4rgl\u00f6sa fasta \u00e4mnen.<\/p>\n","protected":false},"featured_media":11705,"template":"","meta":[],"product_brand":[],"product_cat":[106,112,116,173,182],"product_tag":[],"class_list":{"0":"post-11701","1":"product","2":"type-product","3":"status-publish","4":"has-post-thumbnail","6":"product_cat-lakemedelsindustri","7":"product_cat-byggbranschen","8":"product_cat-alla-produkter","9":"product_cat-godselmedel","10":"product_cat-hortikultur","12":"first","13":"outofstock","14":"taxable","15":"shipping-taxable","16":"purchasable","17":"product-type-variable","18":"has-default-attributes","19":"rtwpvg-product"},"yoast_head":"<!-- This site is optimized with the Yoast SEO plugin v27.2 - https:\/\/yoast.com\/product\/yoast-seo-wordpress\/ -->\n<title>Zinksulfatheptahydrat (CAS 7446-20-0) - MasterChem | kemikaalien tuotanto ja myynti<\/title>\n<meta name=\"description\" content=\"Zinksulfat \u00e4r en oorganisk f\u00f6rening. Det anv\u00e4nds som ett kosttillskott f\u00f6r att behandla zinkbrist och f\u00f6rebygga risken.\" \/>\n<meta name=\"robots\" content=\"index, follow, max-snippet:-1, max-image-preview:large, max-video-preview:-1\" \/>\n<link rel=\"canonical\" href=\"https:\/\/masterchem.fi\/sv\/produkt\/zinksulfatheptahydrat-cas-7446-20-0\/\" \/>\n<meta property=\"og:locale\" content=\"sv_SE\" \/>\n<meta property=\"og:type\" content=\"article\" \/>\n<meta property=\"og:title\" content=\"Zinksulfatheptahydrat (CAS 7446-20-0) - MasterChem | kemikaalien tuotanto ja myynti\" \/>\n<meta property=\"og:description\" content=\"Zinksulfat \u00e4r en oorganisk f\u00f6rening. Det anv\u00e4nds som ett kosttillskott f\u00f6r att behandla zinkbrist och f\u00f6rebygga risken.\" \/>\n<meta property=\"og:url\" content=\"https:\/\/masterchem.fi\/sv\/produkt\/zinksulfatheptahydrat-cas-7446-20-0\/\" \/>\n<meta property=\"og:site_name\" content=\"MasterChem | kemikaalien tuotanto ja myynti\" \/>\n<meta property=\"article:modified_time\" content=\"2022-08-31T07:01:29+00:00\" \/>\n<meta property=\"og:image\" content=\"https:\/\/masterchem.fi\/wp-content\/uploads\/2022\/08\/Sinkkisulfaattiheptahydraatti-CAS-7446-20-0.jpg\" \/>\n\t<meta property=\"og:image:width\" content=\"1000\" \/>\n\t<meta property=\"og:image:height\" content=\"1000\" \/>\n\t<meta property=\"og:image:type\" content=\"image\/jpeg\" \/>\n<meta name=\"twitter:card\" content=\"summary_large_image\" \/>\n<script type=\"application\/ld+json\" class=\"yoast-schema-graph\">{\"@context\":\"https:\/\/schema.org\",\"@graph\":[{\"@type\":\"WebPage\",\"@id\":\"https:\/\/masterchem.fi\/sv\/produkt\/zinksulfatheptahydrat-cas-7446-20-0\/\",\"url\":\"https:\/\/masterchem.fi\/sv\/produkt\/zinksulfatheptahydrat-cas-7446-20-0\/\",\"name\":\"Zinksulfatheptahydrat (CAS 7446-20-0) - MasterChem | kemikaalien tuotanto ja myynti\",\"isPartOf\":{\"@id\":\"https:\/\/masterchem.fi\/sv\/#website\"},\"primaryImageOfPage\":{\"@id\":\"https:\/\/masterchem.fi\/sv\/produkt\/zinksulfatheptahydrat-cas-7446-20-0\/#primaryimage\"},\"image\":{\"@id\":\"https:\/\/masterchem.fi\/sv\/produkt\/zinksulfatheptahydrat-cas-7446-20-0\/#primaryimage\"},\"thumbnailUrl\":\"https:\/\/masterchem.fi\/wp-content\/uploads\/2022\/08\/Sinkkisulfaattiheptahydraatti-CAS-7446-20-0.jpg\",\"datePublished\":\"2022-08-31T06:57:22+00:00\",\"dateModified\":\"2022-08-31T07:01:29+00:00\",\"description\":\"Zinksulfat \u00e4r en oorganisk f\u00f6rening. Det anv\u00e4nds som ett kosttillskott f\u00f6r att behandla zinkbrist och f\u00f6rebygga risken.\",\"breadcrumb\":{\"@id\":\"https:\/\/masterchem.fi\/sv\/produkt\/zinksulfatheptahydrat-cas-7446-20-0\/#breadcrumb\"},\"inLanguage\":\"sv-SE\",\"potentialAction\":[{\"@type\":\"ReadAction\",\"target\":[\"https:\/\/masterchem.fi\/sv\/produkt\/zinksulfatheptahydrat-cas-7446-20-0\/\"]}]},{\"@type\":\"ImageObject\",\"inLanguage\":\"sv-SE\",\"@id\":\"https:\/\/masterchem.fi\/sv\/produkt\/zinksulfatheptahydrat-cas-7446-20-0\/#primaryimage\",\"url\":\"https:\/\/masterchem.fi\/wp-content\/uploads\/2022\/08\/Sinkkisulfaattiheptahydraatti-CAS-7446-20-0.jpg\",\"contentUrl\":\"https:\/\/masterchem.fi\/wp-content\/uploads\/2022\/08\/Sinkkisulfaattiheptahydraatti-CAS-7446-20-0.jpg\",\"width\":1000,\"height\":1000,\"caption\":\"Zinksulfatheptahydrat (CAS 7446-20-0)\"},{\"@type\":\"BreadcrumbList\",\"@id\":\"https:\/\/masterchem.fi\/sv\/produkt\/zinksulfatheptahydrat-cas-7446-20-0\/#breadcrumb\",\"itemListElement\":[{\"@type\":\"ListItem\",\"position\":1,\"name\":\"Home\",\"item\":\"https:\/\/masterchem.fi\/sv\/\"},{\"@type\":\"ListItem\",\"position\":2,\"name\":\"Butik\",\"item\":\"https:\/\/masterchem.fi\/sv\/butik\/\"},{\"@type\":\"ListItem\",\"position\":3,\"name\":\"Zinksulfatheptahydrat (CAS 7446-20-0)\"}]},{\"@type\":\"WebSite\",\"@id\":\"https:\/\/masterchem.fi\/sv\/#website\",\"url\":\"https:\/\/masterchem.fi\/sv\/\",\"name\":\"MasterChem | kemikaalien tuotanto ja myynti\",\"description\":\"kemikaalien tuotanto ja myynti\",\"potentialAction\":[{\"@type\":\"SearchAction\",\"target\":{\"@type\":\"EntryPoint\",\"urlTemplate\":\"https:\/\/masterchem.fi\/sv\/?s={search_term_string}\"},\"query-input\":{\"@type\":\"PropertyValueSpecification\",\"valueRequired\":true,\"valueName\":\"search_term_string\"}}],\"inLanguage\":\"sv-SE\"}]}<\/script>\n<!-- \/ Yoast SEO plugin. -->","yoast_head_json":{"title":"Zinksulfatheptahydrat (CAS 7446-20-0) - MasterChem | kemikaalien tuotanto ja myynti","description":"Zinksulfat \u00e4r en oorganisk f\u00f6rening. Det anv\u00e4nds som ett kosttillskott f\u00f6r att behandla zinkbrist och f\u00f6rebygga risken.","robots":{"index":"index","follow":"follow","max-snippet":"max-snippet:-1","max-image-preview":"max-image-preview:large","max-video-preview":"max-video-preview:-1"},"canonical":"https:\/\/masterchem.fi\/sv\/produkt\/zinksulfatheptahydrat-cas-7446-20-0\/","og_locale":"sv_SE","og_type":"article","og_title":"Zinksulfatheptahydrat (CAS 7446-20-0) - MasterChem | kemikaalien tuotanto ja myynti","og_description":"Zinksulfat \u00e4r en oorganisk f\u00f6rening. Det anv\u00e4nds som ett kosttillskott f\u00f6r att behandla zinkbrist och f\u00f6rebygga risken.","og_url":"https:\/\/masterchem.fi\/sv\/produkt\/zinksulfatheptahydrat-cas-7446-20-0\/","og_site_name":"MasterChem | kemikaalien tuotanto ja myynti","article_modified_time":"2022-08-31T07:01:29+00:00","og_image":[{"width":1000,"height":1000,"url":"https:\/\/masterchem.fi\/wp-content\/uploads\/2022\/08\/Sinkkisulfaattiheptahydraatti-CAS-7446-20-0.jpg","type":"image\/jpeg"}],"twitter_card":"summary_large_image","schema":{"@context":"https:\/\/schema.org","@graph":[{"@type":"WebPage","@id":"https:\/\/masterchem.fi\/sv\/produkt\/zinksulfatheptahydrat-cas-7446-20-0\/","url":"https:\/\/masterchem.fi\/sv\/produkt\/zinksulfatheptahydrat-cas-7446-20-0\/","name":"Zinksulfatheptahydrat (CAS 7446-20-0) - MasterChem | kemikaalien tuotanto ja myynti","isPartOf":{"@id":"https:\/\/masterchem.fi\/sv\/#website"},"primaryImageOfPage":{"@id":"https:\/\/masterchem.fi\/sv\/produkt\/zinksulfatheptahydrat-cas-7446-20-0\/#primaryimage"},"image":{"@id":"https:\/\/masterchem.fi\/sv\/produkt\/zinksulfatheptahydrat-cas-7446-20-0\/#primaryimage"},"thumbnailUrl":"https:\/\/masterchem.fi\/wp-content\/uploads\/2022\/08\/Sinkkisulfaattiheptahydraatti-CAS-7446-20-0.jpg","datePublished":"2022-08-31T06:57:22+00:00","dateModified":"2022-08-31T07:01:29+00:00","description":"Zinksulfat \u00e4r en oorganisk f\u00f6rening. Det anv\u00e4nds som ett kosttillskott f\u00f6r att behandla zinkbrist och f\u00f6rebygga risken.","breadcrumb":{"@id":"https:\/\/masterchem.fi\/sv\/produkt\/zinksulfatheptahydrat-cas-7446-20-0\/#breadcrumb"},"inLanguage":"sv-SE","potentialAction":[{"@type":"ReadAction","target":["https:\/\/masterchem.fi\/sv\/produkt\/zinksulfatheptahydrat-cas-7446-20-0\/"]}]},{"@type":"ImageObject","inLanguage":"sv-SE","@id":"https:\/\/masterchem.fi\/sv\/produkt\/zinksulfatheptahydrat-cas-7446-20-0\/#primaryimage","url":"https:\/\/masterchem.fi\/wp-content\/uploads\/2022\/08\/Sinkkisulfaattiheptahydraatti-CAS-7446-20-0.jpg","contentUrl":"https:\/\/masterchem.fi\/wp-content\/uploads\/2022\/08\/Sinkkisulfaattiheptahydraatti-CAS-7446-20-0.jpg","width":1000,"height":1000,"caption":"Zinksulfatheptahydrat (CAS 7446-20-0)"},{"@type":"BreadcrumbList","@id":"https:\/\/masterchem.fi\/sv\/produkt\/zinksulfatheptahydrat-cas-7446-20-0\/#breadcrumb","itemListElement":[{"@type":"ListItem","position":1,"name":"Home","item":"https:\/\/masterchem.fi\/sv\/"},{"@type":"ListItem","position":2,"name":"Butik","item":"https:\/\/masterchem.fi\/sv\/butik\/"},{"@type":"ListItem","position":3,"name":"Zinksulfatheptahydrat (CAS 7446-20-0)"}]},{"@type":"WebSite","@id":"https:\/\/masterchem.fi\/sv\/#website","url":"https:\/\/masterchem.fi\/sv\/","name":"MasterChem | kemikaalien tuotanto ja myynti","description":"kemikaalien tuotanto ja myynti","potentialAction":[{"@type":"SearchAction","target":{"@type":"EntryPoint","urlTemplate":"https:\/\/masterchem.fi\/sv\/?s={search_term_string}"},"query-input":{"@type":"PropertyValueSpecification","valueRequired":true,"valueName":"search_term_string"}}],"inLanguage":"sv-SE"}]}},"_links":{"self":[{"href":"https:\/\/masterchem.fi\/sv\/wp-json\/wp\/v2\/product\/11701","targetHints":{"allow":["GET"]}}],"collection":[{"href":"https:\/\/masterchem.fi\/sv\/wp-json\/wp\/v2\/product"}],"about":[{"href":"https:\/\/masterchem.fi\/sv\/wp-json\/wp\/v2\/types\/product"}],"wp:featuredmedia":[{"embeddable":true,"href":"https:\/\/masterchem.fi\/sv\/wp-json\/wp\/v2\/media\/11705"}],"wp:attachment":[{"href":"https:\/\/masterchem.fi\/sv\/wp-json\/wp\/v2\/media?parent=11701"}],"wp:term":[{"taxonomy":"product_brand","embeddable":true,"href":"https:\/\/masterchem.fi\/sv\/wp-json\/wp\/v2\/product_brand?post=11701"},{"taxonomy":"product_cat","embeddable":true,"href":"https:\/\/masterchem.fi\/sv\/wp-json\/wp\/v2\/product_cat?post=11701"},{"taxonomy":"product_tag","embeddable":true,"href":"https:\/\/masterchem.fi\/sv\/wp-json\/wp\/v2\/product_tag?post=11701"}],"curies":[{"name":"wp","href":"https:\/\/api.w.org\/{rel}","templated":true}]}}