{"id":11711,"date":"2022-08-31T10:05:57","date_gmt":"2022-08-31T07:05:59","guid":{"rendered":"https:\/\/masterchem.fi\/?post_type=product&#038;p=11711"},"modified":"2022-08-31T10:09:51","modified_gmt":"2022-08-31T07:09:51","slug":"dinatriumoktaboratetrahydrat-cas-12280-03-4","status":"publish","type":"product","link":"https:\/\/masterchem.fi\/sv\/produkt\/dinatriumoktaboratetrahydrat-cas-12280-03-4\/","title":{"rendered":"Dinatriumoktaboratetrahydrat (CAS 12280-03-4)"},"content":{"rendered":"<p><strong>Information<\/strong><br \/>\nBranscher: G\u00f6dsel<br \/>\nCAS-nummer: 12280-03-4<br \/>\nWE-nummer: 234-541-0<br \/>\nKemisk formel: Na2B8O13\u00b74H2O<br \/>\nMolekylmassa: 412,62 g\/mol<\/p>\n<p><strong>Andra fysiska egenskaper<\/strong><br \/>\npH: 8,5 (1,0 %, 20 \u00b0C)<br \/>\nSm\u00e4lt-\/fryspunkt: 815\u00b0C<br \/>\nL\u00f6slighet i vatten: 9,7 % (20\u00b0C )<\/p>\n","protected":false},"excerpt":{"rendered":"<p><strong>Dinatriumoktaboratetrahydrat (CAS 12280-03-4)<\/strong><\/p>\n<p>Dinatriumoktaboratetrahydrat, ett alkaliskt salt, produceras i tv\u00e5 former. Den ena \u00e4r ett klart, flytande koncentrat eller f\u00f6rpackat som en vit, luktfri, pulverformig kemikalie som inte \u00e4r brandfarlig, br\u00e4nnbar eller explosiv och har l\u00e5g akut oral och dermal toxicitet. Detta salt, vanligtvis blandat med borsyra, anv\u00e4nds som en insekticid och s\u00e4ljs vanligtvis i flytande eller pulverform. Den \u00e4r \u00e4ven effektiv mot svampar och alger. Den har en obegr\u00e4nsad h\u00e5llbarhet och p\u00e5verkas inte av temperaturen. <\/p>\n<p>Denna kemikalie \u00e4r ocks\u00e5 ett brandskyddsmedel. I flytande form sp\u00e4ds det vanligtvis ut och sprayas p\u00e5 tr\u00e4ytor f\u00f6r att d\u00f6da termiter, mj\u00f6ll\u00f6ss, snickarmyror, svampar och alger. Den finns \u00e4ven som pellets f\u00f6r att b\u00e4ddas in i strukturellt tr\u00e4. Detta alkaliska salt ska inte f\u00f6rv\u00e4xlas med borsyra (en sur kemikalie) eller en tv\u00e4ttmedelstillsats som anv\u00e4nds p\u00e5 fl\u00e4ckar.<\/p>\n<p>I allm\u00e4nt bruk f\u00f6r termitkontroll eller termitf\u00f6rebyggande anv\u00e4nds flytande koncentrat i f\u00f6rh\u00e5llandet 1:1 med vatten. F\u00f6rdelen med denna kemikalie j\u00e4mf\u00f6rt med konventionell skadedjursbek\u00e4mpningsbehandling \u00e4r att den \u00e4r icke-cancerframkallande och har l\u00e5g toxicitet f\u00f6r m\u00e4nniskor och husdjur. Den \u00e4r ocks\u00e5 luktfri och korrekt anv\u00e4ndning varar hela tr\u00e4dets liv. Upprepad behandling \u00e4r inte n\u00f6dv\u00e4ndig. Den anv\u00e4nds b\u00e4st i nybyggnation, men anv\u00e4nds oftare som eftermontering p\u00e5 hem som ursprungligen behandlades med kemikalier som har blivit ineffektiva.<\/p>\n","protected":false},"featured_media":11715,"template":"","meta":[],"product_brand":[],"product_cat":[116,173],"product_tag":[],"class_list":{"0":"post-11711","1":"product","2":"type-product","3":"status-publish","4":"has-post-thumbnail","6":"product_cat-alla-produkter","7":"product_cat-godselmedel","9":"first","10":"outofstock","11":"taxable","12":"shipping-taxable","13":"purchasable","14":"product-type-variable","15":"has-default-attributes","16":"rtwpvg-product"},"yoast_head":"<!-- This site is optimized with the Yoast SEO plugin v27.5 - https:\/\/yoast.com\/product\/yoast-seo-wordpress\/ -->\n<title>Dinatriumoktaboratetrahydrat (CAS 12280-03-4) - MasterChem | kemikaalien tuotanto ja myynti<\/title>\n<meta name=\"description\" content=\"Dinatriumoktaboratetrahydrat, ett alkaliskt salt, produceras i tv\u00e5 former.\" \/>\n<meta name=\"robots\" content=\"index, follow, max-snippet:-1, max-image-preview:large, max-video-preview:-1\" \/>\n<link rel=\"canonical\" href=\"https:\/\/masterchem.fi\/sv\/produkt\/dinatriumoktaboratetrahydrat-cas-12280-03-4\/\" \/>\n<meta property=\"og:locale\" content=\"sv_SE\" \/>\n<meta property=\"og:type\" content=\"article\" \/>\n<meta property=\"og:title\" content=\"Dinatriumoktaboratetrahydrat (CAS 12280-03-4) - MasterChem | kemikaalien tuotanto ja myynti\" \/>\n<meta property=\"og:description\" content=\"Dinatriumoktaboratetrahydrat, ett alkaliskt salt, produceras i tv\u00e5 former.\" \/>\n<meta property=\"og:url\" content=\"https:\/\/masterchem.fi\/sv\/produkt\/dinatriumoktaboratetrahydrat-cas-12280-03-4\/\" \/>\n<meta property=\"og:site_name\" content=\"MasterChem | kemikaalien tuotanto ja myynti\" \/>\n<meta property=\"article:modified_time\" content=\"2022-08-31T07:09:51+00:00\" \/>\n<meta property=\"og:image\" content=\"https:\/\/masterchem.fi\/wp-content\/uploads\/2022\/08\/Dinatriumoktaboraattitetrahydraatti-CAS-12280-03-4.jpg\" \/>\n\t<meta property=\"og:image:width\" content=\"1000\" \/>\n\t<meta property=\"og:image:height\" content=\"1000\" \/>\n\t<meta property=\"og:image:type\" content=\"image\/jpeg\" \/>\n<meta name=\"twitter:card\" content=\"summary_large_image\" \/>\n<script type=\"application\/ld+json\" class=\"yoast-schema-graph\">{\"@context\":\"https:\\\/\\\/schema.org\",\"@graph\":[{\"@type\":\"WebPage\",\"@id\":\"https:\\\/\\\/masterchem.fi\\\/sv\\\/produkt\\\/dinatriumoktaboratetrahydrat-cas-12280-03-4\\\/\",\"url\":\"https:\\\/\\\/masterchem.fi\\\/sv\\\/produkt\\\/dinatriumoktaboratetrahydrat-cas-12280-03-4\\\/\",\"name\":\"Dinatriumoktaboratetrahydrat (CAS 12280-03-4) - MasterChem | kemikaalien tuotanto ja myynti\",\"isPartOf\":{\"@id\":\"https:\\\/\\\/masterchem.fi\\\/sv\\\/#website\"},\"primaryImageOfPage\":{\"@id\":\"https:\\\/\\\/masterchem.fi\\\/sv\\\/produkt\\\/dinatriumoktaboratetrahydrat-cas-12280-03-4\\\/#primaryimage\"},\"image\":{\"@id\":\"https:\\\/\\\/masterchem.fi\\\/sv\\\/produkt\\\/dinatriumoktaboratetrahydrat-cas-12280-03-4\\\/#primaryimage\"},\"thumbnailUrl\":\"https:\\\/\\\/masterchem.fi\\\/wp-content\\\/uploads\\\/2022\\\/08\\\/Dinatriumoktaboraattitetrahydraatti-CAS-12280-03-4.jpg\",\"datePublished\":\"2022-08-31T07:05:59+00:00\",\"dateModified\":\"2022-08-31T07:09:51+00:00\",\"description\":\"Dinatriumoktaboratetrahydrat, ett alkaliskt salt, produceras i tv\u00e5 former.\",\"breadcrumb\":{\"@id\":\"https:\\\/\\\/masterchem.fi\\\/sv\\\/produkt\\\/dinatriumoktaboratetrahydrat-cas-12280-03-4\\\/#breadcrumb\"},\"inLanguage\":\"sv-SE\",\"potentialAction\":[{\"@type\":\"ReadAction\",\"target\":[\"https:\\\/\\\/masterchem.fi\\\/sv\\\/produkt\\\/dinatriumoktaboratetrahydrat-cas-12280-03-4\\\/\"]}]},{\"@type\":\"ImageObject\",\"inLanguage\":\"sv-SE\",\"@id\":\"https:\\\/\\\/masterchem.fi\\\/sv\\\/produkt\\\/dinatriumoktaboratetrahydrat-cas-12280-03-4\\\/#primaryimage\",\"url\":\"https:\\\/\\\/masterchem.fi\\\/wp-content\\\/uploads\\\/2022\\\/08\\\/Dinatriumoktaboraattitetrahydraatti-CAS-12280-03-4.jpg\",\"contentUrl\":\"https:\\\/\\\/masterchem.fi\\\/wp-content\\\/uploads\\\/2022\\\/08\\\/Dinatriumoktaboraattitetrahydraatti-CAS-12280-03-4.jpg\",\"width\":1000,\"height\":1000,\"caption\":\"Dinatriumoktaboratetrahydrat (CAS 12280-03-4)\"},{\"@type\":\"BreadcrumbList\",\"@id\":\"https:\\\/\\\/masterchem.fi\\\/sv\\\/produkt\\\/dinatriumoktaboratetrahydrat-cas-12280-03-4\\\/#breadcrumb\",\"itemListElement\":[{\"@type\":\"ListItem\",\"position\":1,\"name\":\"Home\",\"item\":\"https:\\\/\\\/masterchem.fi\\\/sv\\\/\"},{\"@type\":\"ListItem\",\"position\":2,\"name\":\"Butik\",\"item\":\"https:\\\/\\\/masterchem.fi\\\/sv\\\/butik\\\/\"},{\"@type\":\"ListItem\",\"position\":3,\"name\":\"Dinatriumoktaboratetrahydrat (CAS 12280-03-4)\"}]},{\"@type\":\"WebSite\",\"@id\":\"https:\\\/\\\/masterchem.fi\\\/sv\\\/#website\",\"url\":\"https:\\\/\\\/masterchem.fi\\\/sv\\\/\",\"name\":\"MasterChem | kemikaalien tuotanto ja myynti\",\"description\":\"kemikaalien tuotanto ja myynti\",\"potentialAction\":[{\"@type\":\"SearchAction\",\"target\":{\"@type\":\"EntryPoint\",\"urlTemplate\":\"https:\\\/\\\/masterchem.fi\\\/sv\\\/?s={search_term_string}\"},\"query-input\":{\"@type\":\"PropertyValueSpecification\",\"valueRequired\":true,\"valueName\":\"search_term_string\"}}],\"inLanguage\":\"sv-SE\"}]}<\/script>\n<!-- \/ Yoast SEO plugin. -->","yoast_head_json":{"title":"Dinatriumoktaboratetrahydrat (CAS 12280-03-4) - MasterChem | kemikaalien tuotanto ja myynti","description":"Dinatriumoktaboratetrahydrat, ett alkaliskt salt, produceras i tv\u00e5 former.","robots":{"index":"index","follow":"follow","max-snippet":"max-snippet:-1","max-image-preview":"max-image-preview:large","max-video-preview":"max-video-preview:-1"},"canonical":"https:\/\/masterchem.fi\/sv\/produkt\/dinatriumoktaboratetrahydrat-cas-12280-03-4\/","og_locale":"sv_SE","og_type":"article","og_title":"Dinatriumoktaboratetrahydrat (CAS 12280-03-4) - MasterChem | kemikaalien tuotanto ja myynti","og_description":"Dinatriumoktaboratetrahydrat, ett alkaliskt salt, produceras i tv\u00e5 former.","og_url":"https:\/\/masterchem.fi\/sv\/produkt\/dinatriumoktaboratetrahydrat-cas-12280-03-4\/","og_site_name":"MasterChem | kemikaalien tuotanto ja myynti","article_modified_time":"2022-08-31T07:09:51+00:00","og_image":[{"width":1000,"height":1000,"url":"https:\/\/masterchem.fi\/wp-content\/uploads\/2022\/08\/Dinatriumoktaboraattitetrahydraatti-CAS-12280-03-4.jpg","type":"image\/jpeg"}],"twitter_card":"summary_large_image","schema":{"@context":"https:\/\/schema.org","@graph":[{"@type":"WebPage","@id":"https:\/\/masterchem.fi\/sv\/produkt\/dinatriumoktaboratetrahydrat-cas-12280-03-4\/","url":"https:\/\/masterchem.fi\/sv\/produkt\/dinatriumoktaboratetrahydrat-cas-12280-03-4\/","name":"Dinatriumoktaboratetrahydrat (CAS 12280-03-4) - MasterChem | kemikaalien tuotanto ja myynti","isPartOf":{"@id":"https:\/\/masterchem.fi\/sv\/#website"},"primaryImageOfPage":{"@id":"https:\/\/masterchem.fi\/sv\/produkt\/dinatriumoktaboratetrahydrat-cas-12280-03-4\/#primaryimage"},"image":{"@id":"https:\/\/masterchem.fi\/sv\/produkt\/dinatriumoktaboratetrahydrat-cas-12280-03-4\/#primaryimage"},"thumbnailUrl":"https:\/\/masterchem.fi\/wp-content\/uploads\/2022\/08\/Dinatriumoktaboraattitetrahydraatti-CAS-12280-03-4.jpg","datePublished":"2022-08-31T07:05:59+00:00","dateModified":"2022-08-31T07:09:51+00:00","description":"Dinatriumoktaboratetrahydrat, ett alkaliskt salt, produceras i tv\u00e5 former.","breadcrumb":{"@id":"https:\/\/masterchem.fi\/sv\/produkt\/dinatriumoktaboratetrahydrat-cas-12280-03-4\/#breadcrumb"},"inLanguage":"sv-SE","potentialAction":[{"@type":"ReadAction","target":["https:\/\/masterchem.fi\/sv\/produkt\/dinatriumoktaboratetrahydrat-cas-12280-03-4\/"]}]},{"@type":"ImageObject","inLanguage":"sv-SE","@id":"https:\/\/masterchem.fi\/sv\/produkt\/dinatriumoktaboratetrahydrat-cas-12280-03-4\/#primaryimage","url":"https:\/\/masterchem.fi\/wp-content\/uploads\/2022\/08\/Dinatriumoktaboraattitetrahydraatti-CAS-12280-03-4.jpg","contentUrl":"https:\/\/masterchem.fi\/wp-content\/uploads\/2022\/08\/Dinatriumoktaboraattitetrahydraatti-CAS-12280-03-4.jpg","width":1000,"height":1000,"caption":"Dinatriumoktaboratetrahydrat (CAS 12280-03-4)"},{"@type":"BreadcrumbList","@id":"https:\/\/masterchem.fi\/sv\/produkt\/dinatriumoktaboratetrahydrat-cas-12280-03-4\/#breadcrumb","itemListElement":[{"@type":"ListItem","position":1,"name":"Home","item":"https:\/\/masterchem.fi\/sv\/"},{"@type":"ListItem","position":2,"name":"Butik","item":"https:\/\/masterchem.fi\/sv\/butik\/"},{"@type":"ListItem","position":3,"name":"Dinatriumoktaboratetrahydrat (CAS 12280-03-4)"}]},{"@type":"WebSite","@id":"https:\/\/masterchem.fi\/sv\/#website","url":"https:\/\/masterchem.fi\/sv\/","name":"MasterChem | kemikaalien tuotanto ja myynti","description":"kemikaalien tuotanto ja myynti","potentialAction":[{"@type":"SearchAction","target":{"@type":"EntryPoint","urlTemplate":"https:\/\/masterchem.fi\/sv\/?s={search_term_string}"},"query-input":{"@type":"PropertyValueSpecification","valueRequired":true,"valueName":"search_term_string"}}],"inLanguage":"sv-SE"}]}},"_links":{"self":[{"href":"https:\/\/masterchem.fi\/sv\/wp-json\/wp\/v2\/product\/11711","targetHints":{"allow":["GET"]}}],"collection":[{"href":"https:\/\/masterchem.fi\/sv\/wp-json\/wp\/v2\/product"}],"about":[{"href":"https:\/\/masterchem.fi\/sv\/wp-json\/wp\/v2\/types\/product"}],"wp:featuredmedia":[{"embeddable":true,"href":"https:\/\/masterchem.fi\/sv\/wp-json\/wp\/v2\/media\/11715"}],"wp:attachment":[{"href":"https:\/\/masterchem.fi\/sv\/wp-json\/wp\/v2\/media?parent=11711"}],"wp:term":[{"taxonomy":"product_brand","embeddable":true,"href":"https:\/\/masterchem.fi\/sv\/wp-json\/wp\/v2\/product_brand?post=11711"},{"taxonomy":"product_cat","embeddable":true,"href":"https:\/\/masterchem.fi\/sv\/wp-json\/wp\/v2\/product_cat?post=11711"},{"taxonomy":"product_tag","embeddable":true,"href":"https:\/\/masterchem.fi\/sv\/wp-json\/wp\/v2\/product_tag?post=11711"}],"curies":[{"name":"wp","href":"https:\/\/api.w.org\/{rel}","templated":true}]}}