{"id":11721,"date":"2022-08-31T11:28:35","date_gmt":"2022-08-31T08:28:36","guid":{"rendered":"https:\/\/masterchem.fi\/?post_type=product&#038;p=11721"},"modified":"2022-08-31T11:35:05","modified_gmt":"2022-08-31T08:35:05","slug":"ammoniummolybdat-cas-12054-85-2","status":"publish","type":"product","link":"https:\/\/masterchem.fi\/sv\/produkt\/ammoniummolybdat-cas-12054-85-2\/","title":{"rendered":"Ammoniummolybdat (CAS 12054-85-2)"},"content":{"rendered":"<p><strong>Information<\/strong><br \/>\nBranscher: g\u00f6dningsmedel, tr\u00e4dg\u00e5rdssk\u00f6tsel<br \/>\nCAS-nummer: 12054-85-2<br \/>\nWE-nummer: 601-720-3<br \/>\nKemisk formel: (NH4)6Mo7O24 \u00b74H2O<br \/>\nMolekylvikt: 1235,86 g\/mol<br \/>\nTulltaxekod: 28417000<\/p>\n<p><strong>Andra fysiska egenskaper<\/strong><br \/>\npH: ~5,3 (50g\/l H2O w 20\u00b0C)<br \/>\nSm\u00e4lt-\/fryspunkt: 90\u00b0C<br \/>\nRelativ densitet: 2 498 g\/cm3<br \/>\nL\u00f6slighet i vatten: 400 g\/l (20\u00b0C)<\/p>\n","protected":false},"excerpt":{"rendered":"<p><strong>Ammoniummolybdat (CAS 12054-85-2)<\/strong><\/p>\n<p>Ammoniummolybdattetrahydrat (\u00e4ven k\u00e4nt som ammoniumheptamolybdat, kemisk formel: (NH4)6Mo7O24)), som ser ut som ett f\u00e4rgl\u00f6st fast \u00e4mne. Den kan framst\u00e4llas genom att l\u00f6sa molybdentrioxid i ett \u00f6verskott av vattenhaltig ammoniak och indunsta l\u00f6sningen vid rumstemperatur. Den har m\u00e5nga applikationer, t.ex. som ett analytiskt reagens f\u00f6r m\u00e4tning av fosfat, silikat, arsenat och bly; f\u00f6r tillverkning av molybdenmetall och keramik; f\u00f6r framst\u00e4llning av dehydrerings- och avsvavlingskatalysatorer; f\u00f6r fixering av metaller; f\u00f6r galvanisering; komplettera g\u00f6dselmedel; som en negativ f\u00e4rg i biologisk elektronmikroskopi; sm\u00e4rtstillande l\u00e4kemedel inom medicinska omr\u00e5den.<\/p>\n","protected":false},"featured_media":11725,"template":"","meta":[],"product_brand":[],"product_cat":[173,182,116],"product_tag":[],"class_list":{"0":"post-11721","1":"product","2":"type-product","3":"status-publish","4":"has-post-thumbnail","6":"product_cat-godselmedel","7":"product_cat-hortikultur","8":"product_cat-alla-produkter","10":"first","11":"outofstock","12":"taxable","13":"shipping-taxable","14":"purchasable","15":"product-type-variable","16":"has-default-attributes","17":"rtwpvg-product"},"yoast_head":"<!-- This site is optimized with the Yoast SEO plugin v27.2 - https:\/\/yoast.com\/product\/yoast-seo-wordpress\/ -->\n<title>Ammoniummolybdat (CAS 12054-85-2) - MasterChem | kemikaalien tuotanto ja myynti<\/title>\n<meta name=\"description\" content=\"Dinatriumoktaboratetrahydrat, ett alkaliskt salt, produceras i tv\u00e5 former.\" \/>\n<meta name=\"robots\" content=\"index, follow, max-snippet:-1, max-image-preview:large, max-video-preview:-1\" \/>\n<link rel=\"canonical\" href=\"https:\/\/masterchem.fi\/sv\/produkt\/ammoniummolybdat-cas-12054-85-2\/\" \/>\n<meta property=\"og:locale\" content=\"sv_SE\" \/>\n<meta property=\"og:type\" content=\"article\" \/>\n<meta property=\"og:title\" content=\"Ammoniummolybdat (CAS 12054-85-2) - MasterChem | kemikaalien tuotanto ja myynti\" \/>\n<meta property=\"og:description\" content=\"Dinatriumoktaboratetrahydrat, ett alkaliskt salt, produceras i tv\u00e5 former.\" \/>\n<meta property=\"og:url\" content=\"https:\/\/masterchem.fi\/sv\/produkt\/ammoniummolybdat-cas-12054-85-2\/\" \/>\n<meta property=\"og:site_name\" content=\"MasterChem | kemikaalien tuotanto ja myynti\" \/>\n<meta property=\"article:modified_time\" content=\"2022-08-31T08:35:05+00:00\" \/>\n<meta property=\"og:image\" content=\"https:\/\/masterchem.fi\/wp-content\/uploads\/2022\/08\/Ammoniummolybdaatti-CAS-12054-85-2.jpg\" \/>\n\t<meta property=\"og:image:width\" content=\"1000\" \/>\n\t<meta property=\"og:image:height\" content=\"1000\" \/>\n\t<meta property=\"og:image:type\" content=\"image\/jpeg\" \/>\n<meta name=\"twitter:card\" content=\"summary_large_image\" \/>\n<script type=\"application\/ld+json\" class=\"yoast-schema-graph\">{\"@context\":\"https:\/\/schema.org\",\"@graph\":[{\"@type\":\"WebPage\",\"@id\":\"https:\/\/masterchem.fi\/sv\/produkt\/ammoniummolybdat-cas-12054-85-2\/\",\"url\":\"https:\/\/masterchem.fi\/sv\/produkt\/ammoniummolybdat-cas-12054-85-2\/\",\"name\":\"Ammoniummolybdat (CAS 12054-85-2) - MasterChem | kemikaalien tuotanto ja myynti\",\"isPartOf\":{\"@id\":\"https:\/\/masterchem.fi\/sv\/#website\"},\"primaryImageOfPage\":{\"@id\":\"https:\/\/masterchem.fi\/sv\/produkt\/ammoniummolybdat-cas-12054-85-2\/#primaryimage\"},\"image\":{\"@id\":\"https:\/\/masterchem.fi\/sv\/produkt\/ammoniummolybdat-cas-12054-85-2\/#primaryimage\"},\"thumbnailUrl\":\"https:\/\/masterchem.fi\/wp-content\/uploads\/2022\/08\/Ammoniummolybdaatti-CAS-12054-85-2.jpg\",\"datePublished\":\"2022-08-31T08:28:36+00:00\",\"dateModified\":\"2022-08-31T08:35:05+00:00\",\"description\":\"Dinatriumoktaboratetrahydrat, ett alkaliskt salt, produceras i tv\u00e5 former.\",\"breadcrumb\":{\"@id\":\"https:\/\/masterchem.fi\/sv\/produkt\/ammoniummolybdat-cas-12054-85-2\/#breadcrumb\"},\"inLanguage\":\"sv-SE\",\"potentialAction\":[{\"@type\":\"ReadAction\",\"target\":[\"https:\/\/masterchem.fi\/sv\/produkt\/ammoniummolybdat-cas-12054-85-2\/\"]}]},{\"@type\":\"ImageObject\",\"inLanguage\":\"sv-SE\",\"@id\":\"https:\/\/masterchem.fi\/sv\/produkt\/ammoniummolybdat-cas-12054-85-2\/#primaryimage\",\"url\":\"https:\/\/masterchem.fi\/wp-content\/uploads\/2022\/08\/Ammoniummolybdaatti-CAS-12054-85-2.jpg\",\"contentUrl\":\"https:\/\/masterchem.fi\/wp-content\/uploads\/2022\/08\/Ammoniummolybdaatti-CAS-12054-85-2.jpg\",\"width\":1000,\"height\":1000,\"caption\":\"Ammoniummolybdat (CAS 12054-85-2)\"},{\"@type\":\"BreadcrumbList\",\"@id\":\"https:\/\/masterchem.fi\/sv\/produkt\/ammoniummolybdat-cas-12054-85-2\/#breadcrumb\",\"itemListElement\":[{\"@type\":\"ListItem\",\"position\":1,\"name\":\"Home\",\"item\":\"https:\/\/masterchem.fi\/sv\/\"},{\"@type\":\"ListItem\",\"position\":2,\"name\":\"Butik\",\"item\":\"https:\/\/masterchem.fi\/sv\/butik\/\"},{\"@type\":\"ListItem\",\"position\":3,\"name\":\"Ammoniummolybdat (CAS 12054-85-2)\"}]},{\"@type\":\"WebSite\",\"@id\":\"https:\/\/masterchem.fi\/sv\/#website\",\"url\":\"https:\/\/masterchem.fi\/sv\/\",\"name\":\"MasterChem | kemikaalien tuotanto ja myynti\",\"description\":\"kemikaalien tuotanto ja myynti\",\"potentialAction\":[{\"@type\":\"SearchAction\",\"target\":{\"@type\":\"EntryPoint\",\"urlTemplate\":\"https:\/\/masterchem.fi\/sv\/?s={search_term_string}\"},\"query-input\":{\"@type\":\"PropertyValueSpecification\",\"valueRequired\":true,\"valueName\":\"search_term_string\"}}],\"inLanguage\":\"sv-SE\"}]}<\/script>\n<!-- \/ Yoast SEO plugin. -->","yoast_head_json":{"title":"Ammoniummolybdat (CAS 12054-85-2) - MasterChem | kemikaalien tuotanto ja myynti","description":"Dinatriumoktaboratetrahydrat, ett alkaliskt salt, produceras i tv\u00e5 former.","robots":{"index":"index","follow":"follow","max-snippet":"max-snippet:-1","max-image-preview":"max-image-preview:large","max-video-preview":"max-video-preview:-1"},"canonical":"https:\/\/masterchem.fi\/sv\/produkt\/ammoniummolybdat-cas-12054-85-2\/","og_locale":"sv_SE","og_type":"article","og_title":"Ammoniummolybdat (CAS 12054-85-2) - MasterChem | kemikaalien tuotanto ja myynti","og_description":"Dinatriumoktaboratetrahydrat, ett alkaliskt salt, produceras i tv\u00e5 former.","og_url":"https:\/\/masterchem.fi\/sv\/produkt\/ammoniummolybdat-cas-12054-85-2\/","og_site_name":"MasterChem | kemikaalien tuotanto ja myynti","article_modified_time":"2022-08-31T08:35:05+00:00","og_image":[{"width":1000,"height":1000,"url":"https:\/\/masterchem.fi\/wp-content\/uploads\/2022\/08\/Ammoniummolybdaatti-CAS-12054-85-2.jpg","type":"image\/jpeg"}],"twitter_card":"summary_large_image","schema":{"@context":"https:\/\/schema.org","@graph":[{"@type":"WebPage","@id":"https:\/\/masterchem.fi\/sv\/produkt\/ammoniummolybdat-cas-12054-85-2\/","url":"https:\/\/masterchem.fi\/sv\/produkt\/ammoniummolybdat-cas-12054-85-2\/","name":"Ammoniummolybdat (CAS 12054-85-2) - MasterChem | kemikaalien tuotanto ja myynti","isPartOf":{"@id":"https:\/\/masterchem.fi\/sv\/#website"},"primaryImageOfPage":{"@id":"https:\/\/masterchem.fi\/sv\/produkt\/ammoniummolybdat-cas-12054-85-2\/#primaryimage"},"image":{"@id":"https:\/\/masterchem.fi\/sv\/produkt\/ammoniummolybdat-cas-12054-85-2\/#primaryimage"},"thumbnailUrl":"https:\/\/masterchem.fi\/wp-content\/uploads\/2022\/08\/Ammoniummolybdaatti-CAS-12054-85-2.jpg","datePublished":"2022-08-31T08:28:36+00:00","dateModified":"2022-08-31T08:35:05+00:00","description":"Dinatriumoktaboratetrahydrat, ett alkaliskt salt, produceras i tv\u00e5 former.","breadcrumb":{"@id":"https:\/\/masterchem.fi\/sv\/produkt\/ammoniummolybdat-cas-12054-85-2\/#breadcrumb"},"inLanguage":"sv-SE","potentialAction":[{"@type":"ReadAction","target":["https:\/\/masterchem.fi\/sv\/produkt\/ammoniummolybdat-cas-12054-85-2\/"]}]},{"@type":"ImageObject","inLanguage":"sv-SE","@id":"https:\/\/masterchem.fi\/sv\/produkt\/ammoniummolybdat-cas-12054-85-2\/#primaryimage","url":"https:\/\/masterchem.fi\/wp-content\/uploads\/2022\/08\/Ammoniummolybdaatti-CAS-12054-85-2.jpg","contentUrl":"https:\/\/masterchem.fi\/wp-content\/uploads\/2022\/08\/Ammoniummolybdaatti-CAS-12054-85-2.jpg","width":1000,"height":1000,"caption":"Ammoniummolybdat (CAS 12054-85-2)"},{"@type":"BreadcrumbList","@id":"https:\/\/masterchem.fi\/sv\/produkt\/ammoniummolybdat-cas-12054-85-2\/#breadcrumb","itemListElement":[{"@type":"ListItem","position":1,"name":"Home","item":"https:\/\/masterchem.fi\/sv\/"},{"@type":"ListItem","position":2,"name":"Butik","item":"https:\/\/masterchem.fi\/sv\/butik\/"},{"@type":"ListItem","position":3,"name":"Ammoniummolybdat (CAS 12054-85-2)"}]},{"@type":"WebSite","@id":"https:\/\/masterchem.fi\/sv\/#website","url":"https:\/\/masterchem.fi\/sv\/","name":"MasterChem | kemikaalien tuotanto ja myynti","description":"kemikaalien tuotanto ja myynti","potentialAction":[{"@type":"SearchAction","target":{"@type":"EntryPoint","urlTemplate":"https:\/\/masterchem.fi\/sv\/?s={search_term_string}"},"query-input":{"@type":"PropertyValueSpecification","valueRequired":true,"valueName":"search_term_string"}}],"inLanguage":"sv-SE"}]}},"_links":{"self":[{"href":"https:\/\/masterchem.fi\/sv\/wp-json\/wp\/v2\/product\/11721","targetHints":{"allow":["GET"]}}],"collection":[{"href":"https:\/\/masterchem.fi\/sv\/wp-json\/wp\/v2\/product"}],"about":[{"href":"https:\/\/masterchem.fi\/sv\/wp-json\/wp\/v2\/types\/product"}],"wp:featuredmedia":[{"embeddable":true,"href":"https:\/\/masterchem.fi\/sv\/wp-json\/wp\/v2\/media\/11725"}],"wp:attachment":[{"href":"https:\/\/masterchem.fi\/sv\/wp-json\/wp\/v2\/media?parent=11721"}],"wp:term":[{"taxonomy":"product_brand","embeddable":true,"href":"https:\/\/masterchem.fi\/sv\/wp-json\/wp\/v2\/product_brand?post=11721"},{"taxonomy":"product_cat","embeddable":true,"href":"https:\/\/masterchem.fi\/sv\/wp-json\/wp\/v2\/product_cat?post=11721"},{"taxonomy":"product_tag","embeddable":true,"href":"https:\/\/masterchem.fi\/sv\/wp-json\/wp\/v2\/product_tag?post=11721"}],"curies":[{"name":"wp","href":"https:\/\/api.w.org\/{rel}","templated":true}]}}