{"id":11741,"date":"2022-08-31T12:05:28","date_gmt":"2022-08-31T09:05:30","guid":{"rendered":"https:\/\/masterchem.fi\/?post_type=product&#038;p=11741"},"modified":"2022-08-31T12:10:10","modified_gmt":"2022-08-31T09:10:10","slug":"jarnkelat-edta-fe-13-cas-15708-41-5","status":"publish","type":"product","link":"https:\/\/masterchem.fi\/sv\/produkt\/jarnkelat-edta-fe-13-cas-15708-41-5\/","title":{"rendered":"J\u00e4rnkelat EDTA Fe 13 % (CAS 15708-41-5)"},"content":{"rendered":"<p><strong>Information<\/strong><br \/>\nBranscher: g\u00f6dningsmedel, tr\u00e4dg\u00e5rdssk\u00f6tsel<br \/>\nCAS-nummer: 15708-41-5<br \/>\nWE-nummer: 239-802-2<br \/>\nKemisk formel: C10H12FeN2O8\u2022Na<br \/>\nMolekylmassa: 367,05 g\/mol<\/p>\n<p><strong>Andra fysiska egenskaper<\/strong><br \/>\npH: 4,0 &#8211; 5,0 (1 % H2O)<br \/>\nRelativ densitet: 900 kg\/m3<br \/>\nL\u00f6slighet i vatten: 90 g\/l<\/p>\n","protected":false},"excerpt":{"rendered":"<p><strong>J\u00e4rnkelat EDTA Fe 13 % (CAS 15708-41-5)<\/strong><\/p>\n<p>Introduktion: EDTA j\u00e4rnnatriumsalt \u00e4r j\u00e4rnnatriumsaltet av EDTA (etylendiamintetra\u00e4ttiksyra). Det \u00e4r ett brett spektrum molluskicidid som kan d\u00f6da sniglar och sniglar och skydda gr\u00f6dor och tr\u00e4dg\u00e5rdsv\u00e4xter. I synnerhet kan det eliminera angrepp av Cornu aspersum, den vanliga tr\u00e4dg\u00e5rdssnigeln. Det fungerar genom att interagera med och f\u00f6rst\u00f6ra hemocyanin, en kopparbaserad f\u00f6rening som finns i blodet hos bl\u00f6tdjur och leddjur som b\u00e4r syre (en roll som liknar hemoglobin hos ryggradsl\u00f6sa djur). Den kan d\u00f6da sniglar och sniglar p\u00e5 n\u00e5gra dagar. Det kan ocks\u00e5 anv\u00e4ndas som ett n\u00e4ringsf\u00f6rst\u00e4rkare och en k\u00e4lla till j\u00e4rn som kan kompletteras f\u00f6r n\u00e4rings\u00e4ndam\u00e5l.<\/p>\n","protected":false},"featured_media":11745,"template":"","meta":[],"product_brand":[],"product_cat":[173,182,116],"product_tag":[],"class_list":{"0":"post-11741","1":"product","2":"type-product","3":"status-publish","4":"has-post-thumbnail","6":"product_cat-godselmedel","7":"product_cat-hortikultur","8":"product_cat-alla-produkter","10":"first","11":"outofstock","12":"taxable","13":"shipping-taxable","14":"purchasable","15":"product-type-variable","16":"has-default-attributes","17":"rtwpvg-product"},"yoast_head":"<!-- This site is optimized with the Yoast SEO plugin v27.2 - https:\/\/yoast.com\/product\/yoast-seo-wordpress\/ -->\n<title>J\u00e4rnkelat EDTA Fe 13 % (CAS 15708-41-5) - MasterChem | kemikaalien tuotanto ja myynti<\/title>\n<meta name=\"description\" content=\"Inledning: EDTA j\u00e4rnnatriumsalt \u00e4r j\u00e4rnnatriumsaltet av EDTA (etylendiamintetra\u00e4ttiksyra).\" \/>\n<meta name=\"robots\" content=\"index, follow, max-snippet:-1, max-image-preview:large, max-video-preview:-1\" \/>\n<link rel=\"canonical\" href=\"https:\/\/masterchem.fi\/sv\/produkt\/jarnkelat-edta-fe-13-cas-15708-41-5\/\" \/>\n<meta property=\"og:locale\" content=\"sv_SE\" \/>\n<meta property=\"og:type\" content=\"article\" \/>\n<meta property=\"og:title\" content=\"J\u00e4rnkelat EDTA Fe 13 % (CAS 15708-41-5) - MasterChem | kemikaalien tuotanto ja myynti\" \/>\n<meta property=\"og:description\" content=\"Inledning: EDTA j\u00e4rnnatriumsalt \u00e4r j\u00e4rnnatriumsaltet av EDTA (etylendiamintetra\u00e4ttiksyra).\" \/>\n<meta property=\"og:url\" content=\"https:\/\/masterchem.fi\/sv\/produkt\/jarnkelat-edta-fe-13-cas-15708-41-5\/\" \/>\n<meta property=\"og:site_name\" content=\"MasterChem | kemikaalien tuotanto ja myynti\" \/>\n<meta property=\"article:modified_time\" content=\"2022-08-31T09:10:10+00:00\" \/>\n<meta property=\"og:image\" content=\"https:\/\/masterchem.fi\/wp-content\/uploads\/2022\/08\/Rautakelaatti-EDTA-Fe-13CAS-15708-41-5.jpg\" \/>\n\t<meta property=\"og:image:width\" content=\"1000\" \/>\n\t<meta property=\"og:image:height\" content=\"1000\" \/>\n\t<meta property=\"og:image:type\" content=\"image\/jpeg\" \/>\n<meta name=\"twitter:card\" content=\"summary_large_image\" \/>\n<script type=\"application\/ld+json\" class=\"yoast-schema-graph\">{\"@context\":\"https:\/\/schema.org\",\"@graph\":[{\"@type\":\"WebPage\",\"@id\":\"https:\/\/masterchem.fi\/sv\/produkt\/jarnkelat-edta-fe-13-cas-15708-41-5\/\",\"url\":\"https:\/\/masterchem.fi\/sv\/produkt\/jarnkelat-edta-fe-13-cas-15708-41-5\/\",\"name\":\"J\u00e4rnkelat EDTA Fe 13 % (CAS 15708-41-5) - MasterChem | kemikaalien tuotanto ja myynti\",\"isPartOf\":{\"@id\":\"https:\/\/masterchem.fi\/sv\/#website\"},\"primaryImageOfPage\":{\"@id\":\"https:\/\/masterchem.fi\/sv\/produkt\/jarnkelat-edta-fe-13-cas-15708-41-5\/#primaryimage\"},\"image\":{\"@id\":\"https:\/\/masterchem.fi\/sv\/produkt\/jarnkelat-edta-fe-13-cas-15708-41-5\/#primaryimage\"},\"thumbnailUrl\":\"https:\/\/masterchem.fi\/wp-content\/uploads\/2022\/08\/Rautakelaatti-EDTA-Fe-13CAS-15708-41-5.jpg\",\"datePublished\":\"2022-08-31T09:05:30+00:00\",\"dateModified\":\"2022-08-31T09:10:10+00:00\",\"description\":\"Inledning: EDTA j\u00e4rnnatriumsalt \u00e4r j\u00e4rnnatriumsaltet av EDTA (etylendiamintetra\u00e4ttiksyra).\",\"breadcrumb\":{\"@id\":\"https:\/\/masterchem.fi\/sv\/produkt\/jarnkelat-edta-fe-13-cas-15708-41-5\/#breadcrumb\"},\"inLanguage\":\"sv-SE\",\"potentialAction\":[{\"@type\":\"ReadAction\",\"target\":[\"https:\/\/masterchem.fi\/sv\/produkt\/jarnkelat-edta-fe-13-cas-15708-41-5\/\"]}]},{\"@type\":\"ImageObject\",\"inLanguage\":\"sv-SE\",\"@id\":\"https:\/\/masterchem.fi\/sv\/produkt\/jarnkelat-edta-fe-13-cas-15708-41-5\/#primaryimage\",\"url\":\"https:\/\/masterchem.fi\/wp-content\/uploads\/2022\/08\/Rautakelaatti-EDTA-Fe-13CAS-15708-41-5.jpg\",\"contentUrl\":\"https:\/\/masterchem.fi\/wp-content\/uploads\/2022\/08\/Rautakelaatti-EDTA-Fe-13CAS-15708-41-5.jpg\",\"width\":1000,\"height\":1000,\"caption\":\"Zinkkelat EDTA Zn 15 % (CAS 14025-21-9)\"},{\"@type\":\"BreadcrumbList\",\"@id\":\"https:\/\/masterchem.fi\/sv\/produkt\/jarnkelat-edta-fe-13-cas-15708-41-5\/#breadcrumb\",\"itemListElement\":[{\"@type\":\"ListItem\",\"position\":1,\"name\":\"Home\",\"item\":\"https:\/\/masterchem.fi\/sv\/\"},{\"@type\":\"ListItem\",\"position\":2,\"name\":\"Butik\",\"item\":\"https:\/\/masterchem.fi\/sv\/butik\/\"},{\"@type\":\"ListItem\",\"position\":3,\"name\":\"J\u00e4rnkelat EDTA Fe 13 % (CAS 15708-41-5)\"}]},{\"@type\":\"WebSite\",\"@id\":\"https:\/\/masterchem.fi\/sv\/#website\",\"url\":\"https:\/\/masterchem.fi\/sv\/\",\"name\":\"MasterChem | kemikaalien tuotanto ja myynti\",\"description\":\"kemikaalien tuotanto ja myynti\",\"potentialAction\":[{\"@type\":\"SearchAction\",\"target\":{\"@type\":\"EntryPoint\",\"urlTemplate\":\"https:\/\/masterchem.fi\/sv\/?s={search_term_string}\"},\"query-input\":{\"@type\":\"PropertyValueSpecification\",\"valueRequired\":true,\"valueName\":\"search_term_string\"}}],\"inLanguage\":\"sv-SE\"}]}<\/script>\n<!-- \/ Yoast SEO plugin. -->","yoast_head_json":{"title":"J\u00e4rnkelat EDTA Fe 13 % (CAS 15708-41-5) - MasterChem | kemikaalien tuotanto ja myynti","description":"Inledning: EDTA j\u00e4rnnatriumsalt \u00e4r j\u00e4rnnatriumsaltet av EDTA (etylendiamintetra\u00e4ttiksyra).","robots":{"index":"index","follow":"follow","max-snippet":"max-snippet:-1","max-image-preview":"max-image-preview:large","max-video-preview":"max-video-preview:-1"},"canonical":"https:\/\/masterchem.fi\/sv\/produkt\/jarnkelat-edta-fe-13-cas-15708-41-5\/","og_locale":"sv_SE","og_type":"article","og_title":"J\u00e4rnkelat EDTA Fe 13 % (CAS 15708-41-5) - MasterChem | kemikaalien tuotanto ja myynti","og_description":"Inledning: EDTA j\u00e4rnnatriumsalt \u00e4r j\u00e4rnnatriumsaltet av EDTA (etylendiamintetra\u00e4ttiksyra).","og_url":"https:\/\/masterchem.fi\/sv\/produkt\/jarnkelat-edta-fe-13-cas-15708-41-5\/","og_site_name":"MasterChem | kemikaalien tuotanto ja myynti","article_modified_time":"2022-08-31T09:10:10+00:00","og_image":[{"width":1000,"height":1000,"url":"https:\/\/masterchem.fi\/wp-content\/uploads\/2022\/08\/Rautakelaatti-EDTA-Fe-13CAS-15708-41-5.jpg","type":"image\/jpeg"}],"twitter_card":"summary_large_image","schema":{"@context":"https:\/\/schema.org","@graph":[{"@type":"WebPage","@id":"https:\/\/masterchem.fi\/sv\/produkt\/jarnkelat-edta-fe-13-cas-15708-41-5\/","url":"https:\/\/masterchem.fi\/sv\/produkt\/jarnkelat-edta-fe-13-cas-15708-41-5\/","name":"J\u00e4rnkelat EDTA Fe 13 % (CAS 15708-41-5) - MasterChem | kemikaalien tuotanto ja myynti","isPartOf":{"@id":"https:\/\/masterchem.fi\/sv\/#website"},"primaryImageOfPage":{"@id":"https:\/\/masterchem.fi\/sv\/produkt\/jarnkelat-edta-fe-13-cas-15708-41-5\/#primaryimage"},"image":{"@id":"https:\/\/masterchem.fi\/sv\/produkt\/jarnkelat-edta-fe-13-cas-15708-41-5\/#primaryimage"},"thumbnailUrl":"https:\/\/masterchem.fi\/wp-content\/uploads\/2022\/08\/Rautakelaatti-EDTA-Fe-13CAS-15708-41-5.jpg","datePublished":"2022-08-31T09:05:30+00:00","dateModified":"2022-08-31T09:10:10+00:00","description":"Inledning: EDTA j\u00e4rnnatriumsalt \u00e4r j\u00e4rnnatriumsaltet av EDTA (etylendiamintetra\u00e4ttiksyra).","breadcrumb":{"@id":"https:\/\/masterchem.fi\/sv\/produkt\/jarnkelat-edta-fe-13-cas-15708-41-5\/#breadcrumb"},"inLanguage":"sv-SE","potentialAction":[{"@type":"ReadAction","target":["https:\/\/masterchem.fi\/sv\/produkt\/jarnkelat-edta-fe-13-cas-15708-41-5\/"]}]},{"@type":"ImageObject","inLanguage":"sv-SE","@id":"https:\/\/masterchem.fi\/sv\/produkt\/jarnkelat-edta-fe-13-cas-15708-41-5\/#primaryimage","url":"https:\/\/masterchem.fi\/wp-content\/uploads\/2022\/08\/Rautakelaatti-EDTA-Fe-13CAS-15708-41-5.jpg","contentUrl":"https:\/\/masterchem.fi\/wp-content\/uploads\/2022\/08\/Rautakelaatti-EDTA-Fe-13CAS-15708-41-5.jpg","width":1000,"height":1000,"caption":"Zinkkelat EDTA Zn 15 % (CAS 14025-21-9)"},{"@type":"BreadcrumbList","@id":"https:\/\/masterchem.fi\/sv\/produkt\/jarnkelat-edta-fe-13-cas-15708-41-5\/#breadcrumb","itemListElement":[{"@type":"ListItem","position":1,"name":"Home","item":"https:\/\/masterchem.fi\/sv\/"},{"@type":"ListItem","position":2,"name":"Butik","item":"https:\/\/masterchem.fi\/sv\/butik\/"},{"@type":"ListItem","position":3,"name":"J\u00e4rnkelat EDTA Fe 13 % (CAS 15708-41-5)"}]},{"@type":"WebSite","@id":"https:\/\/masterchem.fi\/sv\/#website","url":"https:\/\/masterchem.fi\/sv\/","name":"MasterChem | kemikaalien tuotanto ja myynti","description":"kemikaalien tuotanto ja myynti","potentialAction":[{"@type":"SearchAction","target":{"@type":"EntryPoint","urlTemplate":"https:\/\/masterchem.fi\/sv\/?s={search_term_string}"},"query-input":{"@type":"PropertyValueSpecification","valueRequired":true,"valueName":"search_term_string"}}],"inLanguage":"sv-SE"}]}},"_links":{"self":[{"href":"https:\/\/masterchem.fi\/sv\/wp-json\/wp\/v2\/product\/11741","targetHints":{"allow":["GET"]}}],"collection":[{"href":"https:\/\/masterchem.fi\/sv\/wp-json\/wp\/v2\/product"}],"about":[{"href":"https:\/\/masterchem.fi\/sv\/wp-json\/wp\/v2\/types\/product"}],"wp:featuredmedia":[{"embeddable":true,"href":"https:\/\/masterchem.fi\/sv\/wp-json\/wp\/v2\/media\/11745"}],"wp:attachment":[{"href":"https:\/\/masterchem.fi\/sv\/wp-json\/wp\/v2\/media?parent=11741"}],"wp:term":[{"taxonomy":"product_brand","embeddable":true,"href":"https:\/\/masterchem.fi\/sv\/wp-json\/wp\/v2\/product_brand?post=11741"},{"taxonomy":"product_cat","embeddable":true,"href":"https:\/\/masterchem.fi\/sv\/wp-json\/wp\/v2\/product_cat?post=11741"},{"taxonomy":"product_tag","embeddable":true,"href":"https:\/\/masterchem.fi\/sv\/wp-json\/wp\/v2\/product_tag?post=11741"}],"curies":[{"name":"wp","href":"https:\/\/api.w.org\/{rel}","templated":true}]}}