{"id":11761,"date":"2022-08-31T13:31:20","date_gmt":"2022-08-31T10:31:21","guid":{"rendered":"https:\/\/masterchem.fi\/?post_type=product&#038;p=11761"},"modified":"2022-08-31T13:35:59","modified_gmt":"2022-08-31T10:35:59","slug":"jarnkelat-dtpa-fe-7-cas-85959-68-8","status":"publish","type":"product","link":"https:\/\/masterchem.fi\/sv\/produkt\/jarnkelat-dtpa-fe-7-cas-85959-68-8\/","title":{"rendered":"J\u00e4rnkelat DTPA Fe 7 % (CAS 85959-68-8)"},"content":{"rendered":"<p><strong>Information<\/strong><br \/>\nBranscher: g\u00f6dningsmedel, tr\u00e4dg\u00e5rdssk\u00f6tsel<br \/>\nCAS-nummer: 85959-68-8<br \/>\nKemisk formel: C14H18N3O10Fe(NH4)2<br \/>\nMolekylvikt: 80,23 g\/mol<\/p>\n","protected":false},"excerpt":{"rendered":"<p><strong>J\u00e4rnkelat DTPA Fe 7 % (CAS 85959-68-8)<\/strong><\/p>\n<p>J\u00e4rnkelat DTPA Fe 7% \u00e4r ett j\u00e4rnkelat som kan anv\u00e4ndas f\u00f6r att s\u00e4kerst\u00e4lla intaget av sp\u00e5rj\u00e4rn. J\u00e4rn \u00e4r viktigt f\u00f6r gr\u00f6dan eftersom det g\u00f6r att gr\u00f6dan kan utveckla kloroplaster. N\u00e4rvaron av dessa kloroplaster \u00e4r avg\u00f6rande eftersom de beh\u00f6vs i processen f\u00f6r fotosyntes. Dessutom fungerar j\u00e4rn som ett n\u00e4rings\u00e4mne som g\u00f6r att rotens tillv\u00e4xtpunkter kan utvecklas ordentligt.<\/p>\n<p>Tack vare DTPA-kelatet, i vilket j\u00e4rnet \u00e4r bundet, f\u00f6rblir n\u00e4rings\u00e4mnet tillg\u00e4ngligt f\u00f6r v\u00e4xten n\u00e4r den n\u00e5r r\u00f6tterna eller n\u00e4r den placeras i g\u00f6dningsl\u00f6sningen. J\u00e4rnkelater kan anv\u00e4ndas f\u00f6r att f\u00f6rhindra bristsymtom, vilket fr\u00e4mjar optimal v\u00e4xttillv\u00e4xt.<\/p>\n","protected":false},"featured_media":11765,"template":"","meta":[],"product_brand":[],"product_cat":[116,173,182],"product_tag":[],"class_list":{"0":"post-11761","1":"product","2":"type-product","3":"status-publish","4":"has-post-thumbnail","6":"product_cat-alla-produkter","7":"product_cat-godselmedel","8":"product_cat-hortikultur","10":"first","11":"outofstock","12":"taxable","13":"shipping-taxable","14":"purchasable","15":"product-type-variable","16":"has-default-attributes","17":"rtwpvg-product"},"yoast_head":"<!-- This site is optimized with the Yoast SEO plugin v27.5 - https:\/\/yoast.com\/product\/yoast-seo-wordpress\/ -->\n<title>J\u00e4rnkelat DTPA Fe 7 % (CAS 85959-68-8) - MasterChem | kemikaalien tuotanto ja myynti<\/title>\n<meta name=\"description\" content=\"J\u00e4rnkelat DTPA Fe 7% \u00e4r ett j\u00e4rnkelat som kan anv\u00e4ndas f\u00f6r att s\u00e4kerst\u00e4lla intaget av sp\u00e5rj\u00e4rn.\" \/>\n<meta name=\"robots\" content=\"index, follow, max-snippet:-1, max-image-preview:large, max-video-preview:-1\" \/>\n<link rel=\"canonical\" href=\"https:\/\/masterchem.fi\/sv\/produkt\/jarnkelat-dtpa-fe-7-cas-85959-68-8\/\" \/>\n<meta property=\"og:locale\" content=\"sv_SE\" \/>\n<meta property=\"og:type\" content=\"article\" \/>\n<meta property=\"og:title\" content=\"J\u00e4rnkelat DTPA Fe 7 % (CAS 85959-68-8) - MasterChem | kemikaalien tuotanto ja myynti\" \/>\n<meta property=\"og:description\" content=\"J\u00e4rnkelat DTPA Fe 7% \u00e4r ett j\u00e4rnkelat som kan anv\u00e4ndas f\u00f6r att s\u00e4kerst\u00e4lla intaget av sp\u00e5rj\u00e4rn.\" \/>\n<meta property=\"og:url\" content=\"https:\/\/masterchem.fi\/sv\/produkt\/jarnkelat-dtpa-fe-7-cas-85959-68-8\/\" \/>\n<meta property=\"og:site_name\" content=\"MasterChem | kemikaalien tuotanto ja myynti\" \/>\n<meta property=\"article:modified_time\" content=\"2022-08-31T10:35:59+00:00\" \/>\n<meta property=\"og:image\" content=\"https:\/\/masterchem.fi\/wp-content\/uploads\/2022\/08\/Rautakelaatti-DTPA-Fe-7-CAS-85959-68-8.jpg\" \/>\n\t<meta property=\"og:image:width\" content=\"1000\" \/>\n\t<meta property=\"og:image:height\" content=\"1000\" \/>\n\t<meta property=\"og:image:type\" content=\"image\/jpeg\" \/>\n<meta name=\"twitter:card\" content=\"summary_large_image\" \/>\n<script type=\"application\/ld+json\" class=\"yoast-schema-graph\">{\"@context\":\"https:\\\/\\\/schema.org\",\"@graph\":[{\"@type\":\"WebPage\",\"@id\":\"https:\\\/\\\/masterchem.fi\\\/sv\\\/produkt\\\/jarnkelat-dtpa-fe-7-cas-85959-68-8\\\/\",\"url\":\"https:\\\/\\\/masterchem.fi\\\/sv\\\/produkt\\\/jarnkelat-dtpa-fe-7-cas-85959-68-8\\\/\",\"name\":\"J\u00e4rnkelat DTPA Fe 7 % (CAS 85959-68-8) - MasterChem | kemikaalien tuotanto ja myynti\",\"isPartOf\":{\"@id\":\"https:\\\/\\\/masterchem.fi\\\/sv\\\/#website\"},\"primaryImageOfPage\":{\"@id\":\"https:\\\/\\\/masterchem.fi\\\/sv\\\/produkt\\\/jarnkelat-dtpa-fe-7-cas-85959-68-8\\\/#primaryimage\"},\"image\":{\"@id\":\"https:\\\/\\\/masterchem.fi\\\/sv\\\/produkt\\\/jarnkelat-dtpa-fe-7-cas-85959-68-8\\\/#primaryimage\"},\"thumbnailUrl\":\"https:\\\/\\\/masterchem.fi\\\/wp-content\\\/uploads\\\/2022\\\/08\\\/Rautakelaatti-DTPA-Fe-7-CAS-85959-68-8.jpg\",\"datePublished\":\"2022-08-31T10:31:21+00:00\",\"dateModified\":\"2022-08-31T10:35:59+00:00\",\"description\":\"J\u00e4rnkelat DTPA Fe 7% \u00e4r ett j\u00e4rnkelat som kan anv\u00e4ndas f\u00f6r att s\u00e4kerst\u00e4lla intaget av sp\u00e5rj\u00e4rn.\",\"breadcrumb\":{\"@id\":\"https:\\\/\\\/masterchem.fi\\\/sv\\\/produkt\\\/jarnkelat-dtpa-fe-7-cas-85959-68-8\\\/#breadcrumb\"},\"inLanguage\":\"sv-SE\",\"potentialAction\":[{\"@type\":\"ReadAction\",\"target\":[\"https:\\\/\\\/masterchem.fi\\\/sv\\\/produkt\\\/jarnkelat-dtpa-fe-7-cas-85959-68-8\\\/\"]}]},{\"@type\":\"ImageObject\",\"inLanguage\":\"sv-SE\",\"@id\":\"https:\\\/\\\/masterchem.fi\\\/sv\\\/produkt\\\/jarnkelat-dtpa-fe-7-cas-85959-68-8\\\/#primaryimage\",\"url\":\"https:\\\/\\\/masterchem.fi\\\/wp-content\\\/uploads\\\/2022\\\/08\\\/Rautakelaatti-DTPA-Fe-7-CAS-85959-68-8.jpg\",\"contentUrl\":\"https:\\\/\\\/masterchem.fi\\\/wp-content\\\/uploads\\\/2022\\\/08\\\/Rautakelaatti-DTPA-Fe-7-CAS-85959-68-8.jpg\",\"width\":1000,\"height\":1000,\"caption\":\"J\u00e4rnkelat DTPA Fe 7 % (CAS 85959-68-8)\"},{\"@type\":\"BreadcrumbList\",\"@id\":\"https:\\\/\\\/masterchem.fi\\\/sv\\\/produkt\\\/jarnkelat-dtpa-fe-7-cas-85959-68-8\\\/#breadcrumb\",\"itemListElement\":[{\"@type\":\"ListItem\",\"position\":1,\"name\":\"Home\",\"item\":\"https:\\\/\\\/masterchem.fi\\\/sv\\\/\"},{\"@type\":\"ListItem\",\"position\":2,\"name\":\"Butik\",\"item\":\"https:\\\/\\\/masterchem.fi\\\/sv\\\/butik\\\/\"},{\"@type\":\"ListItem\",\"position\":3,\"name\":\"J\u00e4rnkelat DTPA Fe 7 % (CAS 85959-68-8)\"}]},{\"@type\":\"WebSite\",\"@id\":\"https:\\\/\\\/masterchem.fi\\\/sv\\\/#website\",\"url\":\"https:\\\/\\\/masterchem.fi\\\/sv\\\/\",\"name\":\"MasterChem | kemikaalien tuotanto ja myynti\",\"description\":\"kemikaalien tuotanto ja myynti\",\"potentialAction\":[{\"@type\":\"SearchAction\",\"target\":{\"@type\":\"EntryPoint\",\"urlTemplate\":\"https:\\\/\\\/masterchem.fi\\\/sv\\\/?s={search_term_string}\"},\"query-input\":{\"@type\":\"PropertyValueSpecification\",\"valueRequired\":true,\"valueName\":\"search_term_string\"}}],\"inLanguage\":\"sv-SE\"}]}<\/script>\n<!-- \/ Yoast SEO plugin. -->","yoast_head_json":{"title":"J\u00e4rnkelat DTPA Fe 7 % (CAS 85959-68-8) - MasterChem | kemikaalien tuotanto ja myynti","description":"J\u00e4rnkelat DTPA Fe 7% \u00e4r ett j\u00e4rnkelat som kan anv\u00e4ndas f\u00f6r att s\u00e4kerst\u00e4lla intaget av sp\u00e5rj\u00e4rn.","robots":{"index":"index","follow":"follow","max-snippet":"max-snippet:-1","max-image-preview":"max-image-preview:large","max-video-preview":"max-video-preview:-1"},"canonical":"https:\/\/masterchem.fi\/sv\/produkt\/jarnkelat-dtpa-fe-7-cas-85959-68-8\/","og_locale":"sv_SE","og_type":"article","og_title":"J\u00e4rnkelat DTPA Fe 7 % (CAS 85959-68-8) - MasterChem | kemikaalien tuotanto ja myynti","og_description":"J\u00e4rnkelat DTPA Fe 7% \u00e4r ett j\u00e4rnkelat som kan anv\u00e4ndas f\u00f6r att s\u00e4kerst\u00e4lla intaget av sp\u00e5rj\u00e4rn.","og_url":"https:\/\/masterchem.fi\/sv\/produkt\/jarnkelat-dtpa-fe-7-cas-85959-68-8\/","og_site_name":"MasterChem | kemikaalien tuotanto ja myynti","article_modified_time":"2022-08-31T10:35:59+00:00","og_image":[{"width":1000,"height":1000,"url":"https:\/\/masterchem.fi\/wp-content\/uploads\/2022\/08\/Rautakelaatti-DTPA-Fe-7-CAS-85959-68-8.jpg","type":"image\/jpeg"}],"twitter_card":"summary_large_image","schema":{"@context":"https:\/\/schema.org","@graph":[{"@type":"WebPage","@id":"https:\/\/masterchem.fi\/sv\/produkt\/jarnkelat-dtpa-fe-7-cas-85959-68-8\/","url":"https:\/\/masterchem.fi\/sv\/produkt\/jarnkelat-dtpa-fe-7-cas-85959-68-8\/","name":"J\u00e4rnkelat DTPA Fe 7 % (CAS 85959-68-8) - MasterChem | kemikaalien tuotanto ja myynti","isPartOf":{"@id":"https:\/\/masterchem.fi\/sv\/#website"},"primaryImageOfPage":{"@id":"https:\/\/masterchem.fi\/sv\/produkt\/jarnkelat-dtpa-fe-7-cas-85959-68-8\/#primaryimage"},"image":{"@id":"https:\/\/masterchem.fi\/sv\/produkt\/jarnkelat-dtpa-fe-7-cas-85959-68-8\/#primaryimage"},"thumbnailUrl":"https:\/\/masterchem.fi\/wp-content\/uploads\/2022\/08\/Rautakelaatti-DTPA-Fe-7-CAS-85959-68-8.jpg","datePublished":"2022-08-31T10:31:21+00:00","dateModified":"2022-08-31T10:35:59+00:00","description":"J\u00e4rnkelat DTPA Fe 7% \u00e4r ett j\u00e4rnkelat som kan anv\u00e4ndas f\u00f6r att s\u00e4kerst\u00e4lla intaget av sp\u00e5rj\u00e4rn.","breadcrumb":{"@id":"https:\/\/masterchem.fi\/sv\/produkt\/jarnkelat-dtpa-fe-7-cas-85959-68-8\/#breadcrumb"},"inLanguage":"sv-SE","potentialAction":[{"@type":"ReadAction","target":["https:\/\/masterchem.fi\/sv\/produkt\/jarnkelat-dtpa-fe-7-cas-85959-68-8\/"]}]},{"@type":"ImageObject","inLanguage":"sv-SE","@id":"https:\/\/masterchem.fi\/sv\/produkt\/jarnkelat-dtpa-fe-7-cas-85959-68-8\/#primaryimage","url":"https:\/\/masterchem.fi\/wp-content\/uploads\/2022\/08\/Rautakelaatti-DTPA-Fe-7-CAS-85959-68-8.jpg","contentUrl":"https:\/\/masterchem.fi\/wp-content\/uploads\/2022\/08\/Rautakelaatti-DTPA-Fe-7-CAS-85959-68-8.jpg","width":1000,"height":1000,"caption":"J\u00e4rnkelat DTPA Fe 7 % (CAS 85959-68-8)"},{"@type":"BreadcrumbList","@id":"https:\/\/masterchem.fi\/sv\/produkt\/jarnkelat-dtpa-fe-7-cas-85959-68-8\/#breadcrumb","itemListElement":[{"@type":"ListItem","position":1,"name":"Home","item":"https:\/\/masterchem.fi\/sv\/"},{"@type":"ListItem","position":2,"name":"Butik","item":"https:\/\/masterchem.fi\/sv\/butik\/"},{"@type":"ListItem","position":3,"name":"J\u00e4rnkelat DTPA Fe 7 % (CAS 85959-68-8)"}]},{"@type":"WebSite","@id":"https:\/\/masterchem.fi\/sv\/#website","url":"https:\/\/masterchem.fi\/sv\/","name":"MasterChem | kemikaalien tuotanto ja myynti","description":"kemikaalien tuotanto ja myynti","potentialAction":[{"@type":"SearchAction","target":{"@type":"EntryPoint","urlTemplate":"https:\/\/masterchem.fi\/sv\/?s={search_term_string}"},"query-input":{"@type":"PropertyValueSpecification","valueRequired":true,"valueName":"search_term_string"}}],"inLanguage":"sv-SE"}]}},"_links":{"self":[{"href":"https:\/\/masterchem.fi\/sv\/wp-json\/wp\/v2\/product\/11761","targetHints":{"allow":["GET"]}}],"collection":[{"href":"https:\/\/masterchem.fi\/sv\/wp-json\/wp\/v2\/product"}],"about":[{"href":"https:\/\/masterchem.fi\/sv\/wp-json\/wp\/v2\/types\/product"}],"wp:featuredmedia":[{"embeddable":true,"href":"https:\/\/masterchem.fi\/sv\/wp-json\/wp\/v2\/media\/11765"}],"wp:attachment":[{"href":"https:\/\/masterchem.fi\/sv\/wp-json\/wp\/v2\/media?parent=11761"}],"wp:term":[{"taxonomy":"product_brand","embeddable":true,"href":"https:\/\/masterchem.fi\/sv\/wp-json\/wp\/v2\/product_brand?post=11761"},{"taxonomy":"product_cat","embeddable":true,"href":"https:\/\/masterchem.fi\/sv\/wp-json\/wp\/v2\/product_cat?post=11761"},{"taxonomy":"product_tag","embeddable":true,"href":"https:\/\/masterchem.fi\/sv\/wp-json\/wp\/v2\/product_tag?post=11761"}],"curies":[{"name":"wp","href":"https:\/\/api.w.org\/{rel}","templated":true}]}}