{"id":11771,"date":"2022-08-31T15:12:27","date_gmt":"2022-08-31T12:12:28","guid":{"rendered":"https:\/\/masterchem.fi\/?post_type=product&#038;p=11771"},"modified":"2022-08-31T15:19:24","modified_gmt":"2022-08-31T12:19:24","slug":"mangankelat-edt-13-cas-15375-84-5","status":"publish","type":"product","link":"https:\/\/masterchem.fi\/sv\/produkt\/mangankelat-edt-13-cas-15375-84-5\/","title":{"rendered":"Mangankelat EDT 13 % (CAS 15375-84-5)"},"content":{"rendered":"<p><strong>Information<\/strong><br \/>\nBranscher: g\u00f6dningsmedel, tr\u00e4dg\u00e5rdssk\u00f6tsel<br \/>\nCAS-nummer: 15375-84-5<br \/>\nWE-nummer: 239-407-5<br \/>\nKemisk formel: C10H12MnN2O8\u00b72Na<br \/>\nMolekylmassa: 389,13 g\/mol<\/p>\n<p>Andra fysiska egenskaper <br \/>\npH: 6,0 &#8211; 7,0 (1 % roztw\u00f3r w H2O)<br \/>\nRelativ densitet: 600-800 g\/l<br \/>\nL\u00f6slighet i vatten: 800g\/l<\/p>\n","protected":false},"excerpt":{"rendered":"<p><strong>Mangankelat EDT 13 % (CAS 15375-84-5)<\/strong><\/p>\n<p>Etylendiamintetra\u00e4ttiksyra mangannatriumsalthydrat \u00e4r en metallkelaterande f\u00f6rening. Kobolt analyserades komplexometriskt med anv\u00e4ndning av etylendiamintetra\u00e4ttiksyra (EDTA) genom att \u00f6verlagra aluminium. Tidigare studier av mangan-EDTA och mangan-EGT-1-komplex visade att &#038;-kv\u00e4vekoordinationen av EDTA resulterade i ett mycket anisotropt spektrum av Mn(II). Lipofila derivat av mangan-EDTA-kelater, n\u00e4r de inf\u00f6rlivas i liposomer, f\u00f6rb\u00e4ttrar leverfunktionen mest per mikromol metalljon och har gynnsam clearance-kinetik.<\/p>\n","protected":false},"featured_media":11775,"template":"","meta":[],"product_brand":[],"product_cat":[173,182,116],"product_tag":[],"class_list":{"0":"post-11771","1":"product","2":"type-product","3":"status-publish","4":"has-post-thumbnail","6":"product_cat-godselmedel","7":"product_cat-hortikultur","8":"product_cat-alla-produkter","10":"first","11":"outofstock","12":"taxable","13":"shipping-taxable","14":"purchasable","15":"product-type-variable","16":"has-default-attributes","17":"rtwpvg-product"},"yoast_head":"<!-- This site is optimized with the Yoast SEO plugin v27.2 - https:\/\/yoast.com\/product\/yoast-seo-wordpress\/ -->\n<title>Mangankelat EDT 13 % (CAS 15375-84-5) - MasterChem | kemikaalien tuotanto ja myynti<\/title>\n<meta name=\"description\" content=\"Mangannatriumsalthydrat av etylendiamintetra\u00e4ttiksyra \u00e4r en metallkelaterande f\u00f6rening.\" \/>\n<meta name=\"robots\" content=\"index, follow, max-snippet:-1, max-image-preview:large, max-video-preview:-1\" \/>\n<link rel=\"canonical\" href=\"https:\/\/masterchem.fi\/sv\/produkt\/mangankelat-edt-13-cas-15375-84-5\/\" \/>\n<meta property=\"og:locale\" content=\"sv_SE\" \/>\n<meta property=\"og:type\" content=\"article\" \/>\n<meta property=\"og:title\" content=\"Mangankelat EDT 13 % (CAS 15375-84-5) - MasterChem | kemikaalien tuotanto ja myynti\" \/>\n<meta property=\"og:description\" content=\"Mangannatriumsalthydrat av etylendiamintetra\u00e4ttiksyra \u00e4r en metallkelaterande f\u00f6rening.\" \/>\n<meta property=\"og:url\" content=\"https:\/\/masterchem.fi\/sv\/produkt\/mangankelat-edt-13-cas-15375-84-5\/\" \/>\n<meta property=\"og:site_name\" content=\"MasterChem | kemikaalien tuotanto ja myynti\" \/>\n<meta property=\"article:modified_time\" content=\"2022-08-31T12:19:24+00:00\" \/>\n<meta property=\"og:image\" content=\"https:\/\/masterchem.fi\/wp-content\/uploads\/2022\/08\/Mangaanikelaatti-EDT-13-CAS-15375-84-5.jpg\" \/>\n\t<meta property=\"og:image:width\" content=\"1000\" \/>\n\t<meta property=\"og:image:height\" content=\"1000\" \/>\n\t<meta property=\"og:image:type\" content=\"image\/jpeg\" \/>\n<meta name=\"twitter:card\" content=\"summary_large_image\" \/>\n<script type=\"application\/ld+json\" class=\"yoast-schema-graph\">{\"@context\":\"https:\/\/schema.org\",\"@graph\":[{\"@type\":\"WebPage\",\"@id\":\"https:\/\/masterchem.fi\/sv\/produkt\/mangankelat-edt-13-cas-15375-84-5\/\",\"url\":\"https:\/\/masterchem.fi\/sv\/produkt\/mangankelat-edt-13-cas-15375-84-5\/\",\"name\":\"Mangankelat EDT 13 % (CAS 15375-84-5) - MasterChem | kemikaalien tuotanto ja myynti\",\"isPartOf\":{\"@id\":\"https:\/\/masterchem.fi\/sv\/#website\"},\"primaryImageOfPage\":{\"@id\":\"https:\/\/masterchem.fi\/sv\/produkt\/mangankelat-edt-13-cas-15375-84-5\/#primaryimage\"},\"image\":{\"@id\":\"https:\/\/masterchem.fi\/sv\/produkt\/mangankelat-edt-13-cas-15375-84-5\/#primaryimage\"},\"thumbnailUrl\":\"https:\/\/masterchem.fi\/wp-content\/uploads\/2022\/08\/Mangaanikelaatti-EDT-13-CAS-15375-84-5.jpg\",\"datePublished\":\"2022-08-31T12:12:28+00:00\",\"dateModified\":\"2022-08-31T12:19:24+00:00\",\"description\":\"Mangannatriumsalthydrat av etylendiamintetra\u00e4ttiksyra \u00e4r en metallkelaterande f\u00f6rening.\",\"breadcrumb\":{\"@id\":\"https:\/\/masterchem.fi\/sv\/produkt\/mangankelat-edt-13-cas-15375-84-5\/#breadcrumb\"},\"inLanguage\":\"sv-SE\",\"potentialAction\":[{\"@type\":\"ReadAction\",\"target\":[\"https:\/\/masterchem.fi\/sv\/produkt\/mangankelat-edt-13-cas-15375-84-5\/\"]}]},{\"@type\":\"ImageObject\",\"inLanguage\":\"sv-SE\",\"@id\":\"https:\/\/masterchem.fi\/sv\/produkt\/mangankelat-edt-13-cas-15375-84-5\/#primaryimage\",\"url\":\"https:\/\/masterchem.fi\/wp-content\/uploads\/2022\/08\/Mangaanikelaatti-EDT-13-CAS-15375-84-5.jpg\",\"contentUrl\":\"https:\/\/masterchem.fi\/wp-content\/uploads\/2022\/08\/Mangaanikelaatti-EDT-13-CAS-15375-84-5.jpg\",\"width\":1000,\"height\":1000,\"caption\":\"Mangankelat EDT 13 % (CAS 15375-84-5)\"},{\"@type\":\"BreadcrumbList\",\"@id\":\"https:\/\/masterchem.fi\/sv\/produkt\/mangankelat-edt-13-cas-15375-84-5\/#breadcrumb\",\"itemListElement\":[{\"@type\":\"ListItem\",\"position\":1,\"name\":\"Home\",\"item\":\"https:\/\/masterchem.fi\/sv\/\"},{\"@type\":\"ListItem\",\"position\":2,\"name\":\"Butik\",\"item\":\"https:\/\/masterchem.fi\/sv\/butik\/\"},{\"@type\":\"ListItem\",\"position\":3,\"name\":\"Mangankelat EDT 13 % (CAS 15375-84-5)\"}]},{\"@type\":\"WebSite\",\"@id\":\"https:\/\/masterchem.fi\/sv\/#website\",\"url\":\"https:\/\/masterchem.fi\/sv\/\",\"name\":\"MasterChem | kemikaalien tuotanto ja myynti\",\"description\":\"kemikaalien tuotanto ja myynti\",\"potentialAction\":[{\"@type\":\"SearchAction\",\"target\":{\"@type\":\"EntryPoint\",\"urlTemplate\":\"https:\/\/masterchem.fi\/sv\/?s={search_term_string}\"},\"query-input\":{\"@type\":\"PropertyValueSpecification\",\"valueRequired\":true,\"valueName\":\"search_term_string\"}}],\"inLanguage\":\"sv-SE\"}]}<\/script>\n<!-- \/ Yoast SEO plugin. -->","yoast_head_json":{"title":"Mangankelat EDT 13 % (CAS 15375-84-5) - MasterChem | kemikaalien tuotanto ja myynti","description":"Mangannatriumsalthydrat av etylendiamintetra\u00e4ttiksyra \u00e4r en metallkelaterande f\u00f6rening.","robots":{"index":"index","follow":"follow","max-snippet":"max-snippet:-1","max-image-preview":"max-image-preview:large","max-video-preview":"max-video-preview:-1"},"canonical":"https:\/\/masterchem.fi\/sv\/produkt\/mangankelat-edt-13-cas-15375-84-5\/","og_locale":"sv_SE","og_type":"article","og_title":"Mangankelat EDT 13 % (CAS 15375-84-5) - MasterChem | kemikaalien tuotanto ja myynti","og_description":"Mangannatriumsalthydrat av etylendiamintetra\u00e4ttiksyra \u00e4r en metallkelaterande f\u00f6rening.","og_url":"https:\/\/masterchem.fi\/sv\/produkt\/mangankelat-edt-13-cas-15375-84-5\/","og_site_name":"MasterChem | kemikaalien tuotanto ja myynti","article_modified_time":"2022-08-31T12:19:24+00:00","og_image":[{"width":1000,"height":1000,"url":"https:\/\/masterchem.fi\/wp-content\/uploads\/2022\/08\/Mangaanikelaatti-EDT-13-CAS-15375-84-5.jpg","type":"image\/jpeg"}],"twitter_card":"summary_large_image","schema":{"@context":"https:\/\/schema.org","@graph":[{"@type":"WebPage","@id":"https:\/\/masterchem.fi\/sv\/produkt\/mangankelat-edt-13-cas-15375-84-5\/","url":"https:\/\/masterchem.fi\/sv\/produkt\/mangankelat-edt-13-cas-15375-84-5\/","name":"Mangankelat EDT 13 % (CAS 15375-84-5) - MasterChem | kemikaalien tuotanto ja myynti","isPartOf":{"@id":"https:\/\/masterchem.fi\/sv\/#website"},"primaryImageOfPage":{"@id":"https:\/\/masterchem.fi\/sv\/produkt\/mangankelat-edt-13-cas-15375-84-5\/#primaryimage"},"image":{"@id":"https:\/\/masterchem.fi\/sv\/produkt\/mangankelat-edt-13-cas-15375-84-5\/#primaryimage"},"thumbnailUrl":"https:\/\/masterchem.fi\/wp-content\/uploads\/2022\/08\/Mangaanikelaatti-EDT-13-CAS-15375-84-5.jpg","datePublished":"2022-08-31T12:12:28+00:00","dateModified":"2022-08-31T12:19:24+00:00","description":"Mangannatriumsalthydrat av etylendiamintetra\u00e4ttiksyra \u00e4r en metallkelaterande f\u00f6rening.","breadcrumb":{"@id":"https:\/\/masterchem.fi\/sv\/produkt\/mangankelat-edt-13-cas-15375-84-5\/#breadcrumb"},"inLanguage":"sv-SE","potentialAction":[{"@type":"ReadAction","target":["https:\/\/masterchem.fi\/sv\/produkt\/mangankelat-edt-13-cas-15375-84-5\/"]}]},{"@type":"ImageObject","inLanguage":"sv-SE","@id":"https:\/\/masterchem.fi\/sv\/produkt\/mangankelat-edt-13-cas-15375-84-5\/#primaryimage","url":"https:\/\/masterchem.fi\/wp-content\/uploads\/2022\/08\/Mangaanikelaatti-EDT-13-CAS-15375-84-5.jpg","contentUrl":"https:\/\/masterchem.fi\/wp-content\/uploads\/2022\/08\/Mangaanikelaatti-EDT-13-CAS-15375-84-5.jpg","width":1000,"height":1000,"caption":"Mangankelat EDT 13 % (CAS 15375-84-5)"},{"@type":"BreadcrumbList","@id":"https:\/\/masterchem.fi\/sv\/produkt\/mangankelat-edt-13-cas-15375-84-5\/#breadcrumb","itemListElement":[{"@type":"ListItem","position":1,"name":"Home","item":"https:\/\/masterchem.fi\/sv\/"},{"@type":"ListItem","position":2,"name":"Butik","item":"https:\/\/masterchem.fi\/sv\/butik\/"},{"@type":"ListItem","position":3,"name":"Mangankelat EDT 13 % (CAS 15375-84-5)"}]},{"@type":"WebSite","@id":"https:\/\/masterchem.fi\/sv\/#website","url":"https:\/\/masterchem.fi\/sv\/","name":"MasterChem | kemikaalien tuotanto ja myynti","description":"kemikaalien tuotanto ja myynti","potentialAction":[{"@type":"SearchAction","target":{"@type":"EntryPoint","urlTemplate":"https:\/\/masterchem.fi\/sv\/?s={search_term_string}"},"query-input":{"@type":"PropertyValueSpecification","valueRequired":true,"valueName":"search_term_string"}}],"inLanguage":"sv-SE"}]}},"_links":{"self":[{"href":"https:\/\/masterchem.fi\/sv\/wp-json\/wp\/v2\/product\/11771","targetHints":{"allow":["GET"]}}],"collection":[{"href":"https:\/\/masterchem.fi\/sv\/wp-json\/wp\/v2\/product"}],"about":[{"href":"https:\/\/masterchem.fi\/sv\/wp-json\/wp\/v2\/types\/product"}],"wp:featuredmedia":[{"embeddable":true,"href":"https:\/\/masterchem.fi\/sv\/wp-json\/wp\/v2\/media\/11775"}],"wp:attachment":[{"href":"https:\/\/masterchem.fi\/sv\/wp-json\/wp\/v2\/media?parent=11771"}],"wp:term":[{"taxonomy":"product_brand","embeddable":true,"href":"https:\/\/masterchem.fi\/sv\/wp-json\/wp\/v2\/product_brand?post=11771"},{"taxonomy":"product_cat","embeddable":true,"href":"https:\/\/masterchem.fi\/sv\/wp-json\/wp\/v2\/product_cat?post=11771"},{"taxonomy":"product_tag","embeddable":true,"href":"https:\/\/masterchem.fi\/sv\/wp-json\/wp\/v2\/product_tag?post=11771"}],"curies":[{"name":"wp","href":"https:\/\/api.w.org\/{rel}","templated":true}]}}