{"id":11797,"date":"2022-09-01T14:12:59","date_gmt":"2022-09-01T11:13:02","guid":{"rendered":"https:\/\/masterchem.fi\/?post_type=product&#038;p=11797"},"modified":"2022-09-01T14:23:03","modified_gmt":"2022-09-01T11:23:03","slug":"dipropylenglykol-monometyleter-dowanol-dmp-cas-34590-94-8","status":"publish","type":"product","link":"https:\/\/masterchem.fi\/sv\/produkt\/dipropylenglykol-monometyleter-dowanol-dmp-cas-34590-94-8\/","title":{"rendered":"Dipropylenglykol monometyleter Dowanol DMP (CAS 34590-94-8)"},"content":{"rendered":"<p>Dipropylenglykolmonometyleter (blandning av isomerer) f\u00f6r syntes. CAS 34590-94-8, kemisk formel (CH3O)C3H6OC3H6(OH).<\/p>\n<p><strong>Synonymer: DPM, metoxipropoxipropanol<\/strong><\/p>\n<p>CAS-nummer: 34590-94-8 EC-nummer: 252-104-2 Molekylvikt: 148,2 g\/mol Kemisk formel: (CH3O)C3H\u2086OC3H6(OH) Hill-formel: C\u2087H\u2081\u2086O\u2083<\/p>\n","protected":false},"excerpt":{"rendered":"<p><strong>Dipropylenglykolmonometyleter Dowanol DMP (CAS 34590-94-8)<\/strong><\/p>\n<p>Di(propylenglykol)metyleter \u00e4r ett organiskt l\u00f6sningsmedel som anv\u00e4nds f\u00f6r m\u00e5nga industriella och kommersiella \u00e4ndam\u00e5l. Den anv\u00e4nds som ett mindre flyktigt alternativ till propylenglykolmetyleter och andra glykoletrar. Den kommersiella produkten \u00e4r vanligtvis en blandning av fyra isomerer.<\/p>\n","protected":false},"featured_media":11821,"template":"","meta":[],"product_brand":[],"product_cat":[109,112,114,116,104,105],"product_tag":[],"class_list":{"0":"post-11797","1":"product","2":"type-product","3":"status-publish","4":"has-post-thumbnail","6":"product_cat-plast","7":"product_cat-byggbranschen","8":"product_cat-typografiska-kemikalier","9":"product_cat-alla-produkter","10":"product_cat-bil-och-maskinkemikalier","11":"product_cat-hushallskemikalier-sv","13":"first","14":"outofstock","15":"featured","16":"taxable","17":"shipping-taxable","18":"purchasable","19":"product-type-variable","20":"has-default-attributes","21":"rtwpvg-product"},"yoast_head":"<!-- This site is optimized with the Yoast SEO plugin v27.2 - https:\/\/yoast.com\/product\/yoast-seo-wordpress\/ -->\n<title>Dipropylenglykol monometyleter Dowanol DMP (CAS 34590-94-8) - MasterChem | kemikaalien tuotanto ja myynti<\/title>\n<meta name=\"description\" content=\"Dipropylenglykolmonometyleter (blandning av isomerer) f\u00f6r syntes. Di(propylenglykol) metyleter \u00e4r ett organiskt l\u00f6sningsmedel som anv\u00e4nds f\u00f6r en m\u00e4ngd olika industriella och kommersiella anv\u00e4ndningar.\" \/>\n<meta name=\"robots\" content=\"index, follow, max-snippet:-1, max-image-preview:large, max-video-preview:-1\" \/>\n<link rel=\"canonical\" href=\"https:\/\/masterchem.fi\/sv\/produkt\/dipropylenglykol-monometyleter-dowanol-dmp-cas-34590-94-8\/\" \/>\n<meta property=\"og:locale\" content=\"sv_SE\" \/>\n<meta property=\"og:type\" content=\"article\" \/>\n<meta property=\"og:title\" content=\"Dipropylenglykol monometyleter Dowanol DMP (CAS 34590-94-8) - MasterChem | kemikaalien tuotanto ja myynti\" \/>\n<meta property=\"og:description\" content=\"Dipropylenglykolmonometyleter (blandning av isomerer) f\u00f6r syntes. Di(propylenglykol) metyleter \u00e4r ett organiskt l\u00f6sningsmedel som anv\u00e4nds f\u00f6r en m\u00e4ngd olika industriella och kommersiella anv\u00e4ndningar.\" \/>\n<meta property=\"og:url\" content=\"https:\/\/masterchem.fi\/sv\/produkt\/dipropylenglykol-monometyleter-dowanol-dmp-cas-34590-94-8\/\" \/>\n<meta property=\"og:site_name\" content=\"MasterChem | kemikaalien tuotanto ja myynti\" \/>\n<meta property=\"article:modified_time\" content=\"2022-09-01T11:23:03+00:00\" \/>\n<meta property=\"og:image\" content=\"https:\/\/masterchem.fi\/wp-content\/uploads\/2022\/09\/Dipropyleeniglykolimonometyylieetteri-Dowanol-DMP-CAS-34590-94-8-1000L.jpg\" \/>\n\t<meta property=\"og:image:width\" content=\"1000\" \/>\n\t<meta property=\"og:image:height\" content=\"1000\" \/>\n\t<meta property=\"og:image:type\" content=\"image\/jpeg\" \/>\n<meta name=\"twitter:card\" content=\"summary_large_image\" \/>\n<script type=\"application\/ld+json\" class=\"yoast-schema-graph\">{\"@context\":\"https:\/\/schema.org\",\"@graph\":[{\"@type\":\"WebPage\",\"@id\":\"https:\/\/masterchem.fi\/sv\/produkt\/dipropylenglykol-monometyleter-dowanol-dmp-cas-34590-94-8\/\",\"url\":\"https:\/\/masterchem.fi\/sv\/produkt\/dipropylenglykol-monometyleter-dowanol-dmp-cas-34590-94-8\/\",\"name\":\"Dipropylenglykol monometyleter Dowanol DMP (CAS 34590-94-8) - MasterChem | kemikaalien tuotanto ja myynti\",\"isPartOf\":{\"@id\":\"https:\/\/masterchem.fi\/sv\/#website\"},\"primaryImageOfPage\":{\"@id\":\"https:\/\/masterchem.fi\/sv\/produkt\/dipropylenglykol-monometyleter-dowanol-dmp-cas-34590-94-8\/#primaryimage\"},\"image\":{\"@id\":\"https:\/\/masterchem.fi\/sv\/produkt\/dipropylenglykol-monometyleter-dowanol-dmp-cas-34590-94-8\/#primaryimage\"},\"thumbnailUrl\":\"https:\/\/masterchem.fi\/wp-content\/uploads\/2022\/09\/Dipropyleeniglykolimonometyylieetteri-Dowanol-DMP-CAS-34590-94-8-1000L.jpg\",\"datePublished\":\"2022-09-01T11:13:02+00:00\",\"dateModified\":\"2022-09-01T11:23:03+00:00\",\"description\":\"Dipropylenglykolmonometyleter (blandning av isomerer) f\u00f6r syntes. Di(propylenglykol) metyleter \u00e4r ett organiskt l\u00f6sningsmedel som anv\u00e4nds f\u00f6r en m\u00e4ngd olika industriella och kommersiella anv\u00e4ndningar.\",\"breadcrumb\":{\"@id\":\"https:\/\/masterchem.fi\/sv\/produkt\/dipropylenglykol-monometyleter-dowanol-dmp-cas-34590-94-8\/#breadcrumb\"},\"inLanguage\":\"sv-SE\",\"potentialAction\":[{\"@type\":\"ReadAction\",\"target\":[\"https:\/\/masterchem.fi\/sv\/produkt\/dipropylenglykol-monometyleter-dowanol-dmp-cas-34590-94-8\/\"]}]},{\"@type\":\"ImageObject\",\"inLanguage\":\"sv-SE\",\"@id\":\"https:\/\/masterchem.fi\/sv\/produkt\/dipropylenglykol-monometyleter-dowanol-dmp-cas-34590-94-8\/#primaryimage\",\"url\":\"https:\/\/masterchem.fi\/wp-content\/uploads\/2022\/09\/Dipropyleeniglykolimonometyylieetteri-Dowanol-DMP-CAS-34590-94-8-1000L.jpg\",\"contentUrl\":\"https:\/\/masterchem.fi\/wp-content\/uploads\/2022\/09\/Dipropyleeniglykolimonometyylieetteri-Dowanol-DMP-CAS-34590-94-8-1000L.jpg\",\"width\":1000,\"height\":1000,\"caption\":\"Dipropylenglykol monometyleter Dowanol DMP (CAS 34590-94-8) 1000L\"},{\"@type\":\"BreadcrumbList\",\"@id\":\"https:\/\/masterchem.fi\/sv\/produkt\/dipropylenglykol-monometyleter-dowanol-dmp-cas-34590-94-8\/#breadcrumb\",\"itemListElement\":[{\"@type\":\"ListItem\",\"position\":1,\"name\":\"Home\",\"item\":\"https:\/\/masterchem.fi\/sv\/\"},{\"@type\":\"ListItem\",\"position\":2,\"name\":\"Butik\",\"item\":\"https:\/\/masterchem.fi\/sv\/butik\/\"},{\"@type\":\"ListItem\",\"position\":3,\"name\":\"Dipropylenglykol monometyleter Dowanol DMP (CAS 34590-94-8)\"}]},{\"@type\":\"WebSite\",\"@id\":\"https:\/\/masterchem.fi\/sv\/#website\",\"url\":\"https:\/\/masterchem.fi\/sv\/\",\"name\":\"MasterChem | kemikaalien tuotanto ja myynti\",\"description\":\"kemikaalien tuotanto ja myynti\",\"potentialAction\":[{\"@type\":\"SearchAction\",\"target\":{\"@type\":\"EntryPoint\",\"urlTemplate\":\"https:\/\/masterchem.fi\/sv\/?s={search_term_string}\"},\"query-input\":{\"@type\":\"PropertyValueSpecification\",\"valueRequired\":true,\"valueName\":\"search_term_string\"}}],\"inLanguage\":\"sv-SE\"}]}<\/script>\n<!-- \/ Yoast SEO plugin. -->","yoast_head_json":{"title":"Dipropylenglykol monometyleter Dowanol DMP (CAS 34590-94-8) - MasterChem | kemikaalien tuotanto ja myynti","description":"Dipropylenglykolmonometyleter (blandning av isomerer) f\u00f6r syntes. Di(propylenglykol) metyleter \u00e4r ett organiskt l\u00f6sningsmedel som anv\u00e4nds f\u00f6r en m\u00e4ngd olika industriella och kommersiella anv\u00e4ndningar.","robots":{"index":"index","follow":"follow","max-snippet":"max-snippet:-1","max-image-preview":"max-image-preview:large","max-video-preview":"max-video-preview:-1"},"canonical":"https:\/\/masterchem.fi\/sv\/produkt\/dipropylenglykol-monometyleter-dowanol-dmp-cas-34590-94-8\/","og_locale":"sv_SE","og_type":"article","og_title":"Dipropylenglykol monometyleter Dowanol DMP (CAS 34590-94-8) - MasterChem | kemikaalien tuotanto ja myynti","og_description":"Dipropylenglykolmonometyleter (blandning av isomerer) f\u00f6r syntes. Di(propylenglykol) metyleter \u00e4r ett organiskt l\u00f6sningsmedel som anv\u00e4nds f\u00f6r en m\u00e4ngd olika industriella och kommersiella anv\u00e4ndningar.","og_url":"https:\/\/masterchem.fi\/sv\/produkt\/dipropylenglykol-monometyleter-dowanol-dmp-cas-34590-94-8\/","og_site_name":"MasterChem | kemikaalien tuotanto ja myynti","article_modified_time":"2022-09-01T11:23:03+00:00","og_image":[{"width":1000,"height":1000,"url":"https:\/\/masterchem.fi\/wp-content\/uploads\/2022\/09\/Dipropyleeniglykolimonometyylieetteri-Dowanol-DMP-CAS-34590-94-8-1000L.jpg","type":"image\/jpeg"}],"twitter_card":"summary_large_image","schema":{"@context":"https:\/\/schema.org","@graph":[{"@type":"WebPage","@id":"https:\/\/masterchem.fi\/sv\/produkt\/dipropylenglykol-monometyleter-dowanol-dmp-cas-34590-94-8\/","url":"https:\/\/masterchem.fi\/sv\/produkt\/dipropylenglykol-monometyleter-dowanol-dmp-cas-34590-94-8\/","name":"Dipropylenglykol monometyleter Dowanol DMP (CAS 34590-94-8) - MasterChem | kemikaalien tuotanto ja myynti","isPartOf":{"@id":"https:\/\/masterchem.fi\/sv\/#website"},"primaryImageOfPage":{"@id":"https:\/\/masterchem.fi\/sv\/produkt\/dipropylenglykol-monometyleter-dowanol-dmp-cas-34590-94-8\/#primaryimage"},"image":{"@id":"https:\/\/masterchem.fi\/sv\/produkt\/dipropylenglykol-monometyleter-dowanol-dmp-cas-34590-94-8\/#primaryimage"},"thumbnailUrl":"https:\/\/masterchem.fi\/wp-content\/uploads\/2022\/09\/Dipropyleeniglykolimonometyylieetteri-Dowanol-DMP-CAS-34590-94-8-1000L.jpg","datePublished":"2022-09-01T11:13:02+00:00","dateModified":"2022-09-01T11:23:03+00:00","description":"Dipropylenglykolmonometyleter (blandning av isomerer) f\u00f6r syntes. Di(propylenglykol) metyleter \u00e4r ett organiskt l\u00f6sningsmedel som anv\u00e4nds f\u00f6r en m\u00e4ngd olika industriella och kommersiella anv\u00e4ndningar.","breadcrumb":{"@id":"https:\/\/masterchem.fi\/sv\/produkt\/dipropylenglykol-monometyleter-dowanol-dmp-cas-34590-94-8\/#breadcrumb"},"inLanguage":"sv-SE","potentialAction":[{"@type":"ReadAction","target":["https:\/\/masterchem.fi\/sv\/produkt\/dipropylenglykol-monometyleter-dowanol-dmp-cas-34590-94-8\/"]}]},{"@type":"ImageObject","inLanguage":"sv-SE","@id":"https:\/\/masterchem.fi\/sv\/produkt\/dipropylenglykol-monometyleter-dowanol-dmp-cas-34590-94-8\/#primaryimage","url":"https:\/\/masterchem.fi\/wp-content\/uploads\/2022\/09\/Dipropyleeniglykolimonometyylieetteri-Dowanol-DMP-CAS-34590-94-8-1000L.jpg","contentUrl":"https:\/\/masterchem.fi\/wp-content\/uploads\/2022\/09\/Dipropyleeniglykolimonometyylieetteri-Dowanol-DMP-CAS-34590-94-8-1000L.jpg","width":1000,"height":1000,"caption":"Dipropylenglykol monometyleter Dowanol DMP (CAS 34590-94-8) 1000L"},{"@type":"BreadcrumbList","@id":"https:\/\/masterchem.fi\/sv\/produkt\/dipropylenglykol-monometyleter-dowanol-dmp-cas-34590-94-8\/#breadcrumb","itemListElement":[{"@type":"ListItem","position":1,"name":"Home","item":"https:\/\/masterchem.fi\/sv\/"},{"@type":"ListItem","position":2,"name":"Butik","item":"https:\/\/masterchem.fi\/sv\/butik\/"},{"@type":"ListItem","position":3,"name":"Dipropylenglykol monometyleter Dowanol DMP (CAS 34590-94-8)"}]},{"@type":"WebSite","@id":"https:\/\/masterchem.fi\/sv\/#website","url":"https:\/\/masterchem.fi\/sv\/","name":"MasterChem | kemikaalien tuotanto ja myynti","description":"kemikaalien tuotanto ja myynti","potentialAction":[{"@type":"SearchAction","target":{"@type":"EntryPoint","urlTemplate":"https:\/\/masterchem.fi\/sv\/?s={search_term_string}"},"query-input":{"@type":"PropertyValueSpecification","valueRequired":true,"valueName":"search_term_string"}}],"inLanguage":"sv-SE"}]}},"_links":{"self":[{"href":"https:\/\/masterchem.fi\/sv\/wp-json\/wp\/v2\/product\/11797","targetHints":{"allow":["GET"]}}],"collection":[{"href":"https:\/\/masterchem.fi\/sv\/wp-json\/wp\/v2\/product"}],"about":[{"href":"https:\/\/masterchem.fi\/sv\/wp-json\/wp\/v2\/types\/product"}],"wp:featuredmedia":[{"embeddable":true,"href":"https:\/\/masterchem.fi\/sv\/wp-json\/wp\/v2\/media\/11821"}],"wp:attachment":[{"href":"https:\/\/masterchem.fi\/sv\/wp-json\/wp\/v2\/media?parent=11797"}],"wp:term":[{"taxonomy":"product_brand","embeddable":true,"href":"https:\/\/masterchem.fi\/sv\/wp-json\/wp\/v2\/product_brand?post=11797"},{"taxonomy":"product_cat","embeddable":true,"href":"https:\/\/masterchem.fi\/sv\/wp-json\/wp\/v2\/product_cat?post=11797"},{"taxonomy":"product_tag","embeddable":true,"href":"https:\/\/masterchem.fi\/sv\/wp-json\/wp\/v2\/product_tag?post=11797"}],"curies":[{"name":"wp","href":"https:\/\/api.w.org\/{rel}","templated":true}]}}