{"id":11841,"date":"2022-10-11T09:25:11","date_gmt":"2022-10-11T06:25:12","guid":{"rendered":"https:\/\/masterchem.fi\/?post_type=product&#038;p=11841"},"modified":"2022-10-11T09:29:52","modified_gmt":"2022-10-11T06:29:52","slug":"citronsyra-cas-77-92-9","status":"publish","type":"product","link":"https:\/\/masterchem.fi\/sv\/produkt\/citronsyra-cas-77-92-9\/","title":{"rendered":"Citronsyra (CAS 77-92-9)"},"content":{"rendered":"<p><strong>Information<\/strong><br \/>\nBranscher: hush\u00e5llskemikalier, kosmetikaindustri, lim, oljor, fetter, tr\u00e4dg\u00e5rdsodling, l\u00e4kemedelsindustri, livsmedelsindustri<br \/>\nCAS-nummer: 77-92-9<br \/>\nWE-nummer: 201-069-1<br \/>\nKemisk formel: C6H8O7<br \/>\nMolekylvikt: 192,12 g\/mol<br \/>\nTulltaxekod: 29181400<\/p>\n<p><strong>Andra fysiska egenskaper<\/strong><br \/>\npH: 1,7 (100 g\/l)<br \/>\nSm\u00e4lt-\/fryspunkt: 153\u00b0C (1013 hPa)<br \/>\nRelativ densitet: 1 665 g\/cm3 (20 \u00b0C)<br \/>\nL\u00f6slighet i vatten: 590 g\/l (20\u00b0C)<\/p>\n<p>Citronsyra (E330) \u00e4r ett kemiskt l\u00f6sligt, f\u00e4rgl\u00f6st, kristallint, milj\u00f6v\u00e4nligt \u00e4mne som \u00e4r kemiskt l\u00f6sligt i vatten. N\u00e4r den l\u00f6ses i vatten skapar citronsyra en m\u00e5ttligt sur milj\u00f6 som f\u00f6rhindrar utvecklingen av m\u00e5nga mikrober och har en renande och avkalkningseffekt.<\/p>\n<p>Applikationer: I hush\u00e5llet \u00e4r citronsyra ett effektivt kalkborttagningsmedel, det anv\u00e4nds inom medicin och i milj\u00f6v\u00e4nliga tv\u00e4ttmedel, \u00f6kar tv\u00e4ttaktiviteten och bryts ner. L\u00f6sningen p\u00e5 6 % som anv\u00e4nds som vattenavh\u00e4rdare tar effektivt bort tv\u00e5l och kalkavskum fr\u00e5n badrummet och sk\u00f6ljer sedan av ytorna. Ej l\u00e4mplig f\u00f6r syrak\u00e4nsliga ytor. Citronsyra \u00e4r ett v\u00e4lk\u00e4nt kosttillskott och konserveringsmedel.<\/p>\n","protected":false},"excerpt":{"rendered":"<p>Citronsyra (IUPAC-namn 2-hydroxipropan-1,2,3-trikarboxylsyra) isolerades fr\u00e5n citron. Det \u00e4r en del av citronsyracykeln (citratcykeln) i m\u00e4nniskokroppens centrala \u00e4mnesoms\u00e4ttning (cykeln b\u00f6rjar med bildningen av citronsyra).<\/p>\n<p>Citronsyra finns ocks\u00e5 i m\u00e4nniskokroppen.<\/p>\n<p>Citronsyra \u00e4r en karboxylsyra.<br \/>\nAnv\u00e4nds som antikoagulant. Enligt E-numret (etikett f\u00f6r livsmedelstillsatser) som anv\u00e4nds i Europeiska Unionen f\u00e5r citronsyra koden E330.<\/p>\n<p>CAS: 77-92-9<\/p>\n","protected":false},"featured_media":11785,"template":"","meta":[],"product_brand":[],"product_cat":[171,177,179,182,105,106,115,116],"product_tag":[],"class_list":{"0":"post-11841","1":"product","2":"type-product","3":"status-publish","4":"has-post-thumbnail","6":"product_cat-livsmedelsindustrin","7":"product_cat-kosmetikindustrin","8":"product_cat-foderindustri","9":"product_cat-hortikultur","10":"product_cat-hushallskemikalier-sv","11":"product_cat-lakemedelsindustri","12":"product_cat-industriella-kemikalier","13":"product_cat-alla-produkter","15":"first","16":"outofstock","17":"taxable","18":"shipping-taxable","19":"purchasable","20":"product-type-variable","21":"has-default-attributes","22":"rtwpvg-product"},"yoast_head":"<!-- This site is optimized with the Yoast SEO plugin v27.5 - https:\/\/yoast.com\/product\/yoast-seo-wordpress\/ -->\n<title>Citronsyra (CAS 77-92-9) - MasterChem | kemikaalien tuotanto ja myynti<\/title>\n<meta name=\"description\" content=\"Citronsyra (E330) \u00e4r ett kemiskt l\u00f6sligt, f\u00e4rgl\u00f6st, kristallint, milj\u00f6v\u00e4nligt \u00e4mne som \u00e4r kemiskt l\u00f6sligt i vatten. CAS: 77-92-9\" \/>\n<meta name=\"robots\" content=\"index, follow, max-snippet:-1, max-image-preview:large, max-video-preview:-1\" \/>\n<link rel=\"canonical\" href=\"https:\/\/masterchem.fi\/sv\/produkt\/citronsyra-cas-77-92-9\/\" \/>\n<meta property=\"og:locale\" content=\"sv_SE\" \/>\n<meta property=\"og:type\" content=\"article\" \/>\n<meta property=\"og:title\" content=\"Citronsyra (CAS 77-92-9) - MasterChem | kemikaalien tuotanto ja myynti\" \/>\n<meta property=\"og:description\" content=\"Citronsyra (E330) \u00e4r ett kemiskt l\u00f6sligt, f\u00e4rgl\u00f6st, kristallint, milj\u00f6v\u00e4nligt \u00e4mne som \u00e4r kemiskt l\u00f6sligt i vatten. CAS: 77-92-9\" \/>\n<meta property=\"og:url\" content=\"https:\/\/masterchem.fi\/sv\/produkt\/citronsyra-cas-77-92-9\/\" \/>\n<meta property=\"og:site_name\" content=\"MasterChem | kemikaalien tuotanto ja myynti\" \/>\n<meta property=\"article:modified_time\" content=\"2022-10-11T06:29:52+00:00\" \/>\n<meta property=\"og:image\" content=\"https:\/\/masterchem.fi\/wp-content\/uploads\/2022\/08\/Kuparikelaatti-EDTA-15-CAS-14025-15-1.jpg\" \/>\n\t<meta property=\"og:image:width\" content=\"1000\" \/>\n\t<meta property=\"og:image:height\" content=\"1000\" \/>\n\t<meta property=\"og:image:type\" content=\"image\/jpeg\" \/>\n<meta name=\"twitter:card\" content=\"summary_large_image\" \/>\n<meta name=\"twitter:label1\" content=\"Ber\u00e4knad l\u00e4stid\" \/>\n\t<meta name=\"twitter:data1\" content=\"1 minut\" \/>\n<script type=\"application\/ld+json\" class=\"yoast-schema-graph\">{\"@context\":\"https:\\\/\\\/schema.org\",\"@graph\":[{\"@type\":\"WebPage\",\"@id\":\"https:\\\/\\\/masterchem.fi\\\/sv\\\/produkt\\\/citronsyra-cas-77-92-9\\\/\",\"url\":\"https:\\\/\\\/masterchem.fi\\\/sv\\\/produkt\\\/citronsyra-cas-77-92-9\\\/\",\"name\":\"Citronsyra (CAS 77-92-9) - MasterChem | kemikaalien tuotanto ja myynti\",\"isPartOf\":{\"@id\":\"https:\\\/\\\/masterchem.fi\\\/sv\\\/#website\"},\"primaryImageOfPage\":{\"@id\":\"https:\\\/\\\/masterchem.fi\\\/sv\\\/produkt\\\/citronsyra-cas-77-92-9\\\/#primaryimage\"},\"image\":{\"@id\":\"https:\\\/\\\/masterchem.fi\\\/sv\\\/produkt\\\/citronsyra-cas-77-92-9\\\/#primaryimage\"},\"thumbnailUrl\":\"https:\\\/\\\/masterchem.fi\\\/wp-content\\\/uploads\\\/2022\\\/08\\\/Kuparikelaatti-EDTA-15-CAS-14025-15-1.jpg\",\"datePublished\":\"2022-10-11T06:25:12+00:00\",\"dateModified\":\"2022-10-11T06:29:52+00:00\",\"description\":\"Citronsyra (E330) \u00e4r ett kemiskt l\u00f6sligt, f\u00e4rgl\u00f6st, kristallint, milj\u00f6v\u00e4nligt \u00e4mne som \u00e4r kemiskt l\u00f6sligt i vatten. CAS: 77-92-9\",\"breadcrumb\":{\"@id\":\"https:\\\/\\\/masterchem.fi\\\/sv\\\/produkt\\\/citronsyra-cas-77-92-9\\\/#breadcrumb\"},\"inLanguage\":\"sv-SE\",\"potentialAction\":[{\"@type\":\"ReadAction\",\"target\":[\"https:\\\/\\\/masterchem.fi\\\/sv\\\/produkt\\\/citronsyra-cas-77-92-9\\\/\"]}]},{\"@type\":\"ImageObject\",\"inLanguage\":\"sv-SE\",\"@id\":\"https:\\\/\\\/masterchem.fi\\\/sv\\\/produkt\\\/citronsyra-cas-77-92-9\\\/#primaryimage\",\"url\":\"https:\\\/\\\/masterchem.fi\\\/wp-content\\\/uploads\\\/2022\\\/08\\\/Kuparikelaatti-EDTA-15-CAS-14025-15-1.jpg\",\"contentUrl\":\"https:\\\/\\\/masterchem.fi\\\/wp-content\\\/uploads\\\/2022\\\/08\\\/Kuparikelaatti-EDTA-15-CAS-14025-15-1.jpg\",\"width\":1000,\"height\":1000,\"caption\":\"Citronsyra (CAS 77-92-9)\"},{\"@type\":\"BreadcrumbList\",\"@id\":\"https:\\\/\\\/masterchem.fi\\\/sv\\\/produkt\\\/citronsyra-cas-77-92-9\\\/#breadcrumb\",\"itemListElement\":[{\"@type\":\"ListItem\",\"position\":1,\"name\":\"Home\",\"item\":\"https:\\\/\\\/masterchem.fi\\\/sv\\\/\"},{\"@type\":\"ListItem\",\"position\":2,\"name\":\"Butik\",\"item\":\"https:\\\/\\\/masterchem.fi\\\/sv\\\/butik\\\/\"},{\"@type\":\"ListItem\",\"position\":3,\"name\":\"Citronsyra (CAS 77-92-9)\"}]},{\"@type\":\"WebSite\",\"@id\":\"https:\\\/\\\/masterchem.fi\\\/sv\\\/#website\",\"url\":\"https:\\\/\\\/masterchem.fi\\\/sv\\\/\",\"name\":\"MasterChem | kemikaalien tuotanto ja myynti\",\"description\":\"kemikaalien tuotanto ja myynti\",\"potentialAction\":[{\"@type\":\"SearchAction\",\"target\":{\"@type\":\"EntryPoint\",\"urlTemplate\":\"https:\\\/\\\/masterchem.fi\\\/sv\\\/?s={search_term_string}\"},\"query-input\":{\"@type\":\"PropertyValueSpecification\",\"valueRequired\":true,\"valueName\":\"search_term_string\"}}],\"inLanguage\":\"sv-SE\"}]}<\/script>\n<!-- \/ Yoast SEO plugin. -->","yoast_head_json":{"title":"Citronsyra (CAS 77-92-9) - MasterChem | kemikaalien tuotanto ja myynti","description":"Citronsyra (E330) \u00e4r ett kemiskt l\u00f6sligt, f\u00e4rgl\u00f6st, kristallint, milj\u00f6v\u00e4nligt \u00e4mne som \u00e4r kemiskt l\u00f6sligt i vatten. CAS: 77-92-9","robots":{"index":"index","follow":"follow","max-snippet":"max-snippet:-1","max-image-preview":"max-image-preview:large","max-video-preview":"max-video-preview:-1"},"canonical":"https:\/\/masterchem.fi\/sv\/produkt\/citronsyra-cas-77-92-9\/","og_locale":"sv_SE","og_type":"article","og_title":"Citronsyra (CAS 77-92-9) - MasterChem | kemikaalien tuotanto ja myynti","og_description":"Citronsyra (E330) \u00e4r ett kemiskt l\u00f6sligt, f\u00e4rgl\u00f6st, kristallint, milj\u00f6v\u00e4nligt \u00e4mne som \u00e4r kemiskt l\u00f6sligt i vatten. CAS: 77-92-9","og_url":"https:\/\/masterchem.fi\/sv\/produkt\/citronsyra-cas-77-92-9\/","og_site_name":"MasterChem | kemikaalien tuotanto ja myynti","article_modified_time":"2022-10-11T06:29:52+00:00","og_image":[{"width":1000,"height":1000,"url":"https:\/\/masterchem.fi\/wp-content\/uploads\/2022\/08\/Kuparikelaatti-EDTA-15-CAS-14025-15-1.jpg","type":"image\/jpeg"}],"twitter_card":"summary_large_image","twitter_misc":{"Ber\u00e4knad l\u00e4stid":"1 minut"},"schema":{"@context":"https:\/\/schema.org","@graph":[{"@type":"WebPage","@id":"https:\/\/masterchem.fi\/sv\/produkt\/citronsyra-cas-77-92-9\/","url":"https:\/\/masterchem.fi\/sv\/produkt\/citronsyra-cas-77-92-9\/","name":"Citronsyra (CAS 77-92-9) - MasterChem | kemikaalien tuotanto ja myynti","isPartOf":{"@id":"https:\/\/masterchem.fi\/sv\/#website"},"primaryImageOfPage":{"@id":"https:\/\/masterchem.fi\/sv\/produkt\/citronsyra-cas-77-92-9\/#primaryimage"},"image":{"@id":"https:\/\/masterchem.fi\/sv\/produkt\/citronsyra-cas-77-92-9\/#primaryimage"},"thumbnailUrl":"https:\/\/masterchem.fi\/wp-content\/uploads\/2022\/08\/Kuparikelaatti-EDTA-15-CAS-14025-15-1.jpg","datePublished":"2022-10-11T06:25:12+00:00","dateModified":"2022-10-11T06:29:52+00:00","description":"Citronsyra (E330) \u00e4r ett kemiskt l\u00f6sligt, f\u00e4rgl\u00f6st, kristallint, milj\u00f6v\u00e4nligt \u00e4mne som \u00e4r kemiskt l\u00f6sligt i vatten. CAS: 77-92-9","breadcrumb":{"@id":"https:\/\/masterchem.fi\/sv\/produkt\/citronsyra-cas-77-92-9\/#breadcrumb"},"inLanguage":"sv-SE","potentialAction":[{"@type":"ReadAction","target":["https:\/\/masterchem.fi\/sv\/produkt\/citronsyra-cas-77-92-9\/"]}]},{"@type":"ImageObject","inLanguage":"sv-SE","@id":"https:\/\/masterchem.fi\/sv\/produkt\/citronsyra-cas-77-92-9\/#primaryimage","url":"https:\/\/masterchem.fi\/wp-content\/uploads\/2022\/08\/Kuparikelaatti-EDTA-15-CAS-14025-15-1.jpg","contentUrl":"https:\/\/masterchem.fi\/wp-content\/uploads\/2022\/08\/Kuparikelaatti-EDTA-15-CAS-14025-15-1.jpg","width":1000,"height":1000,"caption":"Citronsyra (CAS 77-92-9)"},{"@type":"BreadcrumbList","@id":"https:\/\/masterchem.fi\/sv\/produkt\/citronsyra-cas-77-92-9\/#breadcrumb","itemListElement":[{"@type":"ListItem","position":1,"name":"Home","item":"https:\/\/masterchem.fi\/sv\/"},{"@type":"ListItem","position":2,"name":"Butik","item":"https:\/\/masterchem.fi\/sv\/butik\/"},{"@type":"ListItem","position":3,"name":"Citronsyra (CAS 77-92-9)"}]},{"@type":"WebSite","@id":"https:\/\/masterchem.fi\/sv\/#website","url":"https:\/\/masterchem.fi\/sv\/","name":"MasterChem | kemikaalien tuotanto ja myynti","description":"kemikaalien tuotanto ja myynti","potentialAction":[{"@type":"SearchAction","target":{"@type":"EntryPoint","urlTemplate":"https:\/\/masterchem.fi\/sv\/?s={search_term_string}"},"query-input":{"@type":"PropertyValueSpecification","valueRequired":true,"valueName":"search_term_string"}}],"inLanguage":"sv-SE"}]}},"_links":{"self":[{"href":"https:\/\/masterchem.fi\/sv\/wp-json\/wp\/v2\/product\/11841","targetHints":{"allow":["GET"]}}],"collection":[{"href":"https:\/\/masterchem.fi\/sv\/wp-json\/wp\/v2\/product"}],"about":[{"href":"https:\/\/masterchem.fi\/sv\/wp-json\/wp\/v2\/types\/product"}],"wp:featuredmedia":[{"embeddable":true,"href":"https:\/\/masterchem.fi\/sv\/wp-json\/wp\/v2\/media\/11785"}],"wp:attachment":[{"href":"https:\/\/masterchem.fi\/sv\/wp-json\/wp\/v2\/media?parent=11841"}],"wp:term":[{"taxonomy":"product_brand","embeddable":true,"href":"https:\/\/masterchem.fi\/sv\/wp-json\/wp\/v2\/product_brand?post=11841"},{"taxonomy":"product_cat","embeddable":true,"href":"https:\/\/masterchem.fi\/sv\/wp-json\/wp\/v2\/product_cat?post=11841"},{"taxonomy":"product_tag","embeddable":true,"href":"https:\/\/masterchem.fi\/sv\/wp-json\/wp\/v2\/product_tag?post=11841"}],"curies":[{"name":"wp","href":"https:\/\/api.w.org\/{rel}","templated":true}]}}