{"id":11850,"date":"2022-10-11T09:52:42","date_gmt":"2022-10-11T06:52:44","guid":{"rendered":"https:\/\/masterchem.fi\/?post_type=product&#038;p=11850"},"modified":"2022-10-11T09:59:31","modified_gmt":"2022-10-11T06:59:31","slug":"kalciumdivatefosfat-cas-7758-23-8","status":"publish","type":"product","link":"https:\/\/masterchem.fi\/sv\/produkt\/kalciumdivatefosfat-cas-7758-23-8\/","title":{"rendered":"Kalciumdiv\u00e4tefosfat (CAS 7758-23-8)"},"content":{"rendered":"<p> <strong> Information<\/strong> <\/p>\n<p> Industrisektorer: hush\u00e5llskemi, g\u00f6dningsmedel, lim, olja, fett, aiandus, foderindustri <br \/>\nCAS-nummer: 7758-23-8 <br \/>\nWE-nummer: 231-837-1 <br \/>\nKemisk formel: C18H36O3 <br \/>\nMolvikt: 252 g \/mol <br \/>\nTulltaxekod: 28352600 <\/p>\n<p> <strong> Andra fysiska egenskaper <\/strong> <\/p>\n<p> pH:> 3,3 <br \/>\nSm\u00e4lt-\/frystemperatur:> 200 \u00b0C <br \/>\nKokpunkt \/ kokpunkt:> 100 \u00b0 C <br \/>\nAvdunstar vatten: 18 g\/l <\/p>\n","protected":false},"excerpt":{"rendered":"<p> <strong>Kalciumdiv\u00e4tefosfat (CAS 7758-23-8)<\/strong> <\/p>\n<p>Kalciumdiv\u00e4tefosfat eller monokalciumfosfat (Ca(H2PO4)2) \u00e4r en jonf\u00f6rening best\u00e5ende av kalcium- och div\u00e4tefosfatjoner, som ofta f\u00f6rekommer i monohydratformen Ca(H2PO4)2\u00b7H2O. Kalciumdiv\u00e4tefosfat anv\u00e4nds s\u00e4rskilt som g\u00f6dningsmedel.<\/p>\n<p>Det mesta av det producerade kalciumdiv\u00e4tefosfatet anv\u00e4nds som g\u00f6dningsmedel. Dessutom anv\u00e4nds \u00e4mnet i buffertl\u00f6sningar och som stabilisator f\u00f6r plast. Inom livsmedelsindustrin anv\u00e4nds f\u00f6reningen som andra fosfater som surhetsreglerande medel, antioxidant, mj\u00f6lf\u00f6rb\u00e4ttrare och avsaltningssalt. Dess E-kod \u00e4r tillsammans med kalciumfosfat och kalciumv\u00e4tefosfat E341.<\/p>\n","protected":false},"featured_media":11854,"template":"","meta":[],"product_brand":[],"product_cat":[105,116,173,179,182],"product_tag":[],"class_list":{"0":"post-11850","1":"product","2":"type-product","3":"status-publish","4":"has-post-thumbnail","6":"product_cat-hushallskemikalier-sv","7":"product_cat-alla-produkter","8":"product_cat-godselmedel","9":"product_cat-foderindustri","10":"product_cat-hortikultur","12":"first","13":"outofstock","14":"taxable","15":"shipping-taxable","16":"purchasable","17":"product-type-variable","18":"has-default-attributes","19":"rtwpvg-product"},"yoast_head":"<!-- This site is optimized with the Yoast SEO plugin v27.5 - https:\/\/yoast.com\/product\/yoast-seo-wordpress\/ -->\n<title>Kalciumdiv\u00e4tefosfat (CAS 7758-23-8) - MasterChem | kemikaalien tuotanto ja myynti<\/title>\n<meta name=\"description\" content=\"Kalciumdiv\u00e4tefosfat eller monokalciumfosfat (Ca(H2PO4)2) \u00e4r en jonf\u00f6rening best\u00e5ende av kalcium- och div\u00e4tefosfatjoner, som ofta f\u00f6rekommer i monohydratformen Ca(H2PO4)2\u00b7H2O\" \/>\n<meta name=\"robots\" content=\"index, follow, max-snippet:-1, max-image-preview:large, max-video-preview:-1\" \/>\n<link rel=\"canonical\" href=\"https:\/\/masterchem.fi\/sv\/produkt\/kalciumdivatefosfat-cas-7758-23-8\/\" \/>\n<meta property=\"og:locale\" content=\"sv_SE\" \/>\n<meta property=\"og:type\" content=\"article\" \/>\n<meta property=\"og:title\" content=\"Kalciumdiv\u00e4tefosfat (CAS 7758-23-8) - MasterChem | kemikaalien tuotanto ja myynti\" \/>\n<meta property=\"og:description\" content=\"Kalciumdiv\u00e4tefosfat eller monokalciumfosfat (Ca(H2PO4)2) \u00e4r en jonf\u00f6rening best\u00e5ende av kalcium- och div\u00e4tefosfatjoner, som ofta f\u00f6rekommer i monohydratformen Ca(H2PO4)2\u00b7H2O\" \/>\n<meta property=\"og:url\" content=\"https:\/\/masterchem.fi\/sv\/produkt\/kalciumdivatefosfat-cas-7758-23-8\/\" \/>\n<meta property=\"og:site_name\" content=\"MasterChem | kemikaalien tuotanto ja myynti\" \/>\n<meta property=\"article:modified_time\" content=\"2022-10-11T06:59:31+00:00\" \/>\n<meta property=\"og:image\" content=\"https:\/\/masterchem.fi\/wp-content\/uploads\/2022\/10\/Kalsiumdivetyfosfaatti-CAS-7758-23-8-25kg-MasterChem.jpg\" \/>\n\t<meta property=\"og:image:width\" content=\"1000\" \/>\n\t<meta property=\"og:image:height\" content=\"1000\" \/>\n\t<meta property=\"og:image:type\" content=\"image\/jpeg\" \/>\n<meta name=\"twitter:card\" content=\"summary_large_image\" \/>\n<script type=\"application\/ld+json\" class=\"yoast-schema-graph\">{\"@context\":\"https:\\\/\\\/schema.org\",\"@graph\":[{\"@type\":\"WebPage\",\"@id\":\"https:\\\/\\\/masterchem.fi\\\/sv\\\/produkt\\\/kalciumdivatefosfat-cas-7758-23-8\\\/\",\"url\":\"https:\\\/\\\/masterchem.fi\\\/sv\\\/produkt\\\/kalciumdivatefosfat-cas-7758-23-8\\\/\",\"name\":\"Kalciumdiv\u00e4tefosfat (CAS 7758-23-8) - MasterChem | kemikaalien tuotanto ja myynti\",\"isPartOf\":{\"@id\":\"https:\\\/\\\/masterchem.fi\\\/sv\\\/#website\"},\"primaryImageOfPage\":{\"@id\":\"https:\\\/\\\/masterchem.fi\\\/sv\\\/produkt\\\/kalciumdivatefosfat-cas-7758-23-8\\\/#primaryimage\"},\"image\":{\"@id\":\"https:\\\/\\\/masterchem.fi\\\/sv\\\/produkt\\\/kalciumdivatefosfat-cas-7758-23-8\\\/#primaryimage\"},\"thumbnailUrl\":\"https:\\\/\\\/masterchem.fi\\\/wp-content\\\/uploads\\\/2022\\\/10\\\/Kalsiumdivetyfosfaatti-CAS-7758-23-8-25kg-MasterChem.jpg\",\"datePublished\":\"2022-10-11T06:52:44+00:00\",\"dateModified\":\"2022-10-11T06:59:31+00:00\",\"description\":\"Kalciumdiv\u00e4tefosfat eller monokalciumfosfat (Ca(H2PO4)2) \u00e4r en jonf\u00f6rening best\u00e5ende av kalcium- och div\u00e4tefosfatjoner, som ofta f\u00f6rekommer i monohydratformen Ca(H2PO4)2\u00b7H2O\",\"breadcrumb\":{\"@id\":\"https:\\\/\\\/masterchem.fi\\\/sv\\\/produkt\\\/kalciumdivatefosfat-cas-7758-23-8\\\/#breadcrumb\"},\"inLanguage\":\"sv-SE\",\"potentialAction\":[{\"@type\":\"ReadAction\",\"target\":[\"https:\\\/\\\/masterchem.fi\\\/sv\\\/produkt\\\/kalciumdivatefosfat-cas-7758-23-8\\\/\"]}]},{\"@type\":\"ImageObject\",\"inLanguage\":\"sv-SE\",\"@id\":\"https:\\\/\\\/masterchem.fi\\\/sv\\\/produkt\\\/kalciumdivatefosfat-cas-7758-23-8\\\/#primaryimage\",\"url\":\"https:\\\/\\\/masterchem.fi\\\/wp-content\\\/uploads\\\/2022\\\/10\\\/Kalsiumdivetyfosfaatti-CAS-7758-23-8-25kg-MasterChem.jpg\",\"contentUrl\":\"https:\\\/\\\/masterchem.fi\\\/wp-content\\\/uploads\\\/2022\\\/10\\\/Kalsiumdivetyfosfaatti-CAS-7758-23-8-25kg-MasterChem.jpg\",\"width\":1000,\"height\":1000,\"caption\":\"Kalciumdiv\u00e4tefosfat (CAS 7758-23-8) 25kg MasterChem\"},{\"@type\":\"BreadcrumbList\",\"@id\":\"https:\\\/\\\/masterchem.fi\\\/sv\\\/produkt\\\/kalciumdivatefosfat-cas-7758-23-8\\\/#breadcrumb\",\"itemListElement\":[{\"@type\":\"ListItem\",\"position\":1,\"name\":\"Home\",\"item\":\"https:\\\/\\\/masterchem.fi\\\/sv\\\/\"},{\"@type\":\"ListItem\",\"position\":2,\"name\":\"Butik\",\"item\":\"https:\\\/\\\/masterchem.fi\\\/sv\\\/butik\\\/\"},{\"@type\":\"ListItem\",\"position\":3,\"name\":\"Kalciumdiv\u00e4tefosfat (CAS 7758-23-8)\"}]},{\"@type\":\"WebSite\",\"@id\":\"https:\\\/\\\/masterchem.fi\\\/sv\\\/#website\",\"url\":\"https:\\\/\\\/masterchem.fi\\\/sv\\\/\",\"name\":\"MasterChem | kemikaalien tuotanto ja myynti\",\"description\":\"kemikaalien tuotanto ja myynti\",\"potentialAction\":[{\"@type\":\"SearchAction\",\"target\":{\"@type\":\"EntryPoint\",\"urlTemplate\":\"https:\\\/\\\/masterchem.fi\\\/sv\\\/?s={search_term_string}\"},\"query-input\":{\"@type\":\"PropertyValueSpecification\",\"valueRequired\":true,\"valueName\":\"search_term_string\"}}],\"inLanguage\":\"sv-SE\"}]}<\/script>\n<!-- \/ Yoast SEO plugin. -->","yoast_head_json":{"title":"Kalciumdiv\u00e4tefosfat (CAS 7758-23-8) - MasterChem | kemikaalien tuotanto ja myynti","description":"Kalciumdiv\u00e4tefosfat eller monokalciumfosfat (Ca(H2PO4)2) \u00e4r en jonf\u00f6rening best\u00e5ende av kalcium- och div\u00e4tefosfatjoner, som ofta f\u00f6rekommer i monohydratformen Ca(H2PO4)2\u00b7H2O","robots":{"index":"index","follow":"follow","max-snippet":"max-snippet:-1","max-image-preview":"max-image-preview:large","max-video-preview":"max-video-preview:-1"},"canonical":"https:\/\/masterchem.fi\/sv\/produkt\/kalciumdivatefosfat-cas-7758-23-8\/","og_locale":"sv_SE","og_type":"article","og_title":"Kalciumdiv\u00e4tefosfat (CAS 7758-23-8) - MasterChem | kemikaalien tuotanto ja myynti","og_description":"Kalciumdiv\u00e4tefosfat eller monokalciumfosfat (Ca(H2PO4)2) \u00e4r en jonf\u00f6rening best\u00e5ende av kalcium- och div\u00e4tefosfatjoner, som ofta f\u00f6rekommer i monohydratformen Ca(H2PO4)2\u00b7H2O","og_url":"https:\/\/masterchem.fi\/sv\/produkt\/kalciumdivatefosfat-cas-7758-23-8\/","og_site_name":"MasterChem | kemikaalien tuotanto ja myynti","article_modified_time":"2022-10-11T06:59:31+00:00","og_image":[{"width":1000,"height":1000,"url":"https:\/\/masterchem.fi\/wp-content\/uploads\/2022\/10\/Kalsiumdivetyfosfaatti-CAS-7758-23-8-25kg-MasterChem.jpg","type":"image\/jpeg"}],"twitter_card":"summary_large_image","schema":{"@context":"https:\/\/schema.org","@graph":[{"@type":"WebPage","@id":"https:\/\/masterchem.fi\/sv\/produkt\/kalciumdivatefosfat-cas-7758-23-8\/","url":"https:\/\/masterchem.fi\/sv\/produkt\/kalciumdivatefosfat-cas-7758-23-8\/","name":"Kalciumdiv\u00e4tefosfat (CAS 7758-23-8) - MasterChem | kemikaalien tuotanto ja myynti","isPartOf":{"@id":"https:\/\/masterchem.fi\/sv\/#website"},"primaryImageOfPage":{"@id":"https:\/\/masterchem.fi\/sv\/produkt\/kalciumdivatefosfat-cas-7758-23-8\/#primaryimage"},"image":{"@id":"https:\/\/masterchem.fi\/sv\/produkt\/kalciumdivatefosfat-cas-7758-23-8\/#primaryimage"},"thumbnailUrl":"https:\/\/masterchem.fi\/wp-content\/uploads\/2022\/10\/Kalsiumdivetyfosfaatti-CAS-7758-23-8-25kg-MasterChem.jpg","datePublished":"2022-10-11T06:52:44+00:00","dateModified":"2022-10-11T06:59:31+00:00","description":"Kalciumdiv\u00e4tefosfat eller monokalciumfosfat (Ca(H2PO4)2) \u00e4r en jonf\u00f6rening best\u00e5ende av kalcium- och div\u00e4tefosfatjoner, som ofta f\u00f6rekommer i monohydratformen Ca(H2PO4)2\u00b7H2O","breadcrumb":{"@id":"https:\/\/masterchem.fi\/sv\/produkt\/kalciumdivatefosfat-cas-7758-23-8\/#breadcrumb"},"inLanguage":"sv-SE","potentialAction":[{"@type":"ReadAction","target":["https:\/\/masterchem.fi\/sv\/produkt\/kalciumdivatefosfat-cas-7758-23-8\/"]}]},{"@type":"ImageObject","inLanguage":"sv-SE","@id":"https:\/\/masterchem.fi\/sv\/produkt\/kalciumdivatefosfat-cas-7758-23-8\/#primaryimage","url":"https:\/\/masterchem.fi\/wp-content\/uploads\/2022\/10\/Kalsiumdivetyfosfaatti-CAS-7758-23-8-25kg-MasterChem.jpg","contentUrl":"https:\/\/masterchem.fi\/wp-content\/uploads\/2022\/10\/Kalsiumdivetyfosfaatti-CAS-7758-23-8-25kg-MasterChem.jpg","width":1000,"height":1000,"caption":"Kalciumdiv\u00e4tefosfat (CAS 7758-23-8) 25kg MasterChem"},{"@type":"BreadcrumbList","@id":"https:\/\/masterchem.fi\/sv\/produkt\/kalciumdivatefosfat-cas-7758-23-8\/#breadcrumb","itemListElement":[{"@type":"ListItem","position":1,"name":"Home","item":"https:\/\/masterchem.fi\/sv\/"},{"@type":"ListItem","position":2,"name":"Butik","item":"https:\/\/masterchem.fi\/sv\/butik\/"},{"@type":"ListItem","position":3,"name":"Kalciumdiv\u00e4tefosfat (CAS 7758-23-8)"}]},{"@type":"WebSite","@id":"https:\/\/masterchem.fi\/sv\/#website","url":"https:\/\/masterchem.fi\/sv\/","name":"MasterChem | kemikaalien tuotanto ja myynti","description":"kemikaalien tuotanto ja myynti","potentialAction":[{"@type":"SearchAction","target":{"@type":"EntryPoint","urlTemplate":"https:\/\/masterchem.fi\/sv\/?s={search_term_string}"},"query-input":{"@type":"PropertyValueSpecification","valueRequired":true,"valueName":"search_term_string"}}],"inLanguage":"sv-SE"}]}},"_links":{"self":[{"href":"https:\/\/masterchem.fi\/sv\/wp-json\/wp\/v2\/product\/11850","targetHints":{"allow":["GET"]}}],"collection":[{"href":"https:\/\/masterchem.fi\/sv\/wp-json\/wp\/v2\/product"}],"about":[{"href":"https:\/\/masterchem.fi\/sv\/wp-json\/wp\/v2\/types\/product"}],"wp:featuredmedia":[{"embeddable":true,"href":"https:\/\/masterchem.fi\/sv\/wp-json\/wp\/v2\/media\/11854"}],"wp:attachment":[{"href":"https:\/\/masterchem.fi\/sv\/wp-json\/wp\/v2\/media?parent=11850"}],"wp:term":[{"taxonomy":"product_brand","embeddable":true,"href":"https:\/\/masterchem.fi\/sv\/wp-json\/wp\/v2\/product_brand?post=11850"},{"taxonomy":"product_cat","embeddable":true,"href":"https:\/\/masterchem.fi\/sv\/wp-json\/wp\/v2\/product_cat?post=11850"},{"taxonomy":"product_tag","embeddable":true,"href":"https:\/\/masterchem.fi\/sv\/wp-json\/wp\/v2\/product_tag?post=11850"}],"curies":[{"name":"wp","href":"https:\/\/api.w.org\/{rel}","templated":true}]}}