{"id":11868,"date":"2022-10-13T10:03:21","date_gmt":"2022-10-13T07:03:27","guid":{"rendered":"https:\/\/masterchem.fi\/?post_type=product&#038;p=11868"},"modified":"2022-10-13T10:10:36","modified_gmt":"2022-10-13T07:10:36","slug":"boretanolamin-cas-53587-44-3","status":"publish","type":"product","link":"https:\/\/masterchem.fi\/sv\/produkt\/boretanolamin-cas-53587-44-3\/","title":{"rendered":"Boretanolamin (CAS 53587-44-3)"},"content":{"rendered":"<p><strong>Information<\/strong><br \/>\nBranscher: G\u00f6dselmedel, tr\u00e4dg\u00e5rdsodling<br \/>\nCAS-nummer: 53587-44-3<br \/>\nWE-nummer: 258-651-3<br \/>\nKemisk formel: C3H6N6\u00b7xBH3O3<\/p>\n","protected":false},"excerpt":{"rendered":"<p><strong>Boretanolamin (CAS 53587-44-3)<\/strong><\/p>\n<p>Boretanolamin \u00e4r ett flytande bladg\u00f6dselmedel som snabbt absorberas och assimileras av gr\u00f6dan, rik p\u00e5 bor, speciellt utvecklad som en k\u00e4lla till detta element. Dess applicering stimulerar tillv\u00e4xten av kambiumv\u00e4vnader och apikala meristem, fr\u00e4mjar kalciumr\u00f6rlighet och assimilering, och \u00e4ven produktionen av pollen och befruktning.<\/p>\n","protected":false},"featured_media":11890,"template":"","meta":[],"product_brand":[],"product_cat":[182,116,173],"product_tag":[],"class_list":{"0":"post-11868","1":"product","2":"type-product","3":"status-publish","4":"has-post-thumbnail","6":"product_cat-hortikultur","7":"product_cat-alla-produkter","8":"product_cat-godselmedel","10":"first","11":"outofstock","12":"featured","13":"taxable","14":"shipping-taxable","15":"purchasable","16":"product-type-variable","17":"has-default-attributes","18":"rtwpvg-product"},"yoast_head":"<!-- This site is optimized with the Yoast SEO plugin v27.2 - https:\/\/yoast.com\/product\/yoast-seo-wordpress\/ -->\n<title>Boretanolamin (CAS 53587-44-3) - MasterChem | kemikaalien tuotanto ja myynti<\/title>\n<meta name=\"description\" content=\"Boretanolamin \u00e4r ett flytande bladg\u00f6dselmedel som snabbt absorberas och assimileras av gr\u00f6dan, rik p\u00e5 bor, speciellt utvecklad som en k\u00e4lla till detta element.\" \/>\n<meta name=\"robots\" content=\"index, follow, max-snippet:-1, max-image-preview:large, max-video-preview:-1\" \/>\n<link rel=\"canonical\" href=\"https:\/\/masterchem.fi\/sv\/produkt\/boretanolamin-cas-53587-44-3\/\" \/>\n<meta property=\"og:locale\" content=\"sv_SE\" \/>\n<meta property=\"og:type\" content=\"article\" \/>\n<meta property=\"og:title\" content=\"Boretanolamin (CAS 53587-44-3) - MasterChem | kemikaalien tuotanto ja myynti\" \/>\n<meta property=\"og:description\" content=\"Boretanolamin \u00e4r ett flytande bladg\u00f6dselmedel som snabbt absorberas och assimileras av gr\u00f6dan, rik p\u00e5 bor, speciellt utvecklad som en k\u00e4lla till detta element.\" \/>\n<meta property=\"og:url\" content=\"https:\/\/masterchem.fi\/sv\/produkt\/boretanolamin-cas-53587-44-3\/\" \/>\n<meta property=\"og:site_name\" content=\"MasterChem | kemikaalien tuotanto ja myynti\" \/>\n<meta property=\"article:modified_time\" content=\"2022-10-13T07:10:36+00:00\" \/>\n<meta property=\"og:image\" content=\"https:\/\/masterchem.fi\/wp-content\/uploads\/2022\/10\/BOORETANOLAMIIN-1000l-MasterChem.jpg\" \/>\n\t<meta property=\"og:image:width\" content=\"1000\" \/>\n\t<meta property=\"og:image:height\" content=\"1000\" \/>\n\t<meta property=\"og:image:type\" content=\"image\/jpeg\" \/>\n<meta name=\"twitter:card\" content=\"summary_large_image\" \/>\n<script type=\"application\/ld+json\" class=\"yoast-schema-graph\">{\"@context\":\"https:\/\/schema.org\",\"@graph\":[{\"@type\":\"WebPage\",\"@id\":\"https:\/\/masterchem.fi\/sv\/produkt\/boretanolamin-cas-53587-44-3\/\",\"url\":\"https:\/\/masterchem.fi\/sv\/produkt\/boretanolamin-cas-53587-44-3\/\",\"name\":\"Boretanolamin (CAS 53587-44-3) - MasterChem | kemikaalien tuotanto ja myynti\",\"isPartOf\":{\"@id\":\"https:\/\/masterchem.fi\/sv\/#website\"},\"primaryImageOfPage\":{\"@id\":\"https:\/\/masterchem.fi\/sv\/produkt\/boretanolamin-cas-53587-44-3\/#primaryimage\"},\"image\":{\"@id\":\"https:\/\/masterchem.fi\/sv\/produkt\/boretanolamin-cas-53587-44-3\/#primaryimage\"},\"thumbnailUrl\":\"https:\/\/masterchem.fi\/wp-content\/uploads\/2022\/10\/BOORETANOLAMIIN-1000l-MasterChem.jpg\",\"datePublished\":\"2022-10-13T07:03:27+00:00\",\"dateModified\":\"2022-10-13T07:10:36+00:00\",\"description\":\"Boretanolamin \u00e4r ett flytande bladg\u00f6dselmedel som snabbt absorberas och assimileras av gr\u00f6dan, rik p\u00e5 bor, speciellt utvecklad som en k\u00e4lla till detta element.\",\"breadcrumb\":{\"@id\":\"https:\/\/masterchem.fi\/sv\/produkt\/boretanolamin-cas-53587-44-3\/#breadcrumb\"},\"inLanguage\":\"sv-SE\",\"potentialAction\":[{\"@type\":\"ReadAction\",\"target\":[\"https:\/\/masterchem.fi\/sv\/produkt\/boretanolamin-cas-53587-44-3\/\"]}]},{\"@type\":\"ImageObject\",\"inLanguage\":\"sv-SE\",\"@id\":\"https:\/\/masterchem.fi\/sv\/produkt\/boretanolamin-cas-53587-44-3\/#primaryimage\",\"url\":\"https:\/\/masterchem.fi\/wp-content\/uploads\/2022\/10\/BOORETANOLAMIIN-1000l-MasterChem.jpg\",\"contentUrl\":\"https:\/\/masterchem.fi\/wp-content\/uploads\/2022\/10\/BOORETANOLAMIIN-1000l-MasterChem.jpg\",\"width\":1000,\"height\":1000,\"caption\":\"Boretanolamin (CAS 53587-44-3) 1000l MaterChem\"},{\"@type\":\"BreadcrumbList\",\"@id\":\"https:\/\/masterchem.fi\/sv\/produkt\/boretanolamin-cas-53587-44-3\/#breadcrumb\",\"itemListElement\":[{\"@type\":\"ListItem\",\"position\":1,\"name\":\"Home\",\"item\":\"https:\/\/masterchem.fi\/sv\/\"},{\"@type\":\"ListItem\",\"position\":2,\"name\":\"Butik\",\"item\":\"https:\/\/masterchem.fi\/sv\/butik\/\"},{\"@type\":\"ListItem\",\"position\":3,\"name\":\"Boretanolamin (CAS 53587-44-3)\"}]},{\"@type\":\"WebSite\",\"@id\":\"https:\/\/masterchem.fi\/sv\/#website\",\"url\":\"https:\/\/masterchem.fi\/sv\/\",\"name\":\"MasterChem | kemikaalien tuotanto ja myynti\",\"description\":\"kemikaalien tuotanto ja myynti\",\"potentialAction\":[{\"@type\":\"SearchAction\",\"target\":{\"@type\":\"EntryPoint\",\"urlTemplate\":\"https:\/\/masterchem.fi\/sv\/?s={search_term_string}\"},\"query-input\":{\"@type\":\"PropertyValueSpecification\",\"valueRequired\":true,\"valueName\":\"search_term_string\"}}],\"inLanguage\":\"sv-SE\"}]}<\/script>\n<!-- \/ Yoast SEO plugin. -->","yoast_head_json":{"title":"Boretanolamin (CAS 53587-44-3) - MasterChem | kemikaalien tuotanto ja myynti","description":"Boretanolamin \u00e4r ett flytande bladg\u00f6dselmedel som snabbt absorberas och assimileras av gr\u00f6dan, rik p\u00e5 bor, speciellt utvecklad som en k\u00e4lla till detta element.","robots":{"index":"index","follow":"follow","max-snippet":"max-snippet:-1","max-image-preview":"max-image-preview:large","max-video-preview":"max-video-preview:-1"},"canonical":"https:\/\/masterchem.fi\/sv\/produkt\/boretanolamin-cas-53587-44-3\/","og_locale":"sv_SE","og_type":"article","og_title":"Boretanolamin (CAS 53587-44-3) - MasterChem | kemikaalien tuotanto ja myynti","og_description":"Boretanolamin \u00e4r ett flytande bladg\u00f6dselmedel som snabbt absorberas och assimileras av gr\u00f6dan, rik p\u00e5 bor, speciellt utvecklad som en k\u00e4lla till detta element.","og_url":"https:\/\/masterchem.fi\/sv\/produkt\/boretanolamin-cas-53587-44-3\/","og_site_name":"MasterChem | kemikaalien tuotanto ja myynti","article_modified_time":"2022-10-13T07:10:36+00:00","og_image":[{"width":1000,"height":1000,"url":"https:\/\/masterchem.fi\/wp-content\/uploads\/2022\/10\/BOORETANOLAMIIN-1000l-MasterChem.jpg","type":"image\/jpeg"}],"twitter_card":"summary_large_image","schema":{"@context":"https:\/\/schema.org","@graph":[{"@type":"WebPage","@id":"https:\/\/masterchem.fi\/sv\/produkt\/boretanolamin-cas-53587-44-3\/","url":"https:\/\/masterchem.fi\/sv\/produkt\/boretanolamin-cas-53587-44-3\/","name":"Boretanolamin (CAS 53587-44-3) - MasterChem | kemikaalien tuotanto ja myynti","isPartOf":{"@id":"https:\/\/masterchem.fi\/sv\/#website"},"primaryImageOfPage":{"@id":"https:\/\/masterchem.fi\/sv\/produkt\/boretanolamin-cas-53587-44-3\/#primaryimage"},"image":{"@id":"https:\/\/masterchem.fi\/sv\/produkt\/boretanolamin-cas-53587-44-3\/#primaryimage"},"thumbnailUrl":"https:\/\/masterchem.fi\/wp-content\/uploads\/2022\/10\/BOORETANOLAMIIN-1000l-MasterChem.jpg","datePublished":"2022-10-13T07:03:27+00:00","dateModified":"2022-10-13T07:10:36+00:00","description":"Boretanolamin \u00e4r ett flytande bladg\u00f6dselmedel som snabbt absorberas och assimileras av gr\u00f6dan, rik p\u00e5 bor, speciellt utvecklad som en k\u00e4lla till detta element.","breadcrumb":{"@id":"https:\/\/masterchem.fi\/sv\/produkt\/boretanolamin-cas-53587-44-3\/#breadcrumb"},"inLanguage":"sv-SE","potentialAction":[{"@type":"ReadAction","target":["https:\/\/masterchem.fi\/sv\/produkt\/boretanolamin-cas-53587-44-3\/"]}]},{"@type":"ImageObject","inLanguage":"sv-SE","@id":"https:\/\/masterchem.fi\/sv\/produkt\/boretanolamin-cas-53587-44-3\/#primaryimage","url":"https:\/\/masterchem.fi\/wp-content\/uploads\/2022\/10\/BOORETANOLAMIIN-1000l-MasterChem.jpg","contentUrl":"https:\/\/masterchem.fi\/wp-content\/uploads\/2022\/10\/BOORETANOLAMIIN-1000l-MasterChem.jpg","width":1000,"height":1000,"caption":"Boretanolamin (CAS 53587-44-3) 1000l MaterChem"},{"@type":"BreadcrumbList","@id":"https:\/\/masterchem.fi\/sv\/produkt\/boretanolamin-cas-53587-44-3\/#breadcrumb","itemListElement":[{"@type":"ListItem","position":1,"name":"Home","item":"https:\/\/masterchem.fi\/sv\/"},{"@type":"ListItem","position":2,"name":"Butik","item":"https:\/\/masterchem.fi\/sv\/butik\/"},{"@type":"ListItem","position":3,"name":"Boretanolamin (CAS 53587-44-3)"}]},{"@type":"WebSite","@id":"https:\/\/masterchem.fi\/sv\/#website","url":"https:\/\/masterchem.fi\/sv\/","name":"MasterChem | kemikaalien tuotanto ja myynti","description":"kemikaalien tuotanto ja myynti","potentialAction":[{"@type":"SearchAction","target":{"@type":"EntryPoint","urlTemplate":"https:\/\/masterchem.fi\/sv\/?s={search_term_string}"},"query-input":{"@type":"PropertyValueSpecification","valueRequired":true,"valueName":"search_term_string"}}],"inLanguage":"sv-SE"}]}},"_links":{"self":[{"href":"https:\/\/masterchem.fi\/sv\/wp-json\/wp\/v2\/product\/11868","targetHints":{"allow":["GET"]}}],"collection":[{"href":"https:\/\/masterchem.fi\/sv\/wp-json\/wp\/v2\/product"}],"about":[{"href":"https:\/\/masterchem.fi\/sv\/wp-json\/wp\/v2\/types\/product"}],"wp:featuredmedia":[{"embeddable":true,"href":"https:\/\/masterchem.fi\/sv\/wp-json\/wp\/v2\/media\/11890"}],"wp:attachment":[{"href":"https:\/\/masterchem.fi\/sv\/wp-json\/wp\/v2\/media?parent=11868"}],"wp:term":[{"taxonomy":"product_brand","embeddable":true,"href":"https:\/\/masterchem.fi\/sv\/wp-json\/wp\/v2\/product_brand?post=11868"},{"taxonomy":"product_cat","embeddable":true,"href":"https:\/\/masterchem.fi\/sv\/wp-json\/wp\/v2\/product_cat?post=11868"},{"taxonomy":"product_tag","embeddable":true,"href":"https:\/\/masterchem.fi\/sv\/wp-json\/wp\/v2\/product_tag?post=11868"}],"curies":[{"name":"wp","href":"https:\/\/api.w.org\/{rel}","templated":true}]}}