{"id":12074,"date":"2023-03-15T10:14:43","date_gmt":"2023-03-15T07:14:45","guid":{"rendered":"https:\/\/masterchem.fi\/?post_type=product&#038;p=12074"},"modified":"2023-03-15T10:19:37","modified_gmt":"2023-03-15T07:19:37","slug":"map-ammophos-fosforgodselmedel-cas-7722-76-1","status":"publish","type":"product","link":"https:\/\/masterchem.fi\/sv\/produkt\/map-ammophos-fosforgodselmedel-cas-7722-76-1\/","title":{"rendered":"MAP\/Ammophos\/fosforg\u00f6dselmedel (CAS 7722-76-1)"},"content":{"rendered":"<p><strong>Information<\/strong><br \/>\nBranscher: g\u00f6dningsmedel, tr\u00e4dg\u00e5rdssk\u00f6tsel<br \/>\nProdukt: MAP\/Ammofos\/fosforg\u00f6dsel<br \/>\nKvalitet: P:46-%\/N:10-%<br \/>\nAnm\u00e4rkningar: Idealisk f\u00f6r att g\u00f6ra komplexa NPK-g\u00f6dselmedel och som en k\u00e4lla till fosfor<br \/>\nCAS: 7722-76-1<\/p>\n","protected":false},"excerpt":{"rendered":"<p><strong>MAP\/Ammophos\/fosforg\u00f6dselmedel (CAS 7722-76-1)<\/strong><\/p>\n<p>Kornformigt g\u00f6dselmedel som ger \u00f6ppen tillg\u00e5ng till fosfor och lite kv\u00e4ve f\u00f6r jordbruksv\u00e4xter. Det \u00e4r ett utm\u00e4rkt startg\u00f6dselmedel under s\u00e5dd (plantering). Temperaturs\u00e4nkningen ger v\u00e4xterna den n\u00f6dv\u00e4ndiga fosforn\u00e4ringen. Det orsakar en tillf\u00e4llig f\u00f6rsurning av jorden runt granulatet, vilket visar vissa f\u00f6rdelar i neutrala och alkaliska jordar.<\/p>\n","protected":false},"featured_media":12078,"template":"","meta":[],"product_brand":[],"product_cat":[179,182,105,116,173],"product_tag":[],"class_list":{"0":"post-12074","1":"product","2":"type-product","3":"status-publish","4":"has-post-thumbnail","6":"product_cat-foderindustri","7":"product_cat-hortikultur","8":"product_cat-hushallskemikalier-sv","9":"product_cat-alla-produkter","10":"product_cat-godselmedel","12":"first","13":"outofstock","14":"taxable","15":"shipping-taxable","16":"purchasable","17":"product-type-variable","18":"has-default-attributes","19":"rtwpvg-product"},"yoast_head":"<!-- This site is optimized with the Yoast SEO plugin v27.5 - https:\/\/yoast.com\/product\/yoast-seo-wordpress\/ -->\n<title>MAP\/Ammophos\/fosforg\u00f6dselmedel (CAS 7722-76-1) - MasterChem | kemikaalien tuotanto ja myynti<\/title>\n<meta name=\"description\" content=\"Kornformigt g\u00f6dselmedel som ger \u00f6ppen tillg\u00e5ng till fosfor och lite kv\u00e4ve f\u00f6r jordbruksv\u00e4xter. Det \u00e4r ett utm\u00e4rkt startg\u00f6dselmedel under s\u00e5dd (plantering).\" \/>\n<meta name=\"robots\" content=\"index, follow, max-snippet:-1, max-image-preview:large, max-video-preview:-1\" \/>\n<link rel=\"canonical\" href=\"https:\/\/masterchem.fi\/sv\/produkt\/map-ammophos-fosforgodselmedel-cas-7722-76-1\/\" \/>\n<meta property=\"og:locale\" content=\"sv_SE\" \/>\n<meta property=\"og:type\" content=\"article\" \/>\n<meta property=\"og:title\" content=\"MAP\/Ammophos\/fosforg\u00f6dselmedel (CAS 7722-76-1) - MasterChem | kemikaalien tuotanto ja myynti\" \/>\n<meta property=\"og:description\" content=\"Kornformigt g\u00f6dselmedel som ger \u00f6ppen tillg\u00e5ng till fosfor och lite kv\u00e4ve f\u00f6r jordbruksv\u00e4xter. Det \u00e4r ett utm\u00e4rkt startg\u00f6dselmedel under s\u00e5dd (plantering).\" \/>\n<meta property=\"og:url\" content=\"https:\/\/masterchem.fi\/sv\/produkt\/map-ammophos-fosforgodselmedel-cas-7722-76-1\/\" \/>\n<meta property=\"og:site_name\" content=\"MasterChem | kemikaalien tuotanto ja myynti\" \/>\n<meta property=\"article:modified_time\" content=\"2023-03-15T07:19:37+00:00\" \/>\n<meta property=\"og:image\" content=\"https:\/\/masterchem.fi\/wp-content\/uploads\/2023\/03\/MAP_\u0410mmofos_phosphorus_fertilizers_25kg.jpg\" \/>\n\t<meta property=\"og:image:width\" content=\"1000\" \/>\n\t<meta property=\"og:image:height\" content=\"1000\" \/>\n\t<meta property=\"og:image:type\" content=\"image\/jpeg\" \/>\n<meta name=\"twitter:card\" content=\"summary_large_image\" \/>\n<script type=\"application\/ld+json\" class=\"yoast-schema-graph\">{\"@context\":\"https:\\\/\\\/schema.org\",\"@graph\":[{\"@type\":\"WebPage\",\"@id\":\"https:\\\/\\\/masterchem.fi\\\/sv\\\/produkt\\\/map-ammophos-fosforgodselmedel-cas-7722-76-1\\\/\",\"url\":\"https:\\\/\\\/masterchem.fi\\\/sv\\\/produkt\\\/map-ammophos-fosforgodselmedel-cas-7722-76-1\\\/\",\"name\":\"MAP\\\/Ammophos\\\/fosforg\u00f6dselmedel (CAS 7722-76-1) - MasterChem | kemikaalien tuotanto ja myynti\",\"isPartOf\":{\"@id\":\"https:\\\/\\\/masterchem.fi\\\/sv\\\/#website\"},\"primaryImageOfPage\":{\"@id\":\"https:\\\/\\\/masterchem.fi\\\/sv\\\/produkt\\\/map-ammophos-fosforgodselmedel-cas-7722-76-1\\\/#primaryimage\"},\"image\":{\"@id\":\"https:\\\/\\\/masterchem.fi\\\/sv\\\/produkt\\\/map-ammophos-fosforgodselmedel-cas-7722-76-1\\\/#primaryimage\"},\"thumbnailUrl\":\"https:\\\/\\\/masterchem.fi\\\/wp-content\\\/uploads\\\/2023\\\/03\\\/MAP_\u0410mmofos_phosphorus_fertilizers_25kg.jpg\",\"datePublished\":\"2023-03-15T07:14:45+00:00\",\"dateModified\":\"2023-03-15T07:19:37+00:00\",\"description\":\"Kornformigt g\u00f6dselmedel som ger \u00f6ppen tillg\u00e5ng till fosfor och lite kv\u00e4ve f\u00f6r jordbruksv\u00e4xter. Det \u00e4r ett utm\u00e4rkt startg\u00f6dselmedel under s\u00e5dd (plantering).\",\"breadcrumb\":{\"@id\":\"https:\\\/\\\/masterchem.fi\\\/sv\\\/produkt\\\/map-ammophos-fosforgodselmedel-cas-7722-76-1\\\/#breadcrumb\"},\"inLanguage\":\"sv-SE\",\"potentialAction\":[{\"@type\":\"ReadAction\",\"target\":[\"https:\\\/\\\/masterchem.fi\\\/sv\\\/produkt\\\/map-ammophos-fosforgodselmedel-cas-7722-76-1\\\/\"]}]},{\"@type\":\"ImageObject\",\"inLanguage\":\"sv-SE\",\"@id\":\"https:\\\/\\\/masterchem.fi\\\/sv\\\/produkt\\\/map-ammophos-fosforgodselmedel-cas-7722-76-1\\\/#primaryimage\",\"url\":\"https:\\\/\\\/masterchem.fi\\\/wp-content\\\/uploads\\\/2023\\\/03\\\/MAP_\u0410mmofos_phosphorus_fertilizers_25kg.jpg\",\"contentUrl\":\"https:\\\/\\\/masterchem.fi\\\/wp-content\\\/uploads\\\/2023\\\/03\\\/MAP_\u0410mmofos_phosphorus_fertilizers_25kg.jpg\",\"width\":1000,\"height\":1000},{\"@type\":\"BreadcrumbList\",\"@id\":\"https:\\\/\\\/masterchem.fi\\\/sv\\\/produkt\\\/map-ammophos-fosforgodselmedel-cas-7722-76-1\\\/#breadcrumb\",\"itemListElement\":[{\"@type\":\"ListItem\",\"position\":1,\"name\":\"Home\",\"item\":\"https:\\\/\\\/masterchem.fi\\\/sv\\\/\"},{\"@type\":\"ListItem\",\"position\":2,\"name\":\"Butik\",\"item\":\"https:\\\/\\\/masterchem.fi\\\/sv\\\/butik\\\/\"},{\"@type\":\"ListItem\",\"position\":3,\"name\":\"MAP\\\/Ammophos\\\/fosforg\u00f6dselmedel (CAS 7722-76-1)\"}]},{\"@type\":\"WebSite\",\"@id\":\"https:\\\/\\\/masterchem.fi\\\/sv\\\/#website\",\"url\":\"https:\\\/\\\/masterchem.fi\\\/sv\\\/\",\"name\":\"MasterChem | kemikaalien tuotanto ja myynti\",\"description\":\"kemikaalien tuotanto ja myynti\",\"potentialAction\":[{\"@type\":\"SearchAction\",\"target\":{\"@type\":\"EntryPoint\",\"urlTemplate\":\"https:\\\/\\\/masterchem.fi\\\/sv\\\/?s={search_term_string}\"},\"query-input\":{\"@type\":\"PropertyValueSpecification\",\"valueRequired\":true,\"valueName\":\"search_term_string\"}}],\"inLanguage\":\"sv-SE\"}]}<\/script>\n<!-- \/ Yoast SEO plugin. -->","yoast_head_json":{"title":"MAP\/Ammophos\/fosforg\u00f6dselmedel (CAS 7722-76-1) - MasterChem | kemikaalien tuotanto ja myynti","description":"Kornformigt g\u00f6dselmedel som ger \u00f6ppen tillg\u00e5ng till fosfor och lite kv\u00e4ve f\u00f6r jordbruksv\u00e4xter. Det \u00e4r ett utm\u00e4rkt startg\u00f6dselmedel under s\u00e5dd (plantering).","robots":{"index":"index","follow":"follow","max-snippet":"max-snippet:-1","max-image-preview":"max-image-preview:large","max-video-preview":"max-video-preview:-1"},"canonical":"https:\/\/masterchem.fi\/sv\/produkt\/map-ammophos-fosforgodselmedel-cas-7722-76-1\/","og_locale":"sv_SE","og_type":"article","og_title":"MAP\/Ammophos\/fosforg\u00f6dselmedel (CAS 7722-76-1) - MasterChem | kemikaalien tuotanto ja myynti","og_description":"Kornformigt g\u00f6dselmedel som ger \u00f6ppen tillg\u00e5ng till fosfor och lite kv\u00e4ve f\u00f6r jordbruksv\u00e4xter. Det \u00e4r ett utm\u00e4rkt startg\u00f6dselmedel under s\u00e5dd (plantering).","og_url":"https:\/\/masterchem.fi\/sv\/produkt\/map-ammophos-fosforgodselmedel-cas-7722-76-1\/","og_site_name":"MasterChem | kemikaalien tuotanto ja myynti","article_modified_time":"2023-03-15T07:19:37+00:00","og_image":[{"width":1000,"height":1000,"url":"https:\/\/masterchem.fi\/wp-content\/uploads\/2023\/03\/MAP_\u0410mmofos_phosphorus_fertilizers_25kg.jpg","type":"image\/jpeg"}],"twitter_card":"summary_large_image","schema":{"@context":"https:\/\/schema.org","@graph":[{"@type":"WebPage","@id":"https:\/\/masterchem.fi\/sv\/produkt\/map-ammophos-fosforgodselmedel-cas-7722-76-1\/","url":"https:\/\/masterchem.fi\/sv\/produkt\/map-ammophos-fosforgodselmedel-cas-7722-76-1\/","name":"MAP\/Ammophos\/fosforg\u00f6dselmedel (CAS 7722-76-1) - MasterChem | kemikaalien tuotanto ja myynti","isPartOf":{"@id":"https:\/\/masterchem.fi\/sv\/#website"},"primaryImageOfPage":{"@id":"https:\/\/masterchem.fi\/sv\/produkt\/map-ammophos-fosforgodselmedel-cas-7722-76-1\/#primaryimage"},"image":{"@id":"https:\/\/masterchem.fi\/sv\/produkt\/map-ammophos-fosforgodselmedel-cas-7722-76-1\/#primaryimage"},"thumbnailUrl":"https:\/\/masterchem.fi\/wp-content\/uploads\/2023\/03\/MAP_\u0410mmofos_phosphorus_fertilizers_25kg.jpg","datePublished":"2023-03-15T07:14:45+00:00","dateModified":"2023-03-15T07:19:37+00:00","description":"Kornformigt g\u00f6dselmedel som ger \u00f6ppen tillg\u00e5ng till fosfor och lite kv\u00e4ve f\u00f6r jordbruksv\u00e4xter. Det \u00e4r ett utm\u00e4rkt startg\u00f6dselmedel under s\u00e5dd (plantering).","breadcrumb":{"@id":"https:\/\/masterchem.fi\/sv\/produkt\/map-ammophos-fosforgodselmedel-cas-7722-76-1\/#breadcrumb"},"inLanguage":"sv-SE","potentialAction":[{"@type":"ReadAction","target":["https:\/\/masterchem.fi\/sv\/produkt\/map-ammophos-fosforgodselmedel-cas-7722-76-1\/"]}]},{"@type":"ImageObject","inLanguage":"sv-SE","@id":"https:\/\/masterchem.fi\/sv\/produkt\/map-ammophos-fosforgodselmedel-cas-7722-76-1\/#primaryimage","url":"https:\/\/masterchem.fi\/wp-content\/uploads\/2023\/03\/MAP_\u0410mmofos_phosphorus_fertilizers_25kg.jpg","contentUrl":"https:\/\/masterchem.fi\/wp-content\/uploads\/2023\/03\/MAP_\u0410mmofos_phosphorus_fertilizers_25kg.jpg","width":1000,"height":1000},{"@type":"BreadcrumbList","@id":"https:\/\/masterchem.fi\/sv\/produkt\/map-ammophos-fosforgodselmedel-cas-7722-76-1\/#breadcrumb","itemListElement":[{"@type":"ListItem","position":1,"name":"Home","item":"https:\/\/masterchem.fi\/sv\/"},{"@type":"ListItem","position":2,"name":"Butik","item":"https:\/\/masterchem.fi\/sv\/butik\/"},{"@type":"ListItem","position":3,"name":"MAP\/Ammophos\/fosforg\u00f6dselmedel (CAS 7722-76-1)"}]},{"@type":"WebSite","@id":"https:\/\/masterchem.fi\/sv\/#website","url":"https:\/\/masterchem.fi\/sv\/","name":"MasterChem | kemikaalien tuotanto ja myynti","description":"kemikaalien tuotanto ja myynti","potentialAction":[{"@type":"SearchAction","target":{"@type":"EntryPoint","urlTemplate":"https:\/\/masterchem.fi\/sv\/?s={search_term_string}"},"query-input":{"@type":"PropertyValueSpecification","valueRequired":true,"valueName":"search_term_string"}}],"inLanguage":"sv-SE"}]}},"_links":{"self":[{"href":"https:\/\/masterchem.fi\/sv\/wp-json\/wp\/v2\/product\/12074","targetHints":{"allow":["GET"]}}],"collection":[{"href":"https:\/\/masterchem.fi\/sv\/wp-json\/wp\/v2\/product"}],"about":[{"href":"https:\/\/masterchem.fi\/sv\/wp-json\/wp\/v2\/types\/product"}],"wp:featuredmedia":[{"embeddable":true,"href":"https:\/\/masterchem.fi\/sv\/wp-json\/wp\/v2\/media\/12078"}],"wp:attachment":[{"href":"https:\/\/masterchem.fi\/sv\/wp-json\/wp\/v2\/media?parent=12074"}],"wp:term":[{"taxonomy":"product_brand","embeddable":true,"href":"https:\/\/masterchem.fi\/sv\/wp-json\/wp\/v2\/product_brand?post=12074"},{"taxonomy":"product_cat","embeddable":true,"href":"https:\/\/masterchem.fi\/sv\/wp-json\/wp\/v2\/product_cat?post=12074"},{"taxonomy":"product_tag","embeddable":true,"href":"https:\/\/masterchem.fi\/sv\/wp-json\/wp\/v2\/product_tag?post=12074"}],"curies":[{"name":"wp","href":"https:\/\/api.w.org\/{rel}","templated":true}]}}