{"id":12114,"date":"2023-06-01T09:43:32","date_gmt":"2023-06-01T06:43:36","guid":{"rendered":"https:\/\/masterchem.fi\/?post_type=product&#038;p=12114"},"modified":"2023-06-01T09:52:17","modified_gmt":"2023-06-01T06:52:17","slug":"flytande-jordvarmesystem-etanol-96","status":"publish","type":"product","link":"https:\/\/masterchem.fi\/sv\/produkt\/flytande-jordvarmesystem-etanol-96\/","title":{"rendered":"Flytande jordv\u00e4rmesystem (etanol 96 %)"},"content":{"rendered":"<p><strong>Produktbeskrivning<\/strong><br \/>\nLuktfri, klar v\u00e4tska<br \/>\nKomprimering ~ 0,790 g \/ cm3<br \/>\nFlampunkt 21 C<br \/>\nFryspunkt -114 \u00b0C<\/p>\n<p>Etanolhalt 96,6 %<br \/>\nDenatoniumbensoat 2g 100l. magmuskler. alkohol<\/p>\n","protected":false},"excerpt":{"rendered":"<p>Mycket brandfarligt!<br \/>\nSkydda fr\u00e5n ant\u00e4ndningsk\u00e4llor s\u00e5som heta ytor, l\u00e5gor, gnistor. R\u00f6k inte. F\u00f6rvara beh\u00e5llaren v\u00e4l tillsluten. Anv\u00e4nd skyddsutrustning-handskar, kl\u00e4der och skyddsglas\u00f6gon. Om \u00e4mnet har kommit in i h\u00e5ret\/huden, ta genast av de f\u00f6rorenade kl\u00e4derna och sk\u00f6lj omedelbart med mycket rinnande vatten. F\u00f6rvaras p\u00e5 en sval, ventilerad plats. Kassera tomma f\u00f6rpackningar\/beh\u00e5llare i enlighet med best\u00e4mmelserna om farligt avfall.<\/p>\n","protected":false},"featured_media":12137,"template":"","meta":[],"product_brand":[],"product_cat":[106,108,112,115,116,103,104,105],"product_tag":[],"class_list":{"0":"post-12114","1":"product","2":"type-product","3":"status-publish","4":"has-post-thumbnail","6":"product_cat-lakemedelsindustri","7":"product_cat-metallkemikalier","8":"product_cat-byggbranschen","9":"product_cat-industriella-kemikalier","10":"product_cat-alla-produkter","11":"product_cat-frostskydd","12":"product_cat-bil-och-maskinkemikalier","13":"product_cat-hushallskemikalier-sv","15":"first","16":"outofstock","17":"featured","18":"taxable","19":"shipping-taxable","20":"purchasable","21":"product-type-variable","22":"has-default-attributes","23":"rtwpvg-product"},"yoast_head":"<!-- This site is optimized with the Yoast SEO plugin v27.5 - https:\/\/yoast.com\/product\/yoast-seo-wordpress\/ -->\n<title>Flytande jordv\u00e4rmesystem (etanol 96 %) - MasterChem | kemikaalien tuotanto ja myynti<\/title>\n<meta name=\"description\" content=\"Etanolhalt 96,6 %, acetonhalt ~ 3,3 %, denatoniumbensoat 2 g 100 l. abs. alkohol, nonjonisk tensid 0,3 %\" \/>\n<meta name=\"robots\" content=\"index, follow, max-snippet:-1, max-image-preview:large, max-video-preview:-1\" \/>\n<link rel=\"canonical\" href=\"https:\/\/masterchem.fi\/sv\/produkt\/flytande-jordvarmesystem-etanol-96\/\" \/>\n<meta property=\"og:locale\" content=\"sv_SE\" \/>\n<meta property=\"og:type\" content=\"article\" \/>\n<meta property=\"og:title\" content=\"Flytande jordv\u00e4rmesystem (etanol 96 %) - MasterChem | kemikaalien tuotanto ja myynti\" \/>\n<meta property=\"og:description\" content=\"Etanolhalt 96,6 %, acetonhalt ~ 3,3 %, denatoniumbensoat 2 g 100 l. abs. alkohol, nonjonisk tensid 0,3 %\" \/>\n<meta property=\"og:url\" content=\"https:\/\/masterchem.fi\/sv\/produkt\/flytande-jordvarmesystem-etanol-96\/\" \/>\n<meta property=\"og:site_name\" content=\"MasterChem | kemikaalien tuotanto ja myynti\" \/>\n<meta property=\"article:modified_time\" content=\"2023-06-01T06:52:17+00:00\" \/>\n<meta property=\"og:image\" content=\"https:\/\/masterchem.fi\/wp-content\/uploads\/2023\/06\/Nestemaiset-geotermiset-lampojarjestelmat-etanoli-96-1000l-MaterChem.jpg\" \/>\n\t<meta property=\"og:image:width\" content=\"1000\" \/>\n\t<meta property=\"og:image:height\" content=\"1000\" \/>\n\t<meta property=\"og:image:type\" content=\"image\/jpeg\" \/>\n<meta name=\"twitter:card\" content=\"summary_large_image\" \/>\n<script type=\"application\/ld+json\" class=\"yoast-schema-graph\">{\"@context\":\"https:\\\/\\\/schema.org\",\"@graph\":[{\"@type\":\"WebPage\",\"@id\":\"https:\\\/\\\/masterchem.fi\\\/sv\\\/produkt\\\/flytande-jordvarmesystem-etanol-96\\\/\",\"url\":\"https:\\\/\\\/masterchem.fi\\\/sv\\\/produkt\\\/flytande-jordvarmesystem-etanol-96\\\/\",\"name\":\"Flytande jordv\u00e4rmesystem (etanol 96 %) - MasterChem | kemikaalien tuotanto ja myynti\",\"isPartOf\":{\"@id\":\"https:\\\/\\\/masterchem.fi\\\/sv\\\/#website\"},\"primaryImageOfPage\":{\"@id\":\"https:\\\/\\\/masterchem.fi\\\/sv\\\/produkt\\\/flytande-jordvarmesystem-etanol-96\\\/#primaryimage\"},\"image\":{\"@id\":\"https:\\\/\\\/masterchem.fi\\\/sv\\\/produkt\\\/flytande-jordvarmesystem-etanol-96\\\/#primaryimage\"},\"thumbnailUrl\":\"https:\\\/\\\/masterchem.fi\\\/wp-content\\\/uploads\\\/2023\\\/06\\\/Nestemaiset-geotermiset-lampojarjestelmat-etanoli-96-1000l-MaterChem.jpg\",\"datePublished\":\"2023-06-01T06:43:36+00:00\",\"dateModified\":\"2023-06-01T06:52:17+00:00\",\"description\":\"Etanolhalt 96,6 %, acetonhalt ~ 3,3 %, denatoniumbensoat 2 g 100 l. abs. alkohol, nonjonisk tensid 0,3 %\",\"breadcrumb\":{\"@id\":\"https:\\\/\\\/masterchem.fi\\\/sv\\\/produkt\\\/flytande-jordvarmesystem-etanol-96\\\/#breadcrumb\"},\"inLanguage\":\"sv-SE\",\"potentialAction\":[{\"@type\":\"ReadAction\",\"target\":[\"https:\\\/\\\/masterchem.fi\\\/sv\\\/produkt\\\/flytande-jordvarmesystem-etanol-96\\\/\"]}]},{\"@type\":\"ImageObject\",\"inLanguage\":\"sv-SE\",\"@id\":\"https:\\\/\\\/masterchem.fi\\\/sv\\\/produkt\\\/flytande-jordvarmesystem-etanol-96\\\/#primaryimage\",\"url\":\"https:\\\/\\\/masterchem.fi\\\/wp-content\\\/uploads\\\/2023\\\/06\\\/Nestemaiset-geotermiset-lampojarjestelmat-etanoli-96-1000l-MaterChem.jpg\",\"contentUrl\":\"https:\\\/\\\/masterchem.fi\\\/wp-content\\\/uploads\\\/2023\\\/06\\\/Nestemaiset-geotermiset-lampojarjestelmat-etanoli-96-1000l-MaterChem.jpg\",\"width\":1000,\"height\":1000},{\"@type\":\"BreadcrumbList\",\"@id\":\"https:\\\/\\\/masterchem.fi\\\/sv\\\/produkt\\\/flytande-jordvarmesystem-etanol-96\\\/#breadcrumb\",\"itemListElement\":[{\"@type\":\"ListItem\",\"position\":1,\"name\":\"Home\",\"item\":\"https:\\\/\\\/masterchem.fi\\\/sv\\\/\"},{\"@type\":\"ListItem\",\"position\":2,\"name\":\"Butik\",\"item\":\"https:\\\/\\\/masterchem.fi\\\/sv\\\/butik\\\/\"},{\"@type\":\"ListItem\",\"position\":3,\"name\":\"Flytande jordv\u00e4rmesystem (etanol 96 %)\"}]},{\"@type\":\"WebSite\",\"@id\":\"https:\\\/\\\/masterchem.fi\\\/sv\\\/#website\",\"url\":\"https:\\\/\\\/masterchem.fi\\\/sv\\\/\",\"name\":\"MasterChem | kemikaalien tuotanto ja myynti\",\"description\":\"kemikaalien tuotanto ja myynti\",\"potentialAction\":[{\"@type\":\"SearchAction\",\"target\":{\"@type\":\"EntryPoint\",\"urlTemplate\":\"https:\\\/\\\/masterchem.fi\\\/sv\\\/?s={search_term_string}\"},\"query-input\":{\"@type\":\"PropertyValueSpecification\",\"valueRequired\":true,\"valueName\":\"search_term_string\"}}],\"inLanguage\":\"sv-SE\"}]}<\/script>\n<!-- \/ Yoast SEO plugin. -->","yoast_head_json":{"title":"Flytande jordv\u00e4rmesystem (etanol 96 %) - MasterChem | kemikaalien tuotanto ja myynti","description":"Etanolhalt 96,6 %, acetonhalt ~ 3,3 %, denatoniumbensoat 2 g 100 l. abs. alkohol, nonjonisk tensid 0,3 %","robots":{"index":"index","follow":"follow","max-snippet":"max-snippet:-1","max-image-preview":"max-image-preview:large","max-video-preview":"max-video-preview:-1"},"canonical":"https:\/\/masterchem.fi\/sv\/produkt\/flytande-jordvarmesystem-etanol-96\/","og_locale":"sv_SE","og_type":"article","og_title":"Flytande jordv\u00e4rmesystem (etanol 96 %) - MasterChem | kemikaalien tuotanto ja myynti","og_description":"Etanolhalt 96,6 %, acetonhalt ~ 3,3 %, denatoniumbensoat 2 g 100 l. abs. alkohol, nonjonisk tensid 0,3 %","og_url":"https:\/\/masterchem.fi\/sv\/produkt\/flytande-jordvarmesystem-etanol-96\/","og_site_name":"MasterChem | kemikaalien tuotanto ja myynti","article_modified_time":"2023-06-01T06:52:17+00:00","og_image":[{"width":1000,"height":1000,"url":"https:\/\/masterchem.fi\/wp-content\/uploads\/2023\/06\/Nestemaiset-geotermiset-lampojarjestelmat-etanoli-96-1000l-MaterChem.jpg","type":"image\/jpeg"}],"twitter_card":"summary_large_image","schema":{"@context":"https:\/\/schema.org","@graph":[{"@type":"WebPage","@id":"https:\/\/masterchem.fi\/sv\/produkt\/flytande-jordvarmesystem-etanol-96\/","url":"https:\/\/masterchem.fi\/sv\/produkt\/flytande-jordvarmesystem-etanol-96\/","name":"Flytande jordv\u00e4rmesystem (etanol 96 %) - MasterChem | kemikaalien tuotanto ja myynti","isPartOf":{"@id":"https:\/\/masterchem.fi\/sv\/#website"},"primaryImageOfPage":{"@id":"https:\/\/masterchem.fi\/sv\/produkt\/flytande-jordvarmesystem-etanol-96\/#primaryimage"},"image":{"@id":"https:\/\/masterchem.fi\/sv\/produkt\/flytande-jordvarmesystem-etanol-96\/#primaryimage"},"thumbnailUrl":"https:\/\/masterchem.fi\/wp-content\/uploads\/2023\/06\/Nestemaiset-geotermiset-lampojarjestelmat-etanoli-96-1000l-MaterChem.jpg","datePublished":"2023-06-01T06:43:36+00:00","dateModified":"2023-06-01T06:52:17+00:00","description":"Etanolhalt 96,6 %, acetonhalt ~ 3,3 %, denatoniumbensoat 2 g 100 l. abs. alkohol, nonjonisk tensid 0,3 %","breadcrumb":{"@id":"https:\/\/masterchem.fi\/sv\/produkt\/flytande-jordvarmesystem-etanol-96\/#breadcrumb"},"inLanguage":"sv-SE","potentialAction":[{"@type":"ReadAction","target":["https:\/\/masterchem.fi\/sv\/produkt\/flytande-jordvarmesystem-etanol-96\/"]}]},{"@type":"ImageObject","inLanguage":"sv-SE","@id":"https:\/\/masterchem.fi\/sv\/produkt\/flytande-jordvarmesystem-etanol-96\/#primaryimage","url":"https:\/\/masterchem.fi\/wp-content\/uploads\/2023\/06\/Nestemaiset-geotermiset-lampojarjestelmat-etanoli-96-1000l-MaterChem.jpg","contentUrl":"https:\/\/masterchem.fi\/wp-content\/uploads\/2023\/06\/Nestemaiset-geotermiset-lampojarjestelmat-etanoli-96-1000l-MaterChem.jpg","width":1000,"height":1000},{"@type":"BreadcrumbList","@id":"https:\/\/masterchem.fi\/sv\/produkt\/flytande-jordvarmesystem-etanol-96\/#breadcrumb","itemListElement":[{"@type":"ListItem","position":1,"name":"Home","item":"https:\/\/masterchem.fi\/sv\/"},{"@type":"ListItem","position":2,"name":"Butik","item":"https:\/\/masterchem.fi\/sv\/butik\/"},{"@type":"ListItem","position":3,"name":"Flytande jordv\u00e4rmesystem (etanol 96 %)"}]},{"@type":"WebSite","@id":"https:\/\/masterchem.fi\/sv\/#website","url":"https:\/\/masterchem.fi\/sv\/","name":"MasterChem | kemikaalien tuotanto ja myynti","description":"kemikaalien tuotanto ja myynti","potentialAction":[{"@type":"SearchAction","target":{"@type":"EntryPoint","urlTemplate":"https:\/\/masterchem.fi\/sv\/?s={search_term_string}"},"query-input":{"@type":"PropertyValueSpecification","valueRequired":true,"valueName":"search_term_string"}}],"inLanguage":"sv-SE"}]}},"_links":{"self":[{"href":"https:\/\/masterchem.fi\/sv\/wp-json\/wp\/v2\/product\/12114","targetHints":{"allow":["GET"]}}],"collection":[{"href":"https:\/\/masterchem.fi\/sv\/wp-json\/wp\/v2\/product"}],"about":[{"href":"https:\/\/masterchem.fi\/sv\/wp-json\/wp\/v2\/types\/product"}],"wp:featuredmedia":[{"embeddable":true,"href":"https:\/\/masterchem.fi\/sv\/wp-json\/wp\/v2\/media\/12137"}],"wp:attachment":[{"href":"https:\/\/masterchem.fi\/sv\/wp-json\/wp\/v2\/media?parent=12114"}],"wp:term":[{"taxonomy":"product_brand","embeddable":true,"href":"https:\/\/masterchem.fi\/sv\/wp-json\/wp\/v2\/product_brand?post=12114"},{"taxonomy":"product_cat","embeddable":true,"href":"https:\/\/masterchem.fi\/sv\/wp-json\/wp\/v2\/product_cat?post=12114"},{"taxonomy":"product_tag","embeddable":true,"href":"https:\/\/masterchem.fi\/sv\/wp-json\/wp\/v2\/product_tag?post=12114"}],"curies":[{"name":"wp","href":"https:\/\/api.w.org\/{rel}","templated":true}]}}