{"id":12189,"date":"2023-06-14T19:27:44","date_gmt":"2023-06-14T16:27:46","guid":{"rendered":"https:\/\/masterchem.fi\/?post_type=product&#038;p=12189"},"modified":"2023-06-14T19:38:41","modified_gmt":"2023-06-14T16:38:41","slug":"master-nol30-standardbruk-for-fyllning-av-geotermiska-kretsar","status":"publish","type":"product","link":"https:\/\/masterchem.fi\/sv\/produkt\/master-nol30-standardbruk-for-fyllning-av-geotermiska-kretsar\/","title":{"rendered":"Master NOL30 standardbruk f\u00f6r fyllning av geotermiska kretsar"},"content":{"rendered":"<p><strong>Konfiguration av Master NOL30:<\/strong><\/p>\n<p>Etanol 30 %, stabilisatorer, vatten<\/p>\n<p><strong>Funktioner:<\/strong><\/p>\n<p>Fryspunkt -20 \u0421<br \/>\nEn klar v\u00e4tska med alkohollukt.<br \/>\nDensitet ~0,95 g\/cm3<br \/>\nV\u00e4rmesystemets livsl\u00e4ngd enligt driftreglerna \u00e4r minst 5 \u00e5r.<\/p>\n<p><strong>Anv\u00e4ndningsanvisningar:<\/strong><\/p>\n<p>Kylv\u00e4tska kr\u00e4ver ingen ytterligare utsp\u00e4dning.<br \/>\nDu kan ber\u00e4kna m\u00e4ngden av produkten med v\u00e5r kalkylator. Det rekommenderas att k\u00f6pa 10% mer produkt, eftersom det alltid finns ber\u00e4kningar och praktisk information. Kylv\u00e4tskan h\u00e4lls i v\u00e4rmesystemen och systemen anv\u00e4nds enligt bruksanvisningen.<\/p>\n<p><strong>LAGRING:<\/strong><\/p>\n<p>F\u00f6rvaras i en hermetiskt tillsluten beh\u00e5llare vid en temperatur \u00f6ver 0\u00b0C i ett torrt, ventilerat utrymme.<\/p>\n<p><strong>S\u00e4kerhetsregler:<\/strong><\/p>\n<p>H\u00e5ll dig borta fr\u00e5n ant\u00e4ndningsk\u00e4llor, s\u00e5som heta ytor, l\u00e5gor, gnistor.<br \/>\nR\u00f6k inte i omedelbar n\u00e4rhet. H\u00e5ll produkten t\u00e4tt st\u00e4ngd. N\u00e4r du interagerar, anv\u00e4nd skyddsutrustning &#8211; handskar, kl\u00e4der, skyddsglas\u00f6gon, mask.<br \/>\nF\u00f6rvara produkten p\u00e5 ett svalt, v\u00e4lventilerat utrymme. Kassera anv\u00e4nd beh\u00e5llare\/beh\u00e5llare i enlighet med best\u00e4mmelserna om farligt avfall.<\/p>\n","protected":false},"excerpt":{"rendered":"<p>Master NOL30 \u00e4r en produkt tillverkad av MasterChems experter f\u00f6r att fylla geotermiska kretsar. Denna produkt \u00e4r baserad p\u00e5 30 % denaturerad etanoll\u00f6sning fr\u00e5n v\u00e4rmepumpar. Etylalkohol \u00e4r en milj\u00f6v\u00e4nlig produkt, s\u00e5 den rekommenderas s\u00e4rskilt f\u00f6r v\u00e4rmesystem i hus och l\u00e4genheter. Denna produkt \u00e4r vanligast bland v\u00e4rmeinstallat\u00f6rer.<br \/>\nOm du vill ha en h\u00f6gkvalitativ produkt med upp till 8 \u00e5rs kvalitetsgaranti rekommenderar vi att du \u00f6verv\u00e4ger <strong><a href=\"https:\/\/masterchem.fi\/sv\/produkt\/master-nol30-pro-geotermisk-vatska\/\">Master NOL30 PRO<\/a><\/strong>.<\/p>\n","protected":false},"featured_media":12198,"template":"","meta":[],"product_brand":[],"product_cat":[108,112,115,116,103,104,105,106],"product_tag":[],"class_list":{"0":"post-12189","1":"product","2":"type-product","3":"status-publish","4":"has-post-thumbnail","6":"product_cat-metallkemikalier","7":"product_cat-byggbranschen","8":"product_cat-industriella-kemikalier","9":"product_cat-alla-produkter","10":"product_cat-frostskydd","11":"product_cat-bil-och-maskinkemikalier","12":"product_cat-hushallskemikalier-sv","13":"product_cat-lakemedelsindustri","15":"first","16":"instock","17":"featured","18":"taxable","19":"shipping-taxable","20":"purchasable","21":"product-type-variable","22":"has-default-attributes","23":"rtwpvg-product"},"yoast_head":"<!-- This site is optimized with the Yoast SEO plugin v27.5 - https:\/\/yoast.com\/product\/yoast-seo-wordpress\/ -->\n<title>Master NOL30 standardbruk f\u00f6r fyllning av geotermiska kretsar - MasterChem | kemikaalien tuotanto ja myynti<\/title>\n<meta name=\"description\" content=\"Master NOL30 \u00e4r en produkt tillverkad av MasterChems experter f\u00f6r fyllning av geotermiska kretsar. Denna produkt \u00e4r baserad p\u00e5 30 % denaturerad etanoll\u00f6sning fr\u00e5n v\u00e4rmepumpar.\" \/>\n<meta name=\"robots\" content=\"index, follow, max-snippet:-1, max-image-preview:large, max-video-preview:-1\" \/>\n<link rel=\"canonical\" href=\"https:\/\/masterchem.fi\/sv\/produkt\/master-nol30-standardbruk-for-fyllning-av-geotermiska-kretsar\/\" \/>\n<meta property=\"og:locale\" content=\"sv_SE\" \/>\n<meta property=\"og:type\" content=\"article\" \/>\n<meta property=\"og:title\" content=\"Master NOL30 standardbruk f\u00f6r fyllning av geotermiska kretsar - MasterChem | kemikaalien tuotanto ja myynti\" \/>\n<meta property=\"og:description\" content=\"Master NOL30 \u00e4r en produkt tillverkad av MasterChems experter f\u00f6r fyllning av geotermiska kretsar. Denna produkt \u00e4r baserad p\u00e5 30 % denaturerad etanoll\u00f6sning fr\u00e5n v\u00e4rmepumpar.\" \/>\n<meta property=\"og:url\" content=\"https:\/\/masterchem.fi\/sv\/produkt\/master-nol30-standardbruk-for-fyllning-av-geotermiska-kretsar\/\" \/>\n<meta property=\"og:site_name\" content=\"MasterChem | kemikaalien tuotanto ja myynti\" \/>\n<meta property=\"article:modified_time\" content=\"2023-06-14T16:38:41+00:00\" \/>\n<meta property=\"og:image\" content=\"https:\/\/masterchem.fi\/wp-content\/uploads\/2023\/06\/Maakutte-vedelik-Master-NOL30-1000l-MasterChem.jpg\" \/>\n\t<meta property=\"og:image:width\" content=\"1000\" \/>\n\t<meta property=\"og:image:height\" content=\"1000\" \/>\n\t<meta property=\"og:image:type\" content=\"image\/jpeg\" \/>\n<meta name=\"twitter:card\" content=\"summary_large_image\" \/>\n<meta name=\"twitter:label1\" content=\"Ber\u00e4knad l\u00e4stid\" \/>\n\t<meta name=\"twitter:data1\" content=\"1 minut\" \/>\n<script type=\"application\/ld+json\" class=\"yoast-schema-graph\">{\"@context\":\"https:\\\/\\\/schema.org\",\"@graph\":[{\"@type\":\"WebPage\",\"@id\":\"https:\\\/\\\/masterchem.fi\\\/sv\\\/produkt\\\/master-nol30-standardbruk-for-fyllning-av-geotermiska-kretsar\\\/\",\"url\":\"https:\\\/\\\/masterchem.fi\\\/sv\\\/produkt\\\/master-nol30-standardbruk-for-fyllning-av-geotermiska-kretsar\\\/\",\"name\":\"Master NOL30 standardbruk f\u00f6r fyllning av geotermiska kretsar - MasterChem | kemikaalien tuotanto ja myynti\",\"isPartOf\":{\"@id\":\"https:\\\/\\\/masterchem.fi\\\/sv\\\/#website\"},\"primaryImageOfPage\":{\"@id\":\"https:\\\/\\\/masterchem.fi\\\/sv\\\/produkt\\\/master-nol30-standardbruk-for-fyllning-av-geotermiska-kretsar\\\/#primaryimage\"},\"image\":{\"@id\":\"https:\\\/\\\/masterchem.fi\\\/sv\\\/produkt\\\/master-nol30-standardbruk-for-fyllning-av-geotermiska-kretsar\\\/#primaryimage\"},\"thumbnailUrl\":\"https:\\\/\\\/masterchem.fi\\\/wp-content\\\/uploads\\\/2023\\\/06\\\/Maakutte-vedelik-Master-NOL30-1000l-MasterChem.jpg\",\"datePublished\":\"2023-06-14T16:27:46+00:00\",\"dateModified\":\"2023-06-14T16:38:41+00:00\",\"description\":\"Master NOL30 \u00e4r en produkt tillverkad av MasterChems experter f\u00f6r fyllning av geotermiska kretsar. Denna produkt \u00e4r baserad p\u00e5 30 % denaturerad etanoll\u00f6sning fr\u00e5n v\u00e4rmepumpar.\",\"breadcrumb\":{\"@id\":\"https:\\\/\\\/masterchem.fi\\\/sv\\\/produkt\\\/master-nol30-standardbruk-for-fyllning-av-geotermiska-kretsar\\\/#breadcrumb\"},\"inLanguage\":\"sv-SE\",\"potentialAction\":[{\"@type\":\"ReadAction\",\"target\":[\"https:\\\/\\\/masterchem.fi\\\/sv\\\/produkt\\\/master-nol30-standardbruk-for-fyllning-av-geotermiska-kretsar\\\/\"]}]},{\"@type\":\"ImageObject\",\"inLanguage\":\"sv-SE\",\"@id\":\"https:\\\/\\\/masterchem.fi\\\/sv\\\/produkt\\\/master-nol30-standardbruk-for-fyllning-av-geotermiska-kretsar\\\/#primaryimage\",\"url\":\"https:\\\/\\\/masterchem.fi\\\/wp-content\\\/uploads\\\/2023\\\/06\\\/Maakutte-vedelik-Master-NOL30-1000l-MasterChem.jpg\",\"contentUrl\":\"https:\\\/\\\/masterchem.fi\\\/wp-content\\\/uploads\\\/2023\\\/06\\\/Maakutte-vedelik-Master-NOL30-1000l-MasterChem.jpg\",\"width\":1000,\"height\":1000},{\"@type\":\"BreadcrumbList\",\"@id\":\"https:\\\/\\\/masterchem.fi\\\/sv\\\/produkt\\\/master-nol30-standardbruk-for-fyllning-av-geotermiska-kretsar\\\/#breadcrumb\",\"itemListElement\":[{\"@type\":\"ListItem\",\"position\":1,\"name\":\"Home\",\"item\":\"https:\\\/\\\/masterchem.fi\\\/sv\\\/\"},{\"@type\":\"ListItem\",\"position\":2,\"name\":\"Butik\",\"item\":\"https:\\\/\\\/masterchem.fi\\\/sv\\\/butik\\\/\"},{\"@type\":\"ListItem\",\"position\":3,\"name\":\"Master NOL30 standardbruk f\u00f6r fyllning av geotermiska kretsar\"}]},{\"@type\":\"WebSite\",\"@id\":\"https:\\\/\\\/masterchem.fi\\\/sv\\\/#website\",\"url\":\"https:\\\/\\\/masterchem.fi\\\/sv\\\/\",\"name\":\"MasterChem | kemikaalien tuotanto ja myynti\",\"description\":\"kemikaalien tuotanto ja myynti\",\"potentialAction\":[{\"@type\":\"SearchAction\",\"target\":{\"@type\":\"EntryPoint\",\"urlTemplate\":\"https:\\\/\\\/masterchem.fi\\\/sv\\\/?s={search_term_string}\"},\"query-input\":{\"@type\":\"PropertyValueSpecification\",\"valueRequired\":true,\"valueName\":\"search_term_string\"}}],\"inLanguage\":\"sv-SE\"}]}<\/script>\n<!-- \/ Yoast SEO plugin. -->","yoast_head_json":{"title":"Master NOL30 standardbruk f\u00f6r fyllning av geotermiska kretsar - MasterChem | kemikaalien tuotanto ja myynti","description":"Master NOL30 \u00e4r en produkt tillverkad av MasterChems experter f\u00f6r fyllning av geotermiska kretsar. Denna produkt \u00e4r baserad p\u00e5 30 % denaturerad etanoll\u00f6sning fr\u00e5n v\u00e4rmepumpar.","robots":{"index":"index","follow":"follow","max-snippet":"max-snippet:-1","max-image-preview":"max-image-preview:large","max-video-preview":"max-video-preview:-1"},"canonical":"https:\/\/masterchem.fi\/sv\/produkt\/master-nol30-standardbruk-for-fyllning-av-geotermiska-kretsar\/","og_locale":"sv_SE","og_type":"article","og_title":"Master NOL30 standardbruk f\u00f6r fyllning av geotermiska kretsar - MasterChem | kemikaalien tuotanto ja myynti","og_description":"Master NOL30 \u00e4r en produkt tillverkad av MasterChems experter f\u00f6r fyllning av geotermiska kretsar. Denna produkt \u00e4r baserad p\u00e5 30 % denaturerad etanoll\u00f6sning fr\u00e5n v\u00e4rmepumpar.","og_url":"https:\/\/masterchem.fi\/sv\/produkt\/master-nol30-standardbruk-for-fyllning-av-geotermiska-kretsar\/","og_site_name":"MasterChem | kemikaalien tuotanto ja myynti","article_modified_time":"2023-06-14T16:38:41+00:00","og_image":[{"width":1000,"height":1000,"url":"https:\/\/masterchem.fi\/wp-content\/uploads\/2023\/06\/Maakutte-vedelik-Master-NOL30-1000l-MasterChem.jpg","type":"image\/jpeg"}],"twitter_card":"summary_large_image","twitter_misc":{"Ber\u00e4knad l\u00e4stid":"1 minut"},"schema":{"@context":"https:\/\/schema.org","@graph":[{"@type":"WebPage","@id":"https:\/\/masterchem.fi\/sv\/produkt\/master-nol30-standardbruk-for-fyllning-av-geotermiska-kretsar\/","url":"https:\/\/masterchem.fi\/sv\/produkt\/master-nol30-standardbruk-for-fyllning-av-geotermiska-kretsar\/","name":"Master NOL30 standardbruk f\u00f6r fyllning av geotermiska kretsar - MasterChem | kemikaalien tuotanto ja myynti","isPartOf":{"@id":"https:\/\/masterchem.fi\/sv\/#website"},"primaryImageOfPage":{"@id":"https:\/\/masterchem.fi\/sv\/produkt\/master-nol30-standardbruk-for-fyllning-av-geotermiska-kretsar\/#primaryimage"},"image":{"@id":"https:\/\/masterchem.fi\/sv\/produkt\/master-nol30-standardbruk-for-fyllning-av-geotermiska-kretsar\/#primaryimage"},"thumbnailUrl":"https:\/\/masterchem.fi\/wp-content\/uploads\/2023\/06\/Maakutte-vedelik-Master-NOL30-1000l-MasterChem.jpg","datePublished":"2023-06-14T16:27:46+00:00","dateModified":"2023-06-14T16:38:41+00:00","description":"Master NOL30 \u00e4r en produkt tillverkad av MasterChems experter f\u00f6r fyllning av geotermiska kretsar. Denna produkt \u00e4r baserad p\u00e5 30 % denaturerad etanoll\u00f6sning fr\u00e5n v\u00e4rmepumpar.","breadcrumb":{"@id":"https:\/\/masterchem.fi\/sv\/produkt\/master-nol30-standardbruk-for-fyllning-av-geotermiska-kretsar\/#breadcrumb"},"inLanguage":"sv-SE","potentialAction":[{"@type":"ReadAction","target":["https:\/\/masterchem.fi\/sv\/produkt\/master-nol30-standardbruk-for-fyllning-av-geotermiska-kretsar\/"]}]},{"@type":"ImageObject","inLanguage":"sv-SE","@id":"https:\/\/masterchem.fi\/sv\/produkt\/master-nol30-standardbruk-for-fyllning-av-geotermiska-kretsar\/#primaryimage","url":"https:\/\/masterchem.fi\/wp-content\/uploads\/2023\/06\/Maakutte-vedelik-Master-NOL30-1000l-MasterChem.jpg","contentUrl":"https:\/\/masterchem.fi\/wp-content\/uploads\/2023\/06\/Maakutte-vedelik-Master-NOL30-1000l-MasterChem.jpg","width":1000,"height":1000},{"@type":"BreadcrumbList","@id":"https:\/\/masterchem.fi\/sv\/produkt\/master-nol30-standardbruk-for-fyllning-av-geotermiska-kretsar\/#breadcrumb","itemListElement":[{"@type":"ListItem","position":1,"name":"Home","item":"https:\/\/masterchem.fi\/sv\/"},{"@type":"ListItem","position":2,"name":"Butik","item":"https:\/\/masterchem.fi\/sv\/butik\/"},{"@type":"ListItem","position":3,"name":"Master NOL30 standardbruk f\u00f6r fyllning av geotermiska kretsar"}]},{"@type":"WebSite","@id":"https:\/\/masterchem.fi\/sv\/#website","url":"https:\/\/masterchem.fi\/sv\/","name":"MasterChem | kemikaalien tuotanto ja myynti","description":"kemikaalien tuotanto ja myynti","potentialAction":[{"@type":"SearchAction","target":{"@type":"EntryPoint","urlTemplate":"https:\/\/masterchem.fi\/sv\/?s={search_term_string}"},"query-input":{"@type":"PropertyValueSpecification","valueRequired":true,"valueName":"search_term_string"}}],"inLanguage":"sv-SE"}]}},"_links":{"self":[{"href":"https:\/\/masterchem.fi\/sv\/wp-json\/wp\/v2\/product\/12189","targetHints":{"allow":["GET"]}}],"collection":[{"href":"https:\/\/masterchem.fi\/sv\/wp-json\/wp\/v2\/product"}],"about":[{"href":"https:\/\/masterchem.fi\/sv\/wp-json\/wp\/v2\/types\/product"}],"wp:featuredmedia":[{"embeddable":true,"href":"https:\/\/masterchem.fi\/sv\/wp-json\/wp\/v2\/media\/12198"}],"wp:attachment":[{"href":"https:\/\/masterchem.fi\/sv\/wp-json\/wp\/v2\/media?parent=12189"}],"wp:term":[{"taxonomy":"product_brand","embeddable":true,"href":"https:\/\/masterchem.fi\/sv\/wp-json\/wp\/v2\/product_brand?post=12189"},{"taxonomy":"product_cat","embeddable":true,"href":"https:\/\/masterchem.fi\/sv\/wp-json\/wp\/v2\/product_cat?post=12189"},{"taxonomy":"product_tag","embeddable":true,"href":"https:\/\/masterchem.fi\/sv\/wp-json\/wp\/v2\/product_tag?post=12189"}],"curies":[{"name":"wp","href":"https:\/\/api.w.org\/{rel}","templated":true}]}}