{"id":12213,"date":"2023-07-30T21:05:27","date_gmt":"2023-07-30T18:05:29","guid":{"rendered":"https:\/\/masterchem.fi\/?post_type=product&#038;p=12213"},"modified":"2023-07-30T21:09:37","modified_gmt":"2023-07-30T18:09:37","slug":"kolada-cas-39711-79-0","status":"publish","type":"product","link":"https:\/\/masterchem.fi\/sv\/produkt\/kolada-cas-39711-79-0\/","title":{"rendered":"Kolada (CAS 39711-79-0)"},"content":{"rendered":"<p><strong>Information<\/strong><br \/>\nCAS-nummer: 39711-79-0<br \/>\nWE-nummer: 254-599-0<br \/>\nKemisk formel: C13H25NO<br \/>\nMolvikt: 211 g\/mol<br \/>\nTulltaxekod: 29242970<\/p>\n<p>Andra fysiska egenskaper <br \/>\nSm\u00e4lt-\/fryspunkt: 87,0-102,0\u00b0C<\/p>\n","protected":false},"excerpt":{"rendered":"<p>De traditionella kylv\u00e4tskorna som mentol, pepparmyntsolja och eukalyptusolja har f\u00f6rdelarna med snabba utbrott och stark stimulans av sval k\u00e4nsla. Men samtidigt har de nackdelarna med en mycket stark karakteristisk lukt, som \u00e4r l\u00e4tt att f\u00f6rflyktiga vid h\u00f6g temperatur och inneh\u00e5ller bitter smak vid h\u00f6ga doser.<\/p>\n<p>Ans\u00f6kan<\/p>\n<p>1. Produkter f\u00f6r daglig anv\u00e4ndning: tandkr\u00e4m, orala produkter, luftfr\u00e4schare, hudkr\u00e4m, rakkr\u00e4m, schampo, solkr\u00e4m, duschkr\u00e4m.<\/p>\n<p>2. Livsmedel: Konfektyrprodukter, choklad, mejeriprodukter, \u00f6l, destillerad sprit, dryck, tuggummi.<\/p>\n<p>3. L\u00e4kemedel: Linctus, salva f\u00f6r minskad inflammation, dyspepsi, kl\u00e5dstillande medel, liniment, acesodyne i munh\u00e5lan, v\u00e4rmeslagpiller.<\/p>\n","protected":false},"featured_media":12217,"template":"","meta":[],"product_brand":[],"product_cat":[116,171],"product_tag":[],"class_list":{"0":"post-12213","1":"product","2":"type-product","3":"status-publish","4":"has-post-thumbnail","6":"product_cat-alla-produkter","7":"product_cat-livsmedelsindustrin","9":"first","10":"outofstock","11":"taxable","12":"shipping-taxable","13":"purchasable","14":"product-type-variable","15":"has-default-attributes","16":"rtwpvg-product"},"yoast_head":"<!-- This site is optimized with the Yoast SEO plugin v27.5 - https:\/\/yoast.com\/product\/yoast-seo-wordpress\/ -->\n<title>Kolada (CAS 39711-79-0) - MasterChem | kemikaalien tuotanto ja myynti<\/title>\n<meta name=\"description\" content=\"Kylmedel Koolada pulver CAS 39711-79-0.\" \/>\n<meta name=\"robots\" content=\"index, follow, max-snippet:-1, max-image-preview:large, max-video-preview:-1\" \/>\n<link rel=\"canonical\" href=\"https:\/\/masterchem.fi\/sv\/produkt\/kolada-cas-39711-79-0\/\" \/>\n<meta property=\"og:locale\" content=\"sv_SE\" \/>\n<meta property=\"og:type\" content=\"article\" \/>\n<meta property=\"og:title\" content=\"Kolada (CAS 39711-79-0) - MasterChem | kemikaalien tuotanto ja myynti\" \/>\n<meta property=\"og:description\" content=\"Kylmedel Koolada pulver CAS 39711-79-0.\" \/>\n<meta property=\"og:url\" content=\"https:\/\/masterchem.fi\/sv\/produkt\/kolada-cas-39711-79-0\/\" \/>\n<meta property=\"og:site_name\" content=\"MasterChem | kemikaalien tuotanto ja myynti\" \/>\n<meta property=\"article:modified_time\" content=\"2023-07-30T18:09:37+00:00\" \/>\n<meta property=\"og:image\" content=\"https:\/\/masterchem.fi\/wp-content\/uploads\/2023\/07\/Kolada-39711-79-0-25kg-MasterChem.jpg\" \/>\n\t<meta property=\"og:image:width\" content=\"1000\" \/>\n\t<meta property=\"og:image:height\" content=\"1000\" \/>\n\t<meta property=\"og:image:type\" content=\"image\/jpeg\" \/>\n<meta name=\"twitter:card\" content=\"summary_large_image\" \/>\n<script type=\"application\/ld+json\" class=\"yoast-schema-graph\">{\"@context\":\"https:\\\/\\\/schema.org\",\"@graph\":[{\"@type\":\"WebPage\",\"@id\":\"https:\\\/\\\/masterchem.fi\\\/sv\\\/produkt\\\/kolada-cas-39711-79-0\\\/\",\"url\":\"https:\\\/\\\/masterchem.fi\\\/sv\\\/produkt\\\/kolada-cas-39711-79-0\\\/\",\"name\":\"Kolada (CAS 39711-79-0) - MasterChem | kemikaalien tuotanto ja myynti\",\"isPartOf\":{\"@id\":\"https:\\\/\\\/masterchem.fi\\\/sv\\\/#website\"},\"primaryImageOfPage\":{\"@id\":\"https:\\\/\\\/masterchem.fi\\\/sv\\\/produkt\\\/kolada-cas-39711-79-0\\\/#primaryimage\"},\"image\":{\"@id\":\"https:\\\/\\\/masterchem.fi\\\/sv\\\/produkt\\\/kolada-cas-39711-79-0\\\/#primaryimage\"},\"thumbnailUrl\":\"https:\\\/\\\/masterchem.fi\\\/wp-content\\\/uploads\\\/2023\\\/07\\\/Kolada-39711-79-0-25kg-MasterChem.jpg\",\"datePublished\":\"2023-07-30T18:05:29+00:00\",\"dateModified\":\"2023-07-30T18:09:37+00:00\",\"description\":\"Kylmedel Koolada pulver CAS 39711-79-0.\",\"breadcrumb\":{\"@id\":\"https:\\\/\\\/masterchem.fi\\\/sv\\\/produkt\\\/kolada-cas-39711-79-0\\\/#breadcrumb\"},\"inLanguage\":\"sv-SE\",\"potentialAction\":[{\"@type\":\"ReadAction\",\"target\":[\"https:\\\/\\\/masterchem.fi\\\/sv\\\/produkt\\\/kolada-cas-39711-79-0\\\/\"]}]},{\"@type\":\"ImageObject\",\"inLanguage\":\"sv-SE\",\"@id\":\"https:\\\/\\\/masterchem.fi\\\/sv\\\/produkt\\\/kolada-cas-39711-79-0\\\/#primaryimage\",\"url\":\"https:\\\/\\\/masterchem.fi\\\/wp-content\\\/uploads\\\/2023\\\/07\\\/Kolada-39711-79-0-25kg-MasterChem.jpg\",\"contentUrl\":\"https:\\\/\\\/masterchem.fi\\\/wp-content\\\/uploads\\\/2023\\\/07\\\/Kolada-39711-79-0-25kg-MasterChem.jpg\",\"width\":1000,\"height\":1000},{\"@type\":\"BreadcrumbList\",\"@id\":\"https:\\\/\\\/masterchem.fi\\\/sv\\\/produkt\\\/kolada-cas-39711-79-0\\\/#breadcrumb\",\"itemListElement\":[{\"@type\":\"ListItem\",\"position\":1,\"name\":\"Home\",\"item\":\"https:\\\/\\\/masterchem.fi\\\/sv\\\/\"},{\"@type\":\"ListItem\",\"position\":2,\"name\":\"Butik\",\"item\":\"https:\\\/\\\/masterchem.fi\\\/sv\\\/butik\\\/\"},{\"@type\":\"ListItem\",\"position\":3,\"name\":\"Kolada (CAS 39711-79-0)\"}]},{\"@type\":\"WebSite\",\"@id\":\"https:\\\/\\\/masterchem.fi\\\/sv\\\/#website\",\"url\":\"https:\\\/\\\/masterchem.fi\\\/sv\\\/\",\"name\":\"MasterChem | kemikaalien tuotanto ja myynti\",\"description\":\"kemikaalien tuotanto ja myynti\",\"potentialAction\":[{\"@type\":\"SearchAction\",\"target\":{\"@type\":\"EntryPoint\",\"urlTemplate\":\"https:\\\/\\\/masterchem.fi\\\/sv\\\/?s={search_term_string}\"},\"query-input\":{\"@type\":\"PropertyValueSpecification\",\"valueRequired\":true,\"valueName\":\"search_term_string\"}}],\"inLanguage\":\"sv-SE\"}]}<\/script>\n<!-- \/ Yoast SEO plugin. -->","yoast_head_json":{"title":"Kolada (CAS 39711-79-0) - MasterChem | kemikaalien tuotanto ja myynti","description":"Kylmedel Koolada pulver CAS 39711-79-0.","robots":{"index":"index","follow":"follow","max-snippet":"max-snippet:-1","max-image-preview":"max-image-preview:large","max-video-preview":"max-video-preview:-1"},"canonical":"https:\/\/masterchem.fi\/sv\/produkt\/kolada-cas-39711-79-0\/","og_locale":"sv_SE","og_type":"article","og_title":"Kolada (CAS 39711-79-0) - MasterChem | kemikaalien tuotanto ja myynti","og_description":"Kylmedel Koolada pulver CAS 39711-79-0.","og_url":"https:\/\/masterchem.fi\/sv\/produkt\/kolada-cas-39711-79-0\/","og_site_name":"MasterChem | kemikaalien tuotanto ja myynti","article_modified_time":"2023-07-30T18:09:37+00:00","og_image":[{"width":1000,"height":1000,"url":"https:\/\/masterchem.fi\/wp-content\/uploads\/2023\/07\/Kolada-39711-79-0-25kg-MasterChem.jpg","type":"image\/jpeg"}],"twitter_card":"summary_large_image","schema":{"@context":"https:\/\/schema.org","@graph":[{"@type":"WebPage","@id":"https:\/\/masterchem.fi\/sv\/produkt\/kolada-cas-39711-79-0\/","url":"https:\/\/masterchem.fi\/sv\/produkt\/kolada-cas-39711-79-0\/","name":"Kolada (CAS 39711-79-0) - MasterChem | kemikaalien tuotanto ja myynti","isPartOf":{"@id":"https:\/\/masterchem.fi\/sv\/#website"},"primaryImageOfPage":{"@id":"https:\/\/masterchem.fi\/sv\/produkt\/kolada-cas-39711-79-0\/#primaryimage"},"image":{"@id":"https:\/\/masterchem.fi\/sv\/produkt\/kolada-cas-39711-79-0\/#primaryimage"},"thumbnailUrl":"https:\/\/masterchem.fi\/wp-content\/uploads\/2023\/07\/Kolada-39711-79-0-25kg-MasterChem.jpg","datePublished":"2023-07-30T18:05:29+00:00","dateModified":"2023-07-30T18:09:37+00:00","description":"Kylmedel Koolada pulver CAS 39711-79-0.","breadcrumb":{"@id":"https:\/\/masterchem.fi\/sv\/produkt\/kolada-cas-39711-79-0\/#breadcrumb"},"inLanguage":"sv-SE","potentialAction":[{"@type":"ReadAction","target":["https:\/\/masterchem.fi\/sv\/produkt\/kolada-cas-39711-79-0\/"]}]},{"@type":"ImageObject","inLanguage":"sv-SE","@id":"https:\/\/masterchem.fi\/sv\/produkt\/kolada-cas-39711-79-0\/#primaryimage","url":"https:\/\/masterchem.fi\/wp-content\/uploads\/2023\/07\/Kolada-39711-79-0-25kg-MasterChem.jpg","contentUrl":"https:\/\/masterchem.fi\/wp-content\/uploads\/2023\/07\/Kolada-39711-79-0-25kg-MasterChem.jpg","width":1000,"height":1000},{"@type":"BreadcrumbList","@id":"https:\/\/masterchem.fi\/sv\/produkt\/kolada-cas-39711-79-0\/#breadcrumb","itemListElement":[{"@type":"ListItem","position":1,"name":"Home","item":"https:\/\/masterchem.fi\/sv\/"},{"@type":"ListItem","position":2,"name":"Butik","item":"https:\/\/masterchem.fi\/sv\/butik\/"},{"@type":"ListItem","position":3,"name":"Kolada (CAS 39711-79-0)"}]},{"@type":"WebSite","@id":"https:\/\/masterchem.fi\/sv\/#website","url":"https:\/\/masterchem.fi\/sv\/","name":"MasterChem | kemikaalien tuotanto ja myynti","description":"kemikaalien tuotanto ja myynti","potentialAction":[{"@type":"SearchAction","target":{"@type":"EntryPoint","urlTemplate":"https:\/\/masterchem.fi\/sv\/?s={search_term_string}"},"query-input":{"@type":"PropertyValueSpecification","valueRequired":true,"valueName":"search_term_string"}}],"inLanguage":"sv-SE"}]}},"_links":{"self":[{"href":"https:\/\/masterchem.fi\/sv\/wp-json\/wp\/v2\/product\/12213","targetHints":{"allow":["GET"]}}],"collection":[{"href":"https:\/\/masterchem.fi\/sv\/wp-json\/wp\/v2\/product"}],"about":[{"href":"https:\/\/masterchem.fi\/sv\/wp-json\/wp\/v2\/types\/product"}],"wp:featuredmedia":[{"embeddable":true,"href":"https:\/\/masterchem.fi\/sv\/wp-json\/wp\/v2\/media\/12217"}],"wp:attachment":[{"href":"https:\/\/masterchem.fi\/sv\/wp-json\/wp\/v2\/media?parent=12213"}],"wp:term":[{"taxonomy":"product_brand","embeddable":true,"href":"https:\/\/masterchem.fi\/sv\/wp-json\/wp\/v2\/product_brand?post=12213"},{"taxonomy":"product_cat","embeddable":true,"href":"https:\/\/masterchem.fi\/sv\/wp-json\/wp\/v2\/product_cat?post=12213"},{"taxonomy":"product_tag","embeddable":true,"href":"https:\/\/masterchem.fi\/sv\/wp-json\/wp\/v2\/product_tag?post=12213"}],"curies":[{"name":"wp","href":"https:\/\/api.w.org\/{rel}","templated":true}]}}