{"id":12223,"date":"2023-07-31T23:45:06","date_gmt":"2023-07-31T20:45:08","guid":{"rendered":"https:\/\/masterchem.fi\/?post_type=product&#038;p=12223"},"modified":"2023-07-31T23:47:54","modified_gmt":"2023-07-31T20:47:54","slug":"sebacinsyra-cas-111-20-6","status":"publish","type":"product","link":"https:\/\/masterchem.fi\/sv\/produkt\/sebacinsyra-cas-111-20-6\/","title":{"rendered":"Sebacinsyra (CAS 111-20-6)"},"content":{"rendered":"<p><strong>Information<\/strong><br \/>\nBranscher: Lim, oljor, fetter<br \/>\nSammans\u00e4ttning: Syror<br \/>\nCAS-nummer: 111-20-6<br \/>\nWE-nummer: 203-845-5<br \/>\nKemisk formel: C10H18O4<br \/>\nMolmassa: 202,25 g\/mol<br \/>\nTulltaxekod: 29171310<\/p>\n<p><strong>Andra fysiska egenskaper<\/strong><br \/>\nSm\u00e4lt-\/fryspunkt: 131,0 \u2013 134,5\u00b0C<br \/>\nKokpunkt\/intervall: 294\u00b0C (13,3 kPa)<br \/>\nRelativ densitet: 1,2 g\/cm3<br \/>\nL\u00f6slighet i vatten: 0,1 g\/ml<\/p>\n","protected":false},"excerpt":{"rendered":"<p><strong>Sebacinsyra (CAS 111-20-6)<\/strong><\/p>\n<p>Sebacinsyra \u00e4r en dikarboxylsyra som h\u00e4rr\u00f6r fr\u00e5n ricinolja. Det anv\u00e4nds ofta f\u00f6r att tillverka polymerer, mjukg\u00f6rare, sm\u00f6rjmedel och korrosionsskyddsmedel. Det kan fungera som en pH-korrigerare i de kosmetiska produkternas formuleringar. Sebacinsyra anv\u00e4nds ocks\u00e5 som en prekursor f\u00f6r att framst\u00e4lla sebacatestrar s\u00e5som diisopropylsebacat, dietylhexylsebacat och dibutylsebacat.<\/p>\n","protected":false},"featured_media":12227,"template":"","meta":[],"product_brand":[],"product_cat":[104,112,116],"product_tag":[],"class_list":{"0":"post-12223","1":"product","2":"type-product","3":"status-publish","4":"has-post-thumbnail","6":"product_cat-bil-och-maskinkemikalier","7":"product_cat-byggbranschen","8":"product_cat-alla-produkter","10":"first","11":"outofstock","12":"taxable","13":"shipping-taxable","14":"purchasable","15":"product-type-variable","16":"has-default-attributes","17":"rtwpvg-product"},"yoast_head":"<!-- This site is optimized with the Yoast SEO plugin v27.2 - https:\/\/yoast.com\/product\/yoast-seo-wordpress\/ -->\n<title>Sebacinsyra (CAS 111-20-6) - MasterChem | kemikaalien tuotanto ja myynti<\/title>\n<meta name=\"description\" content=\"Sebacinsyra \u00e4r en dikarboxylsyra som h\u00e4rr\u00f6r fr\u00e5n ricinolja. Det anv\u00e4nds ofta f\u00f6r att tillverka polymerer, mjukg\u00f6rare, sm\u00f6rjmedel och korrosionsskyddsmedel.\" \/>\n<meta name=\"robots\" content=\"index, follow, max-snippet:-1, max-image-preview:large, max-video-preview:-1\" \/>\n<link rel=\"canonical\" href=\"https:\/\/masterchem.fi\/sv\/produkt\/sebacinsyra-cas-111-20-6\/\" \/>\n<meta property=\"og:locale\" content=\"sv_SE\" \/>\n<meta property=\"og:type\" content=\"article\" \/>\n<meta property=\"og:title\" content=\"Sebacinsyra (CAS 111-20-6) - MasterChem | kemikaalien tuotanto ja myynti\" \/>\n<meta property=\"og:description\" content=\"Sebacinsyra \u00e4r en dikarboxylsyra som h\u00e4rr\u00f6r fr\u00e5n ricinolja. Det anv\u00e4nds ofta f\u00f6r att tillverka polymerer, mjukg\u00f6rare, sm\u00f6rjmedel och korrosionsskyddsmedel.\" \/>\n<meta property=\"og:url\" content=\"https:\/\/masterchem.fi\/sv\/produkt\/sebacinsyra-cas-111-20-6\/\" \/>\n<meta property=\"og:site_name\" content=\"MasterChem | kemikaalien tuotanto ja myynti\" \/>\n<meta property=\"article:modified_time\" content=\"2023-07-31T20:47:54+00:00\" \/>\n<meta property=\"og:image\" content=\"https:\/\/masterchem.fi\/wp-content\/uploads\/2023\/07\/Sebacic-Acid-111-20-6-25kg-MasterChem.jpg\" \/>\n\t<meta property=\"og:image:width\" content=\"1000\" \/>\n\t<meta property=\"og:image:height\" content=\"1000\" \/>\n\t<meta property=\"og:image:type\" content=\"image\/jpeg\" \/>\n<meta name=\"twitter:card\" content=\"summary_large_image\" \/>\n<script type=\"application\/ld+json\" class=\"yoast-schema-graph\">{\"@context\":\"https:\/\/schema.org\",\"@graph\":[{\"@type\":\"WebPage\",\"@id\":\"https:\/\/masterchem.fi\/sv\/produkt\/sebacinsyra-cas-111-20-6\/\",\"url\":\"https:\/\/masterchem.fi\/sv\/produkt\/sebacinsyra-cas-111-20-6\/\",\"name\":\"Sebacinsyra (CAS 111-20-6) - MasterChem | kemikaalien tuotanto ja myynti\",\"isPartOf\":{\"@id\":\"https:\/\/masterchem.fi\/sv\/#website\"},\"primaryImageOfPage\":{\"@id\":\"https:\/\/masterchem.fi\/sv\/produkt\/sebacinsyra-cas-111-20-6\/#primaryimage\"},\"image\":{\"@id\":\"https:\/\/masterchem.fi\/sv\/produkt\/sebacinsyra-cas-111-20-6\/#primaryimage\"},\"thumbnailUrl\":\"https:\/\/masterchem.fi\/wp-content\/uploads\/2023\/07\/Sebacic-Acid-111-20-6-25kg-MasterChem.jpg\",\"datePublished\":\"2023-07-31T20:45:08+00:00\",\"dateModified\":\"2023-07-31T20:47:54+00:00\",\"description\":\"Sebacinsyra \u00e4r en dikarboxylsyra som h\u00e4rr\u00f6r fr\u00e5n ricinolja. Det anv\u00e4nds ofta f\u00f6r att tillverka polymerer, mjukg\u00f6rare, sm\u00f6rjmedel och korrosionsskyddsmedel.\",\"breadcrumb\":{\"@id\":\"https:\/\/masterchem.fi\/sv\/produkt\/sebacinsyra-cas-111-20-6\/#breadcrumb\"},\"inLanguage\":\"sv-SE\",\"potentialAction\":[{\"@type\":\"ReadAction\",\"target\":[\"https:\/\/masterchem.fi\/sv\/produkt\/sebacinsyra-cas-111-20-6\/\"]}]},{\"@type\":\"ImageObject\",\"inLanguage\":\"sv-SE\",\"@id\":\"https:\/\/masterchem.fi\/sv\/produkt\/sebacinsyra-cas-111-20-6\/#primaryimage\",\"url\":\"https:\/\/masterchem.fi\/wp-content\/uploads\/2023\/07\/Sebacic-Acid-111-20-6-25kg-MasterChem.jpg\",\"contentUrl\":\"https:\/\/masterchem.fi\/wp-content\/uploads\/2023\/07\/Sebacic-Acid-111-20-6-25kg-MasterChem.jpg\",\"width\":1000,\"height\":1000},{\"@type\":\"BreadcrumbList\",\"@id\":\"https:\/\/masterchem.fi\/sv\/produkt\/sebacinsyra-cas-111-20-6\/#breadcrumb\",\"itemListElement\":[{\"@type\":\"ListItem\",\"position\":1,\"name\":\"Home\",\"item\":\"https:\/\/masterchem.fi\/sv\/\"},{\"@type\":\"ListItem\",\"position\":2,\"name\":\"Butik\",\"item\":\"https:\/\/masterchem.fi\/sv\/butik\/\"},{\"@type\":\"ListItem\",\"position\":3,\"name\":\"Sebacinsyra (CAS 111-20-6)\"}]},{\"@type\":\"WebSite\",\"@id\":\"https:\/\/masterchem.fi\/sv\/#website\",\"url\":\"https:\/\/masterchem.fi\/sv\/\",\"name\":\"MasterChem | kemikaalien tuotanto ja myynti\",\"description\":\"kemikaalien tuotanto ja myynti\",\"potentialAction\":[{\"@type\":\"SearchAction\",\"target\":{\"@type\":\"EntryPoint\",\"urlTemplate\":\"https:\/\/masterchem.fi\/sv\/?s={search_term_string}\"},\"query-input\":{\"@type\":\"PropertyValueSpecification\",\"valueRequired\":true,\"valueName\":\"search_term_string\"}}],\"inLanguage\":\"sv-SE\"}]}<\/script>\n<!-- \/ Yoast SEO plugin. -->","yoast_head_json":{"title":"Sebacinsyra (CAS 111-20-6) - MasterChem | kemikaalien tuotanto ja myynti","description":"Sebacinsyra \u00e4r en dikarboxylsyra som h\u00e4rr\u00f6r fr\u00e5n ricinolja. Det anv\u00e4nds ofta f\u00f6r att tillverka polymerer, mjukg\u00f6rare, sm\u00f6rjmedel och korrosionsskyddsmedel.","robots":{"index":"index","follow":"follow","max-snippet":"max-snippet:-1","max-image-preview":"max-image-preview:large","max-video-preview":"max-video-preview:-1"},"canonical":"https:\/\/masterchem.fi\/sv\/produkt\/sebacinsyra-cas-111-20-6\/","og_locale":"sv_SE","og_type":"article","og_title":"Sebacinsyra (CAS 111-20-6) - MasterChem | kemikaalien tuotanto ja myynti","og_description":"Sebacinsyra \u00e4r en dikarboxylsyra som h\u00e4rr\u00f6r fr\u00e5n ricinolja. Det anv\u00e4nds ofta f\u00f6r att tillverka polymerer, mjukg\u00f6rare, sm\u00f6rjmedel och korrosionsskyddsmedel.","og_url":"https:\/\/masterchem.fi\/sv\/produkt\/sebacinsyra-cas-111-20-6\/","og_site_name":"MasterChem | kemikaalien tuotanto ja myynti","article_modified_time":"2023-07-31T20:47:54+00:00","og_image":[{"width":1000,"height":1000,"url":"https:\/\/masterchem.fi\/wp-content\/uploads\/2023\/07\/Sebacic-Acid-111-20-6-25kg-MasterChem.jpg","type":"image\/jpeg"}],"twitter_card":"summary_large_image","schema":{"@context":"https:\/\/schema.org","@graph":[{"@type":"WebPage","@id":"https:\/\/masterchem.fi\/sv\/produkt\/sebacinsyra-cas-111-20-6\/","url":"https:\/\/masterchem.fi\/sv\/produkt\/sebacinsyra-cas-111-20-6\/","name":"Sebacinsyra (CAS 111-20-6) - MasterChem | kemikaalien tuotanto ja myynti","isPartOf":{"@id":"https:\/\/masterchem.fi\/sv\/#website"},"primaryImageOfPage":{"@id":"https:\/\/masterchem.fi\/sv\/produkt\/sebacinsyra-cas-111-20-6\/#primaryimage"},"image":{"@id":"https:\/\/masterchem.fi\/sv\/produkt\/sebacinsyra-cas-111-20-6\/#primaryimage"},"thumbnailUrl":"https:\/\/masterchem.fi\/wp-content\/uploads\/2023\/07\/Sebacic-Acid-111-20-6-25kg-MasterChem.jpg","datePublished":"2023-07-31T20:45:08+00:00","dateModified":"2023-07-31T20:47:54+00:00","description":"Sebacinsyra \u00e4r en dikarboxylsyra som h\u00e4rr\u00f6r fr\u00e5n ricinolja. Det anv\u00e4nds ofta f\u00f6r att tillverka polymerer, mjukg\u00f6rare, sm\u00f6rjmedel och korrosionsskyddsmedel.","breadcrumb":{"@id":"https:\/\/masterchem.fi\/sv\/produkt\/sebacinsyra-cas-111-20-6\/#breadcrumb"},"inLanguage":"sv-SE","potentialAction":[{"@type":"ReadAction","target":["https:\/\/masterchem.fi\/sv\/produkt\/sebacinsyra-cas-111-20-6\/"]}]},{"@type":"ImageObject","inLanguage":"sv-SE","@id":"https:\/\/masterchem.fi\/sv\/produkt\/sebacinsyra-cas-111-20-6\/#primaryimage","url":"https:\/\/masterchem.fi\/wp-content\/uploads\/2023\/07\/Sebacic-Acid-111-20-6-25kg-MasterChem.jpg","contentUrl":"https:\/\/masterchem.fi\/wp-content\/uploads\/2023\/07\/Sebacic-Acid-111-20-6-25kg-MasterChem.jpg","width":1000,"height":1000},{"@type":"BreadcrumbList","@id":"https:\/\/masterchem.fi\/sv\/produkt\/sebacinsyra-cas-111-20-6\/#breadcrumb","itemListElement":[{"@type":"ListItem","position":1,"name":"Home","item":"https:\/\/masterchem.fi\/sv\/"},{"@type":"ListItem","position":2,"name":"Butik","item":"https:\/\/masterchem.fi\/sv\/butik\/"},{"@type":"ListItem","position":3,"name":"Sebacinsyra (CAS 111-20-6)"}]},{"@type":"WebSite","@id":"https:\/\/masterchem.fi\/sv\/#website","url":"https:\/\/masterchem.fi\/sv\/","name":"MasterChem | kemikaalien tuotanto ja myynti","description":"kemikaalien tuotanto ja myynti","potentialAction":[{"@type":"SearchAction","target":{"@type":"EntryPoint","urlTemplate":"https:\/\/masterchem.fi\/sv\/?s={search_term_string}"},"query-input":{"@type":"PropertyValueSpecification","valueRequired":true,"valueName":"search_term_string"}}],"inLanguage":"sv-SE"}]}},"_links":{"self":[{"href":"https:\/\/masterchem.fi\/sv\/wp-json\/wp\/v2\/product\/12223","targetHints":{"allow":["GET"]}}],"collection":[{"href":"https:\/\/masterchem.fi\/sv\/wp-json\/wp\/v2\/product"}],"about":[{"href":"https:\/\/masterchem.fi\/sv\/wp-json\/wp\/v2\/types\/product"}],"wp:featuredmedia":[{"embeddable":true,"href":"https:\/\/masterchem.fi\/sv\/wp-json\/wp\/v2\/media\/12227"}],"wp:attachment":[{"href":"https:\/\/masterchem.fi\/sv\/wp-json\/wp\/v2\/media?parent=12223"}],"wp:term":[{"taxonomy":"product_brand","embeddable":true,"href":"https:\/\/masterchem.fi\/sv\/wp-json\/wp\/v2\/product_brand?post=12223"},{"taxonomy":"product_cat","embeddable":true,"href":"https:\/\/masterchem.fi\/sv\/wp-json\/wp\/v2\/product_cat?post=12223"},{"taxonomy":"product_tag","embeddable":true,"href":"https:\/\/masterchem.fi\/sv\/wp-json\/wp\/v2\/product_tag?post=12223"}],"curies":[{"name":"wp","href":"https:\/\/api.w.org\/{rel}","templated":true}]}}