{"id":12234,"date":"2023-08-01T22:43:38","date_gmt":"2023-08-01T19:43:40","guid":{"rendered":"https:\/\/masterchem.fi\/?post_type=product&#038;p=12234"},"modified":"2023-08-01T22:47:16","modified_gmt":"2023-08-01T19:47:16","slug":"rismaltid","status":"publish","type":"product","link":"https:\/\/masterchem.fi\/sv\/produkt\/rismaltid\/","title":{"rendered":"Rism\u00e5ltid"},"content":{"rendered":"<p><strong>Information<\/strong><br \/>\nBranscher: Kosmetisk industri, livsmedelsindustri<\/p>\n","protected":false},"excerpt":{"rendered":"<p><strong>Rism\u00e5ltid<\/strong><\/p>\n<p>Rismj\u00f6l best\u00e5r av polering av riskli och lite rismj\u00f6l. Det \u00e4r den malda biprodukten fr\u00e5n rismalning vilket inneb\u00e4r processen att ta bort skalet och kliskiktet. Det producerar en \u00e4tbar biprodukt som \u00e4r fri fr\u00e5n f\u00f6roreningar.<\/p>\n","protected":false},"featured_media":12238,"template":"","meta":[],"product_brand":[],"product_cat":[116,177],"product_tag":[],"class_list":{"0":"post-12234","1":"product","2":"type-product","3":"status-publish","4":"has-post-thumbnail","6":"product_cat-alla-produkter","7":"product_cat-kosmetikindustrin","9":"first","10":"outofstock","11":"taxable","12":"shipping-taxable","13":"purchasable","14":"product-type-variable","15":"has-default-attributes","16":"rtwpvg-product"},"yoast_head":"<!-- This site is optimized with the Yoast SEO plugin v27.2 - https:\/\/yoast.com\/product\/yoast-seo-wordpress\/ -->\n<title>Rism\u00e5ltid - MasterChem | kemikaalien tuotanto ja myynti<\/title>\n<meta name=\"description\" content=\"Rismj\u00f6l best\u00e5r av polering av riskli och lite rismj\u00f6l. Det \u00e4r den malda biprodukten fr\u00e5n rismalning vilket inneb\u00e4r processen att ta bort skalet och kliskiktet.\" \/>\n<meta name=\"robots\" content=\"index, follow, max-snippet:-1, max-image-preview:large, max-video-preview:-1\" \/>\n<link rel=\"canonical\" href=\"https:\/\/masterchem.fi\/sv\/produkt\/rismaltid\/\" \/>\n<meta property=\"og:locale\" content=\"sv_SE\" \/>\n<meta property=\"og:type\" content=\"article\" \/>\n<meta property=\"og:title\" content=\"Rism\u00e5ltid - MasterChem | kemikaalien tuotanto ja myynti\" \/>\n<meta property=\"og:description\" content=\"Rismj\u00f6l best\u00e5r av polering av riskli och lite rismj\u00f6l. Det \u00e4r den malda biprodukten fr\u00e5n rismalning vilket inneb\u00e4r processen att ta bort skalet och kliskiktet.\" \/>\n<meta property=\"og:url\" content=\"https:\/\/masterchem.fi\/sv\/produkt\/rismaltid\/\" \/>\n<meta property=\"og:site_name\" content=\"MasterChem | kemikaalien tuotanto ja myynti\" \/>\n<meta property=\"article:modified_time\" content=\"2023-08-01T19:47:16+00:00\" \/>\n<meta property=\"og:image\" content=\"https:\/\/masterchem.fi\/wp-content\/uploads\/2023\/08\/Riisijahu-25kg-MasterChem.jpg\" \/>\n\t<meta property=\"og:image:width\" content=\"1000\" \/>\n\t<meta property=\"og:image:height\" content=\"1000\" \/>\n\t<meta property=\"og:image:type\" content=\"image\/jpeg\" \/>\n<meta name=\"twitter:card\" content=\"summary_large_image\" \/>\n<script type=\"application\/ld+json\" class=\"yoast-schema-graph\">{\"@context\":\"https:\/\/schema.org\",\"@graph\":[{\"@type\":\"WebPage\",\"@id\":\"https:\/\/masterchem.fi\/sv\/produkt\/rismaltid\/\",\"url\":\"https:\/\/masterchem.fi\/sv\/produkt\/rismaltid\/\",\"name\":\"Rism\u00e5ltid - MasterChem | kemikaalien tuotanto ja myynti\",\"isPartOf\":{\"@id\":\"https:\/\/masterchem.fi\/sv\/#website\"},\"primaryImageOfPage\":{\"@id\":\"https:\/\/masterchem.fi\/sv\/produkt\/rismaltid\/#primaryimage\"},\"image\":{\"@id\":\"https:\/\/masterchem.fi\/sv\/produkt\/rismaltid\/#primaryimage\"},\"thumbnailUrl\":\"https:\/\/masterchem.fi\/wp-content\/uploads\/2023\/08\/Riisijahu-25kg-MasterChem.jpg\",\"datePublished\":\"2023-08-01T19:43:40+00:00\",\"dateModified\":\"2023-08-01T19:47:16+00:00\",\"description\":\"Rismj\u00f6l best\u00e5r av polering av riskli och lite rismj\u00f6l. Det \u00e4r den malda biprodukten fr\u00e5n rismalning vilket inneb\u00e4r processen att ta bort skalet och kliskiktet.\",\"breadcrumb\":{\"@id\":\"https:\/\/masterchem.fi\/sv\/produkt\/rismaltid\/#breadcrumb\"},\"inLanguage\":\"sv-SE\",\"potentialAction\":[{\"@type\":\"ReadAction\",\"target\":[\"https:\/\/masterchem.fi\/sv\/produkt\/rismaltid\/\"]}]},{\"@type\":\"ImageObject\",\"inLanguage\":\"sv-SE\",\"@id\":\"https:\/\/masterchem.fi\/sv\/produkt\/rismaltid\/#primaryimage\",\"url\":\"https:\/\/masterchem.fi\/wp-content\/uploads\/2023\/08\/Riisijahu-25kg-MasterChem.jpg\",\"contentUrl\":\"https:\/\/masterchem.fi\/wp-content\/uploads\/2023\/08\/Riisijahu-25kg-MasterChem.jpg\",\"width\":1000,\"height\":1000},{\"@type\":\"BreadcrumbList\",\"@id\":\"https:\/\/masterchem.fi\/sv\/produkt\/rismaltid\/#breadcrumb\",\"itemListElement\":[{\"@type\":\"ListItem\",\"position\":1,\"name\":\"Home\",\"item\":\"https:\/\/masterchem.fi\/sv\/\"},{\"@type\":\"ListItem\",\"position\":2,\"name\":\"Butik\",\"item\":\"https:\/\/masterchem.fi\/sv\/butik\/\"},{\"@type\":\"ListItem\",\"position\":3,\"name\":\"Rism\u00e5ltid\"}]},{\"@type\":\"WebSite\",\"@id\":\"https:\/\/masterchem.fi\/sv\/#website\",\"url\":\"https:\/\/masterchem.fi\/sv\/\",\"name\":\"MasterChem | kemikaalien tuotanto ja myynti\",\"description\":\"kemikaalien tuotanto ja myynti\",\"potentialAction\":[{\"@type\":\"SearchAction\",\"target\":{\"@type\":\"EntryPoint\",\"urlTemplate\":\"https:\/\/masterchem.fi\/sv\/?s={search_term_string}\"},\"query-input\":{\"@type\":\"PropertyValueSpecification\",\"valueRequired\":true,\"valueName\":\"search_term_string\"}}],\"inLanguage\":\"sv-SE\"}]}<\/script>\n<!-- \/ Yoast SEO plugin. -->","yoast_head_json":{"title":"Rism\u00e5ltid - MasterChem | kemikaalien tuotanto ja myynti","description":"Rismj\u00f6l best\u00e5r av polering av riskli och lite rismj\u00f6l. Det \u00e4r den malda biprodukten fr\u00e5n rismalning vilket inneb\u00e4r processen att ta bort skalet och kliskiktet.","robots":{"index":"index","follow":"follow","max-snippet":"max-snippet:-1","max-image-preview":"max-image-preview:large","max-video-preview":"max-video-preview:-1"},"canonical":"https:\/\/masterchem.fi\/sv\/produkt\/rismaltid\/","og_locale":"sv_SE","og_type":"article","og_title":"Rism\u00e5ltid - MasterChem | kemikaalien tuotanto ja myynti","og_description":"Rismj\u00f6l best\u00e5r av polering av riskli och lite rismj\u00f6l. Det \u00e4r den malda biprodukten fr\u00e5n rismalning vilket inneb\u00e4r processen att ta bort skalet och kliskiktet.","og_url":"https:\/\/masterchem.fi\/sv\/produkt\/rismaltid\/","og_site_name":"MasterChem | kemikaalien tuotanto ja myynti","article_modified_time":"2023-08-01T19:47:16+00:00","og_image":[{"width":1000,"height":1000,"url":"https:\/\/masterchem.fi\/wp-content\/uploads\/2023\/08\/Riisijahu-25kg-MasterChem.jpg","type":"image\/jpeg"}],"twitter_card":"summary_large_image","schema":{"@context":"https:\/\/schema.org","@graph":[{"@type":"WebPage","@id":"https:\/\/masterchem.fi\/sv\/produkt\/rismaltid\/","url":"https:\/\/masterchem.fi\/sv\/produkt\/rismaltid\/","name":"Rism\u00e5ltid - MasterChem | kemikaalien tuotanto ja myynti","isPartOf":{"@id":"https:\/\/masterchem.fi\/sv\/#website"},"primaryImageOfPage":{"@id":"https:\/\/masterchem.fi\/sv\/produkt\/rismaltid\/#primaryimage"},"image":{"@id":"https:\/\/masterchem.fi\/sv\/produkt\/rismaltid\/#primaryimage"},"thumbnailUrl":"https:\/\/masterchem.fi\/wp-content\/uploads\/2023\/08\/Riisijahu-25kg-MasterChem.jpg","datePublished":"2023-08-01T19:43:40+00:00","dateModified":"2023-08-01T19:47:16+00:00","description":"Rismj\u00f6l best\u00e5r av polering av riskli och lite rismj\u00f6l. Det \u00e4r den malda biprodukten fr\u00e5n rismalning vilket inneb\u00e4r processen att ta bort skalet och kliskiktet.","breadcrumb":{"@id":"https:\/\/masterchem.fi\/sv\/produkt\/rismaltid\/#breadcrumb"},"inLanguage":"sv-SE","potentialAction":[{"@type":"ReadAction","target":["https:\/\/masterchem.fi\/sv\/produkt\/rismaltid\/"]}]},{"@type":"ImageObject","inLanguage":"sv-SE","@id":"https:\/\/masterchem.fi\/sv\/produkt\/rismaltid\/#primaryimage","url":"https:\/\/masterchem.fi\/wp-content\/uploads\/2023\/08\/Riisijahu-25kg-MasterChem.jpg","contentUrl":"https:\/\/masterchem.fi\/wp-content\/uploads\/2023\/08\/Riisijahu-25kg-MasterChem.jpg","width":1000,"height":1000},{"@type":"BreadcrumbList","@id":"https:\/\/masterchem.fi\/sv\/produkt\/rismaltid\/#breadcrumb","itemListElement":[{"@type":"ListItem","position":1,"name":"Home","item":"https:\/\/masterchem.fi\/sv\/"},{"@type":"ListItem","position":2,"name":"Butik","item":"https:\/\/masterchem.fi\/sv\/butik\/"},{"@type":"ListItem","position":3,"name":"Rism\u00e5ltid"}]},{"@type":"WebSite","@id":"https:\/\/masterchem.fi\/sv\/#website","url":"https:\/\/masterchem.fi\/sv\/","name":"MasterChem | kemikaalien tuotanto ja myynti","description":"kemikaalien tuotanto ja myynti","potentialAction":[{"@type":"SearchAction","target":{"@type":"EntryPoint","urlTemplate":"https:\/\/masterchem.fi\/sv\/?s={search_term_string}"},"query-input":{"@type":"PropertyValueSpecification","valueRequired":true,"valueName":"search_term_string"}}],"inLanguage":"sv-SE"}]}},"_links":{"self":[{"href":"https:\/\/masterchem.fi\/sv\/wp-json\/wp\/v2\/product\/12234","targetHints":{"allow":["GET"]}}],"collection":[{"href":"https:\/\/masterchem.fi\/sv\/wp-json\/wp\/v2\/product"}],"about":[{"href":"https:\/\/masterchem.fi\/sv\/wp-json\/wp\/v2\/types\/product"}],"wp:featuredmedia":[{"embeddable":true,"href":"https:\/\/masterchem.fi\/sv\/wp-json\/wp\/v2\/media\/12238"}],"wp:attachment":[{"href":"https:\/\/masterchem.fi\/sv\/wp-json\/wp\/v2\/media?parent=12234"}],"wp:term":[{"taxonomy":"product_brand","embeddable":true,"href":"https:\/\/masterchem.fi\/sv\/wp-json\/wp\/v2\/product_brand?post=12234"},{"taxonomy":"product_cat","embeddable":true,"href":"https:\/\/masterchem.fi\/sv\/wp-json\/wp\/v2\/product_cat?post=12234"},{"taxonomy":"product_tag","embeddable":true,"href":"https:\/\/masterchem.fi\/sv\/wp-json\/wp\/v2\/product_tag?post=12234"}],"curies":[{"name":"wp","href":"https:\/\/api.w.org\/{rel}","templated":true}]}}