{"id":12247,"date":"2023-08-07T21:51:49","date_gmt":"2023-08-07T18:51:51","guid":{"rendered":"https:\/\/masterchem.fi\/?post_type=product&#038;p=12247"},"modified":"2023-08-07T21:56:04","modified_gmt":"2023-08-07T18:56:04","slug":"sheasmor-cas-67701-30-8","status":"publish","type":"product","link":"https:\/\/masterchem.fi\/sv\/produkt\/sheasmor-cas-67701-30-8\/","title":{"rendered":"Sheasm\u00f6r (CAS 67701-30-8)"},"content":{"rendered":"<p><strong>Sheasm\u00f6r (CAS 67701-30-8)<\/strong><br \/>\nBranscher: Kosmetisk industri<br \/>\nSammans\u00e4ttning: Oljor, fetter, vaxer<br \/>\nCAS-nummer: 67701-30-8<br \/>\nWE-nummer: 266-948-4<br \/>\n<strong>Andra fysiska egenskaper<\/strong><br \/>\nRelativ densitet: 0,86-0,93 g\/cm3<\/p>\n","protected":false},"excerpt":{"rendered":"<p><strong>Sheasm\u00f6r (CAS 67701-30-8)<\/strong><\/p>\n<p>Sheasm\u00f6r \u00e4r ett fett (triglycerid; fr\u00e4mst oljesyra och stearinsyra) som utvinns fr\u00e5n n\u00f6ten fr\u00e5n det afrikanska sheatr\u00e4det (Vitellaria paradoxa). Den \u00e4r elfenbensf\u00e4rgad n\u00e4r den \u00e4r r\u00e5 och vanligen f\u00e4rgad gul med borututu rot eller palmolja. Det anv\u00e4nds ofta i kosmetika som fuktkr\u00e4m, salva eller lotion.<\/p>\n<p>Heasm\u00f6r best\u00e5r av fem huvudsakliga fettsyror: palmitinsyra, stearinsyra, oljesyra, linolsyra och arakidinsyra (se tabell nedan). Cirka 85 till 90 % av fettsyrakompositionen \u00e4r stearin- och oljesyror. Den relativa andelen av dessa tv\u00e5 fettsyror p\u00e5verkar konsistensen av sheasm\u00f6r. Stearinsyran ger den en fast konsistens, medan oljesyran p\u00e5verkar hur mjukt eller h\u00e5rt sheasm\u00f6ret \u00e4r, beroende p\u00e5 omgivningstemperaturen.<\/p>\n","protected":false},"featured_media":12252,"template":"","meta":[],"product_brand":[],"product_cat":[116,177],"product_tag":[],"class_list":{"0":"post-12247","1":"product","2":"type-product","3":"status-publish","4":"has-post-thumbnail","6":"product_cat-alla-produkter","7":"product_cat-kosmetikindustrin","9":"first","10":"outofstock","11":"featured","12":"taxable","13":"shipping-taxable","14":"purchasable","15":"product-type-variable","16":"has-default-attributes","17":"rtwpvg-product"},"yoast_head":"<!-- This site is optimized with the Yoast SEO plugin v27.5 - https:\/\/yoast.com\/product\/yoast-seo-wordpress\/ -->\n<title>Sheasm\u00f6r (CAS 67701-30-8) - MasterChem | kemikaalien tuotanto ja myynti<\/title>\n<meta name=\"description\" content=\"Sheasm\u00f6r \u00e4r ett fett (triglycerid; fr\u00e4mst oljesyra och stearinsyra) som utvinns fr\u00e5n n\u00f6ten fr\u00e5n det afrikanska sheatr\u00e4det (Vitellaria paradoxa).\" \/>\n<meta name=\"robots\" content=\"index, follow, max-snippet:-1, max-image-preview:large, max-video-preview:-1\" \/>\n<link rel=\"canonical\" href=\"https:\/\/masterchem.fi\/sv\/produkt\/sheasmor-cas-67701-30-8\/\" \/>\n<meta property=\"og:locale\" content=\"sv_SE\" \/>\n<meta property=\"og:type\" content=\"article\" \/>\n<meta property=\"og:title\" content=\"Sheasm\u00f6r (CAS 67701-30-8) - MasterChem | kemikaalien tuotanto ja myynti\" \/>\n<meta property=\"og:description\" content=\"Sheasm\u00f6r \u00e4r ett fett (triglycerid; fr\u00e4mst oljesyra och stearinsyra) som utvinns fr\u00e5n n\u00f6ten fr\u00e5n det afrikanska sheatr\u00e4det (Vitellaria paradoxa).\" \/>\n<meta property=\"og:url\" content=\"https:\/\/masterchem.fi\/sv\/produkt\/sheasmor-cas-67701-30-8\/\" \/>\n<meta property=\"og:site_name\" content=\"MasterChem | kemikaalien tuotanto ja myynti\" \/>\n<meta property=\"article:modified_time\" content=\"2023-08-07T18:56:04+00:00\" \/>\n<meta property=\"og:image\" content=\"https:\/\/masterchem.fi\/wp-content\/uploads\/2023\/08\/Shea-voi-20l-MaterChem.jpg\" \/>\n\t<meta property=\"og:image:width\" content=\"700\" \/>\n\t<meta property=\"og:image:height\" content=\"700\" \/>\n\t<meta property=\"og:image:type\" content=\"image\/jpeg\" \/>\n<meta name=\"twitter:card\" content=\"summary_large_image\" \/>\n<script type=\"application\/ld+json\" class=\"yoast-schema-graph\">{\"@context\":\"https:\\\/\\\/schema.org\",\"@graph\":[{\"@type\":\"WebPage\",\"@id\":\"https:\\\/\\\/masterchem.fi\\\/sv\\\/produkt\\\/sheasmor-cas-67701-30-8\\\/\",\"url\":\"https:\\\/\\\/masterchem.fi\\\/sv\\\/produkt\\\/sheasmor-cas-67701-30-8\\\/\",\"name\":\"Sheasm\u00f6r (CAS 67701-30-8) - MasterChem | kemikaalien tuotanto ja myynti\",\"isPartOf\":{\"@id\":\"https:\\\/\\\/masterchem.fi\\\/sv\\\/#website\"},\"primaryImageOfPage\":{\"@id\":\"https:\\\/\\\/masterchem.fi\\\/sv\\\/produkt\\\/sheasmor-cas-67701-30-8\\\/#primaryimage\"},\"image\":{\"@id\":\"https:\\\/\\\/masterchem.fi\\\/sv\\\/produkt\\\/sheasmor-cas-67701-30-8\\\/#primaryimage\"},\"thumbnailUrl\":\"https:\\\/\\\/masterchem.fi\\\/wp-content\\\/uploads\\\/2023\\\/08\\\/Shea-voi-20l-MaterChem.jpg\",\"datePublished\":\"2023-08-07T18:51:51+00:00\",\"dateModified\":\"2023-08-07T18:56:04+00:00\",\"description\":\"Sheasm\u00f6r \u00e4r ett fett (triglycerid; fr\u00e4mst oljesyra och stearinsyra) som utvinns fr\u00e5n n\u00f6ten fr\u00e5n det afrikanska sheatr\u00e4det (Vitellaria paradoxa).\",\"breadcrumb\":{\"@id\":\"https:\\\/\\\/masterchem.fi\\\/sv\\\/produkt\\\/sheasmor-cas-67701-30-8\\\/#breadcrumb\"},\"inLanguage\":\"sv-SE\",\"potentialAction\":[{\"@type\":\"ReadAction\",\"target\":[\"https:\\\/\\\/masterchem.fi\\\/sv\\\/produkt\\\/sheasmor-cas-67701-30-8\\\/\"]}]},{\"@type\":\"ImageObject\",\"inLanguage\":\"sv-SE\",\"@id\":\"https:\\\/\\\/masterchem.fi\\\/sv\\\/produkt\\\/sheasmor-cas-67701-30-8\\\/#primaryimage\",\"url\":\"https:\\\/\\\/masterchem.fi\\\/wp-content\\\/uploads\\\/2023\\\/08\\\/Shea-voi-20l-MaterChem.jpg\",\"contentUrl\":\"https:\\\/\\\/masterchem.fi\\\/wp-content\\\/uploads\\\/2023\\\/08\\\/Shea-voi-20l-MaterChem.jpg\",\"width\":700,\"height\":700},{\"@type\":\"BreadcrumbList\",\"@id\":\"https:\\\/\\\/masterchem.fi\\\/sv\\\/produkt\\\/sheasmor-cas-67701-30-8\\\/#breadcrumb\",\"itemListElement\":[{\"@type\":\"ListItem\",\"position\":1,\"name\":\"Home\",\"item\":\"https:\\\/\\\/masterchem.fi\\\/sv\\\/\"},{\"@type\":\"ListItem\",\"position\":2,\"name\":\"Butik\",\"item\":\"https:\\\/\\\/masterchem.fi\\\/sv\\\/butik\\\/\"},{\"@type\":\"ListItem\",\"position\":3,\"name\":\"Sheasm\u00f6r (CAS 67701-30-8)\"}]},{\"@type\":\"WebSite\",\"@id\":\"https:\\\/\\\/masterchem.fi\\\/sv\\\/#website\",\"url\":\"https:\\\/\\\/masterchem.fi\\\/sv\\\/\",\"name\":\"MasterChem | kemikaalien tuotanto ja myynti\",\"description\":\"kemikaalien tuotanto ja myynti\",\"potentialAction\":[{\"@type\":\"SearchAction\",\"target\":{\"@type\":\"EntryPoint\",\"urlTemplate\":\"https:\\\/\\\/masterchem.fi\\\/sv\\\/?s={search_term_string}\"},\"query-input\":{\"@type\":\"PropertyValueSpecification\",\"valueRequired\":true,\"valueName\":\"search_term_string\"}}],\"inLanguage\":\"sv-SE\"}]}<\/script>\n<!-- \/ Yoast SEO plugin. -->","yoast_head_json":{"title":"Sheasm\u00f6r (CAS 67701-30-8) - MasterChem | kemikaalien tuotanto ja myynti","description":"Sheasm\u00f6r \u00e4r ett fett (triglycerid; fr\u00e4mst oljesyra och stearinsyra) som utvinns fr\u00e5n n\u00f6ten fr\u00e5n det afrikanska sheatr\u00e4det (Vitellaria paradoxa).","robots":{"index":"index","follow":"follow","max-snippet":"max-snippet:-1","max-image-preview":"max-image-preview:large","max-video-preview":"max-video-preview:-1"},"canonical":"https:\/\/masterchem.fi\/sv\/produkt\/sheasmor-cas-67701-30-8\/","og_locale":"sv_SE","og_type":"article","og_title":"Sheasm\u00f6r (CAS 67701-30-8) - MasterChem | kemikaalien tuotanto ja myynti","og_description":"Sheasm\u00f6r \u00e4r ett fett (triglycerid; fr\u00e4mst oljesyra och stearinsyra) som utvinns fr\u00e5n n\u00f6ten fr\u00e5n det afrikanska sheatr\u00e4det (Vitellaria paradoxa).","og_url":"https:\/\/masterchem.fi\/sv\/produkt\/sheasmor-cas-67701-30-8\/","og_site_name":"MasterChem | kemikaalien tuotanto ja myynti","article_modified_time":"2023-08-07T18:56:04+00:00","og_image":[{"width":700,"height":700,"url":"https:\/\/masterchem.fi\/wp-content\/uploads\/2023\/08\/Shea-voi-20l-MaterChem.jpg","type":"image\/jpeg"}],"twitter_card":"summary_large_image","schema":{"@context":"https:\/\/schema.org","@graph":[{"@type":"WebPage","@id":"https:\/\/masterchem.fi\/sv\/produkt\/sheasmor-cas-67701-30-8\/","url":"https:\/\/masterchem.fi\/sv\/produkt\/sheasmor-cas-67701-30-8\/","name":"Sheasm\u00f6r (CAS 67701-30-8) - MasterChem | kemikaalien tuotanto ja myynti","isPartOf":{"@id":"https:\/\/masterchem.fi\/sv\/#website"},"primaryImageOfPage":{"@id":"https:\/\/masterchem.fi\/sv\/produkt\/sheasmor-cas-67701-30-8\/#primaryimage"},"image":{"@id":"https:\/\/masterchem.fi\/sv\/produkt\/sheasmor-cas-67701-30-8\/#primaryimage"},"thumbnailUrl":"https:\/\/masterchem.fi\/wp-content\/uploads\/2023\/08\/Shea-voi-20l-MaterChem.jpg","datePublished":"2023-08-07T18:51:51+00:00","dateModified":"2023-08-07T18:56:04+00:00","description":"Sheasm\u00f6r \u00e4r ett fett (triglycerid; fr\u00e4mst oljesyra och stearinsyra) som utvinns fr\u00e5n n\u00f6ten fr\u00e5n det afrikanska sheatr\u00e4det (Vitellaria paradoxa).","breadcrumb":{"@id":"https:\/\/masterchem.fi\/sv\/produkt\/sheasmor-cas-67701-30-8\/#breadcrumb"},"inLanguage":"sv-SE","potentialAction":[{"@type":"ReadAction","target":["https:\/\/masterchem.fi\/sv\/produkt\/sheasmor-cas-67701-30-8\/"]}]},{"@type":"ImageObject","inLanguage":"sv-SE","@id":"https:\/\/masterchem.fi\/sv\/produkt\/sheasmor-cas-67701-30-8\/#primaryimage","url":"https:\/\/masterchem.fi\/wp-content\/uploads\/2023\/08\/Shea-voi-20l-MaterChem.jpg","contentUrl":"https:\/\/masterchem.fi\/wp-content\/uploads\/2023\/08\/Shea-voi-20l-MaterChem.jpg","width":700,"height":700},{"@type":"BreadcrumbList","@id":"https:\/\/masterchem.fi\/sv\/produkt\/sheasmor-cas-67701-30-8\/#breadcrumb","itemListElement":[{"@type":"ListItem","position":1,"name":"Home","item":"https:\/\/masterchem.fi\/sv\/"},{"@type":"ListItem","position":2,"name":"Butik","item":"https:\/\/masterchem.fi\/sv\/butik\/"},{"@type":"ListItem","position":3,"name":"Sheasm\u00f6r (CAS 67701-30-8)"}]},{"@type":"WebSite","@id":"https:\/\/masterchem.fi\/sv\/#website","url":"https:\/\/masterchem.fi\/sv\/","name":"MasterChem | kemikaalien tuotanto ja myynti","description":"kemikaalien tuotanto ja myynti","potentialAction":[{"@type":"SearchAction","target":{"@type":"EntryPoint","urlTemplate":"https:\/\/masterchem.fi\/sv\/?s={search_term_string}"},"query-input":{"@type":"PropertyValueSpecification","valueRequired":true,"valueName":"search_term_string"}}],"inLanguage":"sv-SE"}]}},"_links":{"self":[{"href":"https:\/\/masterchem.fi\/sv\/wp-json\/wp\/v2\/product\/12247","targetHints":{"allow":["GET"]}}],"collection":[{"href":"https:\/\/masterchem.fi\/sv\/wp-json\/wp\/v2\/product"}],"about":[{"href":"https:\/\/masterchem.fi\/sv\/wp-json\/wp\/v2\/types\/product"}],"wp:featuredmedia":[{"embeddable":true,"href":"https:\/\/masterchem.fi\/sv\/wp-json\/wp\/v2\/media\/12252"}],"wp:attachment":[{"href":"https:\/\/masterchem.fi\/sv\/wp-json\/wp\/v2\/media?parent=12247"}],"wp:term":[{"taxonomy":"product_brand","embeddable":true,"href":"https:\/\/masterchem.fi\/sv\/wp-json\/wp\/v2\/product_brand?post=12247"},{"taxonomy":"product_cat","embeddable":true,"href":"https:\/\/masterchem.fi\/sv\/wp-json\/wp\/v2\/product_cat?post=12247"},{"taxonomy":"product_tag","embeddable":true,"href":"https:\/\/masterchem.fi\/sv\/wp-json\/wp\/v2\/product_tag?post=12247"}],"curies":[{"name":"wp","href":"https:\/\/api.w.org\/{rel}","templated":true}]}}