{"id":12259,"date":"2023-08-08T23:06:38","date_gmt":"2023-08-08T20:06:39","guid":{"rendered":"https:\/\/masterchem.fi\/?post_type=product&#038;p=12259"},"modified":"2023-08-08T23:08:59","modified_gmt":"2023-08-08T20:08:59","slug":"kakaosmor-cas-8002-31-1","status":"publish","type":"product","link":"https:\/\/masterchem.fi\/sv\/produkt\/kakaosmor-cas-8002-31-1\/","title":{"rendered":"Kakaosm\u00f6r (CAS 8002-31-1)"},"content":{"rendered":"<p><strong>Kakaosm\u00f6r (CAS 8002-31-1)<\/strong><br \/>\nBranscher: Kosmetisk industri<br \/>\nSammans\u00e4ttning: Oljor, fetter, vaxer<br \/>\nCAS-nummer: 8002-31-1<br \/>\nWE-nummer: 310-127-6<br \/>\nAndra fysiska egenskaper<br \/>\nSm\u00e4lt-\/fryspunkt: ~35\u00b0C<br \/>\nRelativ densitet: 0,9 g\/cm3<\/p>\n","protected":false},"excerpt":{"rendered":"<p><strong>Kakaosm\u00f6r (CAS 8002-31-1)<\/strong><\/p>\n<p>Kakaosm\u00f6r, \u00e4ven kallad theobroma-olja, \u00e4r ett blekgult, \u00e4tbart fett extraherat fr\u00e5n kakaob\u00f6nan (Theobroma cacao). Det anv\u00e4nds f\u00f6r att g\u00f6ra choklad, liksom vissa salvor, toalettartiklar och l\u00e4kemedel. Kakaosm\u00f6r har kakaosmak och arom. Dess sm\u00e4ltpunkt \u00e4r n\u00e5got under m\u00e4nniskans kroppstemperatur. Det \u00e4r en viktig huvudingrediens i choklad och relaterade konfektyrprodukter.<\/p>\n","protected":false},"featured_media":12263,"template":"","meta":[],"product_brand":[],"product_cat":[116,177],"product_tag":[],"class_list":{"0":"post-12259","1":"product","2":"type-product","3":"status-publish","4":"has-post-thumbnail","6":"product_cat-alla-produkter","7":"product_cat-kosmetikindustrin","9":"first","10":"outofstock","11":"featured","12":"taxable","13":"shipping-taxable","14":"purchasable","15":"product-type-variable","16":"has-default-attributes","17":"rtwpvg-product"},"yoast_head":"<!-- This site is optimized with the Yoast SEO plugin v27.2 - https:\/\/yoast.com\/product\/yoast-seo-wordpress\/ -->\n<title>Kakaosm\u00f6r (CAS 8002-31-1) - MasterChem | kemikaalien tuotanto ja myynti<\/title>\n<meta name=\"description\" content=\"Kakaosm\u00f6r, \u00e4ven kallad teobromolja, \u00e4r ett blekgult, \u00e4tbart fett som utvinns ur kakaob\u00f6nan. Den anv\u00e4nds f\u00f6r att g\u00f6ra choklad etc.\" \/>\n<meta name=\"robots\" content=\"index, follow, max-snippet:-1, max-image-preview:large, max-video-preview:-1\" \/>\n<link rel=\"canonical\" href=\"https:\/\/masterchem.fi\/sv\/produkt\/kakaosmor-cas-8002-31-1\/\" \/>\n<meta property=\"og:locale\" content=\"sv_SE\" \/>\n<meta property=\"og:type\" content=\"article\" \/>\n<meta property=\"og:title\" content=\"Kakaosm\u00f6r (CAS 8002-31-1) - MasterChem | kemikaalien tuotanto ja myynti\" \/>\n<meta property=\"og:description\" content=\"Kakaosm\u00f6r, \u00e4ven kallad teobromolja, \u00e4r ett blekgult, \u00e4tbart fett som utvinns ur kakaob\u00f6nan. Den anv\u00e4nds f\u00f6r att g\u00f6ra choklad etc.\" \/>\n<meta property=\"og:url\" content=\"https:\/\/masterchem.fi\/sv\/produkt\/kakaosmor-cas-8002-31-1\/\" \/>\n<meta property=\"og:site_name\" content=\"MasterChem | kemikaalien tuotanto ja myynti\" \/>\n<meta property=\"article:modified_time\" content=\"2023-08-08T20:08:59+00:00\" \/>\n<meta property=\"og:image\" content=\"https:\/\/masterchem.fi\/wp-content\/uploads\/2023\/08\/Kakaovoi-20l-MaterChem.jpg\" \/>\n\t<meta property=\"og:image:width\" content=\"700\" \/>\n\t<meta property=\"og:image:height\" content=\"700\" \/>\n\t<meta property=\"og:image:type\" content=\"image\/jpeg\" \/>\n<meta name=\"twitter:card\" content=\"summary_large_image\" \/>\n<script type=\"application\/ld+json\" class=\"yoast-schema-graph\">{\"@context\":\"https:\/\/schema.org\",\"@graph\":[{\"@type\":\"WebPage\",\"@id\":\"https:\/\/masterchem.fi\/sv\/produkt\/kakaosmor-cas-8002-31-1\/\",\"url\":\"https:\/\/masterchem.fi\/sv\/produkt\/kakaosmor-cas-8002-31-1\/\",\"name\":\"Kakaosm\u00f6r (CAS 8002-31-1) - MasterChem | kemikaalien tuotanto ja myynti\",\"isPartOf\":{\"@id\":\"https:\/\/masterchem.fi\/sv\/#website\"},\"primaryImageOfPage\":{\"@id\":\"https:\/\/masterchem.fi\/sv\/produkt\/kakaosmor-cas-8002-31-1\/#primaryimage\"},\"image\":{\"@id\":\"https:\/\/masterchem.fi\/sv\/produkt\/kakaosmor-cas-8002-31-1\/#primaryimage\"},\"thumbnailUrl\":\"https:\/\/masterchem.fi\/wp-content\/uploads\/2023\/08\/Kakaovoi-20l-MaterChem.jpg\",\"datePublished\":\"2023-08-08T20:06:39+00:00\",\"dateModified\":\"2023-08-08T20:08:59+00:00\",\"description\":\"Kakaosm\u00f6r, \u00e4ven kallad teobromolja, \u00e4r ett blekgult, \u00e4tbart fett som utvinns ur kakaob\u00f6nan. Den anv\u00e4nds f\u00f6r att g\u00f6ra choklad etc.\",\"breadcrumb\":{\"@id\":\"https:\/\/masterchem.fi\/sv\/produkt\/kakaosmor-cas-8002-31-1\/#breadcrumb\"},\"inLanguage\":\"sv-SE\",\"potentialAction\":[{\"@type\":\"ReadAction\",\"target\":[\"https:\/\/masterchem.fi\/sv\/produkt\/kakaosmor-cas-8002-31-1\/\"]}]},{\"@type\":\"ImageObject\",\"inLanguage\":\"sv-SE\",\"@id\":\"https:\/\/masterchem.fi\/sv\/produkt\/kakaosmor-cas-8002-31-1\/#primaryimage\",\"url\":\"https:\/\/masterchem.fi\/wp-content\/uploads\/2023\/08\/Kakaovoi-20l-MaterChem.jpg\",\"contentUrl\":\"https:\/\/masterchem.fi\/wp-content\/uploads\/2023\/08\/Kakaovoi-20l-MaterChem.jpg\",\"width\":700,\"height\":700},{\"@type\":\"BreadcrumbList\",\"@id\":\"https:\/\/masterchem.fi\/sv\/produkt\/kakaosmor-cas-8002-31-1\/#breadcrumb\",\"itemListElement\":[{\"@type\":\"ListItem\",\"position\":1,\"name\":\"Home\",\"item\":\"https:\/\/masterchem.fi\/sv\/\"},{\"@type\":\"ListItem\",\"position\":2,\"name\":\"Butik\",\"item\":\"https:\/\/masterchem.fi\/sv\/butik\/\"},{\"@type\":\"ListItem\",\"position\":3,\"name\":\"Kakaosm\u00f6r (CAS 8002-31-1)\"}]},{\"@type\":\"WebSite\",\"@id\":\"https:\/\/masterchem.fi\/sv\/#website\",\"url\":\"https:\/\/masterchem.fi\/sv\/\",\"name\":\"MasterChem | kemikaalien tuotanto ja myynti\",\"description\":\"kemikaalien tuotanto ja myynti\",\"potentialAction\":[{\"@type\":\"SearchAction\",\"target\":{\"@type\":\"EntryPoint\",\"urlTemplate\":\"https:\/\/masterchem.fi\/sv\/?s={search_term_string}\"},\"query-input\":{\"@type\":\"PropertyValueSpecification\",\"valueRequired\":true,\"valueName\":\"search_term_string\"}}],\"inLanguage\":\"sv-SE\"}]}<\/script>\n<!-- \/ Yoast SEO plugin. -->","yoast_head_json":{"title":"Kakaosm\u00f6r (CAS 8002-31-1) - MasterChem | kemikaalien tuotanto ja myynti","description":"Kakaosm\u00f6r, \u00e4ven kallad teobromolja, \u00e4r ett blekgult, \u00e4tbart fett som utvinns ur kakaob\u00f6nan. Den anv\u00e4nds f\u00f6r att g\u00f6ra choklad etc.","robots":{"index":"index","follow":"follow","max-snippet":"max-snippet:-1","max-image-preview":"max-image-preview:large","max-video-preview":"max-video-preview:-1"},"canonical":"https:\/\/masterchem.fi\/sv\/produkt\/kakaosmor-cas-8002-31-1\/","og_locale":"sv_SE","og_type":"article","og_title":"Kakaosm\u00f6r (CAS 8002-31-1) - MasterChem | kemikaalien tuotanto ja myynti","og_description":"Kakaosm\u00f6r, \u00e4ven kallad teobromolja, \u00e4r ett blekgult, \u00e4tbart fett som utvinns ur kakaob\u00f6nan. Den anv\u00e4nds f\u00f6r att g\u00f6ra choklad etc.","og_url":"https:\/\/masterchem.fi\/sv\/produkt\/kakaosmor-cas-8002-31-1\/","og_site_name":"MasterChem | kemikaalien tuotanto ja myynti","article_modified_time":"2023-08-08T20:08:59+00:00","og_image":[{"width":700,"height":700,"url":"https:\/\/masterchem.fi\/wp-content\/uploads\/2023\/08\/Kakaovoi-20l-MaterChem.jpg","type":"image\/jpeg"}],"twitter_card":"summary_large_image","schema":{"@context":"https:\/\/schema.org","@graph":[{"@type":"WebPage","@id":"https:\/\/masterchem.fi\/sv\/produkt\/kakaosmor-cas-8002-31-1\/","url":"https:\/\/masterchem.fi\/sv\/produkt\/kakaosmor-cas-8002-31-1\/","name":"Kakaosm\u00f6r (CAS 8002-31-1) - MasterChem | kemikaalien tuotanto ja myynti","isPartOf":{"@id":"https:\/\/masterchem.fi\/sv\/#website"},"primaryImageOfPage":{"@id":"https:\/\/masterchem.fi\/sv\/produkt\/kakaosmor-cas-8002-31-1\/#primaryimage"},"image":{"@id":"https:\/\/masterchem.fi\/sv\/produkt\/kakaosmor-cas-8002-31-1\/#primaryimage"},"thumbnailUrl":"https:\/\/masterchem.fi\/wp-content\/uploads\/2023\/08\/Kakaovoi-20l-MaterChem.jpg","datePublished":"2023-08-08T20:06:39+00:00","dateModified":"2023-08-08T20:08:59+00:00","description":"Kakaosm\u00f6r, \u00e4ven kallad teobromolja, \u00e4r ett blekgult, \u00e4tbart fett som utvinns ur kakaob\u00f6nan. Den anv\u00e4nds f\u00f6r att g\u00f6ra choklad etc.","breadcrumb":{"@id":"https:\/\/masterchem.fi\/sv\/produkt\/kakaosmor-cas-8002-31-1\/#breadcrumb"},"inLanguage":"sv-SE","potentialAction":[{"@type":"ReadAction","target":["https:\/\/masterchem.fi\/sv\/produkt\/kakaosmor-cas-8002-31-1\/"]}]},{"@type":"ImageObject","inLanguage":"sv-SE","@id":"https:\/\/masterchem.fi\/sv\/produkt\/kakaosmor-cas-8002-31-1\/#primaryimage","url":"https:\/\/masterchem.fi\/wp-content\/uploads\/2023\/08\/Kakaovoi-20l-MaterChem.jpg","contentUrl":"https:\/\/masterchem.fi\/wp-content\/uploads\/2023\/08\/Kakaovoi-20l-MaterChem.jpg","width":700,"height":700},{"@type":"BreadcrumbList","@id":"https:\/\/masterchem.fi\/sv\/produkt\/kakaosmor-cas-8002-31-1\/#breadcrumb","itemListElement":[{"@type":"ListItem","position":1,"name":"Home","item":"https:\/\/masterchem.fi\/sv\/"},{"@type":"ListItem","position":2,"name":"Butik","item":"https:\/\/masterchem.fi\/sv\/butik\/"},{"@type":"ListItem","position":3,"name":"Kakaosm\u00f6r (CAS 8002-31-1)"}]},{"@type":"WebSite","@id":"https:\/\/masterchem.fi\/sv\/#website","url":"https:\/\/masterchem.fi\/sv\/","name":"MasterChem | kemikaalien tuotanto ja myynti","description":"kemikaalien tuotanto ja myynti","potentialAction":[{"@type":"SearchAction","target":{"@type":"EntryPoint","urlTemplate":"https:\/\/masterchem.fi\/sv\/?s={search_term_string}"},"query-input":{"@type":"PropertyValueSpecification","valueRequired":true,"valueName":"search_term_string"}}],"inLanguage":"sv-SE"}]}},"_links":{"self":[{"href":"https:\/\/masterchem.fi\/sv\/wp-json\/wp\/v2\/product\/12259","targetHints":{"allow":["GET"]}}],"collection":[{"href":"https:\/\/masterchem.fi\/sv\/wp-json\/wp\/v2\/product"}],"about":[{"href":"https:\/\/masterchem.fi\/sv\/wp-json\/wp\/v2\/types\/product"}],"wp:featuredmedia":[{"embeddable":true,"href":"https:\/\/masterchem.fi\/sv\/wp-json\/wp\/v2\/media\/12263"}],"wp:attachment":[{"href":"https:\/\/masterchem.fi\/sv\/wp-json\/wp\/v2\/media?parent=12259"}],"wp:term":[{"taxonomy":"product_brand","embeddable":true,"href":"https:\/\/masterchem.fi\/sv\/wp-json\/wp\/v2\/product_brand?post=12259"},{"taxonomy":"product_cat","embeddable":true,"href":"https:\/\/masterchem.fi\/sv\/wp-json\/wp\/v2\/product_cat?post=12259"},{"taxonomy":"product_tag","embeddable":true,"href":"https:\/\/masterchem.fi\/sv\/wp-json\/wp\/v2\/product_tag?post=12259"}],"curies":[{"name":"wp","href":"https:\/\/api.w.org\/{rel}","templated":true}]}}