{"id":12279,"date":"2023-08-12T08:48:13","date_gmt":"2023-08-12T05:48:15","guid":{"rendered":"https:\/\/masterchem.fi\/?post_type=product&#038;p=12279"},"modified":"2023-08-12T08:52:52","modified_gmt":"2023-08-12T05:52:52","slug":"koboltkarbonat","status":"publish","type":"product","link":"https:\/\/masterchem.fi\/sv\/produkt\/koboltkarbonat\/","title":{"rendered":"Koboltkarbonat"},"content":{"rendered":"<p>Branscher: F\u00e4rger och lacker<br \/>\nSammans\u00e4ttning: Kolsyrasalter &#8211; karbonater, Kolf\u00f6reningar, Koboltf\u00f6reningar<br \/>\nADR: UN3077<\/p>\n","protected":false},"excerpt":{"rendered":"<p><strong>Koboltkarbonat<\/strong><\/p>\n<p>Kobolt(II)karbonat \u00e4r den oorganiska f\u00f6reningen med formeln CoCO3. Detta r\u00f6daktiga paramagnetiska fasta \u00e4mne \u00e4r en mellanprodukt i den hydrometallurgiska reningen av kobolt fr\u00e5n dess malmer. Det \u00e4r ett oorganiskt pigment och en prekursor till katalysatorer. Kobolt(II)karbonat f\u00f6rekommer ocks\u00e5 som det s\u00e4llsynta r\u00f6d\/rosa mineralet sf\u00e4rokobaltit.<\/p>\n<p>Koboltkarbonat \u00e4r en f\u00f6reg\u00e5ngare till koboltkarbonyl och olika koboltsalter. Det \u00e4r en komponent i kosttillskott eftersom kobolt \u00e4r ett viktigt inslag. Det \u00e4r en f\u00f6reg\u00e5ngare till bl\u00e5 keramikglasyrer, k\u00e4nt i fallet med Delftware.<\/p>\n","protected":false},"featured_media":12283,"template":"","meta":[],"product_brand":[],"product_cat":[116,106],"product_tag":[],"class_list":{"0":"post-12279","1":"product","2":"type-product","3":"status-publish","4":"has-post-thumbnail","6":"product_cat-alla-produkter","7":"product_cat-lakemedelsindustri","9":"first","10":"outofstock","11":"taxable","12":"shipping-taxable","13":"purchasable","14":"product-type-variable","15":"has-default-attributes","16":"rtwpvg-product"},"yoast_head":"<!-- This site is optimized with the Yoast SEO plugin v27.2 - https:\/\/yoast.com\/product\/yoast-seo-wordpress\/ -->\n<title>Koboltkarbonat - MasterChem | kemikaalien tuotanto ja myynti<\/title>\n<meta name=\"description\" content=\"Kobolt(II)karbonat \u00e4r den oorganiska f\u00f6reningen med formeln CoCO3. Detta r\u00f6daktiga paramagnetiska fasta \u00e4mne \u00e4r en mellanprodukt i den hydrometallurgiska reningen av kobolt fr\u00e5n dess malmer.\" \/>\n<meta name=\"robots\" content=\"index, follow, max-snippet:-1, max-image-preview:large, max-video-preview:-1\" \/>\n<link rel=\"canonical\" href=\"https:\/\/masterchem.fi\/sv\/produkt\/koboltkarbonat\/\" \/>\n<meta property=\"og:locale\" content=\"sv_SE\" \/>\n<meta property=\"og:type\" content=\"article\" \/>\n<meta property=\"og:title\" content=\"Koboltkarbonat - MasterChem | kemikaalien tuotanto ja myynti\" \/>\n<meta property=\"og:description\" content=\"Kobolt(II)karbonat \u00e4r den oorganiska f\u00f6reningen med formeln CoCO3. Detta r\u00f6daktiga paramagnetiska fasta \u00e4mne \u00e4r en mellanprodukt i den hydrometallurgiska reningen av kobolt fr\u00e5n dess malmer.\" \/>\n<meta property=\"og:url\" content=\"https:\/\/masterchem.fi\/sv\/produkt\/koboltkarbonat\/\" \/>\n<meta property=\"og:site_name\" content=\"MasterChem | kemikaalien tuotanto ja myynti\" \/>\n<meta property=\"article:modified_time\" content=\"2023-08-12T05:52:52+00:00\" \/>\n<meta property=\"og:image\" content=\"https:\/\/masterchem.fi\/wp-content\/uploads\/2023\/08\/Koobaltkarbonaat-25kg-MasterChem.jpg\" \/>\n\t<meta property=\"og:image:width\" content=\"1000\" \/>\n\t<meta property=\"og:image:height\" content=\"1000\" \/>\n\t<meta property=\"og:image:type\" content=\"image\/jpeg\" \/>\n<meta name=\"twitter:card\" content=\"summary_large_image\" \/>\n<script type=\"application\/ld+json\" class=\"yoast-schema-graph\">{\"@context\":\"https:\/\/schema.org\",\"@graph\":[{\"@type\":\"WebPage\",\"@id\":\"https:\/\/masterchem.fi\/sv\/produkt\/koboltkarbonat\/\",\"url\":\"https:\/\/masterchem.fi\/sv\/produkt\/koboltkarbonat\/\",\"name\":\"Koboltkarbonat - MasterChem | kemikaalien tuotanto ja myynti\",\"isPartOf\":{\"@id\":\"https:\/\/masterchem.fi\/sv\/#website\"},\"primaryImageOfPage\":{\"@id\":\"https:\/\/masterchem.fi\/sv\/produkt\/koboltkarbonat\/#primaryimage\"},\"image\":{\"@id\":\"https:\/\/masterchem.fi\/sv\/produkt\/koboltkarbonat\/#primaryimage\"},\"thumbnailUrl\":\"https:\/\/masterchem.fi\/wp-content\/uploads\/2023\/08\/Koobaltkarbonaat-25kg-MasterChem.jpg\",\"datePublished\":\"2023-08-12T05:48:15+00:00\",\"dateModified\":\"2023-08-12T05:52:52+00:00\",\"description\":\"Kobolt(II)karbonat \u00e4r den oorganiska f\u00f6reningen med formeln CoCO3. Detta r\u00f6daktiga paramagnetiska fasta \u00e4mne \u00e4r en mellanprodukt i den hydrometallurgiska reningen av kobolt fr\u00e5n dess malmer.\",\"breadcrumb\":{\"@id\":\"https:\/\/masterchem.fi\/sv\/produkt\/koboltkarbonat\/#breadcrumb\"},\"inLanguage\":\"sv-SE\",\"potentialAction\":[{\"@type\":\"ReadAction\",\"target\":[\"https:\/\/masterchem.fi\/sv\/produkt\/koboltkarbonat\/\"]}]},{\"@type\":\"ImageObject\",\"inLanguage\":\"sv-SE\",\"@id\":\"https:\/\/masterchem.fi\/sv\/produkt\/koboltkarbonat\/#primaryimage\",\"url\":\"https:\/\/masterchem.fi\/wp-content\/uploads\/2023\/08\/Koobaltkarbonaat-25kg-MasterChem.jpg\",\"contentUrl\":\"https:\/\/masterchem.fi\/wp-content\/uploads\/2023\/08\/Koobaltkarbonaat-25kg-MasterChem.jpg\",\"width\":1000,\"height\":1000},{\"@type\":\"BreadcrumbList\",\"@id\":\"https:\/\/masterchem.fi\/sv\/produkt\/koboltkarbonat\/#breadcrumb\",\"itemListElement\":[{\"@type\":\"ListItem\",\"position\":1,\"name\":\"Home\",\"item\":\"https:\/\/masterchem.fi\/sv\/\"},{\"@type\":\"ListItem\",\"position\":2,\"name\":\"Butik\",\"item\":\"https:\/\/masterchem.fi\/sv\/butik\/\"},{\"@type\":\"ListItem\",\"position\":3,\"name\":\"Koboltkarbonat\"}]},{\"@type\":\"WebSite\",\"@id\":\"https:\/\/masterchem.fi\/sv\/#website\",\"url\":\"https:\/\/masterchem.fi\/sv\/\",\"name\":\"MasterChem | kemikaalien tuotanto ja myynti\",\"description\":\"kemikaalien tuotanto ja myynti\",\"potentialAction\":[{\"@type\":\"SearchAction\",\"target\":{\"@type\":\"EntryPoint\",\"urlTemplate\":\"https:\/\/masterchem.fi\/sv\/?s={search_term_string}\"},\"query-input\":{\"@type\":\"PropertyValueSpecification\",\"valueRequired\":true,\"valueName\":\"search_term_string\"}}],\"inLanguage\":\"sv-SE\"}]}<\/script>\n<!-- \/ Yoast SEO plugin. -->","yoast_head_json":{"title":"Koboltkarbonat - MasterChem | kemikaalien tuotanto ja myynti","description":"Kobolt(II)karbonat \u00e4r den oorganiska f\u00f6reningen med formeln CoCO3. Detta r\u00f6daktiga paramagnetiska fasta \u00e4mne \u00e4r en mellanprodukt i den hydrometallurgiska reningen av kobolt fr\u00e5n dess malmer.","robots":{"index":"index","follow":"follow","max-snippet":"max-snippet:-1","max-image-preview":"max-image-preview:large","max-video-preview":"max-video-preview:-1"},"canonical":"https:\/\/masterchem.fi\/sv\/produkt\/koboltkarbonat\/","og_locale":"sv_SE","og_type":"article","og_title":"Koboltkarbonat - MasterChem | kemikaalien tuotanto ja myynti","og_description":"Kobolt(II)karbonat \u00e4r den oorganiska f\u00f6reningen med formeln CoCO3. Detta r\u00f6daktiga paramagnetiska fasta \u00e4mne \u00e4r en mellanprodukt i den hydrometallurgiska reningen av kobolt fr\u00e5n dess malmer.","og_url":"https:\/\/masterchem.fi\/sv\/produkt\/koboltkarbonat\/","og_site_name":"MasterChem | kemikaalien tuotanto ja myynti","article_modified_time":"2023-08-12T05:52:52+00:00","og_image":[{"width":1000,"height":1000,"url":"https:\/\/masterchem.fi\/wp-content\/uploads\/2023\/08\/Koobaltkarbonaat-25kg-MasterChem.jpg","type":"image\/jpeg"}],"twitter_card":"summary_large_image","schema":{"@context":"https:\/\/schema.org","@graph":[{"@type":"WebPage","@id":"https:\/\/masterchem.fi\/sv\/produkt\/koboltkarbonat\/","url":"https:\/\/masterchem.fi\/sv\/produkt\/koboltkarbonat\/","name":"Koboltkarbonat - MasterChem | kemikaalien tuotanto ja myynti","isPartOf":{"@id":"https:\/\/masterchem.fi\/sv\/#website"},"primaryImageOfPage":{"@id":"https:\/\/masterchem.fi\/sv\/produkt\/koboltkarbonat\/#primaryimage"},"image":{"@id":"https:\/\/masterchem.fi\/sv\/produkt\/koboltkarbonat\/#primaryimage"},"thumbnailUrl":"https:\/\/masterchem.fi\/wp-content\/uploads\/2023\/08\/Koobaltkarbonaat-25kg-MasterChem.jpg","datePublished":"2023-08-12T05:48:15+00:00","dateModified":"2023-08-12T05:52:52+00:00","description":"Kobolt(II)karbonat \u00e4r den oorganiska f\u00f6reningen med formeln CoCO3. Detta r\u00f6daktiga paramagnetiska fasta \u00e4mne \u00e4r en mellanprodukt i den hydrometallurgiska reningen av kobolt fr\u00e5n dess malmer.","breadcrumb":{"@id":"https:\/\/masterchem.fi\/sv\/produkt\/koboltkarbonat\/#breadcrumb"},"inLanguage":"sv-SE","potentialAction":[{"@type":"ReadAction","target":["https:\/\/masterchem.fi\/sv\/produkt\/koboltkarbonat\/"]}]},{"@type":"ImageObject","inLanguage":"sv-SE","@id":"https:\/\/masterchem.fi\/sv\/produkt\/koboltkarbonat\/#primaryimage","url":"https:\/\/masterchem.fi\/wp-content\/uploads\/2023\/08\/Koobaltkarbonaat-25kg-MasterChem.jpg","contentUrl":"https:\/\/masterchem.fi\/wp-content\/uploads\/2023\/08\/Koobaltkarbonaat-25kg-MasterChem.jpg","width":1000,"height":1000},{"@type":"BreadcrumbList","@id":"https:\/\/masterchem.fi\/sv\/produkt\/koboltkarbonat\/#breadcrumb","itemListElement":[{"@type":"ListItem","position":1,"name":"Home","item":"https:\/\/masterchem.fi\/sv\/"},{"@type":"ListItem","position":2,"name":"Butik","item":"https:\/\/masterchem.fi\/sv\/butik\/"},{"@type":"ListItem","position":3,"name":"Koboltkarbonat"}]},{"@type":"WebSite","@id":"https:\/\/masterchem.fi\/sv\/#website","url":"https:\/\/masterchem.fi\/sv\/","name":"MasterChem | kemikaalien tuotanto ja myynti","description":"kemikaalien tuotanto ja myynti","potentialAction":[{"@type":"SearchAction","target":{"@type":"EntryPoint","urlTemplate":"https:\/\/masterchem.fi\/sv\/?s={search_term_string}"},"query-input":{"@type":"PropertyValueSpecification","valueRequired":true,"valueName":"search_term_string"}}],"inLanguage":"sv-SE"}]}},"_links":{"self":[{"href":"https:\/\/masterchem.fi\/sv\/wp-json\/wp\/v2\/product\/12279","targetHints":{"allow":["GET"]}}],"collection":[{"href":"https:\/\/masterchem.fi\/sv\/wp-json\/wp\/v2\/product"}],"about":[{"href":"https:\/\/masterchem.fi\/sv\/wp-json\/wp\/v2\/types\/product"}],"wp:featuredmedia":[{"embeddable":true,"href":"https:\/\/masterchem.fi\/sv\/wp-json\/wp\/v2\/media\/12283"}],"wp:attachment":[{"href":"https:\/\/masterchem.fi\/sv\/wp-json\/wp\/v2\/media?parent=12279"}],"wp:term":[{"taxonomy":"product_brand","embeddable":true,"href":"https:\/\/masterchem.fi\/sv\/wp-json\/wp\/v2\/product_brand?post=12279"},{"taxonomy":"product_cat","embeddable":true,"href":"https:\/\/masterchem.fi\/sv\/wp-json\/wp\/v2\/product_cat?post=12279"},{"taxonomy":"product_tag","embeddable":true,"href":"https:\/\/masterchem.fi\/sv\/wp-json\/wp\/v2\/product_tag?post=12279"}],"curies":[{"name":"wp","href":"https:\/\/api.w.org\/{rel}","templated":true}]}}