{"id":12305,"date":"2023-08-16T21:18:02","date_gmt":"2023-08-16T18:18:05","guid":{"rendered":"https:\/\/masterchem.fi\/?post_type=product&#038;p=12305"},"modified":"2023-08-16T21:22:08","modified_gmt":"2023-08-16T18:22:08","slug":"cocoamidopropyl-betain-cas-61789-40-0","status":"publish","type":"product","link":"https:\/\/masterchem.fi\/sv\/produkt\/cocoamidopropyl-betain-cas-61789-40-0\/","title":{"rendered":"Cocoamidopropyl betain (CAS 61789-40-0)"},"content":{"rendered":"<p><strong>Information<\/strong><br \/>\nBranscher: Hush\u00e5llskemikalier, Kosmetisk industri<br \/>\nWE-nummer: 931-513-6<br \/>\n<strong>Andra fysiska egenskaper<\/strong><br \/>\npH: 4,5-7,5 (20\u00b0C, 10 % r-r wodny)<br \/>\nSm\u00e4lt-\/fryspunkt: < 0\u00baC\nKokpunkt\/intervall: 100\u00baC (1000 hPa)\nRelativ densitet: 1,04-1,05 g\/cm3 (20\u00b0C)\n<\/p>\n","protected":false},"excerpt":{"rendered":"<p><strong>Cocoamidopropylbetain (CAS 61789-40-0)<\/strong><\/p>\n<p>Cocamidopropyl Betaine, eller f\u00f6rkortat CAB\/CAPB, \u00e4r ett allm\u00e4nt anv\u00e4nt amfotert ytaktivt \u00e4mne. Det \u00e4r en mild kokosn\u00f6tsh\u00e4rledd aktiv ingrediens, som alltmer anv\u00e4nds som emulgeringsmedel, f\u00f6rtjockningsmedel och skummedel i olika hush\u00e5llstv\u00e4ttmedel, personliga hygienprodukter och kosmetika, s\u00e4rskilt i skonsamma babyv\u00e5rdsprodukter, s\u00e5som babyschampon och babybubbelbad.<\/ p><\/p>\n<p>Tack vare sin mildhet och kompatibilitet med andra ytaktiva \u00e4mnen, har Cocamidopropyl Betaine varit ett popul\u00e4rt val som prim\u00e4rt eller sekund\u00e4rt ytaktivt \u00e4mne i ett brett utbud av formler. CAPB kan ha utm\u00e4rkta synergistiska effekter med andra ytaktiva \u00e4mnen i formler, f\u00f6r att uppn\u00e5 h\u00f6gre viskositet, rikare skum och l\u00e4gre irritation p\u00e5 hud och \u00f6gon.<\/p>\n","protected":false},"featured_media":0,"template":"","meta":[],"product_brand":[],"product_cat":[177,105,116],"product_tag":[],"class_list":{"0":"post-12305","1":"product","2":"type-product","3":"status-publish","5":"product_cat-kosmetikindustrin","6":"product_cat-hushallskemikalier-sv","7":"product_cat-alla-produkter","9":"first","10":"outofstock","11":"featured","12":"taxable","13":"shipping-taxable","14":"purchasable","15":"product-type-variable","16":"has-default-attributes","17":"rtwpvg-product"},"yoast_head":"<!-- This site is optimized with the Yoast SEO plugin v27.2 - https:\/\/yoast.com\/product\/yoast-seo-wordpress\/ -->\n<title>Cocoamidopropyl betain (CAS 61789-40-0) - MasterChem | kemikaalien tuotanto ja myynti<\/title>\n<meta name=\"description\" content=\"Cocamidopropyl Betaine, eller f\u00f6rkortat CAB\/CAPB, \u00e4r ett allm\u00e4nt anv\u00e4nt amfotert ytaktivt \u00e4mne.\" \/>\n<meta name=\"robots\" content=\"index, follow, max-snippet:-1, max-image-preview:large, max-video-preview:-1\" \/>\n<link rel=\"canonical\" href=\"https:\/\/masterchem.fi\/sv\/produkt\/cocoamidopropyl-betain-cas-61789-40-0\/\" \/>\n<meta property=\"og:locale\" content=\"sv_SE\" \/>\n<meta property=\"og:type\" content=\"article\" \/>\n<meta property=\"og:title\" content=\"Cocoamidopropyl betain (CAS 61789-40-0) - MasterChem | kemikaalien tuotanto ja myynti\" \/>\n<meta property=\"og:description\" content=\"Cocamidopropyl Betaine, eller f\u00f6rkortat CAB\/CAPB, \u00e4r ett allm\u00e4nt anv\u00e4nt amfotert ytaktivt \u00e4mne.\" \/>\n<meta property=\"og:url\" content=\"https:\/\/masterchem.fi\/sv\/produkt\/cocoamidopropyl-betain-cas-61789-40-0\/\" \/>\n<meta property=\"og:site_name\" content=\"MasterChem | kemikaalien tuotanto ja myynti\" \/>\n<meta property=\"article:modified_time\" content=\"2023-08-16T18:22:08+00:00\" \/>\n<meta name=\"twitter:card\" content=\"summary_large_image\" \/>\n<script type=\"application\/ld+json\" class=\"yoast-schema-graph\">{\"@context\":\"https:\/\/schema.org\",\"@graph\":[{\"@type\":\"WebPage\",\"@id\":\"https:\/\/masterchem.fi\/sv\/produkt\/cocoamidopropyl-betain-cas-61789-40-0\/\",\"url\":\"https:\/\/masterchem.fi\/sv\/produkt\/cocoamidopropyl-betain-cas-61789-40-0\/\",\"name\":\"Cocoamidopropyl betain (CAS 61789-40-0) - MasterChem | kemikaalien tuotanto ja myynti\",\"isPartOf\":{\"@id\":\"https:\/\/masterchem.fi\/sv\/#website\"},\"datePublished\":\"2023-08-16T18:18:05+00:00\",\"dateModified\":\"2023-08-16T18:22:08+00:00\",\"description\":\"Cocamidopropyl Betaine, eller f\u00f6rkortat CAB\/CAPB, \u00e4r ett allm\u00e4nt anv\u00e4nt amfotert ytaktivt \u00e4mne.\",\"breadcrumb\":{\"@id\":\"https:\/\/masterchem.fi\/sv\/produkt\/cocoamidopropyl-betain-cas-61789-40-0\/#breadcrumb\"},\"inLanguage\":\"sv-SE\",\"potentialAction\":[{\"@type\":\"ReadAction\",\"target\":[\"https:\/\/masterchem.fi\/sv\/produkt\/cocoamidopropyl-betain-cas-61789-40-0\/\"]}]},{\"@type\":\"BreadcrumbList\",\"@id\":\"https:\/\/masterchem.fi\/sv\/produkt\/cocoamidopropyl-betain-cas-61789-40-0\/#breadcrumb\",\"itemListElement\":[{\"@type\":\"ListItem\",\"position\":1,\"name\":\"Home\",\"item\":\"https:\/\/masterchem.fi\/sv\/\"},{\"@type\":\"ListItem\",\"position\":2,\"name\":\"Butik\",\"item\":\"https:\/\/masterchem.fi\/sv\/butik\/\"},{\"@type\":\"ListItem\",\"position\":3,\"name\":\"Cocoamidopropyl betain (CAS 61789-40-0)\"}]},{\"@type\":\"WebSite\",\"@id\":\"https:\/\/masterchem.fi\/sv\/#website\",\"url\":\"https:\/\/masterchem.fi\/sv\/\",\"name\":\"MasterChem | kemikaalien tuotanto ja myynti\",\"description\":\"kemikaalien tuotanto ja myynti\",\"potentialAction\":[{\"@type\":\"SearchAction\",\"target\":{\"@type\":\"EntryPoint\",\"urlTemplate\":\"https:\/\/masterchem.fi\/sv\/?s={search_term_string}\"},\"query-input\":{\"@type\":\"PropertyValueSpecification\",\"valueRequired\":true,\"valueName\":\"search_term_string\"}}],\"inLanguage\":\"sv-SE\"}]}<\/script>\n<!-- \/ Yoast SEO plugin. -->","yoast_head_json":{"title":"Cocoamidopropyl betain (CAS 61789-40-0) - MasterChem | kemikaalien tuotanto ja myynti","description":"Cocamidopropyl Betaine, eller f\u00f6rkortat CAB\/CAPB, \u00e4r ett allm\u00e4nt anv\u00e4nt amfotert ytaktivt \u00e4mne.","robots":{"index":"index","follow":"follow","max-snippet":"max-snippet:-1","max-image-preview":"max-image-preview:large","max-video-preview":"max-video-preview:-1"},"canonical":"https:\/\/masterchem.fi\/sv\/produkt\/cocoamidopropyl-betain-cas-61789-40-0\/","og_locale":"sv_SE","og_type":"article","og_title":"Cocoamidopropyl betain (CAS 61789-40-0) - MasterChem | kemikaalien tuotanto ja myynti","og_description":"Cocamidopropyl Betaine, eller f\u00f6rkortat CAB\/CAPB, \u00e4r ett allm\u00e4nt anv\u00e4nt amfotert ytaktivt \u00e4mne.","og_url":"https:\/\/masterchem.fi\/sv\/produkt\/cocoamidopropyl-betain-cas-61789-40-0\/","og_site_name":"MasterChem | kemikaalien tuotanto ja myynti","article_modified_time":"2023-08-16T18:22:08+00:00","twitter_card":"summary_large_image","schema":{"@context":"https:\/\/schema.org","@graph":[{"@type":"WebPage","@id":"https:\/\/masterchem.fi\/sv\/produkt\/cocoamidopropyl-betain-cas-61789-40-0\/","url":"https:\/\/masterchem.fi\/sv\/produkt\/cocoamidopropyl-betain-cas-61789-40-0\/","name":"Cocoamidopropyl betain (CAS 61789-40-0) - MasterChem | kemikaalien tuotanto ja myynti","isPartOf":{"@id":"https:\/\/masterchem.fi\/sv\/#website"},"datePublished":"2023-08-16T18:18:05+00:00","dateModified":"2023-08-16T18:22:08+00:00","description":"Cocamidopropyl Betaine, eller f\u00f6rkortat CAB\/CAPB, \u00e4r ett allm\u00e4nt anv\u00e4nt amfotert ytaktivt \u00e4mne.","breadcrumb":{"@id":"https:\/\/masterchem.fi\/sv\/produkt\/cocoamidopropyl-betain-cas-61789-40-0\/#breadcrumb"},"inLanguage":"sv-SE","potentialAction":[{"@type":"ReadAction","target":["https:\/\/masterchem.fi\/sv\/produkt\/cocoamidopropyl-betain-cas-61789-40-0\/"]}]},{"@type":"BreadcrumbList","@id":"https:\/\/masterchem.fi\/sv\/produkt\/cocoamidopropyl-betain-cas-61789-40-0\/#breadcrumb","itemListElement":[{"@type":"ListItem","position":1,"name":"Home","item":"https:\/\/masterchem.fi\/sv\/"},{"@type":"ListItem","position":2,"name":"Butik","item":"https:\/\/masterchem.fi\/sv\/butik\/"},{"@type":"ListItem","position":3,"name":"Cocoamidopropyl betain (CAS 61789-40-0)"}]},{"@type":"WebSite","@id":"https:\/\/masterchem.fi\/sv\/#website","url":"https:\/\/masterchem.fi\/sv\/","name":"MasterChem | kemikaalien tuotanto ja myynti","description":"kemikaalien tuotanto ja myynti","potentialAction":[{"@type":"SearchAction","target":{"@type":"EntryPoint","urlTemplate":"https:\/\/masterchem.fi\/sv\/?s={search_term_string}"},"query-input":{"@type":"PropertyValueSpecification","valueRequired":true,"valueName":"search_term_string"}}],"inLanguage":"sv-SE"}]}},"_links":{"self":[{"href":"https:\/\/masterchem.fi\/sv\/wp-json\/wp\/v2\/product\/12305","targetHints":{"allow":["GET"]}}],"collection":[{"href":"https:\/\/masterchem.fi\/sv\/wp-json\/wp\/v2\/product"}],"about":[{"href":"https:\/\/masterchem.fi\/sv\/wp-json\/wp\/v2\/types\/product"}],"wp:attachment":[{"href":"https:\/\/masterchem.fi\/sv\/wp-json\/wp\/v2\/media?parent=12305"}],"wp:term":[{"taxonomy":"product_brand","embeddable":true,"href":"https:\/\/masterchem.fi\/sv\/wp-json\/wp\/v2\/product_brand?post=12305"},{"taxonomy":"product_cat","embeddable":true,"href":"https:\/\/masterchem.fi\/sv\/wp-json\/wp\/v2\/product_cat?post=12305"},{"taxonomy":"product_tag","embeddable":true,"href":"https:\/\/masterchem.fi\/sv\/wp-json\/wp\/v2\/product_tag?post=12305"}],"curies":[{"name":"wp","href":"https:\/\/api.w.org\/{rel}","templated":true}]}}