{"id":12337,"date":"2023-08-17T22:42:13","date_gmt":"2023-08-17T19:42:15","guid":{"rendered":"https:\/\/masterchem.fi\/?post_type=product&#038;p=12337"},"modified":"2023-08-17T22:45:13","modified_gmt":"2023-08-17T19:45:13","slug":"kalciumsulfat-cas-7778-18-9","status":"publish","type":"product","link":"https:\/\/masterchem.fi\/sv\/produkt\/kalciumsulfat-cas-7778-18-9\/","title":{"rendered":"Kalciumsulfat (CAS 7778-18-9)"},"content":{"rendered":"<p>Branscher: Byggkemi<br \/>\nSammans\u00e4ttning: Svavelsyrasalter &#8211; sulfater, Kalciumf\u00f6reningar, Svavelf\u00f6reningar<br \/>\nCAS-nummer: 7778-18-9<br \/>\nWE-nummer: 231-900-3<br \/>\nKemisk formel: CaSO4\u00b72H2O<br \/>\nMolvikt: 172,17 g\/mol<br \/>\nTulltaxekod: 25201000<\/p>\n","protected":false},"excerpt":{"rendered":"<p><strong>Kalciumsulfat (CAS 7778-18-9)<\/strong><\/p>\n<p>Kalciumsulfat (eller kalciumsulfat) \u00e4r den oorganiska f\u00f6reningen med formeln CaSO4 och relaterade hydrater. I form av \u03b3-anhydrit (den vattenfria formen) anv\u00e4nds den som torkmedel. Ett s\u00e4rskilt hydrat \u00e4r mer k\u00e4nt som gips, och ett annat f\u00f6rekommer naturligt som mineralgips. Det har m\u00e5nga anv\u00e4ndningsomr\u00e5den inom industrin. Alla former \u00e4r vita fasta \u00e4mnen som \u00e4r d\u00e5ligt l\u00f6sliga i vatten. Kalciumsulfat orsakar permanent h\u00e5rdhet i vatten.<\/p>\n","protected":false},"featured_media":12341,"template":"","meta":[],"product_brand":[],"product_cat":[112,116],"product_tag":[],"class_list":{"0":"post-12337","1":"product","2":"type-product","3":"status-publish","4":"has-post-thumbnail","6":"product_cat-byggbranschen","7":"product_cat-alla-produkter","9":"first","10":"outofstock","11":"taxable","12":"shipping-taxable","13":"purchasable","14":"product-type-variable","15":"has-default-attributes","16":"rtwpvg-product"},"yoast_head":"<!-- This site is optimized with the Yoast SEO plugin v27.2 - https:\/\/yoast.com\/product\/yoast-seo-wordpress\/ -->\n<title>Kalciumsulfat (CAS 7778-18-9) - MasterChem | kemikaalien tuotanto ja myynti<\/title>\n<meta name=\"description\" content=\"Kalciumsulfat (eller kalciumsulfat) \u00e4r den oorganiska f\u00f6reningen med formeln CaSO4 och relaterade hydrater.\" \/>\n<meta name=\"robots\" content=\"index, follow, max-snippet:-1, max-image-preview:large, max-video-preview:-1\" \/>\n<link rel=\"canonical\" href=\"https:\/\/masterchem.fi\/sv\/produkt\/kalciumsulfat-cas-7778-18-9\/\" \/>\n<meta property=\"og:locale\" content=\"sv_SE\" \/>\n<meta property=\"og:type\" content=\"article\" \/>\n<meta property=\"og:title\" content=\"Kalciumsulfat (CAS 7778-18-9) - MasterChem | kemikaalien tuotanto ja myynti\" \/>\n<meta property=\"og:description\" content=\"Kalciumsulfat (eller kalciumsulfat) \u00e4r den oorganiska f\u00f6reningen med formeln CaSO4 och relaterade hydrater.\" \/>\n<meta property=\"og:url\" content=\"https:\/\/masterchem.fi\/sv\/produkt\/kalciumsulfat-cas-7778-18-9\/\" \/>\n<meta property=\"og:site_name\" content=\"MasterChem | kemikaalien tuotanto ja myynti\" \/>\n<meta property=\"article:modified_time\" content=\"2023-08-17T19:45:13+00:00\" \/>\n<meta property=\"og:image\" content=\"https:\/\/masterchem.fi\/wp-content\/uploads\/2023\/08\/Kaltsiumsulfaat-25kg-MasterChem.jpg\" \/>\n\t<meta property=\"og:image:width\" content=\"1000\" \/>\n\t<meta property=\"og:image:height\" content=\"1000\" \/>\n\t<meta property=\"og:image:type\" content=\"image\/jpeg\" \/>\n<meta name=\"twitter:card\" content=\"summary_large_image\" \/>\n<script type=\"application\/ld+json\" class=\"yoast-schema-graph\">{\"@context\":\"https:\/\/schema.org\",\"@graph\":[{\"@type\":\"WebPage\",\"@id\":\"https:\/\/masterchem.fi\/sv\/produkt\/kalciumsulfat-cas-7778-18-9\/\",\"url\":\"https:\/\/masterchem.fi\/sv\/produkt\/kalciumsulfat-cas-7778-18-9\/\",\"name\":\"Kalciumsulfat (CAS 7778-18-9) - MasterChem | kemikaalien tuotanto ja myynti\",\"isPartOf\":{\"@id\":\"https:\/\/masterchem.fi\/sv\/#website\"},\"primaryImageOfPage\":{\"@id\":\"https:\/\/masterchem.fi\/sv\/produkt\/kalciumsulfat-cas-7778-18-9\/#primaryimage\"},\"image\":{\"@id\":\"https:\/\/masterchem.fi\/sv\/produkt\/kalciumsulfat-cas-7778-18-9\/#primaryimage\"},\"thumbnailUrl\":\"https:\/\/masterchem.fi\/wp-content\/uploads\/2023\/08\/Kaltsiumsulfaat-25kg-MasterChem.jpg\",\"datePublished\":\"2023-08-17T19:42:15+00:00\",\"dateModified\":\"2023-08-17T19:45:13+00:00\",\"description\":\"Kalciumsulfat (eller kalciumsulfat) \u00e4r den oorganiska f\u00f6reningen med formeln CaSO4 och relaterade hydrater.\",\"breadcrumb\":{\"@id\":\"https:\/\/masterchem.fi\/sv\/produkt\/kalciumsulfat-cas-7778-18-9\/#breadcrumb\"},\"inLanguage\":\"sv-SE\",\"potentialAction\":[{\"@type\":\"ReadAction\",\"target\":[\"https:\/\/masterchem.fi\/sv\/produkt\/kalciumsulfat-cas-7778-18-9\/\"]}]},{\"@type\":\"ImageObject\",\"inLanguage\":\"sv-SE\",\"@id\":\"https:\/\/masterchem.fi\/sv\/produkt\/kalciumsulfat-cas-7778-18-9\/#primaryimage\",\"url\":\"https:\/\/masterchem.fi\/wp-content\/uploads\/2023\/08\/Kaltsiumsulfaat-25kg-MasterChem.jpg\",\"contentUrl\":\"https:\/\/masterchem.fi\/wp-content\/uploads\/2023\/08\/Kaltsiumsulfaat-25kg-MasterChem.jpg\",\"width\":1000,\"height\":1000},{\"@type\":\"BreadcrumbList\",\"@id\":\"https:\/\/masterchem.fi\/sv\/produkt\/kalciumsulfat-cas-7778-18-9\/#breadcrumb\",\"itemListElement\":[{\"@type\":\"ListItem\",\"position\":1,\"name\":\"Home\",\"item\":\"https:\/\/masterchem.fi\/sv\/\"},{\"@type\":\"ListItem\",\"position\":2,\"name\":\"Butik\",\"item\":\"https:\/\/masterchem.fi\/sv\/butik\/\"},{\"@type\":\"ListItem\",\"position\":3,\"name\":\"Kalciumsulfat (CAS 7778-18-9)\"}]},{\"@type\":\"WebSite\",\"@id\":\"https:\/\/masterchem.fi\/sv\/#website\",\"url\":\"https:\/\/masterchem.fi\/sv\/\",\"name\":\"MasterChem | kemikaalien tuotanto ja myynti\",\"description\":\"kemikaalien tuotanto ja myynti\",\"potentialAction\":[{\"@type\":\"SearchAction\",\"target\":{\"@type\":\"EntryPoint\",\"urlTemplate\":\"https:\/\/masterchem.fi\/sv\/?s={search_term_string}\"},\"query-input\":{\"@type\":\"PropertyValueSpecification\",\"valueRequired\":true,\"valueName\":\"search_term_string\"}}],\"inLanguage\":\"sv-SE\"}]}<\/script>\n<!-- \/ Yoast SEO plugin. -->","yoast_head_json":{"title":"Kalciumsulfat (CAS 7778-18-9) - MasterChem | kemikaalien tuotanto ja myynti","description":"Kalciumsulfat (eller kalciumsulfat) \u00e4r den oorganiska f\u00f6reningen med formeln CaSO4 och relaterade hydrater.","robots":{"index":"index","follow":"follow","max-snippet":"max-snippet:-1","max-image-preview":"max-image-preview:large","max-video-preview":"max-video-preview:-1"},"canonical":"https:\/\/masterchem.fi\/sv\/produkt\/kalciumsulfat-cas-7778-18-9\/","og_locale":"sv_SE","og_type":"article","og_title":"Kalciumsulfat (CAS 7778-18-9) - MasterChem | kemikaalien tuotanto ja myynti","og_description":"Kalciumsulfat (eller kalciumsulfat) \u00e4r den oorganiska f\u00f6reningen med formeln CaSO4 och relaterade hydrater.","og_url":"https:\/\/masterchem.fi\/sv\/produkt\/kalciumsulfat-cas-7778-18-9\/","og_site_name":"MasterChem | kemikaalien tuotanto ja myynti","article_modified_time":"2023-08-17T19:45:13+00:00","og_image":[{"width":1000,"height":1000,"url":"https:\/\/masterchem.fi\/wp-content\/uploads\/2023\/08\/Kaltsiumsulfaat-25kg-MasterChem.jpg","type":"image\/jpeg"}],"twitter_card":"summary_large_image","schema":{"@context":"https:\/\/schema.org","@graph":[{"@type":"WebPage","@id":"https:\/\/masterchem.fi\/sv\/produkt\/kalciumsulfat-cas-7778-18-9\/","url":"https:\/\/masterchem.fi\/sv\/produkt\/kalciumsulfat-cas-7778-18-9\/","name":"Kalciumsulfat (CAS 7778-18-9) - MasterChem | kemikaalien tuotanto ja myynti","isPartOf":{"@id":"https:\/\/masterchem.fi\/sv\/#website"},"primaryImageOfPage":{"@id":"https:\/\/masterchem.fi\/sv\/produkt\/kalciumsulfat-cas-7778-18-9\/#primaryimage"},"image":{"@id":"https:\/\/masterchem.fi\/sv\/produkt\/kalciumsulfat-cas-7778-18-9\/#primaryimage"},"thumbnailUrl":"https:\/\/masterchem.fi\/wp-content\/uploads\/2023\/08\/Kaltsiumsulfaat-25kg-MasterChem.jpg","datePublished":"2023-08-17T19:42:15+00:00","dateModified":"2023-08-17T19:45:13+00:00","description":"Kalciumsulfat (eller kalciumsulfat) \u00e4r den oorganiska f\u00f6reningen med formeln CaSO4 och relaterade hydrater.","breadcrumb":{"@id":"https:\/\/masterchem.fi\/sv\/produkt\/kalciumsulfat-cas-7778-18-9\/#breadcrumb"},"inLanguage":"sv-SE","potentialAction":[{"@type":"ReadAction","target":["https:\/\/masterchem.fi\/sv\/produkt\/kalciumsulfat-cas-7778-18-9\/"]}]},{"@type":"ImageObject","inLanguage":"sv-SE","@id":"https:\/\/masterchem.fi\/sv\/produkt\/kalciumsulfat-cas-7778-18-9\/#primaryimage","url":"https:\/\/masterchem.fi\/wp-content\/uploads\/2023\/08\/Kaltsiumsulfaat-25kg-MasterChem.jpg","contentUrl":"https:\/\/masterchem.fi\/wp-content\/uploads\/2023\/08\/Kaltsiumsulfaat-25kg-MasterChem.jpg","width":1000,"height":1000},{"@type":"BreadcrumbList","@id":"https:\/\/masterchem.fi\/sv\/produkt\/kalciumsulfat-cas-7778-18-9\/#breadcrumb","itemListElement":[{"@type":"ListItem","position":1,"name":"Home","item":"https:\/\/masterchem.fi\/sv\/"},{"@type":"ListItem","position":2,"name":"Butik","item":"https:\/\/masterchem.fi\/sv\/butik\/"},{"@type":"ListItem","position":3,"name":"Kalciumsulfat (CAS 7778-18-9)"}]},{"@type":"WebSite","@id":"https:\/\/masterchem.fi\/sv\/#website","url":"https:\/\/masterchem.fi\/sv\/","name":"MasterChem | kemikaalien tuotanto ja myynti","description":"kemikaalien tuotanto ja myynti","potentialAction":[{"@type":"SearchAction","target":{"@type":"EntryPoint","urlTemplate":"https:\/\/masterchem.fi\/sv\/?s={search_term_string}"},"query-input":{"@type":"PropertyValueSpecification","valueRequired":true,"valueName":"search_term_string"}}],"inLanguage":"sv-SE"}]}},"_links":{"self":[{"href":"https:\/\/masterchem.fi\/sv\/wp-json\/wp\/v2\/product\/12337","targetHints":{"allow":["GET"]}}],"collection":[{"href":"https:\/\/masterchem.fi\/sv\/wp-json\/wp\/v2\/product"}],"about":[{"href":"https:\/\/masterchem.fi\/sv\/wp-json\/wp\/v2\/types\/product"}],"wp:featuredmedia":[{"embeddable":true,"href":"https:\/\/masterchem.fi\/sv\/wp-json\/wp\/v2\/media\/12341"}],"wp:attachment":[{"href":"https:\/\/masterchem.fi\/sv\/wp-json\/wp\/v2\/media?parent=12337"}],"wp:term":[{"taxonomy":"product_brand","embeddable":true,"href":"https:\/\/masterchem.fi\/sv\/wp-json\/wp\/v2\/product_brand?post=12337"},{"taxonomy":"product_cat","embeddable":true,"href":"https:\/\/masterchem.fi\/sv\/wp-json\/wp\/v2\/product_cat?post=12337"},{"taxonomy":"product_tag","embeddable":true,"href":"https:\/\/masterchem.fi\/sv\/wp-json\/wp\/v2\/product_tag?post=12337"}],"curies":[{"name":"wp","href":"https:\/\/api.w.org\/{rel}","templated":true}]}}