{"id":12348,"date":"2023-08-21T21:07:15","date_gmt":"2023-08-21T18:07:16","guid":{"rendered":"https:\/\/masterchem.fi\/?post_type=product&#038;p=12348"},"modified":"2023-08-21T21:11:54","modified_gmt":"2023-08-21T18:11:54","slug":"gardric-froolja","status":"publish","type":"product","link":"https:\/\/masterchem.fi\/sv\/produkt\/gardric-froolja\/","title":{"rendered":"Gardric fr\u00f6olja"},"content":{"rendered":"<p><strong>Gardric fr\u00f6olja<\/strong><br \/>\nBranscher: Kosmetisk industri<br \/>\nSammans\u00e4ttning: Oljor, fetter, vaxer<\/p>\n","protected":false},"excerpt":{"rendered":"<p><strong>Gardric fr\u00f6olja<\/strong><\/p>\n<p><strong>K\u00e4nnetecken<\/strong><br \/>\nEterisk olja av vitl\u00f6k \u00e4r en produkt av \u00e5ngdestillation av f\u00e4rska vitl\u00f6ksklyftor. Den f\u00e4rdiga v\u00e4tskan \u00e4r f\u00e4rgl\u00f6s, kan ha en l\u00e4tt gulaktig nyans, br\u00e4nnande i smaken.<\/p>\n<p><strong>F\u00f6rdelaktiga funktioner<\/strong><br \/>\nEterisk olja av vitl\u00f6k har m\u00e5nga h\u00e4lsof\u00f6rdelar. De viktigaste \u00e4r:<\/p>\n<p>Baktericid.<br \/>\nAntiviral.<br \/>\nHypotonisk.<br \/>\nAntikolesterol.<br \/>\nHostd\u00e4mpande.<br \/>\nHypotermisk.<br \/>\nAnthelmintikum.<br \/>\nImmunmodulerande.<\/p>\n<p>Motsvarande produkt p\u00e5verkar gynnsamt tillst\u00e5ndet i det genitourin\u00e4ra systemet. Hj\u00e4lper till att eliminera cystit, inflammatoriska, infekti\u00f6sa processer i strukturerna i det urogenitala omr\u00e5det.<\/p>\n<p><strong>Ans\u00f6kan<\/strong><br \/>\nOmfattningen av vitl\u00f6k eterisk olja beror direkt p\u00e5 dess grundl\u00e4ggande egenskaper. Det anv\u00e4nds inom livsmedelsindustrin f\u00f6r att ge en karakteristisk arom och smak till f\u00e4rdigmat.<\/p>\n<p>Inom parfymer anv\u00e4nds produkten inte p\u00e5 grund av den skarpa och obehagliga aromen f\u00f6r m\u00e5nga.<\/p>\n<p>Inom kosmetologi anv\u00e4nds eterisk olja fr\u00e5n vitl\u00f6k ibland f\u00f6r att ta hand om fet hud. Det kan reglera fettinneh\u00e5llet i kroppsskyddet, p\u00e5verkar aktiviteten hos talgk\u00f6rtlarna. Klarar effektivt akne och inflammatoriska hudsjukdomar.<\/p>\n","protected":false},"featured_media":12352,"template":"","meta":[],"product_brand":[],"product_cat":[116,177],"product_tag":[],"class_list":{"0":"post-12348","1":"product","2":"type-product","3":"status-publish","4":"has-post-thumbnail","6":"product_cat-alla-produkter","7":"product_cat-kosmetikindustrin","9":"first","10":"outofstock","11":"featured","12":"taxable","13":"shipping-taxable","14":"purchasable","15":"product-type-variable","16":"has-default-attributes","17":"rtwpvg-product"},"yoast_head":"<!-- This site is optimized with the Yoast SEO plugin v27.2 - https:\/\/yoast.com\/product\/yoast-seo-wordpress\/ -->\n<title>Gardric fr\u00f6olja - MasterChem | kemikaalien tuotanto ja myynti<\/title>\n<meta name=\"description\" content=\"Eterisk olja av vitl\u00f6k \u00e4r en produkt av \u00e5ngdestillation av f\u00e4rska vitl\u00f6ksklyftor. Den f\u00e4rdiga v\u00e4tskan \u00e4r f\u00e4rgl\u00f6s, kan ha en l\u00e4tt gulaktig nyans, br\u00e4nnande i smaken.\" \/>\n<meta name=\"robots\" content=\"index, follow, max-snippet:-1, max-image-preview:large, max-video-preview:-1\" \/>\n<link rel=\"canonical\" href=\"https:\/\/masterchem.fi\/sv\/produkt\/gardric-froolja\/\" \/>\n<meta property=\"og:locale\" content=\"sv_SE\" \/>\n<meta property=\"og:type\" content=\"article\" \/>\n<meta property=\"og:title\" content=\"Gardric fr\u00f6olja - MasterChem | kemikaalien tuotanto ja myynti\" \/>\n<meta property=\"og:description\" content=\"Eterisk olja av vitl\u00f6k \u00e4r en produkt av \u00e5ngdestillation av f\u00e4rska vitl\u00f6ksklyftor. Den f\u00e4rdiga v\u00e4tskan \u00e4r f\u00e4rgl\u00f6s, kan ha en l\u00e4tt gulaktig nyans, br\u00e4nnande i smaken.\" \/>\n<meta property=\"og:url\" content=\"https:\/\/masterchem.fi\/sv\/produkt\/gardric-froolja\/\" \/>\n<meta property=\"og:site_name\" content=\"MasterChem | kemikaalien tuotanto ja myynti\" \/>\n<meta property=\"article:modified_time\" content=\"2023-08-21T18:11:54+00:00\" \/>\n<meta property=\"og:image\" content=\"https:\/\/masterchem.fi\/wp-content\/uploads\/2023\/08\/Gardric-seemneoli-20l-MaterChem.jpg\" \/>\n\t<meta property=\"og:image:width\" content=\"700\" \/>\n\t<meta property=\"og:image:height\" content=\"700\" \/>\n\t<meta property=\"og:image:type\" content=\"image\/jpeg\" \/>\n<meta name=\"twitter:card\" content=\"summary_large_image\" \/>\n<script type=\"application\/ld+json\" class=\"yoast-schema-graph\">{\"@context\":\"https:\/\/schema.org\",\"@graph\":[{\"@type\":\"WebPage\",\"@id\":\"https:\/\/masterchem.fi\/sv\/produkt\/gardric-froolja\/\",\"url\":\"https:\/\/masterchem.fi\/sv\/produkt\/gardric-froolja\/\",\"name\":\"Gardric fr\u00f6olja - MasterChem | kemikaalien tuotanto ja myynti\",\"isPartOf\":{\"@id\":\"https:\/\/masterchem.fi\/sv\/#website\"},\"primaryImageOfPage\":{\"@id\":\"https:\/\/masterchem.fi\/sv\/produkt\/gardric-froolja\/#primaryimage\"},\"image\":{\"@id\":\"https:\/\/masterchem.fi\/sv\/produkt\/gardric-froolja\/#primaryimage\"},\"thumbnailUrl\":\"https:\/\/masterchem.fi\/wp-content\/uploads\/2023\/08\/Gardric-seemneoli-20l-MaterChem.jpg\",\"datePublished\":\"2023-08-21T18:07:16+00:00\",\"dateModified\":\"2023-08-21T18:11:54+00:00\",\"description\":\"Eterisk olja av vitl\u00f6k \u00e4r en produkt av \u00e5ngdestillation av f\u00e4rska vitl\u00f6ksklyftor. Den f\u00e4rdiga v\u00e4tskan \u00e4r f\u00e4rgl\u00f6s, kan ha en l\u00e4tt gulaktig nyans, br\u00e4nnande i smaken.\",\"breadcrumb\":{\"@id\":\"https:\/\/masterchem.fi\/sv\/produkt\/gardric-froolja\/#breadcrumb\"},\"inLanguage\":\"sv-SE\",\"potentialAction\":[{\"@type\":\"ReadAction\",\"target\":[\"https:\/\/masterchem.fi\/sv\/produkt\/gardric-froolja\/\"]}]},{\"@type\":\"ImageObject\",\"inLanguage\":\"sv-SE\",\"@id\":\"https:\/\/masterchem.fi\/sv\/produkt\/gardric-froolja\/#primaryimage\",\"url\":\"https:\/\/masterchem.fi\/wp-content\/uploads\/2023\/08\/Gardric-seemneoli-20l-MaterChem.jpg\",\"contentUrl\":\"https:\/\/masterchem.fi\/wp-content\/uploads\/2023\/08\/Gardric-seemneoli-20l-MaterChem.jpg\",\"width\":700,\"height\":700},{\"@type\":\"BreadcrumbList\",\"@id\":\"https:\/\/masterchem.fi\/sv\/produkt\/gardric-froolja\/#breadcrumb\",\"itemListElement\":[{\"@type\":\"ListItem\",\"position\":1,\"name\":\"Home\",\"item\":\"https:\/\/masterchem.fi\/sv\/\"},{\"@type\":\"ListItem\",\"position\":2,\"name\":\"Butik\",\"item\":\"https:\/\/masterchem.fi\/sv\/butik\/\"},{\"@type\":\"ListItem\",\"position\":3,\"name\":\"Gardric fr\u00f6olja\"}]},{\"@type\":\"WebSite\",\"@id\":\"https:\/\/masterchem.fi\/sv\/#website\",\"url\":\"https:\/\/masterchem.fi\/sv\/\",\"name\":\"MasterChem | kemikaalien tuotanto ja myynti\",\"description\":\"kemikaalien tuotanto ja myynti\",\"potentialAction\":[{\"@type\":\"SearchAction\",\"target\":{\"@type\":\"EntryPoint\",\"urlTemplate\":\"https:\/\/masterchem.fi\/sv\/?s={search_term_string}\"},\"query-input\":{\"@type\":\"PropertyValueSpecification\",\"valueRequired\":true,\"valueName\":\"search_term_string\"}}],\"inLanguage\":\"sv-SE\"}]}<\/script>\n<!-- \/ Yoast SEO plugin. -->","yoast_head_json":{"title":"Gardric fr\u00f6olja - MasterChem | kemikaalien tuotanto ja myynti","description":"Eterisk olja av vitl\u00f6k \u00e4r en produkt av \u00e5ngdestillation av f\u00e4rska vitl\u00f6ksklyftor. Den f\u00e4rdiga v\u00e4tskan \u00e4r f\u00e4rgl\u00f6s, kan ha en l\u00e4tt gulaktig nyans, br\u00e4nnande i smaken.","robots":{"index":"index","follow":"follow","max-snippet":"max-snippet:-1","max-image-preview":"max-image-preview:large","max-video-preview":"max-video-preview:-1"},"canonical":"https:\/\/masterchem.fi\/sv\/produkt\/gardric-froolja\/","og_locale":"sv_SE","og_type":"article","og_title":"Gardric fr\u00f6olja - MasterChem | kemikaalien tuotanto ja myynti","og_description":"Eterisk olja av vitl\u00f6k \u00e4r en produkt av \u00e5ngdestillation av f\u00e4rska vitl\u00f6ksklyftor. Den f\u00e4rdiga v\u00e4tskan \u00e4r f\u00e4rgl\u00f6s, kan ha en l\u00e4tt gulaktig nyans, br\u00e4nnande i smaken.","og_url":"https:\/\/masterchem.fi\/sv\/produkt\/gardric-froolja\/","og_site_name":"MasterChem | kemikaalien tuotanto ja myynti","article_modified_time":"2023-08-21T18:11:54+00:00","og_image":[{"width":700,"height":700,"url":"https:\/\/masterchem.fi\/wp-content\/uploads\/2023\/08\/Gardric-seemneoli-20l-MaterChem.jpg","type":"image\/jpeg"}],"twitter_card":"summary_large_image","schema":{"@context":"https:\/\/schema.org","@graph":[{"@type":"WebPage","@id":"https:\/\/masterchem.fi\/sv\/produkt\/gardric-froolja\/","url":"https:\/\/masterchem.fi\/sv\/produkt\/gardric-froolja\/","name":"Gardric fr\u00f6olja - MasterChem | kemikaalien tuotanto ja myynti","isPartOf":{"@id":"https:\/\/masterchem.fi\/sv\/#website"},"primaryImageOfPage":{"@id":"https:\/\/masterchem.fi\/sv\/produkt\/gardric-froolja\/#primaryimage"},"image":{"@id":"https:\/\/masterchem.fi\/sv\/produkt\/gardric-froolja\/#primaryimage"},"thumbnailUrl":"https:\/\/masterchem.fi\/wp-content\/uploads\/2023\/08\/Gardric-seemneoli-20l-MaterChem.jpg","datePublished":"2023-08-21T18:07:16+00:00","dateModified":"2023-08-21T18:11:54+00:00","description":"Eterisk olja av vitl\u00f6k \u00e4r en produkt av \u00e5ngdestillation av f\u00e4rska vitl\u00f6ksklyftor. Den f\u00e4rdiga v\u00e4tskan \u00e4r f\u00e4rgl\u00f6s, kan ha en l\u00e4tt gulaktig nyans, br\u00e4nnande i smaken.","breadcrumb":{"@id":"https:\/\/masterchem.fi\/sv\/produkt\/gardric-froolja\/#breadcrumb"},"inLanguage":"sv-SE","potentialAction":[{"@type":"ReadAction","target":["https:\/\/masterchem.fi\/sv\/produkt\/gardric-froolja\/"]}]},{"@type":"ImageObject","inLanguage":"sv-SE","@id":"https:\/\/masterchem.fi\/sv\/produkt\/gardric-froolja\/#primaryimage","url":"https:\/\/masterchem.fi\/wp-content\/uploads\/2023\/08\/Gardric-seemneoli-20l-MaterChem.jpg","contentUrl":"https:\/\/masterchem.fi\/wp-content\/uploads\/2023\/08\/Gardric-seemneoli-20l-MaterChem.jpg","width":700,"height":700},{"@type":"BreadcrumbList","@id":"https:\/\/masterchem.fi\/sv\/produkt\/gardric-froolja\/#breadcrumb","itemListElement":[{"@type":"ListItem","position":1,"name":"Home","item":"https:\/\/masterchem.fi\/sv\/"},{"@type":"ListItem","position":2,"name":"Butik","item":"https:\/\/masterchem.fi\/sv\/butik\/"},{"@type":"ListItem","position":3,"name":"Gardric fr\u00f6olja"}]},{"@type":"WebSite","@id":"https:\/\/masterchem.fi\/sv\/#website","url":"https:\/\/masterchem.fi\/sv\/","name":"MasterChem | kemikaalien tuotanto ja myynti","description":"kemikaalien tuotanto ja myynti","potentialAction":[{"@type":"SearchAction","target":{"@type":"EntryPoint","urlTemplate":"https:\/\/masterchem.fi\/sv\/?s={search_term_string}"},"query-input":{"@type":"PropertyValueSpecification","valueRequired":true,"valueName":"search_term_string"}}],"inLanguage":"sv-SE"}]}},"_links":{"self":[{"href":"https:\/\/masterchem.fi\/sv\/wp-json\/wp\/v2\/product\/12348","targetHints":{"allow":["GET"]}}],"collection":[{"href":"https:\/\/masterchem.fi\/sv\/wp-json\/wp\/v2\/product"}],"about":[{"href":"https:\/\/masterchem.fi\/sv\/wp-json\/wp\/v2\/types\/product"}],"wp:featuredmedia":[{"embeddable":true,"href":"https:\/\/masterchem.fi\/sv\/wp-json\/wp\/v2\/media\/12352"}],"wp:attachment":[{"href":"https:\/\/masterchem.fi\/sv\/wp-json\/wp\/v2\/media?parent=12348"}],"wp:term":[{"taxonomy":"product_brand","embeddable":true,"href":"https:\/\/masterchem.fi\/sv\/wp-json\/wp\/v2\/product_brand?post=12348"},{"taxonomy":"product_cat","embeddable":true,"href":"https:\/\/masterchem.fi\/sv\/wp-json\/wp\/v2\/product_cat?post=12348"},{"taxonomy":"product_tag","embeddable":true,"href":"https:\/\/masterchem.fi\/sv\/wp-json\/wp\/v2\/product_tag?post=12348"}],"curies":[{"name":"wp","href":"https:\/\/api.w.org\/{rel}","templated":true}]}}