{"id":12364,"date":"2023-08-23T21:04:08","date_gmt":"2023-08-23T18:04:12","guid":{"rendered":"https:\/\/masterchem.fi\/?post_type=product&#038;p=12364"},"modified":"2023-08-23T21:11:46","modified_gmt":"2023-08-23T18:11:46","slug":"natriumbisulfit-cas-7631-90-5","status":"publish","type":"product","link":"https:\/\/masterchem.fi\/sv\/produkt\/natriumbisulfit-cas-7631-90-5\/","title":{"rendered":"Natriumbisulfit (CAS 7631-90-5)"},"content":{"rendered":"<p><strong>Natriumbisulfitl\u00f6sning<\/strong><br \/>\nBranscher: Lim, oljor, fetter, Livsmedelsindustri<br \/>\nCAS-nummer: 7631-90-5<br \/>\nWE-nummer: 231-548-0<br \/>\nKemisk formel: NaHSO3<br \/>\nMolvikt: 104,06 g\/mol<br \/>\nTulltaxekod: 28321000<br \/>\n<strong>Andra fysiska egenskaper<\/strong><br \/>\npH: >4<br \/>\nSm\u00e4lt-\/fryspunkt: 5\u00b0C<br \/>\nKokpunkt\/intervall: 146\u00b0C<br \/>\nRelativ densitet: 1,35 g\/cm3<br \/>\nL\u00f6slighet i vatten: 540 g\/l<\/p>\n","protected":false},"excerpt":{"rendered":"<p><strong>Natriumbisulfit (CAS 7631-90-5)<\/strong><\/p>\n<p>Natriumbisulfitl\u00f6sning \u00e4r en v\u00e4tska med olika f\u00e4rger vid rumstemperatur. Det anv\u00e4nds vid rening av avloppsvatten, inom massa- och pappersindustrin, inom fotoindustrin och i olika andra industrier som blekmedel eller avklorinator. Den kan ocks\u00e5 anv\u00e4ndas f\u00f6r att behandla r\u00f6kgaser f\u00f6r att avl\u00e4gsna svaveltrioxid (SO3).<\/p>\n","protected":false},"featured_media":0,"template":"","meta":[],"product_brand":[],"product_cat":[116,171],"product_tag":[],"class_list":{"0":"post-12364","1":"product","2":"type-product","3":"status-publish","5":"product_cat-alla-produkter","6":"product_cat-livsmedelsindustrin","8":"first","9":"outofstock","10":"featured","11":"taxable","12":"shipping-taxable","13":"purchasable","14":"product-type-variable","15":"has-default-attributes","16":"rtwpvg-product"},"yoast_head":"<!-- This site is optimized with the Yoast SEO plugin v27.5 - https:\/\/yoast.com\/product\/yoast-seo-wordpress\/ -->\n<title>Natriumbisulfit (CAS 7631-90-5) - MasterChem | kemikaalien tuotanto ja myynti<\/title>\n<meta name=\"description\" content=\"Natriumbisulfiittiliuos p\u00e5 eriv\u00e4rinen neste huoneenl\u00e4mp\u00f6tilassa. Sit\u00e4 k\u00e4ytet\u00e4\u00e4n j\u00e4teveden k\u00e4sittelyss\u00e4, massa- ja paperiteollisuudessa, valokuvateollisuudessa\" \/>\n<meta name=\"robots\" content=\"index, follow, max-snippet:-1, max-image-preview:large, max-video-preview:-1\" \/>\n<link rel=\"canonical\" href=\"https:\/\/masterchem.fi\/sv\/produkt\/natriumbisulfit-cas-7631-90-5\/\" \/>\n<meta property=\"og:locale\" content=\"sv_SE\" \/>\n<meta property=\"og:type\" content=\"article\" \/>\n<meta property=\"og:title\" content=\"Natriumbisulfit (CAS 7631-90-5) - MasterChem | kemikaalien tuotanto ja myynti\" \/>\n<meta property=\"og:description\" content=\"Natriumbisulfiittiliuos p\u00e5 eriv\u00e4rinen neste huoneenl\u00e4mp\u00f6tilassa. Sit\u00e4 k\u00e4ytet\u00e4\u00e4n j\u00e4teveden k\u00e4sittelyss\u00e4, massa- ja paperiteollisuudessa, valokuvateollisuudessa\" \/>\n<meta property=\"og:url\" content=\"https:\/\/masterchem.fi\/sv\/produkt\/natriumbisulfit-cas-7631-90-5\/\" \/>\n<meta property=\"og:site_name\" content=\"MasterChem | kemikaalien tuotanto ja myynti\" \/>\n<meta property=\"article:modified_time\" content=\"2023-08-23T18:11:46+00:00\" \/>\n<meta name=\"twitter:card\" content=\"summary_large_image\" \/>\n<script type=\"application\/ld+json\" class=\"yoast-schema-graph\">{\"@context\":\"https:\\\/\\\/schema.org\",\"@graph\":[{\"@type\":\"WebPage\",\"@id\":\"https:\\\/\\\/masterchem.fi\\\/sv\\\/produkt\\\/natriumbisulfit-cas-7631-90-5\\\/\",\"url\":\"https:\\\/\\\/masterchem.fi\\\/sv\\\/produkt\\\/natriumbisulfit-cas-7631-90-5\\\/\",\"name\":\"Natriumbisulfit (CAS 7631-90-5) - MasterChem | kemikaalien tuotanto ja myynti\",\"isPartOf\":{\"@id\":\"https:\\\/\\\/masterchem.fi\\\/sv\\\/#website\"},\"datePublished\":\"2023-08-23T18:04:12+00:00\",\"dateModified\":\"2023-08-23T18:11:46+00:00\",\"description\":\"Natriumbisulfiittiliuos p\u00e5 eriv\u00e4rinen neste huoneenl\u00e4mp\u00f6tilassa. Sit\u00e4 k\u00e4ytet\u00e4\u00e4n j\u00e4teveden k\u00e4sittelyss\u00e4, massa- ja paperiteollisuudessa, valokuvateollisuudessa\",\"breadcrumb\":{\"@id\":\"https:\\\/\\\/masterchem.fi\\\/sv\\\/produkt\\\/natriumbisulfit-cas-7631-90-5\\\/#breadcrumb\"},\"inLanguage\":\"sv-SE\",\"potentialAction\":[{\"@type\":\"ReadAction\",\"target\":[\"https:\\\/\\\/masterchem.fi\\\/sv\\\/produkt\\\/natriumbisulfit-cas-7631-90-5\\\/\"]}]},{\"@type\":\"BreadcrumbList\",\"@id\":\"https:\\\/\\\/masterchem.fi\\\/sv\\\/produkt\\\/natriumbisulfit-cas-7631-90-5\\\/#breadcrumb\",\"itemListElement\":[{\"@type\":\"ListItem\",\"position\":1,\"name\":\"Home\",\"item\":\"https:\\\/\\\/masterchem.fi\\\/sv\\\/\"},{\"@type\":\"ListItem\",\"position\":2,\"name\":\"Butik\",\"item\":\"https:\\\/\\\/masterchem.fi\\\/sv\\\/butik\\\/\"},{\"@type\":\"ListItem\",\"position\":3,\"name\":\"Natriumbisulfit (CAS 7631-90-5)\"}]},{\"@type\":\"WebSite\",\"@id\":\"https:\\\/\\\/masterchem.fi\\\/sv\\\/#website\",\"url\":\"https:\\\/\\\/masterchem.fi\\\/sv\\\/\",\"name\":\"MasterChem | kemikaalien tuotanto ja myynti\",\"description\":\"kemikaalien tuotanto ja myynti\",\"potentialAction\":[{\"@type\":\"SearchAction\",\"target\":{\"@type\":\"EntryPoint\",\"urlTemplate\":\"https:\\\/\\\/masterchem.fi\\\/sv\\\/?s={search_term_string}\"},\"query-input\":{\"@type\":\"PropertyValueSpecification\",\"valueRequired\":true,\"valueName\":\"search_term_string\"}}],\"inLanguage\":\"sv-SE\"}]}<\/script>\n<!-- \/ Yoast SEO plugin. -->","yoast_head_json":{"title":"Natriumbisulfit (CAS 7631-90-5) - MasterChem | kemikaalien tuotanto ja myynti","description":"Natriumbisulfiittiliuos p\u00e5 eriv\u00e4rinen neste huoneenl\u00e4mp\u00f6tilassa. Sit\u00e4 k\u00e4ytet\u00e4\u00e4n j\u00e4teveden k\u00e4sittelyss\u00e4, massa- ja paperiteollisuudessa, valokuvateollisuudessa","robots":{"index":"index","follow":"follow","max-snippet":"max-snippet:-1","max-image-preview":"max-image-preview:large","max-video-preview":"max-video-preview:-1"},"canonical":"https:\/\/masterchem.fi\/sv\/produkt\/natriumbisulfit-cas-7631-90-5\/","og_locale":"sv_SE","og_type":"article","og_title":"Natriumbisulfit (CAS 7631-90-5) - MasterChem | kemikaalien tuotanto ja myynti","og_description":"Natriumbisulfiittiliuos p\u00e5 eriv\u00e4rinen neste huoneenl\u00e4mp\u00f6tilassa. Sit\u00e4 k\u00e4ytet\u00e4\u00e4n j\u00e4teveden k\u00e4sittelyss\u00e4, massa- ja paperiteollisuudessa, valokuvateollisuudessa","og_url":"https:\/\/masterchem.fi\/sv\/produkt\/natriumbisulfit-cas-7631-90-5\/","og_site_name":"MasterChem | kemikaalien tuotanto ja myynti","article_modified_time":"2023-08-23T18:11:46+00:00","twitter_card":"summary_large_image","schema":{"@context":"https:\/\/schema.org","@graph":[{"@type":"WebPage","@id":"https:\/\/masterchem.fi\/sv\/produkt\/natriumbisulfit-cas-7631-90-5\/","url":"https:\/\/masterchem.fi\/sv\/produkt\/natriumbisulfit-cas-7631-90-5\/","name":"Natriumbisulfit (CAS 7631-90-5) - MasterChem | kemikaalien tuotanto ja myynti","isPartOf":{"@id":"https:\/\/masterchem.fi\/sv\/#website"},"datePublished":"2023-08-23T18:04:12+00:00","dateModified":"2023-08-23T18:11:46+00:00","description":"Natriumbisulfiittiliuos p\u00e5 eriv\u00e4rinen neste huoneenl\u00e4mp\u00f6tilassa. Sit\u00e4 k\u00e4ytet\u00e4\u00e4n j\u00e4teveden k\u00e4sittelyss\u00e4, massa- ja paperiteollisuudessa, valokuvateollisuudessa","breadcrumb":{"@id":"https:\/\/masterchem.fi\/sv\/produkt\/natriumbisulfit-cas-7631-90-5\/#breadcrumb"},"inLanguage":"sv-SE","potentialAction":[{"@type":"ReadAction","target":["https:\/\/masterchem.fi\/sv\/produkt\/natriumbisulfit-cas-7631-90-5\/"]}]},{"@type":"BreadcrumbList","@id":"https:\/\/masterchem.fi\/sv\/produkt\/natriumbisulfit-cas-7631-90-5\/#breadcrumb","itemListElement":[{"@type":"ListItem","position":1,"name":"Home","item":"https:\/\/masterchem.fi\/sv\/"},{"@type":"ListItem","position":2,"name":"Butik","item":"https:\/\/masterchem.fi\/sv\/butik\/"},{"@type":"ListItem","position":3,"name":"Natriumbisulfit (CAS 7631-90-5)"}]},{"@type":"WebSite","@id":"https:\/\/masterchem.fi\/sv\/#website","url":"https:\/\/masterchem.fi\/sv\/","name":"MasterChem | kemikaalien tuotanto ja myynti","description":"kemikaalien tuotanto ja myynti","potentialAction":[{"@type":"SearchAction","target":{"@type":"EntryPoint","urlTemplate":"https:\/\/masterchem.fi\/sv\/?s={search_term_string}"},"query-input":{"@type":"PropertyValueSpecification","valueRequired":true,"valueName":"search_term_string"}}],"inLanguage":"sv-SE"}]}},"_links":{"self":[{"href":"https:\/\/masterchem.fi\/sv\/wp-json\/wp\/v2\/product\/12364","targetHints":{"allow":["GET"]}}],"collection":[{"href":"https:\/\/masterchem.fi\/sv\/wp-json\/wp\/v2\/product"}],"about":[{"href":"https:\/\/masterchem.fi\/sv\/wp-json\/wp\/v2\/types\/product"}],"wp:attachment":[{"href":"https:\/\/masterchem.fi\/sv\/wp-json\/wp\/v2\/media?parent=12364"}],"wp:term":[{"taxonomy":"product_brand","embeddable":true,"href":"https:\/\/masterchem.fi\/sv\/wp-json\/wp\/v2\/product_brand?post=12364"},{"taxonomy":"product_cat","embeddable":true,"href":"https:\/\/masterchem.fi\/sv\/wp-json\/wp\/v2\/product_cat?post=12364"},{"taxonomy":"product_tag","embeddable":true,"href":"https:\/\/masterchem.fi\/sv\/wp-json\/wp\/v2\/product_tag?post=12364"}],"curies":[{"name":"wp","href":"https:\/\/api.w.org\/{rel}","templated":true}]}}