{"id":12400,"date":"2023-08-27T17:24:55","date_gmt":"2023-08-27T14:24:57","guid":{"rendered":"https:\/\/masterchem.fi\/?post_type=product&#038;p=12400"},"modified":"2025-08-01T16:39:48","modified_gmt":"2025-08-01T13:39:48","slug":"kaliumsilikat-cas-1312-76-1","status":"publish","type":"product","link":"https:\/\/masterchem.fi\/sv\/produkt\/kaliumsilikat-cas-1312-76-1\/","title":{"rendered":"Kaliumsilikat (CAS 1312-76-1)"},"content":{"rendered":"<p><strong>Information<\/strong><br \/>\nProdukt-ID: Kaliumsilikatl\u00f6sning<br \/>\nBranscher: Byggkemi<br \/>\nCAS-nummer: 1312-76-1<br \/>\nWE-nummer: 215-199-1<br \/>\nKemisk formel: K2O\u00b7NO2Si<br \/>\n<strong>Andra fysiska egenskaper<\/strong><br \/>\npH: 11-13 (20\u00b0C)<br \/>\nSm\u00e4lt-\/fryspunkt: 550-670\u00b0C, 730-870\u00b0C<br \/>\nKokpunkt\/intervall: 300\u00b0C<br \/>\nRelativ densitet: 1,25 \u2013 1,60 g\/cm3<\/p>\n","protected":false},"excerpt":{"rendered":"<p><strong>Kaliumsilikat (CAS 1312-76-1)<\/strong><\/p>\n<p>Kaliumsilikat \u00e4r namnet p\u00e5 en familj av oorganiska f\u00f6reningar. Det vanligaste kaliumsilikatet har formeln K2SiO3, vars prover inneh\u00e5ller varierande m\u00e4ngder vatten. Dessa \u00e4r vita fasta \u00e4mnen eller f\u00e4rgl\u00f6sa l\u00f6sningar.<\/p>\n<p>Vissa metallreng\u00f6ringsformuleringar anv\u00e4nder kaliumsilikat, som ocks\u00e5 fungerar som en korrosionsinhibitor. Den hittar ocks\u00e5 olika anv\u00e4ndningsomr\u00e5den vid tillverkning av svetsst\u00e4nger eller till och med kosmetika.<\/p>\n<p><a target=\"_blank\" href=\"https:\/\/masterchem.fi\/wp-content\/uploads\/2023\/08\/TDS-Masterchem-silicic-acid-potassium-salt-solution-2025sv2.pdf\" class=\"pdf\" alt=\"Masterchem silicic acid potassium salt solution (TDS)\" title=\"Masterchem silicic acid potassium salt solution (TDS)\" rel=\"noopener\">Masterchem silicic acid potassium salt solution (TDS)<\/a><\/p>\n","protected":false},"featured_media":12417,"template":"","meta":[],"product_brand":[],"product_cat":[112,116],"product_tag":[],"class_list":{"0":"post-12400","1":"product","2":"type-product","3":"status-publish","4":"has-post-thumbnail","6":"product_cat-byggbranschen","7":"product_cat-alla-produkter","9":"first","10":"instock","11":"featured","12":"taxable","13":"shipping-taxable","14":"purchasable","15":"product-type-variable","16":"has-default-attributes","17":"rtwpvg-product"},"yoast_head":"<!-- This site is optimized with the Yoast SEO plugin v27.2 - https:\/\/yoast.com\/product\/yoast-seo-wordpress\/ -->\n<title>Kaliumsilikat (CAS 1312-76-1) - MasterChem | kemikaalien tuotanto ja myynti<\/title>\n<meta name=\"description\" content=\"Kaliumsilikat \u00e4r namnet p\u00e5 en familj av oorganiska f\u00f6reningar. Det vanligaste kaliumsilikatet har formeln K2SiO3, vars prover inneh\u00e5ller varierande m\u00e4ngder vatten. Dessa \u00e4r vita fasta \u00e4mnen eller f\u00e4rgl\u00f6sa l\u00f6sningar.\" \/>\n<meta name=\"robots\" content=\"index, follow, max-snippet:-1, max-image-preview:large, max-video-preview:-1\" \/>\n<link rel=\"canonical\" href=\"https:\/\/masterchem.fi\/sv\/produkt\/kaliumsilikat-cas-1312-76-1\/\" \/>\n<meta property=\"og:locale\" content=\"sv_SE\" \/>\n<meta property=\"og:type\" content=\"article\" \/>\n<meta property=\"og:title\" content=\"Kaliumsilikat (CAS 1312-76-1) - MasterChem | kemikaalien tuotanto ja myynti\" \/>\n<meta property=\"og:description\" content=\"Kaliumsilikat \u00e4r namnet p\u00e5 en familj av oorganiska f\u00f6reningar. Det vanligaste kaliumsilikatet har formeln K2SiO3, vars prover inneh\u00e5ller varierande m\u00e4ngder vatten. Dessa \u00e4r vita fasta \u00e4mnen eller f\u00e4rgl\u00f6sa l\u00f6sningar.\" \/>\n<meta property=\"og:url\" content=\"https:\/\/masterchem.fi\/sv\/produkt\/kaliumsilikat-cas-1312-76-1\/\" \/>\n<meta property=\"og:site_name\" content=\"MasterChem | kemikaalien tuotanto ja myynti\" \/>\n<meta property=\"article:modified_time\" content=\"2025-08-01T13:39:48+00:00\" \/>\n<meta property=\"og:image\" content=\"https:\/\/masterchem.fi\/wp-content\/uploads\/2023\/08\/Kaaliumsilikaat-1000l-MasterChem.jpg\" \/>\n\t<meta property=\"og:image:width\" content=\"1000\" \/>\n\t<meta property=\"og:image:height\" content=\"1000\" \/>\n\t<meta property=\"og:image:type\" content=\"image\/jpeg\" \/>\n<meta name=\"twitter:card\" content=\"summary_large_image\" \/>\n<script type=\"application\/ld+json\" class=\"yoast-schema-graph\">{\"@context\":\"https:\/\/schema.org\",\"@graph\":[{\"@type\":\"WebPage\",\"@id\":\"https:\/\/masterchem.fi\/sv\/produkt\/kaliumsilikat-cas-1312-76-1\/\",\"url\":\"https:\/\/masterchem.fi\/sv\/produkt\/kaliumsilikat-cas-1312-76-1\/\",\"name\":\"Kaliumsilikat (CAS 1312-76-1) - MasterChem | kemikaalien tuotanto ja myynti\",\"isPartOf\":{\"@id\":\"https:\/\/masterchem.fi\/sv\/#website\"},\"primaryImageOfPage\":{\"@id\":\"https:\/\/masterchem.fi\/sv\/produkt\/kaliumsilikat-cas-1312-76-1\/#primaryimage\"},\"image\":{\"@id\":\"https:\/\/masterchem.fi\/sv\/produkt\/kaliumsilikat-cas-1312-76-1\/#primaryimage\"},\"thumbnailUrl\":\"https:\/\/masterchem.fi\/wp-content\/uploads\/2023\/08\/Kaaliumsilikaat-1000l-MasterChem.jpg\",\"datePublished\":\"2023-08-27T14:24:57+00:00\",\"dateModified\":\"2025-08-01T13:39:48+00:00\",\"description\":\"Kaliumsilikat \u00e4r namnet p\u00e5 en familj av oorganiska f\u00f6reningar. Det vanligaste kaliumsilikatet har formeln K2SiO3, vars prover inneh\u00e5ller varierande m\u00e4ngder vatten. Dessa \u00e4r vita fasta \u00e4mnen eller f\u00e4rgl\u00f6sa l\u00f6sningar.\",\"breadcrumb\":{\"@id\":\"https:\/\/masterchem.fi\/sv\/produkt\/kaliumsilikat-cas-1312-76-1\/#breadcrumb\"},\"inLanguage\":\"sv-SE\",\"potentialAction\":[{\"@type\":\"ReadAction\",\"target\":[\"https:\/\/masterchem.fi\/sv\/produkt\/kaliumsilikat-cas-1312-76-1\/\"]}]},{\"@type\":\"ImageObject\",\"inLanguage\":\"sv-SE\",\"@id\":\"https:\/\/masterchem.fi\/sv\/produkt\/kaliumsilikat-cas-1312-76-1\/#primaryimage\",\"url\":\"https:\/\/masterchem.fi\/wp-content\/uploads\/2023\/08\/Kaaliumsilikaat-1000l-MasterChem.jpg\",\"contentUrl\":\"https:\/\/masterchem.fi\/wp-content\/uploads\/2023\/08\/Kaaliumsilikaat-1000l-MasterChem.jpg\",\"width\":1000,\"height\":1000},{\"@type\":\"BreadcrumbList\",\"@id\":\"https:\/\/masterchem.fi\/sv\/produkt\/kaliumsilikat-cas-1312-76-1\/#breadcrumb\",\"itemListElement\":[{\"@type\":\"ListItem\",\"position\":1,\"name\":\"Home\",\"item\":\"https:\/\/masterchem.fi\/sv\/\"},{\"@type\":\"ListItem\",\"position\":2,\"name\":\"Butik\",\"item\":\"https:\/\/masterchem.fi\/sv\/butik\/\"},{\"@type\":\"ListItem\",\"position\":3,\"name\":\"Kaliumsilikat (CAS 1312-76-1)\"}]},{\"@type\":\"WebSite\",\"@id\":\"https:\/\/masterchem.fi\/sv\/#website\",\"url\":\"https:\/\/masterchem.fi\/sv\/\",\"name\":\"MasterChem | kemikaalien tuotanto ja myynti\",\"description\":\"kemikaalien tuotanto ja myynti\",\"potentialAction\":[{\"@type\":\"SearchAction\",\"target\":{\"@type\":\"EntryPoint\",\"urlTemplate\":\"https:\/\/masterchem.fi\/sv\/?s={search_term_string}\"},\"query-input\":{\"@type\":\"PropertyValueSpecification\",\"valueRequired\":true,\"valueName\":\"search_term_string\"}}],\"inLanguage\":\"sv-SE\"}]}<\/script>\n<!-- \/ Yoast SEO plugin. -->","yoast_head_json":{"title":"Kaliumsilikat (CAS 1312-76-1) - MasterChem | kemikaalien tuotanto ja myynti","description":"Kaliumsilikat \u00e4r namnet p\u00e5 en familj av oorganiska f\u00f6reningar. Det vanligaste kaliumsilikatet har formeln K2SiO3, vars prover inneh\u00e5ller varierande m\u00e4ngder vatten. Dessa \u00e4r vita fasta \u00e4mnen eller f\u00e4rgl\u00f6sa l\u00f6sningar.","robots":{"index":"index","follow":"follow","max-snippet":"max-snippet:-1","max-image-preview":"max-image-preview:large","max-video-preview":"max-video-preview:-1"},"canonical":"https:\/\/masterchem.fi\/sv\/produkt\/kaliumsilikat-cas-1312-76-1\/","og_locale":"sv_SE","og_type":"article","og_title":"Kaliumsilikat (CAS 1312-76-1) - MasterChem | kemikaalien tuotanto ja myynti","og_description":"Kaliumsilikat \u00e4r namnet p\u00e5 en familj av oorganiska f\u00f6reningar. Det vanligaste kaliumsilikatet har formeln K2SiO3, vars prover inneh\u00e5ller varierande m\u00e4ngder vatten. Dessa \u00e4r vita fasta \u00e4mnen eller f\u00e4rgl\u00f6sa l\u00f6sningar.","og_url":"https:\/\/masterchem.fi\/sv\/produkt\/kaliumsilikat-cas-1312-76-1\/","og_site_name":"MasterChem | kemikaalien tuotanto ja myynti","article_modified_time":"2025-08-01T13:39:48+00:00","og_image":[{"width":1000,"height":1000,"url":"https:\/\/masterchem.fi\/wp-content\/uploads\/2023\/08\/Kaaliumsilikaat-1000l-MasterChem.jpg","type":"image\/jpeg"}],"twitter_card":"summary_large_image","schema":{"@context":"https:\/\/schema.org","@graph":[{"@type":"WebPage","@id":"https:\/\/masterchem.fi\/sv\/produkt\/kaliumsilikat-cas-1312-76-1\/","url":"https:\/\/masterchem.fi\/sv\/produkt\/kaliumsilikat-cas-1312-76-1\/","name":"Kaliumsilikat (CAS 1312-76-1) - MasterChem | kemikaalien tuotanto ja myynti","isPartOf":{"@id":"https:\/\/masterchem.fi\/sv\/#website"},"primaryImageOfPage":{"@id":"https:\/\/masterchem.fi\/sv\/produkt\/kaliumsilikat-cas-1312-76-1\/#primaryimage"},"image":{"@id":"https:\/\/masterchem.fi\/sv\/produkt\/kaliumsilikat-cas-1312-76-1\/#primaryimage"},"thumbnailUrl":"https:\/\/masterchem.fi\/wp-content\/uploads\/2023\/08\/Kaaliumsilikaat-1000l-MasterChem.jpg","datePublished":"2023-08-27T14:24:57+00:00","dateModified":"2025-08-01T13:39:48+00:00","description":"Kaliumsilikat \u00e4r namnet p\u00e5 en familj av oorganiska f\u00f6reningar. Det vanligaste kaliumsilikatet har formeln K2SiO3, vars prover inneh\u00e5ller varierande m\u00e4ngder vatten. Dessa \u00e4r vita fasta \u00e4mnen eller f\u00e4rgl\u00f6sa l\u00f6sningar.","breadcrumb":{"@id":"https:\/\/masterchem.fi\/sv\/produkt\/kaliumsilikat-cas-1312-76-1\/#breadcrumb"},"inLanguage":"sv-SE","potentialAction":[{"@type":"ReadAction","target":["https:\/\/masterchem.fi\/sv\/produkt\/kaliumsilikat-cas-1312-76-1\/"]}]},{"@type":"ImageObject","inLanguage":"sv-SE","@id":"https:\/\/masterchem.fi\/sv\/produkt\/kaliumsilikat-cas-1312-76-1\/#primaryimage","url":"https:\/\/masterchem.fi\/wp-content\/uploads\/2023\/08\/Kaaliumsilikaat-1000l-MasterChem.jpg","contentUrl":"https:\/\/masterchem.fi\/wp-content\/uploads\/2023\/08\/Kaaliumsilikaat-1000l-MasterChem.jpg","width":1000,"height":1000},{"@type":"BreadcrumbList","@id":"https:\/\/masterchem.fi\/sv\/produkt\/kaliumsilikat-cas-1312-76-1\/#breadcrumb","itemListElement":[{"@type":"ListItem","position":1,"name":"Home","item":"https:\/\/masterchem.fi\/sv\/"},{"@type":"ListItem","position":2,"name":"Butik","item":"https:\/\/masterchem.fi\/sv\/butik\/"},{"@type":"ListItem","position":3,"name":"Kaliumsilikat (CAS 1312-76-1)"}]},{"@type":"WebSite","@id":"https:\/\/masterchem.fi\/sv\/#website","url":"https:\/\/masterchem.fi\/sv\/","name":"MasterChem | kemikaalien tuotanto ja myynti","description":"kemikaalien tuotanto ja myynti","potentialAction":[{"@type":"SearchAction","target":{"@type":"EntryPoint","urlTemplate":"https:\/\/masterchem.fi\/sv\/?s={search_term_string}"},"query-input":{"@type":"PropertyValueSpecification","valueRequired":true,"valueName":"search_term_string"}}],"inLanguage":"sv-SE"}]}},"_links":{"self":[{"href":"https:\/\/masterchem.fi\/sv\/wp-json\/wp\/v2\/product\/12400","targetHints":{"allow":["GET"]}}],"collection":[{"href":"https:\/\/masterchem.fi\/sv\/wp-json\/wp\/v2\/product"}],"about":[{"href":"https:\/\/masterchem.fi\/sv\/wp-json\/wp\/v2\/types\/product"}],"wp:featuredmedia":[{"embeddable":true,"href":"https:\/\/masterchem.fi\/sv\/wp-json\/wp\/v2\/media\/12417"}],"wp:attachment":[{"href":"https:\/\/masterchem.fi\/sv\/wp-json\/wp\/v2\/media?parent=12400"}],"wp:term":[{"taxonomy":"product_brand","embeddable":true,"href":"https:\/\/masterchem.fi\/sv\/wp-json\/wp\/v2\/product_brand?post=12400"},{"taxonomy":"product_cat","embeddable":true,"href":"https:\/\/masterchem.fi\/sv\/wp-json\/wp\/v2\/product_cat?post=12400"},{"taxonomy":"product_tag","embeddable":true,"href":"https:\/\/masterchem.fi\/sv\/wp-json\/wp\/v2\/product_tag?post=12400"}],"curies":[{"name":"wp","href":"https:\/\/api.w.org\/{rel}","templated":true}]}}