{"id":12424,"date":"2023-08-28T21:16:42","date_gmt":"2023-08-28T18:16:43","guid":{"rendered":"https:\/\/masterchem.fi\/?post_type=product&#038;p=12424"},"modified":"2023-08-28T21:20:09","modified_gmt":"2023-08-28T18:20:09","slug":"tennsulfat-cas-7488-55-3","status":"publish","type":"product","link":"https:\/\/masterchem.fi\/sv\/produkt\/tennsulfat-cas-7488-55-3\/","title":{"rendered":"Tennsulfat (CAS 7488-55-3)"},"content":{"rendered":"<p>Branscher: Byggkemi<br \/>\nSammans\u00e4ttning: Svavelsyrasalter &#8211; sulfater, Svavelf\u00f6reningar, Tennf\u00f6reningar<br \/>\nCAS-nummer: 7488-55-3<br \/>\nWE-nummer: 231-302-2<br \/>\nKemisk formel: SnSO4<br \/>\nMolvikt: 214,77 g\/mol<br \/>\nTulltaxekod: 28332980<br \/>\nADR: UN3077<\/p>\n","protected":false},"excerpt":{"rendered":"<p><strong>Tennsulfat (CAS 7488-55-3)<\/strong><\/p>\n<p>Tenn(II)sulfat (SnSO4) \u00e4r en kemisk f\u00f6rening. Det \u00e4r ett vitt fast \u00e4mne som kan absorbera tillr\u00e4ckligt med fukt fr\u00e5n luften f\u00f6r att bli helt uppl\u00f6st och bilda en vattenl\u00f6sning; denna egenskap \u00e4r k\u00e4nd som deliquescence. Det kan framst\u00e4llas genom en undantr\u00e4ngningsreaktion mellan metalliskt tenn och koppar(II)sulfat: Sn (s) + CuSO4 (aq) \u2192 Cu (s) + SnSO4 (aq)<br \/>\nTenn(II)sulfat \u00e4r en l\u00e4mplig k\u00e4lla f\u00f6r tenn(II)joner som inte \u00e4r kontaminerade av tenn(IV)-arter.<\/p>\n","protected":false},"featured_media":12428,"template":"","meta":[],"product_brand":[],"product_cat":[112,116],"product_tag":[],"class_list":{"0":"post-12424","1":"product","2":"type-product","3":"status-publish","4":"has-post-thumbnail","6":"product_cat-byggbranschen","7":"product_cat-alla-produkter","9":"first","10":"outofstock","11":"taxable","12":"shipping-taxable","13":"purchasable","14":"product-type-variable","15":"has-default-attributes","16":"rtwpvg-product"},"yoast_head":"<!-- This site is optimized with the Yoast SEO plugin v27.5 - https:\/\/yoast.com\/product\/yoast-seo-wordpress\/ -->\n<title>Tennsulfat (CAS 7488-55-3) - MasterChem | kemikaalien tuotanto ja myynti<\/title>\n<meta name=\"description\" content=\"Tenn(II)sulfat (SnSO4) \u00e4r en kemisk f\u00f6rening. Det \u00e4r ett vitt fast \u00e4mne som kan absorbera tillr\u00e4ckligt med fukt fr\u00e5n luften f\u00f6r att bli helt uppl\u00f6st och bilda en vattenl\u00f6sning\" \/>\n<meta name=\"robots\" content=\"index, follow, max-snippet:-1, max-image-preview:large, max-video-preview:-1\" \/>\n<link rel=\"canonical\" href=\"https:\/\/masterchem.fi\/sv\/produkt\/tennsulfat-cas-7488-55-3\/\" \/>\n<meta property=\"og:locale\" content=\"sv_SE\" \/>\n<meta property=\"og:type\" content=\"article\" \/>\n<meta property=\"og:title\" content=\"Tennsulfat (CAS 7488-55-3) - MasterChem | kemikaalien tuotanto ja myynti\" \/>\n<meta property=\"og:description\" content=\"Tenn(II)sulfat (SnSO4) \u00e4r en kemisk f\u00f6rening. Det \u00e4r ett vitt fast \u00e4mne som kan absorbera tillr\u00e4ckligt med fukt fr\u00e5n luften f\u00f6r att bli helt uppl\u00f6st och bilda en vattenl\u00f6sning\" \/>\n<meta property=\"og:url\" content=\"https:\/\/masterchem.fi\/sv\/produkt\/tennsulfat-cas-7488-55-3\/\" \/>\n<meta property=\"og:site_name\" content=\"MasterChem | kemikaalien tuotanto ja myynti\" \/>\n<meta property=\"article:modified_time\" content=\"2023-08-28T18:20:09+00:00\" \/>\n<meta property=\"og:image\" content=\"https:\/\/masterchem.fi\/wp-content\/uploads\/2023\/08\/Tinasulfaat-CAS-7488-55-3-25kg-MasterChem.jpg\" \/>\n\t<meta property=\"og:image:width\" content=\"1000\" \/>\n\t<meta property=\"og:image:height\" content=\"1000\" \/>\n\t<meta property=\"og:image:type\" content=\"image\/jpeg\" \/>\n<meta name=\"twitter:card\" content=\"summary_large_image\" \/>\n<script type=\"application\/ld+json\" class=\"yoast-schema-graph\">{\"@context\":\"https:\\\/\\\/schema.org\",\"@graph\":[{\"@type\":\"WebPage\",\"@id\":\"https:\\\/\\\/masterchem.fi\\\/sv\\\/produkt\\\/tennsulfat-cas-7488-55-3\\\/\",\"url\":\"https:\\\/\\\/masterchem.fi\\\/sv\\\/produkt\\\/tennsulfat-cas-7488-55-3\\\/\",\"name\":\"Tennsulfat (CAS 7488-55-3) - MasterChem | kemikaalien tuotanto ja myynti\",\"isPartOf\":{\"@id\":\"https:\\\/\\\/masterchem.fi\\\/sv\\\/#website\"},\"primaryImageOfPage\":{\"@id\":\"https:\\\/\\\/masterchem.fi\\\/sv\\\/produkt\\\/tennsulfat-cas-7488-55-3\\\/#primaryimage\"},\"image\":{\"@id\":\"https:\\\/\\\/masterchem.fi\\\/sv\\\/produkt\\\/tennsulfat-cas-7488-55-3\\\/#primaryimage\"},\"thumbnailUrl\":\"https:\\\/\\\/masterchem.fi\\\/wp-content\\\/uploads\\\/2023\\\/08\\\/Tinasulfaat-CAS-7488-55-3-25kg-MasterChem.jpg\",\"datePublished\":\"2023-08-28T18:16:43+00:00\",\"dateModified\":\"2023-08-28T18:20:09+00:00\",\"description\":\"Tenn(II)sulfat (SnSO4) \u00e4r en kemisk f\u00f6rening. Det \u00e4r ett vitt fast \u00e4mne som kan absorbera tillr\u00e4ckligt med fukt fr\u00e5n luften f\u00f6r att bli helt uppl\u00f6st och bilda en vattenl\u00f6sning\",\"breadcrumb\":{\"@id\":\"https:\\\/\\\/masterchem.fi\\\/sv\\\/produkt\\\/tennsulfat-cas-7488-55-3\\\/#breadcrumb\"},\"inLanguage\":\"sv-SE\",\"potentialAction\":[{\"@type\":\"ReadAction\",\"target\":[\"https:\\\/\\\/masterchem.fi\\\/sv\\\/produkt\\\/tennsulfat-cas-7488-55-3\\\/\"]}]},{\"@type\":\"ImageObject\",\"inLanguage\":\"sv-SE\",\"@id\":\"https:\\\/\\\/masterchem.fi\\\/sv\\\/produkt\\\/tennsulfat-cas-7488-55-3\\\/#primaryimage\",\"url\":\"https:\\\/\\\/masterchem.fi\\\/wp-content\\\/uploads\\\/2023\\\/08\\\/Tinasulfaat-CAS-7488-55-3-25kg-MasterChem.jpg\",\"contentUrl\":\"https:\\\/\\\/masterchem.fi\\\/wp-content\\\/uploads\\\/2023\\\/08\\\/Tinasulfaat-CAS-7488-55-3-25kg-MasterChem.jpg\",\"width\":1000,\"height\":1000},{\"@type\":\"BreadcrumbList\",\"@id\":\"https:\\\/\\\/masterchem.fi\\\/sv\\\/produkt\\\/tennsulfat-cas-7488-55-3\\\/#breadcrumb\",\"itemListElement\":[{\"@type\":\"ListItem\",\"position\":1,\"name\":\"Home\",\"item\":\"https:\\\/\\\/masterchem.fi\\\/sv\\\/\"},{\"@type\":\"ListItem\",\"position\":2,\"name\":\"Butik\",\"item\":\"https:\\\/\\\/masterchem.fi\\\/sv\\\/butik\\\/\"},{\"@type\":\"ListItem\",\"position\":3,\"name\":\"Tennsulfat (CAS 7488-55-3)\"}]},{\"@type\":\"WebSite\",\"@id\":\"https:\\\/\\\/masterchem.fi\\\/sv\\\/#website\",\"url\":\"https:\\\/\\\/masterchem.fi\\\/sv\\\/\",\"name\":\"MasterChem | kemikaalien tuotanto ja myynti\",\"description\":\"kemikaalien tuotanto ja myynti\",\"potentialAction\":[{\"@type\":\"SearchAction\",\"target\":{\"@type\":\"EntryPoint\",\"urlTemplate\":\"https:\\\/\\\/masterchem.fi\\\/sv\\\/?s={search_term_string}\"},\"query-input\":{\"@type\":\"PropertyValueSpecification\",\"valueRequired\":true,\"valueName\":\"search_term_string\"}}],\"inLanguage\":\"sv-SE\"}]}<\/script>\n<!-- \/ Yoast SEO plugin. -->","yoast_head_json":{"title":"Tennsulfat (CAS 7488-55-3) - MasterChem | kemikaalien tuotanto ja myynti","description":"Tenn(II)sulfat (SnSO4) \u00e4r en kemisk f\u00f6rening. Det \u00e4r ett vitt fast \u00e4mne som kan absorbera tillr\u00e4ckligt med fukt fr\u00e5n luften f\u00f6r att bli helt uppl\u00f6st och bilda en vattenl\u00f6sning","robots":{"index":"index","follow":"follow","max-snippet":"max-snippet:-1","max-image-preview":"max-image-preview:large","max-video-preview":"max-video-preview:-1"},"canonical":"https:\/\/masterchem.fi\/sv\/produkt\/tennsulfat-cas-7488-55-3\/","og_locale":"sv_SE","og_type":"article","og_title":"Tennsulfat (CAS 7488-55-3) - MasterChem | kemikaalien tuotanto ja myynti","og_description":"Tenn(II)sulfat (SnSO4) \u00e4r en kemisk f\u00f6rening. Det \u00e4r ett vitt fast \u00e4mne som kan absorbera tillr\u00e4ckligt med fukt fr\u00e5n luften f\u00f6r att bli helt uppl\u00f6st och bilda en vattenl\u00f6sning","og_url":"https:\/\/masterchem.fi\/sv\/produkt\/tennsulfat-cas-7488-55-3\/","og_site_name":"MasterChem | kemikaalien tuotanto ja myynti","article_modified_time":"2023-08-28T18:20:09+00:00","og_image":[{"width":1000,"height":1000,"url":"https:\/\/masterchem.fi\/wp-content\/uploads\/2023\/08\/Tinasulfaat-CAS-7488-55-3-25kg-MasterChem.jpg","type":"image\/jpeg"}],"twitter_card":"summary_large_image","schema":{"@context":"https:\/\/schema.org","@graph":[{"@type":"WebPage","@id":"https:\/\/masterchem.fi\/sv\/produkt\/tennsulfat-cas-7488-55-3\/","url":"https:\/\/masterchem.fi\/sv\/produkt\/tennsulfat-cas-7488-55-3\/","name":"Tennsulfat (CAS 7488-55-3) - MasterChem | kemikaalien tuotanto ja myynti","isPartOf":{"@id":"https:\/\/masterchem.fi\/sv\/#website"},"primaryImageOfPage":{"@id":"https:\/\/masterchem.fi\/sv\/produkt\/tennsulfat-cas-7488-55-3\/#primaryimage"},"image":{"@id":"https:\/\/masterchem.fi\/sv\/produkt\/tennsulfat-cas-7488-55-3\/#primaryimage"},"thumbnailUrl":"https:\/\/masterchem.fi\/wp-content\/uploads\/2023\/08\/Tinasulfaat-CAS-7488-55-3-25kg-MasterChem.jpg","datePublished":"2023-08-28T18:16:43+00:00","dateModified":"2023-08-28T18:20:09+00:00","description":"Tenn(II)sulfat (SnSO4) \u00e4r en kemisk f\u00f6rening. Det \u00e4r ett vitt fast \u00e4mne som kan absorbera tillr\u00e4ckligt med fukt fr\u00e5n luften f\u00f6r att bli helt uppl\u00f6st och bilda en vattenl\u00f6sning","breadcrumb":{"@id":"https:\/\/masterchem.fi\/sv\/produkt\/tennsulfat-cas-7488-55-3\/#breadcrumb"},"inLanguage":"sv-SE","potentialAction":[{"@type":"ReadAction","target":["https:\/\/masterchem.fi\/sv\/produkt\/tennsulfat-cas-7488-55-3\/"]}]},{"@type":"ImageObject","inLanguage":"sv-SE","@id":"https:\/\/masterchem.fi\/sv\/produkt\/tennsulfat-cas-7488-55-3\/#primaryimage","url":"https:\/\/masterchem.fi\/wp-content\/uploads\/2023\/08\/Tinasulfaat-CAS-7488-55-3-25kg-MasterChem.jpg","contentUrl":"https:\/\/masterchem.fi\/wp-content\/uploads\/2023\/08\/Tinasulfaat-CAS-7488-55-3-25kg-MasterChem.jpg","width":1000,"height":1000},{"@type":"BreadcrumbList","@id":"https:\/\/masterchem.fi\/sv\/produkt\/tennsulfat-cas-7488-55-3\/#breadcrumb","itemListElement":[{"@type":"ListItem","position":1,"name":"Home","item":"https:\/\/masterchem.fi\/sv\/"},{"@type":"ListItem","position":2,"name":"Butik","item":"https:\/\/masterchem.fi\/sv\/butik\/"},{"@type":"ListItem","position":3,"name":"Tennsulfat (CAS 7488-55-3)"}]},{"@type":"WebSite","@id":"https:\/\/masterchem.fi\/sv\/#website","url":"https:\/\/masterchem.fi\/sv\/","name":"MasterChem | kemikaalien tuotanto ja myynti","description":"kemikaalien tuotanto ja myynti","potentialAction":[{"@type":"SearchAction","target":{"@type":"EntryPoint","urlTemplate":"https:\/\/masterchem.fi\/sv\/?s={search_term_string}"},"query-input":{"@type":"PropertyValueSpecification","valueRequired":true,"valueName":"search_term_string"}}],"inLanguage":"sv-SE"}]}},"_links":{"self":[{"href":"https:\/\/masterchem.fi\/sv\/wp-json\/wp\/v2\/product\/12424","targetHints":{"allow":["GET"]}}],"collection":[{"href":"https:\/\/masterchem.fi\/sv\/wp-json\/wp\/v2\/product"}],"about":[{"href":"https:\/\/masterchem.fi\/sv\/wp-json\/wp\/v2\/types\/product"}],"wp:featuredmedia":[{"embeddable":true,"href":"https:\/\/masterchem.fi\/sv\/wp-json\/wp\/v2\/media\/12428"}],"wp:attachment":[{"href":"https:\/\/masterchem.fi\/sv\/wp-json\/wp\/v2\/media?parent=12424"}],"wp:term":[{"taxonomy":"product_brand","embeddable":true,"href":"https:\/\/masterchem.fi\/sv\/wp-json\/wp\/v2\/product_brand?post=12424"},{"taxonomy":"product_cat","embeddable":true,"href":"https:\/\/masterchem.fi\/sv\/wp-json\/wp\/v2\/product_cat?post=12424"},{"taxonomy":"product_tag","embeddable":true,"href":"https:\/\/masterchem.fi\/sv\/wp-json\/wp\/v2\/product_tag?post=12424"}],"curies":[{"name":"wp","href":"https:\/\/api.w.org\/{rel}","templated":true}]}}